{"id":6,"date":"2017-01-11T00:10:34","date_gmt":"2017-01-11T00:10:34","guid":{"rendered":"http:\/\/162.243.168.105\/wordpress\/?page_id=6"},"modified":"2020-04-16T19:33:52","modified_gmt":"2020-04-16T19:33:52","slug":"contact","status":"publish","type":"page","link":"https:\/\/encartes.mx\/pt\/contact\/","title":{"rendered":"Contato"},"content":{"rendered":"<h2 style=\"text-align: center;\">Contato<\/h2>\n<p style=\"text-align: center;\"><strong>Endere\u00e7o<br \/>\n<\/strong>Centro de Investigaci\u00f3n y Estudios Superiores en Antropolog\u00eda Social - Occidente (Centro de Pesquisa e Estudos Superiores em Antropologia Social - Ocidente)<br \/>\nEspa\u00f1a 1359, Col\u00f4nia Moderna<br \/>\nC\u00d3DIGO POSTAL: 44190<br \/>\nGuadalajara, Jal. M\u00e9xico<\/p>\n<p style=\"text-align: center;\"><strong>Telefone<\/strong><br \/>\nTel. 33 3268 0600 ext. 3008<\/p>\n<p style=\"text-align: center;\"><strong>Correio da revista<\/strong><br \/>\nencartesantropologicos@ciesas.edu.mx<\/p>\n<p style=\"text-align: center;\"><strong>Correio do assistente editorial<\/strong><br \/>\narthurtemporal13@gmail.com<\/p>\n<p style=\"text-align: center;\"><strong>Correio do diretor<\/strong><br \/>\nreneedela@gmail.com<\/p>","protected":false},"excerpt":{"rendered":"<p>Endere\u00e7o de contato Centro de Investigaci\u00f3n y Estudios Superiores en Antropolog\u00eda Social - Occidente Espa\u00f1a 1359, Colonia Moderna CP: 44190 Guadalajara, Jal. M\u00e9xico Telefone Tel. 33 3268 0600 ext. 3008 E-mail da revista encartesantropologicos@ciesas.edu.mx E-mail do assistente editorial arthurtemporal13@gmail.com E-mail do diretor reneedela@gmail.com<\/p>","protected":false},"author":4,"featured_media":0,"parent":0,"menu_order":0,"comment_status":"closed","ping_status":"closed","template":"","meta":{"_acf_changed":false,"footnotes":""},"coauthors":[557,551],"class_list":["post-6","page","type-page","status-publish","hentry"],"acf":[],"yoast_head":"<!-- This site is optimized with the Yoast SEO plugin v22.2 - https:\/\/yoast.com\/wordpress\/plugins\/seo\/ -->\n<title>Contacto &#8211; Encartes<\/title>\n<meta name=\"robots\" content=\"index, follow, max-snippet:-1, max-image-preview:large, max-video-preview:-1\" \/>\n<link rel=\"canonical\" href=\"https:\/\/encartes.mx\/pt\/contact\/\" \/>\n<meta property=\"og:locale\" content=\"pt_BR\" \/>\n<meta property=\"og:type\" content=\"article\" \/>\n<meta property=\"og:title\" content=\"Contacto &#8211; Encartes\" \/>\n<meta property=\"og:description\" content=\"Contacto Direcci\u00f3n Centro de Investigaci\u00f3n y Estudios Superiores en Antropolog\u00eda Social &#8211; Occidente Espa\u00f1a 1359, Colonia Moderna CP: 44190 Guadalajara, Jal. M\u00e9xico Tel\u00e9fono Tel. 33 3268 0600 ext. 3008 Correo de la revista encartesantropologicos@ciesas.edu.mx Correo del asistente editorial arthurtemporal13@gmail.com Correo de la directora reneedela@gmail.com\" \/>\n<meta property=\"og:url\" content=\"https:\/\/encartes.mx\/pt\/contact\/\" \/>\n<meta property=\"og:site_name\" content=\"Encartes\" \/>\n<meta property=\"article:modified_time\" content=\"2020-04-16T19:33:52+00:00\" \/>\n<meta name=\"twitter:card\" content=\"summary_large_image\" \/>\n<meta name=\"twitter:label1\" content=\"Written by\" \/>\n\t<meta name=\"twitter:data1\" content=\"Arthur Ventura\" \/>\n<script type=\"application\/ld+json\" class=\"yoast-schema-graph\">{\"@context\":\"https:\/\/schema.org\",\"@graph\":[{\"@type\":\"WebPage\",\"@id\":\"https:\/\/encartes.mx\/contact\/\",\"url\":\"https:\/\/encartes.mx\/contact\/\",\"name\":\"Contacto &#8211; Encartes\",\"isPartOf\":{\"@id\":\"https:\/\/encartes.mx\/#website\"},\"datePublished\":\"2017-01-11T00:10:34+00:00\",\"dateModified\":\"2020-04-16T19:33:52+00:00\",\"breadcrumb\":{\"@id\":\"https:\/\/encartes.mx\/contact\/#breadcrumb\"},\"inLanguage\":\"pt-BR\",\"potentialAction\":[{\"@type\":\"ReadAction\",\"target\":[\"https:\/\/encartes.mx\/contact\/\"]}]},{\"@type\":\"BreadcrumbList\",\"@id\":\"https:\/\/encartes.mx\/contact\/#breadcrumb\",\"itemListElement\":[{\"@type\":\"ListItem\",\"position\":1,\"name\":\"Home\",\"item\":\"https:\/\/encartes.mx\/\"},{\"@type\":\"ListItem\",\"position\":2,\"name\":\"Contacto\"}]},{\"@type\":\"WebSite\",\"@id\":\"https:\/\/encartes.mx\/#website\",\"url\":\"https:\/\/encartes.mx\/\",\"name\":\"Encartes\",\"description\":\"Revista digital multimedia\",\"publisher\":{\"@id\":\"https:\/\/encartes.mx\/#organization\"},\"potentialAction\":[{\"@type\":\"SearchAction\",\"target\":{\"@type\":\"EntryPoint\",\"urlTemplate\":\"https:\/\/encartes.mx\/?s={search_term_string}\"},\"query-input\":\"required name=search_term_string\"}],\"inLanguage\":\"pt-BR\"},{\"@type\":\"Organization\",\"@id\":\"https:\/\/encartes.mx\/#organization\",\"name\":\"Encartes Antropol\u00f3gicos\",\"url\":\"https:\/\/encartes.mx\/\",\"logo\":{\"@type\":\"ImageObject\",\"inLanguage\":\"pt-BR\",\"@id\":\"https:\/\/encartes.mx\/#\/schema\/logo\/image\/\",\"url\":\"https:\/\/encartes.mx\/wp-content\/uploads\/2017\/04\/Logo-04.png\",\"contentUrl\":\"https:\/\/encartes.mx\/wp-content\/uploads\/2017\/04\/Logo-04.png\",\"width\":338,\"height\":306,\"caption\":\"Encartes Antropol\u00f3gicos\"},\"image\":{\"@id\":\"https:\/\/encartes.mx\/#\/schema\/logo\/image\/\"}}]}<\/script>\n<!-- \/ Yoast SEO plugin. -->","yoast_head_json":{"title":"Contacto &#8211; Encartes","robots":{"index":"index","follow":"follow","max-snippet":"max-snippet:-1","max-image-preview":"max-image-preview:large","max-video-preview":"max-video-preview:-1"},"canonical":"https:\/\/encartes.mx\/pt\/contact\/","og_locale":"pt_BR","og_type":"article","og_title":"Contacto &#8211; Encartes","og_description":"Contacto Direcci\u00f3n Centro de Investigaci\u00f3n y Estudios Superiores en Antropolog\u00eda Social &#8211; Occidente Espa\u00f1a 1359, Colonia Moderna CP: 44190 Guadalajara, Jal. M\u00e9xico Tel\u00e9fono Tel. 33 3268 0600 ext. 3008 Correo de la revista encartesantropologicos@ciesas.edu.mx Correo del asistente editorial arthurtemporal13@gmail.com Correo de la directora reneedela@gmail.com","og_url":"https:\/\/encartes.mx\/pt\/contact\/","og_site_name":"Encartes","article_modified_time":"2020-04-16T19:33:52+00:00","twitter_card":"summary_large_image","twitter_misc":{"Written by":"Arthur Ventura"},"schema":{"@context":"https:\/\/schema.org","@graph":[{"@type":"WebPage","@id":"https:\/\/encartes.mx\/contact\/","url":"https:\/\/encartes.mx\/contact\/","name":"Contacto &#8211; Encartes","isPartOf":{"@id":"https:\/\/encartes.mx\/#website"},"datePublished":"2017-01-11T00:10:34+00:00","dateModified":"2020-04-16T19:33:52+00:00","breadcrumb":{"@id":"https:\/\/encartes.mx\/contact\/#breadcrumb"},"inLanguage":"pt-BR","potentialAction":[{"@type":"ReadAction","target":["https:\/\/encartes.mx\/contact\/"]}]},{"@type":"BreadcrumbList","@id":"https:\/\/encartes.mx\/contact\/#breadcrumb","itemListElement":[{"@type":"ListItem","position":1,"name":"Home","item":"https:\/\/encartes.mx\/"},{"@type":"ListItem","position":2,"name":"Contacto"}]},{"@type":"WebSite","@id":"https:\/\/encartes.mx\/#website","url":"https:\/\/encartes.mx\/","name":"Encartes","description":"Revista digital multimedia","publisher":{"@id":"https:\/\/encartes.mx\/#organization"},"potentialAction":[{"@type":"SearchAction","target":{"@type":"EntryPoint","urlTemplate":"https:\/\/encartes.mx\/?s={search_term_string}"},"query-input":"required name=search_term_string"}],"inLanguage":"pt-BR"},{"@type":"Organization","@id":"https:\/\/encartes.mx\/#organization","name":"Encartes Antropol\u00f3gicos","url":"https:\/\/encartes.mx\/","logo":{"@type":"ImageObject","inLanguage":"pt-BR","@id":"https:\/\/encartes.mx\/#\/schema\/logo\/image\/","url":"https:\/\/encartes.mx\/wp-content\/uploads\/2017\/04\/Logo-04.png","contentUrl":"https:\/\/encartes.mx\/wp-content\/uploads\/2017\/04\/Logo-04.png","width":338,"height":306,"caption":"Encartes Antropol\u00f3gicos"},"image":{"@id":"https:\/\/encartes.mx\/#\/schema\/logo\/image\/"}}]}},"jetpack_sharing_enabled":true,"_links":{"self":[{"href":"https:\/\/encartes.mx\/pt\/wp-json\/wp\/v2\/pages\/6","targetHints":{"allow":["GET"]}}],"collection":[{"href":"https:\/\/encartes.mx\/pt\/wp-json\/wp\/v2\/pages"}],"about":[{"href":"https:\/\/encartes.mx\/pt\/wp-json\/wp\/v2\/types\/page"}],"author":[{"embeddable":true,"href":"https:\/\/encartes.mx\/pt\/wp-json\/wp\/v2\/users\/4"}],"replies":[{"embeddable":true,"href":"https:\/\/encartes.mx\/pt\/wp-json\/wp\/v2\/comments?post=6"}],"version-history":[{"count":7,"href":"https:\/\/encartes.mx\/pt\/wp-json\/wp\/v2\/pages\/6\/revisions"}],"predecessor-version":[{"id":32324,"href":"https:\/\/encartes.mx\/pt\/wp-json\/wp\/v2\/pages\/6\/revisions\/32324"}],"wp:attachment":[{"href":"https:\/\/encartes.mx\/pt\/wp-json\/wp\/v2\/media?parent=6"}],"wp:term":[{"taxonomy":"author","embeddable":true,"href":"https:\/\/encartes.mx\/pt\/wp-json\/wp\/v2\/coauthors?post=6"}],"curies":[{"name":"wp","href":"https:\/\/api.w.org\/{rel}","templated":true}]}}