{"id":5,"date":"2017-01-11T00:10:34","date_gmt":"2017-01-11T00:10:34","guid":{"rendered":"http:\/\/162.243.168.105\/wordpress\/?page_id=5"},"modified":"2023-11-27T19:37:25","modified_gmt":"2023-11-28T01:37:25","slug":"about","status":"publish","type":"page","link":"https:\/\/encartes.mx\/pt\/about\/","title":{"rendered":"Processo de revis\u00e3o por pares"},"content":{"rendered":"<h1 class=\"wp-block-heading\"> <strong>Processo de revis\u00e3o por pares<\/strong><\/h1>\n\n\n\n<p class=\"has-large-font-size\"><\/p>\n\n\n\n<p class=\"has-text-align-justify\">Uma vez recebido o documento original, ele passar\u00e1 por: 1) um programa de detec\u00e7\u00e3o de pl\u00e1gio; 2) uma leitura de relev\u00e2ncia realizada por um dos membros da Equipe de Coordena\u00e7\u00e3o Editorial; 3) um parecer duplo-cego. Ser\u00e1 enviado a dois revisores, preferencialmente especialistas externos \u00e0s institui\u00e7\u00f5es editoriais, garantindo-se a confidencialidade e o anonimato para que seja regido pelo procedimento conhecido como duplo-cego. Em caso de controv\u00e9rsia entre os dois pareceres, ser\u00e1 solicitada uma terceira avalia\u00e7\u00e3o. A Equipe Editorial decidir\u00e1, em \u00faltima inst\u00e2ncia, sobre a publica\u00e7\u00e3o ou rejei\u00e7\u00e3o. Os autores ser\u00e3o informados sobre os resultados da revis\u00e3o em um prazo inferior a seis meses. Se um artigo n\u00e3o for aceito, o autor ser\u00e1 informado dos motivos dessa decis\u00e3o.<\/p>\n\n\n\n<p class=\"has-text-align-justify\">O resultado de cada uma das avalia\u00e7\u00f5es pode ser: 1) rejeitado; 2) aceito sujeito a grandes altera\u00e7\u00f5es; 3) aceito sujeito a pequenas altera\u00e7\u00f5es; 4) aceito sem altera\u00e7\u00f5es.<\/p>\n\n\n\n<p class=\"has-text-align-justify\">Ap\u00f3s a aprova\u00e7\u00e3o do artigo, o autor deve assinar uma carta de cess\u00e3o de direitos de propriedade na qual autoriza a Encartes a divulgar o artigo eletronicamente.<\/p>\n\n\n\n<p class=\"has-text-align-justify\">Os artigos ser\u00e3o publicados em um ano ap\u00f3s a aceita\u00e7\u00e3o do texto.<\/p>","protected":false},"excerpt":{"rendered":"<p>Processo de revis\u00e3o por pares Ap\u00f3s o recebimento do documento original, ele passar\u00e1 por: 1) um programa de detec\u00e7\u00e3o de pl\u00e1gio; 2) uma leitura de relev\u00e2ncia realizada por um dos membros da Equipe de Coordena\u00e7\u00e3o Editorial; 3) revis\u00e3o por pares duplo-cega. Ele ser\u00e1 enviado a dois revisores, preferencialmente especialistas de fora das institui\u00e7\u00f5es editoriais, garantindo o sigilo e a confidencialidade.<\/p>","protected":false},"author":4,"featured_media":0,"parent":0,"menu_order":0,"comment_status":"closed","ping_status":"closed","template":"","meta":{"_acf_changed":false,"footnotes":""},"coauthors":[551],"class_list":["post-5","page","type-page","status-publish","hentry"],"acf":[],"yoast_head":"<!-- This site is optimized with the Yoast SEO plugin v22.2 - https:\/\/yoast.com\/wordpress\/plugins\/seo\/ -->\n<title>Proceso de evaluaci\u00f3n por pares &#8211; Encartes<\/title>\n<meta name=\"robots\" content=\"index, follow, max-snippet:-1, max-image-preview:large, max-video-preview:-1\" \/>\n<link rel=\"canonical\" href=\"https:\/\/encartes.mx\/pt\/about\/\" \/>\n<meta property=\"og:locale\" content=\"pt_BR\" \/>\n<meta property=\"og:type\" content=\"article\" \/>\n<meta property=\"og:title\" content=\"Proceso de evaluaci\u00f3n por pares &#8211; Encartes\" \/>\n<meta property=\"og:description\" content=\"Proceso de evaluaci\u00f3n por pares Recibido el documento original pasar\u00e1 por: 1) un programa de detecci\u00f3n de plagio; 2) una lectura de pertinencia realizada por uno de los miembros del Equipo de coordinaci\u00f3n editorial; 3) dictamen doble ciego. Se enviar\u00e1 a dos dictaminadores, preferencialmente especialistas externos a las instituciones editoras, garantizando la confidencialidad y el [&hellip;]\" \/>\n<meta property=\"og:url\" content=\"https:\/\/encartes.mx\/pt\/about\/\" \/>\n<meta property=\"og:site_name\" content=\"Encartes\" \/>\n<meta property=\"article:modified_time\" content=\"2023-11-28T01:37:25+00:00\" \/>\n<meta name=\"twitter:card\" content=\"summary_large_image\" \/>\n<meta name=\"twitter:label1\" content=\"Est. tempo de leitura\" \/>\n\t<meta name=\"twitter:data1\" content=\"1 minuto\" \/>\n\t<meta name=\"twitter:label2\" content=\"Written by\" \/>\n\t<meta name=\"twitter:data2\" content=\"Arthur Ventura\" \/>\n<script type=\"application\/ld+json\" class=\"yoast-schema-graph\">{\"@context\":\"https:\/\/schema.org\",\"@graph\":[{\"@type\":\"WebPage\",\"@id\":\"https:\/\/encartes.mx\/about\/\",\"url\":\"https:\/\/encartes.mx\/about\/\",\"name\":\"Proceso de evaluaci\u00f3n por pares &#8211; Encartes\",\"isPartOf\":{\"@id\":\"https:\/\/encartes.mx\/#website\"},\"datePublished\":\"2017-01-11T00:10:34+00:00\",\"dateModified\":\"2023-11-28T01:37:25+00:00\",\"breadcrumb\":{\"@id\":\"https:\/\/encartes.mx\/about\/#breadcrumb\"},\"inLanguage\":\"pt-BR\",\"potentialAction\":[{\"@type\":\"ReadAction\",\"target\":[\"https:\/\/encartes.mx\/about\/\"]}]},{\"@type\":\"BreadcrumbList\",\"@id\":\"https:\/\/encartes.mx\/about\/#breadcrumb\",\"itemListElement\":[{\"@type\":\"ListItem\",\"position\":1,\"name\":\"Home\",\"item\":\"https:\/\/encartes.mx\/\"},{\"@type\":\"ListItem\",\"position\":2,\"name\":\"Proceso de evaluaci\u00f3n por pares\"}]},{\"@type\":\"WebSite\",\"@id\":\"https:\/\/encartes.mx\/#website\",\"url\":\"https:\/\/encartes.mx\/\",\"name\":\"Encartes\",\"description\":\"Revista digital multimedia\",\"publisher\":{\"@id\":\"https:\/\/encartes.mx\/#organization\"},\"potentialAction\":[{\"@type\":\"SearchAction\",\"target\":{\"@type\":\"EntryPoint\",\"urlTemplate\":\"https:\/\/encartes.mx\/?s={search_term_string}\"},\"query-input\":\"required name=search_term_string\"}],\"inLanguage\":\"pt-BR\"},{\"@type\":\"Organization\",\"@id\":\"https:\/\/encartes.mx\/#organization\",\"name\":\"Encartes Antropol\u00f3gicos\",\"url\":\"https:\/\/encartes.mx\/\",\"logo\":{\"@type\":\"ImageObject\",\"inLanguage\":\"pt-BR\",\"@id\":\"https:\/\/encartes.mx\/#\/schema\/logo\/image\/\",\"url\":\"https:\/\/encartes.mx\/wp-content\/uploads\/2017\/04\/Logo-04.png\",\"contentUrl\":\"https:\/\/encartes.mx\/wp-content\/uploads\/2017\/04\/Logo-04.png\",\"width\":338,\"height\":306,\"caption\":\"Encartes Antropol\u00f3gicos\"},\"image\":{\"@id\":\"https:\/\/encartes.mx\/#\/schema\/logo\/image\/\"}}]}<\/script>\n<!-- \/ Yoast SEO plugin. -->","yoast_head_json":{"title":"Proceso de evaluaci\u00f3n por pares &#8211; Encartes","robots":{"index":"index","follow":"follow","max-snippet":"max-snippet:-1","max-image-preview":"max-image-preview:large","max-video-preview":"max-video-preview:-1"},"canonical":"https:\/\/encartes.mx\/pt\/about\/","og_locale":"pt_BR","og_type":"article","og_title":"Proceso de evaluaci\u00f3n por pares &#8211; Encartes","og_description":"Proceso de evaluaci\u00f3n por pares Recibido el documento original pasar\u00e1 por: 1) un programa de detecci\u00f3n de plagio; 2) una lectura de pertinencia realizada por uno de los miembros del Equipo de coordinaci\u00f3n editorial; 3) dictamen doble ciego. Se enviar\u00e1 a dos dictaminadores, preferencialmente especialistas externos a las instituciones editoras, garantizando la confidencialidad y el [&hellip;]","og_url":"https:\/\/encartes.mx\/pt\/about\/","og_site_name":"Encartes","article_modified_time":"2023-11-28T01:37:25+00:00","twitter_card":"summary_large_image","twitter_misc":{"Est. tempo de leitura":"1 minuto","Written by":"Arthur Ventura"},"schema":{"@context":"https:\/\/schema.org","@graph":[{"@type":"WebPage","@id":"https:\/\/encartes.mx\/about\/","url":"https:\/\/encartes.mx\/about\/","name":"Proceso de evaluaci\u00f3n por pares &#8211; Encartes","isPartOf":{"@id":"https:\/\/encartes.mx\/#website"},"datePublished":"2017-01-11T00:10:34+00:00","dateModified":"2023-11-28T01:37:25+00:00","breadcrumb":{"@id":"https:\/\/encartes.mx\/about\/#breadcrumb"},"inLanguage":"pt-BR","potentialAction":[{"@type":"ReadAction","target":["https:\/\/encartes.mx\/about\/"]}]},{"@type":"BreadcrumbList","@id":"https:\/\/encartes.mx\/about\/#breadcrumb","itemListElement":[{"@type":"ListItem","position":1,"name":"Home","item":"https:\/\/encartes.mx\/"},{"@type":"ListItem","position":2,"name":"Proceso de evaluaci\u00f3n por pares"}]},{"@type":"WebSite","@id":"https:\/\/encartes.mx\/#website","url":"https:\/\/encartes.mx\/","name":"Encartes","description":"Revista digital multimedia","publisher":{"@id":"https:\/\/encartes.mx\/#organization"},"potentialAction":[{"@type":"SearchAction","target":{"@type":"EntryPoint","urlTemplate":"https:\/\/encartes.mx\/?s={search_term_string}"},"query-input":"required name=search_term_string"}],"inLanguage":"pt-BR"},{"@type":"Organization","@id":"https:\/\/encartes.mx\/#organization","name":"Encartes Antropol\u00f3gicos","url":"https:\/\/encartes.mx\/","logo":{"@type":"ImageObject","inLanguage":"pt-BR","@id":"https:\/\/encartes.mx\/#\/schema\/logo\/image\/","url":"https:\/\/encartes.mx\/wp-content\/uploads\/2017\/04\/Logo-04.png","contentUrl":"https:\/\/encartes.mx\/wp-content\/uploads\/2017\/04\/Logo-04.png","width":338,"height":306,"caption":"Encartes Antropol\u00f3gicos"},"image":{"@id":"https:\/\/encartes.mx\/#\/schema\/logo\/image\/"}}]}},"jetpack_sharing_enabled":true,"_links":{"self":[{"href":"https:\/\/encartes.mx\/pt\/wp-json\/wp\/v2\/pages\/5","targetHints":{"allow":["GET"]}}],"collection":[{"href":"https:\/\/encartes.mx\/pt\/wp-json\/wp\/v2\/pages"}],"about":[{"href":"https:\/\/encartes.mx\/pt\/wp-json\/wp\/v2\/types\/page"}],"author":[{"embeddable":true,"href":"https:\/\/encartes.mx\/pt\/wp-json\/wp\/v2\/users\/4"}],"replies":[{"embeddable":true,"href":"https:\/\/encartes.mx\/pt\/wp-json\/wp\/v2\/comments?post=5"}],"version-history":[{"count":22,"href":"https:\/\/encartes.mx\/pt\/wp-json\/wp\/v2\/pages\/5\/revisions"}],"predecessor-version":[{"id":38200,"href":"https:\/\/encartes.mx\/pt\/wp-json\/wp\/v2\/pages\/5\/revisions\/38200"}],"wp:attachment":[{"href":"https:\/\/encartes.mx\/pt\/wp-json\/wp\/v2\/media?parent=5"}],"wp:term":[{"taxonomy":"author","embeddable":true,"href":"https:\/\/encartes.mx\/pt\/wp-json\/wp\/v2\/coauthors?post=5"}],"curies":[{"name":"wp","href":"https:\/\/api.w.org\/{rel}","templated":true}]}}