{"id":38358,"date":"2023-11-30T16:20:30","date_gmt":"2023-11-30T22:20:30","guid":{"rendered":"https:\/\/encartes.mx\/?page_id=38358"},"modified":"2023-11-30T18:13:20","modified_gmt":"2023-12-01T00:13:20","slug":"reglamento-interno-de-encartes","status":"publish","type":"page","link":"https:\/\/encartes.mx\/pt\/reglamento-interno-de-encartes\/","title":{"rendered":"Regras de procedimento para inser\u00e7\u00f5es"},"content":{"rendered":"<h1 class=\"wp-block-heading\">Regras de procedimento para inser\u00e7\u00f5es<\/h1>\n\n\n\n<p><strong><u>Artigo I. Descri\u00e7\u00e3o geral<\/u><\/strong><\/p>\n\n\n\n<p class=\"has-text-align-justify\">\u00danico.<strong><em>&nbsp;<\/em><\/strong>Encartes<strong>&nbsp;<\/strong>\u00e9 uma publica\u00e7\u00e3o semestral plural e interdisciplinar financiada pelas institui\u00e7\u00f5es acad\u00eamicas que assinaram seu acordo de co-edi\u00e7\u00e3o: CIESAS, El COLEF, ITESO e El COLSAN. Em Encartes<em>&nbsp;<\/em>A confer\u00eancia \u00e9 um f\u00f3rum para a divulga\u00e7\u00e3o de avan\u00e7os e resultados de pesquisas sobre t\u00f3picos e problemas de interesse dos cientistas sociais.<\/p>\n\n\n\n<p><strong><u>Artigo II. Estrutura da revista<\/u><\/strong><\/p>\n\n\n\n<p>A revista cont\u00e9m sete se\u00e7\u00f5es principais:<\/p>\n\n\n\n<p>1 - Col\u00f3quios interdisciplinares<\/p>\n\n\n\n<p class=\"has-text-align-justify\">Esta \u00e9 uma se\u00e7\u00e3o de ensaios acad\u00eamicos que discutem um t\u00f3pico espec\u00edfico convocado pela revista. Um especialista ser\u00e1 convidado a publicar um artigo, ensaio te\u00f3rico ou metodol\u00f3gico, e v\u00e1rios especialistas de diferentes disciplinas ou perspectivas sobre o t\u00f3pico (entre quatro e seis) ser\u00e3o convidados a comentar, discutir, debater ou ampliar o ensaio do autor principal. A se\u00e7\u00e3o Col\u00f3quios Interdisciplinares prop\u00f5e uma nova forma de avalia\u00e7\u00e3o e julgamento, introduzida por discuss\u00e3o e debate acad\u00eamico p\u00fablico (n\u00e3o cego) para o ensaio principal. Os coment\u00e1rios ser\u00e3o avaliados de forma duplamente cega. Os Col\u00f3quios ser\u00e3o publicados alternadamente com os Temas Antropol\u00f3gicos.<\/p>\n\n\n\n<p>2.- Temas<\/p>\n\n\n\n<p class=\"has-text-align-justify\">\u00c9 uma se\u00e7\u00e3o tem\u00e1tica coordenada por um respons\u00e1vel acad\u00eamico e ser\u00e1 publicada em altern\u00e2ncia com os Col\u00f3quios Interdisciplinares. Consistir\u00e1 em um m\u00e1ximo de cinco artigos, escritos por especialistas no tema espec\u00edfico da edi\u00e7\u00e3o. Todos os artigos ser\u00e3o submetidos a uma avalia\u00e7\u00e3o duplo-cega.&nbsp;<\/p>\n\n\n\n<p>Realidades socioculturais<\/p>\n\n\n\n<p class=\"has-text-align-justify\">Esta \u00e9 uma se\u00e7\u00e3o que inclui artigos originais n\u00e3o associados a um tema central. Seu conte\u00fado \u00e9 diverso e independente das propostas tem\u00e1ticas e dos col\u00f3quios. Todos os trabalhos ser\u00e3o submetidos a uma avalia\u00e7\u00e3o duplo-cega.<\/p>\n\n\n\n<p>4 - Entrevistas<\/p>\n\n\n\n<p class=\"has-text-align-justify\">Esta se\u00e7\u00e3o consiste em entrevistas com pesquisadores e atores sociais que, na opini\u00e3o do comit\u00ea editorial, s\u00e3o de interesse para a comunidade acad\u00eamica. As entrevistas podem ser produtos audiovisuais ou transcri\u00e7\u00f5es. A publica\u00e7\u00e3o desta se\u00e7\u00e3o ser\u00e1 ocasional.<\/p>\n\n\n\n<p>5 - Discrep\u00e2ncias<\/p>\n\n\n\n<p class=\"has-text-align-justify\">Esta se\u00e7\u00e3o da revista incluir\u00e1 textos cr\u00edticos que abordam problemas e dilemas antropol\u00f3gicos diante de situa\u00e7\u00f5es e realidades atuais que s\u00e3o centrais para as reflex\u00f5es, debates e posi\u00e7\u00f5es dos antrop\u00f3logos. Esta se\u00e7\u00e3o ser\u00e1 publicada ocasionalmente.<\/p>\n\n\n\n<p>6 - Revis\u00f5es cr\u00edticas<\/p>\n\n\n\n<p class=\"has-text-align-justify\">Esta se\u00e7\u00e3o inclui ensaios curtos e cr\u00edticos de interesse para as ci\u00eancias sociais e resenhas de obras completas de um autor ou de uma corrente relevante para a revista, bem como resenhas de livros, artigos, v\u00eddeos etnogr\u00e1ficos, filmes antropol\u00f3gicos, exposi\u00e7\u00f5es de arte, teses de gradua\u00e7\u00e3o e&nbsp;<em>desempenho<\/em>.<\/p>\n\n\n\n<p>7.- Encartes multim\u00eddia<\/p>\n\n\n\n<p class=\"has-text-align-justify\">Esta se\u00e7\u00e3o estar\u00e1 aberta para a publica\u00e7\u00e3o de diferentes produtos de pesquisas em andamento. Ela ser\u00e1 publicada ocasionalmente, de acordo com a disponibilidade do material recebido que for considerado relevante. Ser\u00e3o aceitas etnografias visuais\/relat\u00f3rios multim\u00eddia com forte apoio de trabalho de campo e uso de estruturas de ci\u00eancias sociais, ensaios fotogr\u00e1ficos, v\u00eddeos documentais\/etnogr\u00e1ficos, poesia, hist\u00f3rias de vida e arquivos orais. Todos os trabalhos ser\u00e3o submetidos a uma avalia\u00e7\u00e3o duplamente cega.<\/p>\n\n\n\n<p><strong><u>Artigo III. Organiza\u00e7\u00e3o e \u00f3rg\u00e3os decis\u00f3rios<\/u><\/strong><\/p>\n\n\n\n<p class=\"has-text-align-justify\">\u00danico. Para assegurar o funcionamento da revista, o cumprimento de seus prop\u00f3sitos e garantir sua periodicidade, ser\u00e1 formado um Comit\u00ea Editorial (CE), um editor ser\u00e1 nomeado e um Corpo Consultivo Acad\u00eamico (CAA) ser\u00e1 formado.<\/p>\n\n\n\n<p><strong><u>Artigo IV. Objetivos do Conselho Editorial<\/u><\/strong><\/p>\n\n\n\n<p class=\"has-text-align-justify\">\u00danico. O Comit\u00ea Editorial (CE) \u00e9 um \u00f3rg\u00e3o acad\u00eamico respons\u00e1vel por:<\/p>\n\n\n\n<p> a) garantir a qualidade cient\u00edfica dos artigos publicados <\/p>\n\n\n\n<p> b) garantir que a revista cumpra os requisitos que deve atender como uma publica\u00e7\u00e3o acad\u00eamica <\/p>\n\n\n\n<p> c) estabelecer a pol\u00edtica editorial e garantir sua periodicidade. <\/p>\n\n\n\n<p><strong><u>&nbsp;Artigo V. Fun\u00e7\u00f5es do Conselho Editorial<\/u><\/strong><\/p>\n\n\n\n<p>\u00danico. As fun\u00e7\u00f5es do CE:<\/p>\n\n\n\n<p>a) definir o conte\u00fado de cada edi\u00e7\u00e3o da revista<\/p>\n\n\n\n<p>b) receber propostas de artigos para publica\u00e7\u00e3o<\/p>\n\n\n\n<p>c) analisar e aprovar as propostas tem\u00e1ticas para a se\u00e7\u00e3o Conhecimento e Raz\u00f5es<\/p>\n\n\n\n<p>(d) realizar uma leitura relevante de todos os artigos<\/p>\n\n\n\n<p>e) nomear os examinadores dos artigos submetidos \u00e0 aprecia\u00e7\u00e3o<\/p>\n\n\n\n<p>(f) com base nos pareceres, determinar se os artigos s\u00e3o adequados para publica\u00e7\u00e3o<\/p>\n\n\n\n<p>g) receber a segunda vers\u00e3o dos artigos adotados, na qual as altera\u00e7\u00f5es sugeridas s\u00e3o abordadas, e verificar sua atualiza\u00e7\u00e3o<\/p>\n\n\n\n<p>h) no caso de uma disputa entre o autor e os revisores, avaliar as sugest\u00f5es ou condi\u00e7\u00f5es feitas nas revis\u00f5es, levando em conta o ponto de vista do autor.<\/p>\n\n\n\n<p>(i) avaliar textos que n\u00e3o s\u00e3o apresentados para parecer externo<\/p>\n\n\n\n<p>j) sugerir pol\u00edticas para a edi\u00e7\u00e3o, divulga\u00e7\u00e3o e marketing da revista<\/p>\n\n\n\n<p>(k) manter a AAC informada sobre o progresso do peri\u00f3dico e incorporar as opini\u00f5es de seus membros em suas discuss\u00f5es<\/p>\n\n\n\n<p>(l) supervisionar os rel\u00e9s na FAC.<\/p>\n\n\n\n<p>(m) Resolu\u00e7\u00e3o de situa\u00e7\u00f5es n\u00e3o previstas nos regulamentos<\/p>\n\n\n\n<p><strong><u>Artigo VI. \u00d3rg\u00e3o Consultivo Acad\u00eamico<\/u><\/strong><\/p>\n\n\n\n<p class=\"has-text-align-justify\"> 1. A revista ter\u00e1 um Conselho Consultivo Acad\u00eamico (CAA) composto por especialistas que pertenceram ao CE e especialistas estrangeiros convidados. <\/p>\n\n\n\n<p class=\"has-text-align-justify\"> 2. Os especialistas que conclu\u00edrem seu mandato no CE se tornar\u00e3o membros da FAC. <\/p>\n\n\n\n<p class=\"has-text-align-justify\"> 3. O CE propor\u00e1 \u00e0 Dire\u00e7\u00e3o Geral do CIESAS nomes de especialistas de institui\u00e7\u00f5es acad\u00eamicas estrangeiras a serem convidados para o FAC. Ser\u00e1 buscada a participa\u00e7\u00e3o de pesquisadores de diferentes especialidades, com um equil\u00edbrio em termos de regi\u00f5es de origem, especialmente da Europa, Am\u00e9rica do Norte e Am\u00e9rica Latina. Quando apropriado, especialistas de outros continentes poder\u00e3o ser inclu\u00eddos. <\/p>\n\n\n\n<p class=\"has-text-align-justify\"> 4. O n\u00famero de membros da AAC n\u00e3o dever\u00e1 exceder 28. \u00c0 medida que os membros que conclu\u00edrem seus mandatos no CE forem integrados, aqueles com maior antiguidade nesse \u00f3rg\u00e3o dever\u00e3o ocupar seus lugares, sempre garantindo que haja um n\u00famero de oito especialistas estrangeiros cuja dura\u00e7\u00e3o nesse \u00f3rg\u00e3o dever\u00e1 ser determinada pelo CE. <\/p>\n\n\n\n<p class=\"has-text-align-justify\"> 5. A fun\u00e7\u00e3o do AAC \u00e9 monitorar a administra\u00e7\u00e3o da revista, fazer parte do portf\u00f3lio de \u00e1rbitros e sugerir a expans\u00e3o do portf\u00f3lio de \u00e1rbitros. <\/p>\n\n\n\n<p class=\"has-text-align-justify\"> 6. O CE enviar\u00e1 \u00e0 AAC informa\u00e7\u00f5es sobre suas reuni\u00f5es e decis\u00f5es, receber\u00e1 suas opini\u00f5es e as incorporar\u00e1 em suas discuss\u00f5es. <\/p>\n\n\n\n<p><strong><u>Artigo VII. Poderes do editor da revista.<\/u><\/strong><\/p>\n\n\n\n<p class=\"has-text-align-justify\">1. O editor da revista \u00e9 respons\u00e1vel por garantir que a revista seja publicada de acordo com os crit\u00e9rios e prop\u00f3sitos estabelecidos, que seja publicada na forma e com a periodicidade determinadas; para isso, respeitar\u00e1 os acordos do CE e ser\u00e1 assistido pela Subdiretoria de Divulga\u00e7\u00e3o e Publica\u00e7\u00f5es do CIESAS e sua Dire\u00e7\u00e3o Geral.<\/p>\n\n\n\n<p class=\"has-text-align-justify\">&nbsp;2. O diretor do peri\u00f3dico ser\u00e1 nomeado pela Dire\u00e7\u00e3o Geral com base nos seguintes requisitos:<\/p>\n\n\n\n<p>(a) ser um pesquisador do CIESAS<\/p>\n\n\n\n<p>b) tenham uma reputa\u00e7\u00e3o reconhecida por suas contribui\u00e7\u00f5es para o campo de conhecimento de sua especialidade, por seus amplos v\u00ednculos com a comunidade cient\u00edfica, bem como por sua prud\u00eancia e discri\u00e7\u00e3o<\/p>\n\n\n\n<p class=\"has-text-align-justify\">&nbsp;3. Para desempenhar suas fun\u00e7\u00f5es, o editor da revista ter\u00e1 os seguintes poderes:<\/p>\n\n\n\n<p>&nbsp;a) coordenar e monitorar o processo editorial de cada edi\u00e7\u00e3o da revista<\/p>\n\n\n\n<p>b) organizar a agenda de trabalho para as sess\u00f5es do CE<\/p>\n\n\n\n<p>(c) relat\u00f3rio sobre os originais submetidos \u00e0 considera\u00e7\u00e3o da CE<\/p>\n\n\n\n<p>d) sugerir e promover os melhores mecanismos para a divulga\u00e7\u00e3o da revista.<\/p>\n\n\n\n<p class=\"has-text-align-justify\">4. Para o melhor desempenho de suas fun\u00e7\u00f5es, ele ser\u00e1 auxiliado por duas pessoas que dar\u00e3o suporte ao trabalho relacionado \u00e0 revista em geral: a pessoa respons\u00e1vel pelas fun\u00e7\u00f5es editoriais (editor) e a pessoa respons\u00e1vel pelo gerenciamento normal da revista (assistente).<\/p>\n\n\n\n<p><strong><u>&nbsp;Artigo VIII. Diretrizes editoriais<\/u><\/strong><\/p>\n\n\n\n<p class=\"has-text-align-justify\">1. somente artigos originais e resenhas que n\u00e3o tenham sido publicados e que n\u00e3o tenham sido enviados para revis\u00e3o simult\u00e2nea em outras m\u00eddias ser\u00e3o considerados para poss\u00edvel publica\u00e7\u00e3o. Artigos originais escritos em espanhol, ingl\u00eas, franc\u00eas e portugu\u00eas s\u00e3o aceitos, mas somente ser\u00e3o publicados em espanhol.&nbsp;<\/p>\n\n\n\n<p class=\"has-text-align-justify\">2. As regras de apresenta\u00e7\u00e3o que os artigos e resenhas devem cumprir para serem recebidos est\u00e3o definidas nas \"Instru\u00e7\u00f5es para autores\" publicadas em&nbsp;<em><strong>Encartes<\/strong> <\/em>e no site da revista. Isso se refere aos requisitos de tamanho do artigo, apresenta\u00e7\u00e3o formal, informa\u00e7\u00f5es obrigat\u00f3rias e cita\u00e7\u00e3o.<\/p>\n\n\n\n<p class=\"has-text-align-justify\">3. A publica\u00e7\u00e3o dos artigos \u00e9 gratuita, e n\u00e3o h\u00e1 previs\u00e3o de remunera\u00e7\u00e3o financeira para o autor.<\/p>\n\n\n\n<p class=\"has-text-align-justify\">4. O procedimento para submeter propostas tem\u00e1ticas ao CE consiste em enviar por escrito uma apresenta\u00e7\u00e3o breve e bem fundamentada do tema a ser trabalhado e sua relev\u00e2ncia no debate antropol\u00f3gico, bem como um \u00edndice provis\u00f3rio.<\/p>\n\n\n\n<p class=\"has-text-align-justify\">5. A revista acusar\u00e1 o recebimento dos originais mediante recibo. A aceita\u00e7\u00e3o de cada contribui\u00e7\u00e3o depender\u00e1 de uma leitura de relev\u00e2ncia e dos pareceres confidenciais feitos por especialistas sob o procedimento conhecido como duplo-cego. Com base nessa avalia\u00e7\u00e3o, o CE decidir\u00e1 sobre a publica\u00e7\u00e3o e informar\u00e1 os autores em um prazo inferior a um ano.<\/p>\n\n\n\n<p class=\"has-text-align-justify\">6. Ap\u00f3s a aprova\u00e7\u00e3o do artigo, o autor deve assinar uma carta de cess\u00e3o de direitos sobre seu trabalho, na qual autoriza o CIESAS a divulg\u00e1-lo por meio impresso e eletr\u00f4nico. Se um artigo n\u00e3o for aceito, o autor ser\u00e1 informado das raz\u00f5es dessa decis\u00e3o.<\/p>\n\n\n\n<p class=\"has-text-align-justify\">7. Para a escolha do design da capa de cada edi\u00e7\u00e3o da revista, ser\u00e3o consultados o coordenador da proposta tem\u00e1tica da se\u00e7\u00e3o Saberes y razones, o CE e os respons\u00e1veis pela Subdirecci\u00f3n de Difusi\u00f3n y Publicaciones. A proposta que obtiver o maior consenso ser\u00e1 aprovada. O design b\u00e1sico com o qual a revista \u00e9 identificada n\u00e3o poder\u00e1 ser alterado.<\/p>\n\n\n\n<p class=\"has-text-align-justify\">8. O discurso gr\u00e1fico de cada edi\u00e7\u00e3o da revista ser\u00e1 moldado de acordo com a se\u00e7\u00e3o Saberes e raz\u00f5es e ser\u00e1 de responsabilidade da equipe editorial. As propostas dos coordenadores de edi\u00e7\u00f5es ser\u00e3o aceitas se o material for enviado dentro do prazo e atender aos requisitos t\u00e9cnicos de qualidade e \u00e0s permiss\u00f5es legais para publica\u00e7\u00e3o.<\/p>\n\n\n\n<p><strong><u>Artigo IX. Procedimentos para decis\u00e3o sobre originais.<\/u><\/strong><\/p>\n\n\n\n<p class=\"has-text-align-justify\">1.-  <span style=\"font-size: revert;\">O CE nomear\u00e1 os examinadores dos originais enviados para sua considera\u00e7\u00e3o.<\/span> <\/p>\n\n\n\n<p class=\"has-text-align-justify\">2.-  <span style=\"font-size: revert;\">Para o cumprimento de suas fun\u00e7\u00f5es, o CE contar\u00e1 com um portf\u00f3lio de \u00e1rbitros especializados nas disciplinas mencionadas nos originais.<\/span> <\/p>\n\n\n\n<p class=\"has-text-align-justify\"> 3.- <span style=\"font-size: revert;\">Os revisores n\u00e3o devem pertencer \u00e0 mesma institui\u00e7\u00e3o ou \u00e1rea de trabalho que o autor do original a ser avaliado, nem devem ser o orientador da tese do autor.<\/span> <\/p>\n\n\n\n<p class=\"has-text-align-justify\">4.- <span style=\"font-size: revert;\">Ser\u00e3o necess\u00e1rios dois pareceres positivos para aprovar a publica\u00e7\u00e3o de qualquer original.<\/span> <\/p>\n\n\n\n<p class=\"has-text-align-justify\">5.- <span style=\"font-size: revert;\">Em caso de opini\u00f5es conflitantes, o CE solicitar\u00e1 uma terceira opini\u00e3o para resolver a disputa.<\/span> <\/p>\n\n\n\n<p class=\"has-text-align-justify\">6.-  <span style=\"font-size: revert;\">Se, na opini\u00e3o do CE, um parecer n\u00e3o for satisfat\u00f3rio, um novo parecer dever\u00e1 ser solicitado.<\/span> <\/p>\n\n\n\n<p class=\"has-text-align-justify\">7.- <span style=\"font-size: revert;\">Os pareceres solicitados devem considerar os seguintes pontos:<\/span><\/p>\n\n\n\n<p>a) Rigor cient\u00edfico<\/p>\n\n\n\n<p>(b) contribui\u00e7\u00e3o para a disciplina ou linha de pesquisa em quest\u00e3o<\/p>\n\n\n\n<p>c) Qualidade, tanto na estrutura quanto na apresenta\u00e7\u00e3o.<\/p>\n\n\n\n<p class=\"has-text-align-justify\">8.- <span style=\"font-size: revert;\">Os pareceres devem definir claramente a aprova\u00e7\u00e3o, condicionamento ou reprova\u00e7\u00e3o dos originais e devem ser entregues no prazo m\u00e1ximo de tr\u00eas semanas ap\u00f3s o recebimento do material.<\/span> <\/p>\n\n\n\n<p class=\"has-text-align-justify\">9.- <span style=\"font-size: revert;\">Depois que o autor receber as vers\u00f5es p\u00fablicas dos pareceres, ele dever\u00e1 enviar a segunda vers\u00e3o de seu texto, incorporando quaisquer corre\u00e7\u00f5es, sugest\u00f5es ou coment\u00e1rios feitos nos pareceres.<\/span>.<\/p>\n\n\n\n<p class=\"has-text-align-justify\">10.- No caso de serem estabelecidas condi\u00e7\u00f5es importantes no texto avaliado, o CE solicitar\u00e1 que seja feita uma compara\u00e7\u00e3o do n\u00edvel de incorpora\u00e7\u00e3o feito pelo autor na segunda vers\u00e3o do original. Para facilitar essa tarefa, o autor deve fornecer ao CE uma declara\u00e7\u00e3o fundamentada indicando quais pontos do parecer foram inclu\u00eddos e quais foram omitidos.<\/p>\n\n\n\n<p class=\"has-text-align-justify\">11.- <span style=\"font-size: revert;\">As decis\u00f5es do CE devem ser tomadas preferencialmente por consenso e, quando apropriado, por maioria simples. Em caso de empate, o editor da revista ter\u00e1 o voto de qualidade.<\/span> <\/p>","protected":false},"excerpt":{"rendered":"<p>Regras de procedimento para inser\u00e7\u00f5es Artigo I. Somente descri\u00e7\u00e3o geral. Encartes \u00e9 uma publica\u00e7\u00e3o semestral, plural e interdisciplinar, financiada pelas institui\u00e7\u00f5es acad\u00eamicas que assinaram seu acordo de co-edi\u00e7\u00e3o: CIESAS, El COLEF, ITESO e El COLSAN. A Encartes publica avan\u00e7os e resultados de pesquisas sobre temas e problemas de interesse para os cientistas sociais. Artigo II. Estrutura [...]<\/p>","protected":false},"author":10,"featured_media":0,"parent":0,"menu_order":0,"comment_status":"closed","ping_status":"closed","template":"","meta":{"_acf_changed":false,"footnotes":""},"coauthors":[1175],"class_list":["post-38358","page","type-page","status-publish","hentry"],"acf":[],"yoast_head":"<!-- This site is optimized with the Yoast SEO plugin v22.2 - https:\/\/yoast.com\/wordpress\/plugins\/seo\/ -->\n<title>Reglamento interno de Encartes &#8211; Encartes<\/title>\n<meta name=\"robots\" content=\"index, follow, max-snippet:-1, max-image-preview:large, max-video-preview:-1\" \/>\n<link rel=\"canonical\" href=\"https:\/\/encartes.mx\/pt\/reglamento-interno-de-encartes\/\" \/>\n<meta property=\"og:locale\" content=\"pt_BR\" \/>\n<meta property=\"og:type\" content=\"article\" \/>\n<meta property=\"og:title\" content=\"Reglamento interno de Encartes &#8211; Encartes\" \/>\n<meta property=\"og:description\" content=\"Reglamento interno de Encartes Art\u00edculo I. Descripci\u00f3n general \u00danico.&nbsp;Encartes&nbsp;es una publicaci\u00f3n semestral&nbsp;plural e interdisciplinaria financiada por las instituciones acad\u00e9micas firmantes de su convenio de coedici\u00f3n: CIESAS, El COLEF, ITESO y El COLSAN. En&nbsp;Encartes&nbsp;se dan a conocer avances y resultados de investigaci\u00f3n sobre los temas y problemas que interesan a los cient\u00edficos sociales. Art\u00edculo II. Estructura [&hellip;]\" \/>\n<meta property=\"og:url\" content=\"https:\/\/encartes.mx\/pt\/reglamento-interno-de-encartes\/\" \/>\n<meta property=\"og:site_name\" content=\"Encartes\" \/>\n<meta property=\"article:modified_time\" content=\"2023-12-01T00:13:20+00:00\" \/>\n<meta name=\"twitter:card\" content=\"summary_large_image\" \/>\n<meta name=\"twitter:label1\" content=\"Est. tempo de leitura\" \/>\n\t<meta name=\"twitter:data1\" content=\"9 minutos\" \/>\n\t<meta name=\"twitter:label2\" content=\"Written by\" \/>\n\t<meta name=\"twitter:data2\" content=\"escire\" \/>\n<script type=\"application\/ld+json\" class=\"yoast-schema-graph\">{\"@context\":\"https:\/\/schema.org\",\"@graph\":[{\"@type\":\"WebPage\",\"@id\":\"https:\/\/encartes.mx\/reglamento-interno-de-encartes\/\",\"url\":\"https:\/\/encartes.mx\/reglamento-interno-de-encartes\/\",\"name\":\"Reglamento interno de Encartes &#8211; Encartes\",\"isPartOf\":{\"@id\":\"https:\/\/encartes.mx\/#website\"},\"datePublished\":\"2023-11-30T22:20:30+00:00\",\"dateModified\":\"2023-12-01T00:13:20+00:00\",\"breadcrumb\":{\"@id\":\"https:\/\/encartes.mx\/reglamento-interno-de-encartes\/#breadcrumb\"},\"inLanguage\":\"pt-BR\",\"potentialAction\":[{\"@type\":\"ReadAction\",\"target\":[\"https:\/\/encartes.mx\/reglamento-interno-de-encartes\/\"]}]},{\"@type\":\"BreadcrumbList\",\"@id\":\"https:\/\/encartes.mx\/reglamento-interno-de-encartes\/#breadcrumb\",\"itemListElement\":[{\"@type\":\"ListItem\",\"position\":1,\"name\":\"Home\",\"item\":\"https:\/\/encartes.mx\/\"},{\"@type\":\"ListItem\",\"position\":2,\"name\":\"Reglamento interno de Encartes\"}]},{\"@type\":\"WebSite\",\"@id\":\"https:\/\/encartes.mx\/#website\",\"url\":\"https:\/\/encartes.mx\/\",\"name\":\"Encartes\",\"description\":\"Revista digital multimedia\",\"publisher\":{\"@id\":\"https:\/\/encartes.mx\/#organization\"},\"potentialAction\":[{\"@type\":\"SearchAction\",\"target\":{\"@type\":\"EntryPoint\",\"urlTemplate\":\"https:\/\/encartes.mx\/?s={search_term_string}\"},\"query-input\":\"required name=search_term_string\"}],\"inLanguage\":\"pt-BR\"},{\"@type\":\"Organization\",\"@id\":\"https:\/\/encartes.mx\/#organization\",\"name\":\"Encartes Antropol\u00f3gicos\",\"url\":\"https:\/\/encartes.mx\/\",\"logo\":{\"@type\":\"ImageObject\",\"inLanguage\":\"pt-BR\",\"@id\":\"https:\/\/encartes.mx\/#\/schema\/logo\/image\/\",\"url\":\"https:\/\/encartes.mx\/wp-content\/uploads\/2017\/04\/Logo-04.png\",\"contentUrl\":\"https:\/\/encartes.mx\/wp-content\/uploads\/2017\/04\/Logo-04.png\",\"width\":338,\"height\":306,\"caption\":\"Encartes Antropol\u00f3gicos\"},\"image\":{\"@id\":\"https:\/\/encartes.mx\/#\/schema\/logo\/image\/\"}}]}<\/script>\n<!-- \/ Yoast SEO plugin. -->","yoast_head_json":{"title":"Reglamento interno de Encartes &#8211; Encartes","robots":{"index":"index","follow":"follow","max-snippet":"max-snippet:-1","max-image-preview":"max-image-preview:large","max-video-preview":"max-video-preview:-1"},"canonical":"https:\/\/encartes.mx\/pt\/reglamento-interno-de-encartes\/","og_locale":"pt_BR","og_type":"article","og_title":"Reglamento interno de Encartes &#8211; Encartes","og_description":"Reglamento interno de Encartes Art\u00edculo I. Descripci\u00f3n general \u00danico.&nbsp;Encartes&nbsp;es una publicaci\u00f3n semestral&nbsp;plural e interdisciplinaria financiada por las instituciones acad\u00e9micas firmantes de su convenio de coedici\u00f3n: CIESAS, El COLEF, ITESO y El COLSAN. En&nbsp;Encartes&nbsp;se dan a conocer avances y resultados de investigaci\u00f3n sobre los temas y problemas que interesan a los cient\u00edficos sociales. Art\u00edculo II. Estructura [&hellip;]","og_url":"https:\/\/encartes.mx\/pt\/reglamento-interno-de-encartes\/","og_site_name":"Encartes","article_modified_time":"2023-12-01T00:13:20+00:00","twitter_card":"summary_large_image","twitter_misc":{"Est. tempo de leitura":"9 minutos","Written by":"escire"},"schema":{"@context":"https:\/\/schema.org","@graph":[{"@type":"WebPage","@id":"https:\/\/encartes.mx\/reglamento-interno-de-encartes\/","url":"https:\/\/encartes.mx\/reglamento-interno-de-encartes\/","name":"Reglamento interno de Encartes &#8211; Encartes","isPartOf":{"@id":"https:\/\/encartes.mx\/#website"},"datePublished":"2023-11-30T22:20:30+00:00","dateModified":"2023-12-01T00:13:20+00:00","breadcrumb":{"@id":"https:\/\/encartes.mx\/reglamento-interno-de-encartes\/#breadcrumb"},"inLanguage":"pt-BR","potentialAction":[{"@type":"ReadAction","target":["https:\/\/encartes.mx\/reglamento-interno-de-encartes\/"]}]},{"@type":"BreadcrumbList","@id":"https:\/\/encartes.mx\/reglamento-interno-de-encartes\/#breadcrumb","itemListElement":[{"@type":"ListItem","position":1,"name":"Home","item":"https:\/\/encartes.mx\/"},{"@type":"ListItem","position":2,"name":"Reglamento interno de Encartes"}]},{"@type":"WebSite","@id":"https:\/\/encartes.mx\/#website","url":"https:\/\/encartes.mx\/","name":"Encartes","description":"Revista digital multimedia","publisher":{"@id":"https:\/\/encartes.mx\/#organization"},"potentialAction":[{"@type":"SearchAction","target":{"@type":"EntryPoint","urlTemplate":"https:\/\/encartes.mx\/?s={search_term_string}"},"query-input":"required name=search_term_string"}],"inLanguage":"pt-BR"},{"@type":"Organization","@id":"https:\/\/encartes.mx\/#organization","name":"Encartes Antropol\u00f3gicos","url":"https:\/\/encartes.mx\/","logo":{"@type":"ImageObject","inLanguage":"pt-BR","@id":"https:\/\/encartes.mx\/#\/schema\/logo\/image\/","url":"https:\/\/encartes.mx\/wp-content\/uploads\/2017\/04\/Logo-04.png","contentUrl":"https:\/\/encartes.mx\/wp-content\/uploads\/2017\/04\/Logo-04.png","width":338,"height":306,"caption":"Encartes Antropol\u00f3gicos"},"image":{"@id":"https:\/\/encartes.mx\/#\/schema\/logo\/image\/"}}]}},"jetpack_sharing_enabled":true,"_links":{"self":[{"href":"https:\/\/encartes.mx\/pt\/wp-json\/wp\/v2\/pages\/38358","targetHints":{"allow":["GET"]}}],"collection":[{"href":"https:\/\/encartes.mx\/pt\/wp-json\/wp\/v2\/pages"}],"about":[{"href":"https:\/\/encartes.mx\/pt\/wp-json\/wp\/v2\/types\/page"}],"author":[{"embeddable":true,"href":"https:\/\/encartes.mx\/pt\/wp-json\/wp\/v2\/users\/10"}],"replies":[{"embeddable":true,"href":"https:\/\/encartes.mx\/pt\/wp-json\/wp\/v2\/comments?post=38358"}],"version-history":[{"count":16,"href":"https:\/\/encartes.mx\/pt\/wp-json\/wp\/v2\/pages\/38358\/revisions"}],"predecessor-version":[{"id":38388,"href":"https:\/\/encartes.mx\/pt\/wp-json\/wp\/v2\/pages\/38358\/revisions\/38388"}],"wp:attachment":[{"href":"https:\/\/encartes.mx\/pt\/wp-json\/wp\/v2\/media?parent=38358"}],"wp:term":[{"taxonomy":"author","embeddable":true,"href":"https:\/\/encartes.mx\/pt\/wp-json\/wp\/v2\/coauthors?post=38358"}],"curies":[{"name":"wp","href":"https:\/\/api.w.org\/{rel}","templated":true}]}}