{"id":38354,"date":"2023-11-30T15:54:50","date_gmt":"2023-11-30T21:54:50","guid":{"rendered":"https:\/\/encartes.mx\/?page_id=38354"},"modified":"2023-12-04T11:49:34","modified_gmt":"2023-12-04T17:49:34","slug":"politica-de-etica-en-la-publicacion","status":"publish","type":"page","link":"https:\/\/encartes.mx\/pt\/politica-de-etica-en-la-publicacion\/","title":{"rendered":"Pol\u00edtica de \u00e9tica de publica\u00e7\u00e3o"},"content":{"rendered":"<h2 class=\"wp-block-heading\">Pol\u00edtica de \u00e9tica de publica\u00e7\u00e3o<\/h2>\n\n\n\n<p>Insere mant\u00e9m c\u00f3digos de \u00e9tica para revisores, autores e editores com base nos c\u00f3digos do Committee on Publication Ethics (COPE), dispon\u00edveis em&nbsp;<a href=\"https:\/\/publicationethics.org\/\">https:\/\/publicationethics.org\/<\/a>.<\/p>\n\n\n\n<p>As decis\u00f5es editoriais n\u00e3o ser\u00e3o afetadas pela origem do manuscrito ou por caracter\u00edsticas do autor, como nacionalidade, g\u00eanero, orienta\u00e7\u00e3o sexual, etnia, ra\u00e7a, cren\u00e7as religiosas ou filosofia pol\u00edtica dos autores.<\/p>\n\n\n\n<p>A decis\u00e3o de publicar um artigo \u00e9 independente da pol\u00edtica governamental ou de outros \u00f3rg\u00e3os externos \u00e0 revista.<\/p>\n\n\n\n<p><strong>Responsabilidades dos editores<\/strong><\/p>\n\n\n\n<ol class=\"wp-block-list\"><li>Eles devem assumir a responsabilidade pelo que \u00e9 publicado em sua revista. Devem procurar maneiras de aprimorar a revista, atender \u00e0s necessidades e d\u00favidas dos autores, evitar que outras necessidades n\u00e3o acad\u00eamicas comprometam os padr\u00f5es \u00e9ticos da revista, estar dispostos a publicar corre\u00e7\u00f5es, esclarecimentos, retifica\u00e7\u00f5es e desculpas, se necess\u00e1rio.<\/li><li>Eles devem manter acess\u00edveis a descri\u00e7\u00e3o do processo de avalia\u00e7\u00e3o e o guia de procedimentos para o envio de um artigo para avalia\u00e7\u00e3o.<\/li><li>Eles garantir\u00e3o a confidencialidade dos autores dos manuscritos desde o momento em que forem recebidos at\u00e9 o final de sua avalia\u00e7\u00e3o.<\/li><li>Eles proteger\u00e3o a propriedade intelectual e os direitos autorais dos manuscritos.<\/li><li>Eles usar\u00e3o ferramentas apropriadas, como software antipl\u00e1gio - por exemplo, Turnitin - para detectar m\u00e1 conduta cient\u00edfica por parte dos autores.<\/li><li>Eles pedir\u00e3o aos revisores que comentem sobre a m\u00e1 conduta dos autores.<\/li><li>Eles informar\u00e3o o autor sobre o andamento da avalia\u00e7\u00e3o.<\/li><li>Eles enviar\u00e3o aos autores os coment\u00e1rios dos revisores na \u00edntegra, exceto quando forem ofensivos ou difamat\u00f3rios.<\/li><li>Eles informar\u00e3o o autor sobre o est\u00e1gio em que o artigo se encontra no processo editorial.<\/li><li>Eles n\u00e3o usar\u00e3o ou divulgar\u00e3o informa\u00e7\u00f5es de artigos antes da publica\u00e7\u00e3o sem o consentimento pr\u00e9vio do autor.<\/li><\/ol>\n\n\n\n<p><strong>Responsabilidades dos membros da Equipe de Coordena\u00e7\u00e3o Editorial<\/strong><\/p>\n\n\n\n<ol class=\"wp-block-list\"><li>A decis\u00e3o de aceitar ou rejeitar um artigo ser\u00e1 baseada em sua qualidade, clareza, originalidade e relev\u00e2ncia para publica\u00e7\u00e3o na revista.<\/li><li>Os membros do Comit\u00ea definir\u00e3o os par\u00e2metros editoriais e os revisar\u00e3o com frequ\u00eancia a fim de manter a qualidade da revista.<\/li><li>Os novos membros do Conselho Editorial n\u00e3o podem reverter as decis\u00f5es de publica\u00e7\u00e3o tomadas antes de ingressar no Conselho Editorial, a menos que o manuscrito em quest\u00e3o apresente problemas graves.<\/li><li>Eles n\u00e3o revelar\u00e3o a identidade dos autores at\u00e9 que os artigos sejam publicados.<\/li><li>Os nomes dos avaliadores ser\u00e3o mantidos an\u00f4nimos.<\/li><li>Eles garantir\u00e3o que os manuscritos sejam analisados por revisores apropriados.<\/li><li>Eles devem garantir que o processo de avalia\u00e7\u00e3o seja objetivo, claro e transparente.<\/li><li>Eles resolver\u00e3o quaisquer disputas que surjam durante o processo de avalia\u00e7\u00e3o.<\/li><li>Eles publicar\u00e3o corre\u00e7\u00f5es, esclarecimentos, retifica\u00e7\u00f5es e pedidos de desculpas, se necess\u00e1rio.<\/li><li>Se detectarem m\u00e1 conduta cient\u00edfica por parte dos autores, eles informar\u00e3o imediatamente os editores.<\/li><li>Publicar como resolveram disputas ou casos de autores que n\u00e3o cumpriram as disposi\u00e7\u00f5es deste c\u00f3digo de conduta.<\/li><\/ol>\n\n\n\n<p><strong>Responsabilidades dos autores<\/strong><\/p>\n\n\n\n<ol class=\"wp-block-list\"><li>Os autores devem garantir que:<\/li><\/ol>\n\n\n\n<p>Seu manuscrito n\u00e3o foi publicado e n\u00e3o est\u00e1 sendo avaliado em outras publica\u00e7\u00f5es.<\/p>\n\n\n\n<p>As informa\u00e7\u00f5es contidas no manuscrito foram coletadas de forma \u00e9tica.<\/p>\n\n\n\n<p>O artigo apresentado \u00e9 original e as refer\u00eancias e dados de outros trabalhos foram devidamente citados.<\/p>\n\n\n\n<ol class=\"wp-block-list\" start=\"2\"><li>Eles reconhecer\u00e3o como coautores aqueles que tiverem participado significativamente do conte\u00fado do artigo.<\/li><li>Eles dar\u00e3o o devido cr\u00e9dito aos tradutores de todo ou parte do artigo.<\/li><li>Indique no manuscrito as fontes de apoio financeiro para a pesquisa.<\/li><li>Eles seguir\u00e3o as diretrizes para envio de artigos, publicadas no site da revista e definidas pelo Comit\u00ea Editorial.<\/li><li>Eles seguir\u00e3o as indica\u00e7\u00f5es das fases da avalia\u00e7\u00e3o e observar\u00e3o os prazos para corre\u00e7\u00f5es e verifica\u00e7\u00f5es cruzadas.<\/li><li>Eles devem se certificar de que possuem permiss\u00f5es para reproduzir e imprimir material que n\u00e3o seja de sua propriedade ou autoria (gr\u00e1ficos, mapas, diagramas, fotografias etc.).<\/li><li>Eles assinar\u00e3o uma carta autorizando a revista a editar, publicar e distribuir seu artigo em m\u00eddia impressa e eletr\u00f4nica.<\/li><\/ol>\n\n\n\n<p><strong>Responsabilidades dos avaliadores<\/strong><\/p>\n\n\n\n<ol class=\"wp-block-list\"><li>Se o manuscrito que eles foram solicitados a revisar estiver sujeito a um conflito de interesses, eles o declarar\u00e3o imediatamente.<\/li><li>Eles dever\u00e3o informar o editor se considerarem que n\u00e3o est\u00e3o qualificados para realizar a avalia\u00e7\u00e3o.<\/li><li>Eles informar\u00e3o os editores caso detectem m\u00e1 conduta cient\u00edfica no manuscrito.<\/li><li>Eles expressar\u00e3o seus coment\u00e1rios de forma clara, objetiva e respeitosa no formato de avalia\u00e7\u00e3o fornecido pela revista.<\/li><li>Eles realizar\u00e3o a avalia\u00e7\u00e3o e notificar\u00e3o o resultado em at\u00e9 30 dias corridos.<\/li><li>Eles tratar\u00e3o o resultado da avalia\u00e7\u00e3o com confidencialidade.<\/li><li>Eles n\u00e3o usar\u00e3o ou divulgar\u00e3o as informa\u00e7\u00f5es contidas no manuscrito antes da publica\u00e7\u00e3o.<\/li><\/ol>\n\n\n\n<p><strong>Elas s\u00e3o consideradas neglig\u00eancia cient\u00edfica:<\/strong><\/p>\n\n\n\n<p><em>Falta de \u00e9tica no processo de publica\u00e7\u00e3o<\/em><\/p>\n\n\n\n<p>- Autoria fict\u00edcia: aparecer como autor ou coautor de uma pesquisa que n\u00e3o foi realizada.<\/p>\n\n\n\n<p>- Publica\u00e7\u00e3o duplicada: publica\u00e7\u00e3o total ou parcial de um artigo j\u00e1 publicado.<\/p>\n\n\n\n<p>- Publica\u00e7\u00e3o fragmentada: divis\u00e3o de um documento para publica\u00e7\u00e3o como artigos separados.<\/p>\n\n\n\n<p>- Publica\u00e7\u00e3o inflacionada: adi\u00e7\u00e3o de dados a um artigo publicado anteriormente para publica\u00e7\u00e3o como um novo artigo.<\/p>\n\n\n\n<p>- Auto-pl\u00e1gio: repetir o mesmo conte\u00fado escrito anteriormente pelo autor com a inten\u00e7\u00e3o de public\u00e1-lo como um novo artigo.<\/p>\n\n\n\n<p><em>Fraude cient\u00edfica<\/em><\/p>\n\n\n\n<p>- Inven\u00e7\u00e3o: elaborar todos ou parte dos dados.<\/p>\n\n\n\n<p>- Falsifica\u00e7\u00e3o e manipula\u00e7\u00e3o de dados: falsifica\u00e7\u00e3o de dados ou m\u00e9todos para cumprir a hip\u00f3tese.<\/p>\n\n\n\n<p>- Pl\u00e1gio: pegar ideias ou frases sem citar a fonte original.<\/p>\n\n\n\n<p>Cita\u00e7\u00f5es bibliogr\u00e1ficas incorretas: omiss\u00e3o de cita\u00e7\u00f5es relevantes. Inclus\u00e3o de cita\u00e7\u00f5es que n\u00e3o foram consultadas. Autocita\u00e7\u00e3o excessiva.<\/p>\n\n\n\n<p>- Vi\u00e9s de publica\u00e7\u00e3o: for\u00e7ar dados para obter resultados positivos e alta signific\u00e2ncia estat\u00edstica.<\/p>\n\n\n\n<p>- Publicidade: resultados prematuros (n\u00e3o verificados).<\/p>\n\n\n\n<p><strong>Processo para identificar e abordar alega\u00e7\u00f5es de m\u00e1 conduta em pesquisa<\/strong><\/p>\n\n\n\n<p>Caso seja detectada uma conduta impr\u00f3pria, a san\u00e7\u00e3o ou resolu\u00e7\u00e3o ser\u00e1 orientada pelos c\u00f3digos e diretrizes de conduta.&nbsp;<a href=\"https:\/\/publicationethics.org\/resources\/flowcharts\">Fluxogramas COPE<\/a>.<\/p>\n\n\n\n<p>Os manuscritos que se envolverem nessas pr\u00e1ticas n\u00e3o ser\u00e3o avaliados. O editor escrever\u00e1 para o autor, explicando que o artigo foi rejeitado, a posi\u00e7\u00e3o da revista sobre esses casos e o comportamento futuro esperado. Ele tamb\u00e9m informar\u00e1 o revisor.<\/p>\n\n\n\n<p>Se for constatado que frases mais curtas foram copiadas e que n\u00e3o h\u00e1 indica\u00e7\u00e3o de que os dados de outros foram apresentados como trabalho do pr\u00f3prio autor, o editor escrever\u00e1 para o autor e pedir\u00e1 que ele modifique essas partes ou indique as cita\u00e7\u00f5es claramente. Ele tamb\u00e9m informar\u00e1 o revisor. Se o autor se recusar a corrigir o manuscrito, o artigo ser\u00e1 rejeitado, a posi\u00e7\u00e3o da revista sobre esses casos e o comportamento futuro esperado ser\u00e3o explicados.<\/p>\n\n\n\n<p>A revista Encartes adere \u00e0 produ\u00e7\u00e3o \u00e9tica do conhecimento. Ela est\u00e1 aberta a receber reclama\u00e7\u00f5es de m\u00e1 conduta em pesquisa, pl\u00e1gio, manipula\u00e7\u00e3o de cita\u00e7\u00f5es e fabrica\u00e7\u00e3o de dados, entre outros. A reclama\u00e7\u00e3o ser\u00e1 recebida pelo editor e repassada \u00e0 Equipe Editorial, que nomear\u00e1 um comit\u00ea para realizar uma investiga\u00e7\u00e3o minuciosa e verificar a reclama\u00e7\u00e3o. No caso de pl\u00e1gio, ele ser\u00e1 regido pelo sistema jur\u00eddico mexicano. Os resultados desse parecer ser\u00e3o informados tanto para o autor quanto para o r\u00e9u. Caso a acusa\u00e7\u00e3o prossiga, ser\u00e3o tomadas as medidas necess\u00e1rias para sancionar o acusado ou fazer repara\u00e7\u00f5es. Caso a Equipe decida que a reclama\u00e7\u00e3o n\u00e3o \u00e9 admiss\u00edvel, o reclamante tamb\u00e9m ser\u00e1 notificado no prazo m\u00e1ximo de um m\u00eas. No caso de o(s) editor(es) do<em>&nbsp;Encartes<\/em>&nbsp;tomar conhecimento de qualquer alega\u00e7\u00e3o de m\u00e1 conduta de pesquisa relacionada a um artigo publicado em seu peri\u00f3dico, o editor seguir\u00e1 os procedimentos de&nbsp;<a href=\"https:\/\/publicationethics.org\/files\/Spanish%20%281%29.pdf\">Diretrizes do Comit\u00ea de \u00c9tica em Publica\u00e7\u00f5es - COPE<\/a>&nbsp;(ou equivalente) ao lidar com alega\u00e7\u00f5es.<\/p>","protected":false},"excerpt":{"rendered":"<p>Pol\u00edtica de \u00e9tica na publica\u00e7\u00e3o A Encartes mant\u00e9m c\u00f3digos de \u00e9tica para revisores, autores e editores com base nos c\u00f3digos do Committee on Publication Ethics (COPE), dispon\u00edveis em https:\/\/publicationethics.org\/. As decis\u00f5es editoriais n\u00e3o ser\u00e3o afetadas pela origem do manuscrito ou por caracter\u00edsticas do autor, como nacionalidade, g\u00eanero, orienta\u00e7\u00e3o sexual, etnia, ra\u00e7a, cren\u00e7as religiosas ou filosofia [...].<\/p>","protected":false},"author":10,"featured_media":0,"parent":0,"menu_order":0,"comment_status":"closed","ping_status":"closed","template":"","meta":{"_acf_changed":false,"footnotes":""},"coauthors":[1175],"class_list":["post-38354","page","type-page","status-publish","hentry"],"acf":[],"yoast_head":"<!-- This site is optimized with the Yoast SEO plugin v22.2 - https:\/\/yoast.com\/wordpress\/plugins\/seo\/ -->\n<title>Pol\u00edtica de \u00e9tica en la publicaci\u00f3n &#8211; Encartes<\/title>\n<meta name=\"robots\" content=\"index, follow, max-snippet:-1, max-image-preview:large, max-video-preview:-1\" \/>\n<link rel=\"canonical\" href=\"https:\/\/encartes.mx\/pt\/politica-de-etica-en-la-publicacion\/\" \/>\n<meta property=\"og:locale\" content=\"pt_BR\" \/>\n<meta property=\"og:type\" content=\"article\" \/>\n<meta property=\"og:title\" content=\"Pol\u00edtica de \u00e9tica en la publicaci\u00f3n &#8211; Encartes\" \/>\n<meta property=\"og:description\" content=\"Pol\u00edtica de \u00e9tica en la publicaci\u00f3n Encartes&nbsp;mantiene c\u00f3digos \u00e9ticos para evaluadores, autores y editores basados en los c\u00f3digos del Committee on Publication Ethics (COPE), disponible en&nbsp;https:\/\/publicationethics.org\/. Las decisiones editoriales no ser\u00e1n afectadas por el origen del manuscrito o por caracter\u00edsticas de los autores como nacionalidad, g\u00e9nero, orientaci\u00f3n sexual, origen \u00e9tnico, raza, creencias religiosas o filosof\u00eda [&hellip;]\" \/>\n<meta property=\"og:url\" content=\"https:\/\/encartes.mx\/pt\/politica-de-etica-en-la-publicacion\/\" \/>\n<meta property=\"og:site_name\" content=\"Encartes\" \/>\n<meta property=\"article:modified_time\" content=\"2023-12-04T17:49:34+00:00\" \/>\n<meta name=\"twitter:card\" content=\"summary_large_image\" \/>\n<meta name=\"twitter:label1\" content=\"Est. tempo de leitura\" \/>\n\t<meta name=\"twitter:data1\" content=\"6 minutos\" \/>\n\t<meta name=\"twitter:label2\" content=\"Written by\" \/>\n\t<meta name=\"twitter:data2\" content=\"escire\" \/>\n<script type=\"application\/ld+json\" class=\"yoast-schema-graph\">{\"@context\":\"https:\/\/schema.org\",\"@graph\":[{\"@type\":\"WebPage\",\"@id\":\"https:\/\/encartes.mx\/politica-de-etica-en-la-publicacion\/\",\"url\":\"https:\/\/encartes.mx\/politica-de-etica-en-la-publicacion\/\",\"name\":\"Pol\u00edtica de \u00e9tica en la publicaci\u00f3n &#8211; Encartes\",\"isPartOf\":{\"@id\":\"https:\/\/encartes.mx\/#website\"},\"datePublished\":\"2023-11-30T21:54:50+00:00\",\"dateModified\":\"2023-12-04T17:49:34+00:00\",\"breadcrumb\":{\"@id\":\"https:\/\/encartes.mx\/politica-de-etica-en-la-publicacion\/#breadcrumb\"},\"inLanguage\":\"pt-BR\",\"potentialAction\":[{\"@type\":\"ReadAction\",\"target\":[\"https:\/\/encartes.mx\/politica-de-etica-en-la-publicacion\/\"]}]},{\"@type\":\"BreadcrumbList\",\"@id\":\"https:\/\/encartes.mx\/politica-de-etica-en-la-publicacion\/#breadcrumb\",\"itemListElement\":[{\"@type\":\"ListItem\",\"position\":1,\"name\":\"Home\",\"item\":\"https:\/\/encartes.mx\/\"},{\"@type\":\"ListItem\",\"position\":2,\"name\":\"Pol\u00edtica de \u00e9tica en la publicaci\u00f3n\"}]},{\"@type\":\"WebSite\",\"@id\":\"https:\/\/encartes.mx\/#website\",\"url\":\"https:\/\/encartes.mx\/\",\"name\":\"Encartes\",\"description\":\"Revista digital multimedia\",\"publisher\":{\"@id\":\"https:\/\/encartes.mx\/#organization\"},\"potentialAction\":[{\"@type\":\"SearchAction\",\"target\":{\"@type\":\"EntryPoint\",\"urlTemplate\":\"https:\/\/encartes.mx\/?s={search_term_string}\"},\"query-input\":\"required name=search_term_string\"}],\"inLanguage\":\"pt-BR\"},{\"@type\":\"Organization\",\"@id\":\"https:\/\/encartes.mx\/#organization\",\"name\":\"Encartes Antropol\u00f3gicos\",\"url\":\"https:\/\/encartes.mx\/\",\"logo\":{\"@type\":\"ImageObject\",\"inLanguage\":\"pt-BR\",\"@id\":\"https:\/\/encartes.mx\/#\/schema\/logo\/image\/\",\"url\":\"https:\/\/encartes.mx\/wp-content\/uploads\/2017\/04\/Logo-04.png\",\"contentUrl\":\"https:\/\/encartes.mx\/wp-content\/uploads\/2017\/04\/Logo-04.png\",\"width\":338,\"height\":306,\"caption\":\"Encartes Antropol\u00f3gicos\"},\"image\":{\"@id\":\"https:\/\/encartes.mx\/#\/schema\/logo\/image\/\"}}]}<\/script>\n<!-- \/ Yoast SEO plugin. -->","yoast_head_json":{"title":"Pol\u00edtica de \u00e9tica en la publicaci\u00f3n &#8211; Encartes","robots":{"index":"index","follow":"follow","max-snippet":"max-snippet:-1","max-image-preview":"max-image-preview:large","max-video-preview":"max-video-preview:-1"},"canonical":"https:\/\/encartes.mx\/pt\/politica-de-etica-en-la-publicacion\/","og_locale":"pt_BR","og_type":"article","og_title":"Pol\u00edtica de \u00e9tica en la publicaci\u00f3n &#8211; Encartes","og_description":"Pol\u00edtica de \u00e9tica en la publicaci\u00f3n Encartes&nbsp;mantiene c\u00f3digos \u00e9ticos para evaluadores, autores y editores basados en los c\u00f3digos del Committee on Publication Ethics (COPE), disponible en&nbsp;https:\/\/publicationethics.org\/. Las decisiones editoriales no ser\u00e1n afectadas por el origen del manuscrito o por caracter\u00edsticas de los autores como nacionalidad, g\u00e9nero, orientaci\u00f3n sexual, origen \u00e9tnico, raza, creencias religiosas o filosof\u00eda [&hellip;]","og_url":"https:\/\/encartes.mx\/pt\/politica-de-etica-en-la-publicacion\/","og_site_name":"Encartes","article_modified_time":"2023-12-04T17:49:34+00:00","twitter_card":"summary_large_image","twitter_misc":{"Est. tempo de leitura":"6 minutos","Written by":"escire"},"schema":{"@context":"https:\/\/schema.org","@graph":[{"@type":"WebPage","@id":"https:\/\/encartes.mx\/politica-de-etica-en-la-publicacion\/","url":"https:\/\/encartes.mx\/politica-de-etica-en-la-publicacion\/","name":"Pol\u00edtica de \u00e9tica en la publicaci\u00f3n &#8211; Encartes","isPartOf":{"@id":"https:\/\/encartes.mx\/#website"},"datePublished":"2023-11-30T21:54:50+00:00","dateModified":"2023-12-04T17:49:34+00:00","breadcrumb":{"@id":"https:\/\/encartes.mx\/politica-de-etica-en-la-publicacion\/#breadcrumb"},"inLanguage":"pt-BR","potentialAction":[{"@type":"ReadAction","target":["https:\/\/encartes.mx\/politica-de-etica-en-la-publicacion\/"]}]},{"@type":"BreadcrumbList","@id":"https:\/\/encartes.mx\/politica-de-etica-en-la-publicacion\/#breadcrumb","itemListElement":[{"@type":"ListItem","position":1,"name":"Home","item":"https:\/\/encartes.mx\/"},{"@type":"ListItem","position":2,"name":"Pol\u00edtica de \u00e9tica en la publicaci\u00f3n"}]},{"@type":"WebSite","@id":"https:\/\/encartes.mx\/#website","url":"https:\/\/encartes.mx\/","name":"Encartes","description":"Revista digital multimedia","publisher":{"@id":"https:\/\/encartes.mx\/#organization"},"potentialAction":[{"@type":"SearchAction","target":{"@type":"EntryPoint","urlTemplate":"https:\/\/encartes.mx\/?s={search_term_string}"},"query-input":"required name=search_term_string"}],"inLanguage":"pt-BR"},{"@type":"Organization","@id":"https:\/\/encartes.mx\/#organization","name":"Encartes Antropol\u00f3gicos","url":"https:\/\/encartes.mx\/","logo":{"@type":"ImageObject","inLanguage":"pt-BR","@id":"https:\/\/encartes.mx\/#\/schema\/logo\/image\/","url":"https:\/\/encartes.mx\/wp-content\/uploads\/2017\/04\/Logo-04.png","contentUrl":"https:\/\/encartes.mx\/wp-content\/uploads\/2017\/04\/Logo-04.png","width":338,"height":306,"caption":"Encartes Antropol\u00f3gicos"},"image":{"@id":"https:\/\/encartes.mx\/#\/schema\/logo\/image\/"}}]}},"jetpack_sharing_enabled":true,"_links":{"self":[{"href":"https:\/\/encartes.mx\/pt\/wp-json\/wp\/v2\/pages\/38354","targetHints":{"allow":["GET"]}}],"collection":[{"href":"https:\/\/encartes.mx\/pt\/wp-json\/wp\/v2\/pages"}],"about":[{"href":"https:\/\/encartes.mx\/pt\/wp-json\/wp\/v2\/types\/page"}],"author":[{"embeddable":true,"href":"https:\/\/encartes.mx\/pt\/wp-json\/wp\/v2\/users\/10"}],"replies":[{"embeddable":true,"href":"https:\/\/encartes.mx\/pt\/wp-json\/wp\/v2\/comments?post=38354"}],"version-history":[{"count":4,"href":"https:\/\/encartes.mx\/pt\/wp-json\/wp\/v2\/pages\/38354\/revisions"}],"predecessor-version":[{"id":38424,"href":"https:\/\/encartes.mx\/pt\/wp-json\/wp\/v2\/pages\/38354\/revisions\/38424"}],"wp:attachment":[{"href":"https:\/\/encartes.mx\/pt\/wp-json\/wp\/v2\/media?parent=38354"}],"wp:term":[{"taxonomy":"author","embeddable":true,"href":"https:\/\/encartes.mx\/pt\/wp-json\/wp\/v2\/coauthors?post=38354"}],"curies":[{"name":"wp","href":"https:\/\/api.w.org\/{rel}","templated":true}]}}