{"id":38238,"date":"2023-11-28T00:12:57","date_gmt":"2023-11-28T06:12:57","guid":{"rendered":"https:\/\/encartes.mx\/?page_id=38238"},"modified":"2023-11-28T11:34:16","modified_gmt":"2023-11-28T17:34:16","slug":"lista-de-comprobacion","status":"publish","type":"page","link":"https:\/\/encartes.mx\/pt\/lista-de-comprobacion\/","title":{"rendered":"Lista de verifica\u00e7\u00e3o"},"content":{"rendered":"<h2 class=\"wp-block-heading\">Lista de verifica\u00e7\u00e3o para a prepara\u00e7\u00e3o da remessa<\/h2>\n\n\n\n<p>Todas as remessas devem atender aos seguintes requisitos.<\/p>\n\n\n\n<ul class=\"wp-block-list\"><li>A submiss\u00e3o deve ser in\u00e9dita, n\u00e3o ter sido publicada anteriormente ou ter sido submetida \u00e0 considera\u00e7\u00e3o de qualquer outra revista. Neste \u00faltimo caso, uma explica\u00e7\u00e3o ser\u00e1 fornecida nos Coment\u00e1rios ao Editor.<\/li><li>O arquivo deve estar no formato OpenOffice, Microsoft Word, RTF ou WordPerfect.<\/li><li>A revista publicar\u00e1 somente textos e produtos em espanhol.<\/li><li>Todos os artigos incluir\u00e3o um t\u00edtulo em ingl\u00eas e espanhol, notas, cita\u00e7\u00f5es, tabelas, gr\u00e1ficos e refer\u00eancias bibliogr\u00e1ficas. Dependendo da se\u00e7\u00e3o, o artigo tamb\u00e9m deve ser acompanhado de um resumo e palavras-chave (m\u00ednimo de cinco) em ingl\u00eas e espanhol.<\/li><li>O texto deve estar em espa\u00e7o duplo e em Times New Roman 12 pontos. O it\u00e1lico deve ser usado em vez de sublinhado (exceto para URLs). As notas de rodap\u00e9 devem aparecer na parte inferior da p\u00e1gina e n\u00e3o no final.<\/li><li>O texto deve ser apresentado de acordo com os requisitos de extens\u00e3o, estilo e bibliografia da se\u00e7\u00e3o para a qual foi enviado.<\/li><li>Sempre que poss\u00edvel, s\u00e3o fornecidos URLs para refer\u00eancias.<\/li><li>As cita\u00e7\u00f5es no texto devem ser feitas no formato (S\u00e1mano, 1982:181).<\/li><li>\u00c9 de responsabilidade do autor garantir a integridade das refer\u00eancias bibliogr\u00e1ficas (ano, cidade e editora da publica\u00e7\u00e3o), que devem ser apresentadas em ordem alfab\u00e9tica, caso contr\u00e1rio o artigo ser\u00e1 rejeitado.<\/li><li>Se o artigo incluir ilustra\u00e7\u00f5es, figuras, tabelas, quadros e gr\u00e1ficos, o autor deve indicar o local exato onde eles devem aparecer na p\u00e1gina da seguinte forma: (insira tabela 1 ou gr\u00e1fico X). O arquivo original em Excel dos gr\u00e1ficos deve ser enviado para que possam ser manipulados na edi\u00e7\u00e3o.<\/li><li>Se o autor desejar acompanhar seu texto com fotografias, mapas, planos, figuras ou placas, dever\u00e1 certificar-se de que possui a autoriza\u00e7\u00e3o do criador para o uso de seu trabalho. Os arquivos devem ser enviados em formato .jpg ou .tiff em uma resolu\u00e7\u00e3o m\u00ednima de 300 dpi e devem ser acompanhados de um t\u00edtulo e fonte na parte inferior da foto (autor, local, data).<\/li><li>Todos os produtos audiovisuais devem ser enviados em formato .MPEG2 ou 4, .AVI, .MOV ou .MP4 e devem ter uma resolu\u00e7\u00e3o de 1280 x 720. O produto audiovisual ou o texto aceito ser\u00e1 publicado pela pr\u00f3pria m\u00eddia da revista (site, flickr, vimeo, etc.).<\/li><li>Caso o produto seja avaliado positivamente na revis\u00e3o por pares, a revista fornecer\u00e1 uma carta de cess\u00e3o de direitos a ser assinada pelo autor. Em caso de coautoria, todos os autores devem assinar o documento.<\/li><li>As refer\u00eancias bibliogr\u00e1ficas usar\u00e3o o estilo APA e ter\u00e3o as informa\u00e7\u00f5es completas em ordem alfab\u00e9tica, como segue: Chodrow, Nancy (1984). El ejercicio de la maternidad. Barcelona: Gedisa. Hall, Stuart (1990). \"Culture Identity and Diaspora\", em Jonathan Rutherford, Identity, Community, Cultural, Difference. Londres: Lawrence &amp; Wishart, pp. 222-237. Wade, Peter (2014). \"Race, science, society\" (Ra\u00e7a, ci\u00eancia, sociedade), em Interdiscipline, vol. 2, no. 4, pp.35-62.<\/li><\/ul>\n\n\n\n<p class=\"has-text-align-justify\">A submiss\u00e3o consistir\u00e1 em dois arquivos do texto ou produto a ser publicado: 1) um com os detalhes do autor, incluindo: nome do autor, institui\u00e7\u00e3o em que colabora, breve esbo\u00e7o biogr\u00e1fico (biografia de no m\u00e1ximo 10 linhas), endere\u00e7o, n\u00famero de telefone, endere\u00e7o de e-mail do autor e n\u00famero ORCID (caso n\u00e3o o tenha, registre-se no seguinte link: https:\/\/orcid.org\/signin). No caso de coautoria, os detalhes de todos os autores devem ser enviados; 2) outro an\u00f4nimo: sem o nome ou refer\u00eancia espec\u00edfica do(s) autor(es), e evitando a cita\u00e7\u00e3o ou refer\u00eancias a trabalhos de sua autoria, de modo que os autores n\u00e3o sejam reconhec\u00edveis para a revis\u00e3o por pares duplo-cega.<\/p>","protected":false},"excerpt":{"rendered":"<p>Lista de verifica\u00e7\u00e3o para a prepara\u00e7\u00e3o de envios Todos os envios devem atender aos seguintes requisitos. A submiss\u00e3o deve ser in\u00e9dita, n\u00e3o ter sido publicada anteriormente ou ter sido submetida \u00e0 considera\u00e7\u00e3o de qualquer outra revista. Neste \u00faltimo caso, uma explica\u00e7\u00e3o ser\u00e1 fornecida nos Coment\u00e1rios ao Editor. O arquivo deve estar em um formato [...]<\/p>","protected":false},"author":10,"featured_media":0,"parent":0,"menu_order":0,"comment_status":"closed","ping_status":"closed","template":"","meta":{"_acf_changed":false,"footnotes":""},"coauthors":[1175],"class_list":["post-38238","page","type-page","status-publish","hentry"],"acf":[],"yoast_head":"<!-- This site is optimized with the Yoast SEO plugin v22.2 - https:\/\/yoast.com\/wordpress\/plugins\/seo\/ -->\n<title>Lista de comprobaci\u00f3n &#8211; Encartes<\/title>\n<meta name=\"robots\" content=\"index, follow, max-snippet:-1, max-image-preview:large, max-video-preview:-1\" \/>\n<link rel=\"canonical\" href=\"https:\/\/encartes.mx\/pt\/lista-de-comprobacion\/\" \/>\n<meta property=\"og:locale\" content=\"pt_BR\" \/>\n<meta property=\"og:type\" content=\"article\" \/>\n<meta property=\"og:title\" content=\"Lista de comprobaci\u00f3n &#8211; Encartes\" \/>\n<meta property=\"og:description\" content=\"Lista de comprobaci\u00f3n para la preparaci\u00f3n de env\u00edos Todos los env\u00edos deben cumplir los siguientes requisitos. El env\u00edo deber\u00e1 ser in\u00e9dito, no haber sido publicado previamente ni sometido a consideraci\u00f3n por ninguna otra revista. En este \u00faltimo caso se proporcionar\u00e1 una explicaci\u00f3n al respecto en los Comentarios al editor\/a. El archivo deber\u00e1 estar en formato [&hellip;]\" \/>\n<meta property=\"og:url\" content=\"https:\/\/encartes.mx\/pt\/lista-de-comprobacion\/\" \/>\n<meta property=\"og:site_name\" content=\"Encartes\" \/>\n<meta property=\"article:modified_time\" content=\"2023-11-28T17:34:16+00:00\" \/>\n<meta name=\"twitter:card\" content=\"summary_large_image\" \/>\n<meta name=\"twitter:label1\" content=\"Est. tempo de leitura\" \/>\n\t<meta name=\"twitter:data1\" content=\"3 minutos\" \/>\n\t<meta name=\"twitter:label2\" content=\"Written by\" \/>\n\t<meta name=\"twitter:data2\" content=\"escire\" \/>\n<script type=\"application\/ld+json\" class=\"yoast-schema-graph\">{\"@context\":\"https:\/\/schema.org\",\"@graph\":[{\"@type\":\"WebPage\",\"@id\":\"https:\/\/encartes.mx\/lista-de-comprobacion\/\",\"url\":\"https:\/\/encartes.mx\/lista-de-comprobacion\/\",\"name\":\"Lista de comprobaci\u00f3n &#8211; Encartes\",\"isPartOf\":{\"@id\":\"https:\/\/encartes.mx\/#website\"},\"datePublished\":\"2023-11-28T06:12:57+00:00\",\"dateModified\":\"2023-11-28T17:34:16+00:00\",\"breadcrumb\":{\"@id\":\"https:\/\/encartes.mx\/lista-de-comprobacion\/#breadcrumb\"},\"inLanguage\":\"pt-BR\",\"potentialAction\":[{\"@type\":\"ReadAction\",\"target\":[\"https:\/\/encartes.mx\/lista-de-comprobacion\/\"]}]},{\"@type\":\"BreadcrumbList\",\"@id\":\"https:\/\/encartes.mx\/lista-de-comprobacion\/#breadcrumb\",\"itemListElement\":[{\"@type\":\"ListItem\",\"position\":1,\"name\":\"Home\",\"item\":\"https:\/\/encartes.mx\/\"},{\"@type\":\"ListItem\",\"position\":2,\"name\":\"Lista de comprobaci\u00f3n\"}]},{\"@type\":\"WebSite\",\"@id\":\"https:\/\/encartes.mx\/#website\",\"url\":\"https:\/\/encartes.mx\/\",\"name\":\"Encartes\",\"description\":\"Revista digital multimedia\",\"publisher\":{\"@id\":\"https:\/\/encartes.mx\/#organization\"},\"potentialAction\":[{\"@type\":\"SearchAction\",\"target\":{\"@type\":\"EntryPoint\",\"urlTemplate\":\"https:\/\/encartes.mx\/?s={search_term_string}\"},\"query-input\":\"required name=search_term_string\"}],\"inLanguage\":\"pt-BR\"},{\"@type\":\"Organization\",\"@id\":\"https:\/\/encartes.mx\/#organization\",\"name\":\"Encartes Antropol\u00f3gicos\",\"url\":\"https:\/\/encartes.mx\/\",\"logo\":{\"@type\":\"ImageObject\",\"inLanguage\":\"pt-BR\",\"@id\":\"https:\/\/encartes.mx\/#\/schema\/logo\/image\/\",\"url\":\"https:\/\/encartes.mx\/wp-content\/uploads\/2017\/04\/Logo-04.png\",\"contentUrl\":\"https:\/\/encartes.mx\/wp-content\/uploads\/2017\/04\/Logo-04.png\",\"width\":338,\"height\":306,\"caption\":\"Encartes Antropol\u00f3gicos\"},\"image\":{\"@id\":\"https:\/\/encartes.mx\/#\/schema\/logo\/image\/\"}}]}<\/script>\n<!-- \/ Yoast SEO plugin. -->","yoast_head_json":{"title":"Lista de comprobaci\u00f3n &#8211; Encartes","robots":{"index":"index","follow":"follow","max-snippet":"max-snippet:-1","max-image-preview":"max-image-preview:large","max-video-preview":"max-video-preview:-1"},"canonical":"https:\/\/encartes.mx\/pt\/lista-de-comprobacion\/","og_locale":"pt_BR","og_type":"article","og_title":"Lista de comprobaci\u00f3n &#8211; Encartes","og_description":"Lista de comprobaci\u00f3n para la preparaci\u00f3n de env\u00edos Todos los env\u00edos deben cumplir los siguientes requisitos. El env\u00edo deber\u00e1 ser in\u00e9dito, no haber sido publicado previamente ni sometido a consideraci\u00f3n por ninguna otra revista. En este \u00faltimo caso se proporcionar\u00e1 una explicaci\u00f3n al respecto en los Comentarios al editor\/a. El archivo deber\u00e1 estar en formato [&hellip;]","og_url":"https:\/\/encartes.mx\/pt\/lista-de-comprobacion\/","og_site_name":"Encartes","article_modified_time":"2023-11-28T17:34:16+00:00","twitter_card":"summary_large_image","twitter_misc":{"Est. tempo de leitura":"3 minutos","Written by":"escire"},"schema":{"@context":"https:\/\/schema.org","@graph":[{"@type":"WebPage","@id":"https:\/\/encartes.mx\/lista-de-comprobacion\/","url":"https:\/\/encartes.mx\/lista-de-comprobacion\/","name":"Lista de comprobaci\u00f3n &#8211; Encartes","isPartOf":{"@id":"https:\/\/encartes.mx\/#website"},"datePublished":"2023-11-28T06:12:57+00:00","dateModified":"2023-11-28T17:34:16+00:00","breadcrumb":{"@id":"https:\/\/encartes.mx\/lista-de-comprobacion\/#breadcrumb"},"inLanguage":"pt-BR","potentialAction":[{"@type":"ReadAction","target":["https:\/\/encartes.mx\/lista-de-comprobacion\/"]}]},{"@type":"BreadcrumbList","@id":"https:\/\/encartes.mx\/lista-de-comprobacion\/#breadcrumb","itemListElement":[{"@type":"ListItem","position":1,"name":"Home","item":"https:\/\/encartes.mx\/"},{"@type":"ListItem","position":2,"name":"Lista de comprobaci\u00f3n"}]},{"@type":"WebSite","@id":"https:\/\/encartes.mx\/#website","url":"https:\/\/encartes.mx\/","name":"Encartes","description":"Revista digital multimedia","publisher":{"@id":"https:\/\/encartes.mx\/#organization"},"potentialAction":[{"@type":"SearchAction","target":{"@type":"EntryPoint","urlTemplate":"https:\/\/encartes.mx\/?s={search_term_string}"},"query-input":"required name=search_term_string"}],"inLanguage":"pt-BR"},{"@type":"Organization","@id":"https:\/\/encartes.mx\/#organization","name":"Encartes Antropol\u00f3gicos","url":"https:\/\/encartes.mx\/","logo":{"@type":"ImageObject","inLanguage":"pt-BR","@id":"https:\/\/encartes.mx\/#\/schema\/logo\/image\/","url":"https:\/\/encartes.mx\/wp-content\/uploads\/2017\/04\/Logo-04.png","contentUrl":"https:\/\/encartes.mx\/wp-content\/uploads\/2017\/04\/Logo-04.png","width":338,"height":306,"caption":"Encartes Antropol\u00f3gicos"},"image":{"@id":"https:\/\/encartes.mx\/#\/schema\/logo\/image\/"}}]}},"jetpack_sharing_enabled":true,"_links":{"self":[{"href":"https:\/\/encartes.mx\/pt\/wp-json\/wp\/v2\/pages\/38238","targetHints":{"allow":["GET"]}}],"collection":[{"href":"https:\/\/encartes.mx\/pt\/wp-json\/wp\/v2\/pages"}],"about":[{"href":"https:\/\/encartes.mx\/pt\/wp-json\/wp\/v2\/types\/page"}],"author":[{"embeddable":true,"href":"https:\/\/encartes.mx\/pt\/wp-json\/wp\/v2\/users\/10"}],"replies":[{"embeddable":true,"href":"https:\/\/encartes.mx\/pt\/wp-json\/wp\/v2\/comments?post=38238"}],"version-history":[{"count":2,"href":"https:\/\/encartes.mx\/pt\/wp-json\/wp\/v2\/pages\/38238\/revisions"}],"predecessor-version":[{"id":38269,"href":"https:\/\/encartes.mx\/pt\/wp-json\/wp\/v2\/pages\/38238\/revisions\/38269"}],"wp:attachment":[{"href":"https:\/\/encartes.mx\/pt\/wp-json\/wp\/v2\/media?parent=38238"}],"wp:term":[{"taxonomy":"author","embeddable":true,"href":"https:\/\/encartes.mx\/pt\/wp-json\/wp\/v2\/coauthors?post=38238"}],"curies":[{"name":"wp","href":"https:\/\/api.w.org\/{rel}","templated":true}]}}