{"id":38228,"date":"2023-11-27T23:24:16","date_gmt":"2023-11-28T05:24:16","guid":{"rendered":"https:\/\/encartes.mx\/?page_id=38228"},"modified":"2023-11-27T23:24:18","modified_gmt":"2023-11-28T05:24:18","slug":"codigo-de-etica","status":"publish","type":"page","link":"https:\/\/encartes.mx\/pt\/codigo-de-etica\/","title":{"rendered":"C\u00f3digo de \u00c9tica"},"content":{"rendered":"<h1 class=\"wp-block-heading\">C\u00f3digo de \u00c9tica<\/h1>\n\n\n\n<p><strong>Elas s\u00e3o consideradas neglig\u00eancia cient\u00edfica:<\/strong><\/p>\n\n\n\n<p><strong><em>Falta de \u00e9tica no processo de publica\u00e7\u00e3o:<\/em><\/strong><\/p>\n\n\n\n<p class=\"has-text-align-justify\">- Autoria fict\u00edcia: aparecer como autor ou coautor de uma pesquisa que n\u00e3o foi realizada.<\/p>\n\n\n\n<p class=\"has-text-align-justify\">- Publica\u00e7\u00e3o duplicada: publica\u00e7\u00e3o total ou parcial de um artigo j\u00e1 publicado.<\/p>\n\n\n\n<p class=\"has-text-align-justify\">- Publica\u00e7\u00e3o fragmentada: divis\u00e3o de um documento para publica\u00e7\u00e3o como artigos separados.<\/p>\n\n\n\n<p class=\"has-text-align-justify\">- Publica\u00e7\u00e3o inflacionada: adi\u00e7\u00e3o de dados a um artigo publicado anteriormente para publica\u00e7\u00e3o como um novo artigo.<\/p>\n\n\n\n<p class=\"has-text-align-justify\">- Auto-pl\u00e1gio: repetir o mesmo conte\u00fado escrito anteriormente pelo autor com a inten\u00e7\u00e3o de public\u00e1-lo como um novo artigo.<\/p>\n\n\n\n<p><strong><em>Fraude cient\u00edfica:<\/em><\/strong><\/p>\n\n\n\n<p class=\"has-text-align-justify\">- Inven\u00e7\u00e3o: elaborar todos ou parte dos dados.<\/p>\n\n\n\n<p class=\"has-text-align-justify\">- Falsifica\u00e7\u00e3o e manipula\u00e7\u00e3o de dados: falsifica\u00e7\u00e3o de dados ou m\u00e9todos para cumprir a hip\u00f3tese.<\/p>\n\n\n\n<p class=\"has-text-align-justify\">- Pl\u00e1gio: pegar ideias ou frases sem citar a fonte original.<\/p>\n\n\n\n<p>-Cita\u00e7\u00f5es bibliogr\u00e1ficas incorretas: omiss\u00e3o de cita\u00e7\u00f5es relevantes. Inclus\u00e3o de cita\u00e7\u00f5es que n\u00e3o foram consultadas. Autocita\u00e7\u00e3o excessiva.<\/p>\n\n\n\n<p class=\"has-text-align-justify\">- Vi\u00e9s de publica\u00e7\u00e3o: for\u00e7ar dados para obter resultados positivos e alta signific\u00e2ncia estat\u00edstica.<\/p>\n\n\n\n<p>- Publicidade: resultados prematuros (n\u00e3o verificados).<\/p>\n\n\n\n<p class=\"has-text-align-justify\">Os manuscritos que se envolverem nessas pr\u00e1ticas n\u00e3o ser\u00e3o avaliados. O editor escrever\u00e1 para o autor, explicando que o artigo foi rejeitado, a posi\u00e7\u00e3o da revista sobre esses casos e o comportamento futuro esperado. Ele tamb\u00e9m informar\u00e1 o revisor.<\/p>\n\n\n\n<p class=\"has-text-align-justify\">Se for constatado que frases mais curtas foram copiadas e que n\u00e3o h\u00e1 indica\u00e7\u00e3o de que os dados de outros foram apresentados como trabalho do pr\u00f3prio autor, o editor escrever\u00e1 para o autor e pedir\u00e1 que ele modifique essas partes ou indique as cita\u00e7\u00f5es claramente. Ele tamb\u00e9m informar\u00e1 o revisor. Se o autor se recusar a corrigir o manuscrito, o artigo ser\u00e1 rejeitado, a posi\u00e7\u00e3o da revista sobre esses casos e o comportamento futuro esperado ser\u00e3o explicados.<\/p>\n\n\n\n<p class=\"has-text-align-justify\">Na resolu\u00e7\u00e3o de outros casos n\u00e3o abrangidos por este c\u00f3digo de conduta, os editores e o conselho editorial consultar\u00e3o as etapas descritas pelo Comit\u00ea de \u00c9tica em Publica\u00e7\u00f5es (<a href=\"https:\/\/publicationethics.org\/files\/Spanish%20%281%29.pdf\">https:\/\/publicationethics.org\/files\/Spanish%20%281%29.pdf<\/a>).<\/p>","protected":false},"excerpt":{"rendered":"<p>C\u00f3digo de \u00e9tica S\u00e3o consideradas pr\u00e1ticas cient\u00edficas ruins: Falta de \u00e9tica no processo de publica\u00e7\u00e3o: - Autoria fict\u00edcia: aparecer como autor ou coautor de uma pesquisa que n\u00e3o foi realizada. - Publica\u00e7\u00e3o duplicada: publicar todo ou parte de um artigo j\u00e1 publicado. - Publica\u00e7\u00e3o fragmentada: divis\u00e3o de um trabalho para publica\u00e7\u00e3o em artigos separados. - Publica\u00e7\u00e3o [...]<\/p>","protected":false},"author":10,"featured_media":0,"parent":0,"menu_order":0,"comment_status":"closed","ping_status":"closed","template":"","meta":{"_acf_changed":false,"footnotes":""},"coauthors":[1175],"class_list":["post-38228","page","type-page","status-publish","hentry"],"acf":[],"yoast_head":"<!-- This site is optimized with the Yoast SEO plugin v22.2 - https:\/\/yoast.com\/wordpress\/plugins\/seo\/ -->\n<title>C\u00f3digo de \u00e9tica &#8211; Encartes<\/title>\n<meta name=\"robots\" content=\"index, follow, max-snippet:-1, max-image-preview:large, max-video-preview:-1\" \/>\n<link rel=\"canonical\" href=\"https:\/\/encartes.mx\/pt\/codigo-de-etica\/\" \/>\n<meta property=\"og:locale\" content=\"pt_BR\" \/>\n<meta property=\"og:type\" content=\"article\" \/>\n<meta property=\"og:title\" content=\"C\u00f3digo de \u00e9tica &#8211; Encartes\" \/>\n<meta property=\"og:description\" content=\"C\u00f3digo de \u00e9tica Se consideran malas pr\u00e1cticas cient\u00edficas: Falta de \u00e9tica en el proceso de publicaci\u00f3n: &#8211; Autor\u00eda ficticia: figurar como autores o coautores de investigaciones no realizadas. &#8211; Publicaci\u00f3n duplicada: publicar la totalidad o una parte de un art\u00edculo ya publicado. &#8211; Publicaci\u00f3n fragmentada: dividir un trabajo para publicar como art\u00edculos independientes. &#8211; Publicaci\u00f3n [&hellip;]\" \/>\n<meta property=\"og:url\" content=\"https:\/\/encartes.mx\/pt\/codigo-de-etica\/\" \/>\n<meta property=\"og:site_name\" content=\"Encartes\" \/>\n<meta property=\"article:modified_time\" content=\"2023-11-28T05:24:18+00:00\" \/>\n<meta name=\"twitter:card\" content=\"summary_large_image\" \/>\n<meta name=\"twitter:label1\" content=\"Est. tempo de leitura\" \/>\n\t<meta name=\"twitter:data1\" content=\"2 minutos\" \/>\n\t<meta name=\"twitter:label2\" content=\"Written by\" \/>\n\t<meta name=\"twitter:data2\" content=\"escire\" \/>\n<script type=\"application\/ld+json\" class=\"yoast-schema-graph\">{\"@context\":\"https:\/\/schema.org\",\"@graph\":[{\"@type\":\"WebPage\",\"@id\":\"https:\/\/encartes.mx\/codigo-de-etica\/\",\"url\":\"https:\/\/encartes.mx\/codigo-de-etica\/\",\"name\":\"C\u00f3digo de \u00e9tica &#8211; Encartes\",\"isPartOf\":{\"@id\":\"https:\/\/encartes.mx\/#website\"},\"datePublished\":\"2023-11-28T05:24:16+00:00\",\"dateModified\":\"2023-11-28T05:24:18+00:00\",\"breadcrumb\":{\"@id\":\"https:\/\/encartes.mx\/codigo-de-etica\/#breadcrumb\"},\"inLanguage\":\"pt-BR\",\"potentialAction\":[{\"@type\":\"ReadAction\",\"target\":[\"https:\/\/encartes.mx\/codigo-de-etica\/\"]}]},{\"@type\":\"BreadcrumbList\",\"@id\":\"https:\/\/encartes.mx\/codigo-de-etica\/#breadcrumb\",\"itemListElement\":[{\"@type\":\"ListItem\",\"position\":1,\"name\":\"Home\",\"item\":\"https:\/\/encartes.mx\/\"},{\"@type\":\"ListItem\",\"position\":2,\"name\":\"C\u00f3digo de \u00e9tica\"}]},{\"@type\":\"WebSite\",\"@id\":\"https:\/\/encartes.mx\/#website\",\"url\":\"https:\/\/encartes.mx\/\",\"name\":\"Encartes\",\"description\":\"Revista digital multimedia\",\"publisher\":{\"@id\":\"https:\/\/encartes.mx\/#organization\"},\"potentialAction\":[{\"@type\":\"SearchAction\",\"target\":{\"@type\":\"EntryPoint\",\"urlTemplate\":\"https:\/\/encartes.mx\/?s={search_term_string}\"},\"query-input\":\"required name=search_term_string\"}],\"inLanguage\":\"pt-BR\"},{\"@type\":\"Organization\",\"@id\":\"https:\/\/encartes.mx\/#organization\",\"name\":\"Encartes Antropol\u00f3gicos\",\"url\":\"https:\/\/encartes.mx\/\",\"logo\":{\"@type\":\"ImageObject\",\"inLanguage\":\"pt-BR\",\"@id\":\"https:\/\/encartes.mx\/#\/schema\/logo\/image\/\",\"url\":\"https:\/\/encartes.mx\/wp-content\/uploads\/2017\/04\/Logo-04.png\",\"contentUrl\":\"https:\/\/encartes.mx\/wp-content\/uploads\/2017\/04\/Logo-04.png\",\"width\":338,\"height\":306,\"caption\":\"Encartes Antropol\u00f3gicos\"},\"image\":{\"@id\":\"https:\/\/encartes.mx\/#\/schema\/logo\/image\/\"}}]}<\/script>\n<!-- \/ Yoast SEO plugin. -->","yoast_head_json":{"title":"C\u00f3digo de \u00e9tica &#8211; Encartes","robots":{"index":"index","follow":"follow","max-snippet":"max-snippet:-1","max-image-preview":"max-image-preview:large","max-video-preview":"max-video-preview:-1"},"canonical":"https:\/\/encartes.mx\/pt\/codigo-de-etica\/","og_locale":"pt_BR","og_type":"article","og_title":"C\u00f3digo de \u00e9tica &#8211; Encartes","og_description":"C\u00f3digo de \u00e9tica Se consideran malas pr\u00e1cticas cient\u00edficas: Falta de \u00e9tica en el proceso de publicaci\u00f3n: &#8211; Autor\u00eda ficticia: figurar como autores o coautores de investigaciones no realizadas. &#8211; Publicaci\u00f3n duplicada: publicar la totalidad o una parte de un art\u00edculo ya publicado. &#8211; Publicaci\u00f3n fragmentada: dividir un trabajo para publicar como art\u00edculos independientes. &#8211; Publicaci\u00f3n [&hellip;]","og_url":"https:\/\/encartes.mx\/pt\/codigo-de-etica\/","og_site_name":"Encartes","article_modified_time":"2023-11-28T05:24:18+00:00","twitter_card":"summary_large_image","twitter_misc":{"Est. tempo de leitura":"2 minutos","Written by":"escire"},"schema":{"@context":"https:\/\/schema.org","@graph":[{"@type":"WebPage","@id":"https:\/\/encartes.mx\/codigo-de-etica\/","url":"https:\/\/encartes.mx\/codigo-de-etica\/","name":"C\u00f3digo de \u00e9tica &#8211; Encartes","isPartOf":{"@id":"https:\/\/encartes.mx\/#website"},"datePublished":"2023-11-28T05:24:16+00:00","dateModified":"2023-11-28T05:24:18+00:00","breadcrumb":{"@id":"https:\/\/encartes.mx\/codigo-de-etica\/#breadcrumb"},"inLanguage":"pt-BR","potentialAction":[{"@type":"ReadAction","target":["https:\/\/encartes.mx\/codigo-de-etica\/"]}]},{"@type":"BreadcrumbList","@id":"https:\/\/encartes.mx\/codigo-de-etica\/#breadcrumb","itemListElement":[{"@type":"ListItem","position":1,"name":"Home","item":"https:\/\/encartes.mx\/"},{"@type":"ListItem","position":2,"name":"C\u00f3digo de \u00e9tica"}]},{"@type":"WebSite","@id":"https:\/\/encartes.mx\/#website","url":"https:\/\/encartes.mx\/","name":"Encartes","description":"Revista digital multimedia","publisher":{"@id":"https:\/\/encartes.mx\/#organization"},"potentialAction":[{"@type":"SearchAction","target":{"@type":"EntryPoint","urlTemplate":"https:\/\/encartes.mx\/?s={search_term_string}"},"query-input":"required name=search_term_string"}],"inLanguage":"pt-BR"},{"@type":"Organization","@id":"https:\/\/encartes.mx\/#organization","name":"Encartes Antropol\u00f3gicos","url":"https:\/\/encartes.mx\/","logo":{"@type":"ImageObject","inLanguage":"pt-BR","@id":"https:\/\/encartes.mx\/#\/schema\/logo\/image\/","url":"https:\/\/encartes.mx\/wp-content\/uploads\/2017\/04\/Logo-04.png","contentUrl":"https:\/\/encartes.mx\/wp-content\/uploads\/2017\/04\/Logo-04.png","width":338,"height":306,"caption":"Encartes Antropol\u00f3gicos"},"image":{"@id":"https:\/\/encartes.mx\/#\/schema\/logo\/image\/"}}]}},"jetpack_sharing_enabled":true,"_links":{"self":[{"href":"https:\/\/encartes.mx\/pt\/wp-json\/wp\/v2\/pages\/38228","targetHints":{"allow":["GET"]}}],"collection":[{"href":"https:\/\/encartes.mx\/pt\/wp-json\/wp\/v2\/pages"}],"about":[{"href":"https:\/\/encartes.mx\/pt\/wp-json\/wp\/v2\/types\/page"}],"author":[{"embeddable":true,"href":"https:\/\/encartes.mx\/pt\/wp-json\/wp\/v2\/users\/10"}],"replies":[{"embeddable":true,"href":"https:\/\/encartes.mx\/pt\/wp-json\/wp\/v2\/comments?post=38228"}],"version-history":[{"count":1,"href":"https:\/\/encartes.mx\/pt\/wp-json\/wp\/v2\/pages\/38228\/revisions"}],"predecessor-version":[{"id":38229,"href":"https:\/\/encartes.mx\/pt\/wp-json\/wp\/v2\/pages\/38228\/revisions\/38229"}],"wp:attachment":[{"href":"https:\/\/encartes.mx\/pt\/wp-json\/wp\/v2\/media?parent=38228"}],"wp:term":[{"taxonomy":"author","embeddable":true,"href":"https:\/\/encartes.mx\/pt\/wp-json\/wp\/v2\/coauthors?post=38228"}],"curies":[{"name":"wp","href":"https:\/\/api.w.org\/{rel}","templated":true}]}}