{"id":38153,"date":"2023-11-27T10:28:36","date_gmt":"2023-11-27T16:28:36","guid":{"rendered":"https:\/\/encartes.mx\/?page_id=38153"},"modified":"2023-11-30T15:38:01","modified_gmt":"2023-11-30T21:38:01","slug":"enfoque-y-alcance","status":"publish","type":"page","link":"https:\/\/encartes.mx\/pt\/enfoque-y-alcance\/","title":{"rendered":"Foco e escopo"},"content":{"rendered":"<h1 class=\"wp-block-heading\"><strong>Miss\u00e3o:<\/strong><\/h1>\n\n\n\n<p class=\"has-text-align-justify\"><em>Encartes<\/em>&nbsp;\u00e9 uma revista digital multim\u00eddia em ci\u00eancias sociais. \u00c9 um projeto interinstitucional que envolve o Centro de Investigaciones y Estudios Superiores en Antropolog\u00eda Social (CIESAS), El Colegio de la Frontera Norte (El Colef), o Instituto Tecnol\u00f3gico de Estudios Superiores de Occidente (ITESO) e El Colegio de San Luis (COLSAN). O objetivo geral \u00e9 publicar artigos e resenhas que sejam produto de pesquisa e que contribuam com resultados originais para a \u00e1rea. \u00c9 publicada a cada seis meses, com uma edi\u00e7\u00e3o na primavera e duas edi\u00e7\u00f5es no outono. Uma das caracter\u00edsticas da Encartes \u00e9 disseminar resultados de pesquisa em diferentes formatos audiovisuais e multim\u00eddia; incentivar a publica\u00e7\u00e3o de ensaios cient\u00edficos multic\u00f3digos e construir um espa\u00e7o virtual que gere f\u00f3runs para debates interdisciplinares. Seu design, embora inovador, atende ao CONAHCYT e aos \u00edndices internacionais de indexa\u00e7\u00e3o. A publica\u00e7\u00e3o de artigos est\u00e1 sempre sujeita a uma arbitragem rigorosa, cient\u00edfica e imparcial. A revista tamb\u00e9m possui um f\u00f3rum de di\u00e1logo e discuss\u00e3o cient\u00edfica com outras disciplinas e conhecimentos que buscam a ampla divulga\u00e7\u00e3o do conhecimento cient\u00edfico.<\/p>\n\n\n\n<p class=\"has-text-align-justify\">Acreditamos que as novas plataformas eletr\u00f4nicas podem e devem ser aproveitadas para publica\u00e7\u00e3o, incorporando linguagens, g\u00eaneros e formas de intera\u00e7\u00e3o inovadores.&nbsp;<em>Encartes<\/em>&nbsp;integra diversos registros etnogr\u00e1ficos utilizados por antrop\u00f3logos em seus processos de pesquisa, incluindo material audiovisual (grava\u00e7\u00f5es de \u00e1udio, v\u00eddeos ou fotografias) que, quando inseridos, complementam o material da revista.<\/p>\n\n\n\n<h1 class=\"wp-block-heading\"><strong>Vis\u00e3o:<\/strong><\/h1>\n\n\n\n<p class=\"has-text-align-justify\"><em>Encartes<\/em>&nbsp;oferece uma alternativa \u00e0s revistas de ci\u00eancias sociais em espanhol existentes, unindo palavra e imagem em um esfor\u00e7o inovador para ampliar o escopo do di\u00e1logo e do debate acad\u00eamico, que acreditamos serem fontes de est\u00edmulo para a produ\u00e7\u00e3o de conhecimento. Prevemos o uso de ofertas tecnol\u00f3gicas contempor\u00e2neas para preencher a lacuna entre as gera\u00e7\u00f5es acad\u00eamicas de leitura e escrita e a produ\u00e7\u00e3o e leitura da imagem. Quando inclu\u00edmos, inclu\u00edmos, porque o di\u00e1logo deve reunir todas as vozes se quiser cumprir seu objetivo de abrir e ampliar os horizontes da cria\u00e7\u00e3o. \u00c9 com esses prop\u00f3sitos de inclus\u00e3o e acompanhamento que a revista inicia sua jornada.<\/p>","protected":false},"excerpt":{"rendered":"<p>Miss\u00e3o: Encartes \u00e9 uma revista digital multim\u00eddia em ci\u00eancias sociais. \u00c9 um projeto interinstitucional que envolve o Centro de Investigaciones y Estudios Superiores en Antropolog\u00eda Social (CIESAS), o El Colegio de la Frontera Norte (El Colef), o Instituto Tecnol\u00f3gico de Estudios Superiores de Occidente (ITESO) e o El Colegio de San Luis (COLSAN). O objetivo geral \u00e9 [...]<\/p>","protected":false},"author":10,"featured_media":0,"parent":0,"menu_order":0,"comment_status":"closed","ping_status":"closed","template":"page.php","meta":{"_acf_changed":false,"footnotes":""},"coauthors":[1175],"class_list":["post-38153","page","type-page","status-publish","hentry"],"acf":[],"yoast_head":"<!-- This site is optimized with the Yoast SEO plugin v22.2 - https:\/\/yoast.com\/wordpress\/plugins\/seo\/ -->\n<title>Enfoque y alcance &#8211; Encartes<\/title>\n<meta name=\"robots\" content=\"index, follow, max-snippet:-1, max-image-preview:large, max-video-preview:-1\" \/>\n<link rel=\"canonical\" href=\"https:\/\/encartes.mx\/pt\/enfoque-y-alcance\/\" \/>\n<meta property=\"og:locale\" content=\"pt_BR\" \/>\n<meta property=\"og:type\" content=\"article\" \/>\n<meta property=\"og:title\" content=\"Enfoque y alcance &#8211; Encartes\" \/>\n<meta property=\"og:description\" content=\"Misi\u00f3n: Encartes&nbsp;es una revista digital multimedia en ciencias sociales. Es un proyecto interinstitucional donde participan el Centro de Investigaciones y Estudios Superiores en Antropolog\u00eda Social (CIESAS), El Colegio de la Frontera Norte (El Colef), el Instituto Tecnol\u00f3gico de Estudios Superiores de Occidente (ITESO) y El Colegio de San Luis (COLSAN). El objetivo general es la [&hellip;]\" \/>\n<meta property=\"og:url\" content=\"https:\/\/encartes.mx\/pt\/enfoque-y-alcance\/\" \/>\n<meta property=\"og:site_name\" content=\"Encartes\" \/>\n<meta property=\"article:modified_time\" content=\"2023-11-30T21:38:01+00:00\" \/>\n<meta name=\"twitter:card\" content=\"summary_large_image\" \/>\n<meta name=\"twitter:label1\" content=\"Est. tempo de leitura\" \/>\n\t<meta name=\"twitter:data1\" content=\"2 minutos\" \/>\n\t<meta name=\"twitter:label2\" content=\"Written by\" \/>\n\t<meta name=\"twitter:data2\" content=\"escire\" \/>\n<script type=\"application\/ld+json\" class=\"yoast-schema-graph\">{\"@context\":\"https:\/\/schema.org\",\"@graph\":[{\"@type\":\"WebPage\",\"@id\":\"https:\/\/encartes.mx\/enfoque-y-alcance\/\",\"url\":\"https:\/\/encartes.mx\/enfoque-y-alcance\/\",\"name\":\"Enfoque y alcance &#8211; Encartes\",\"isPartOf\":{\"@id\":\"https:\/\/encartes.mx\/#website\"},\"datePublished\":\"2023-11-27T16:28:36+00:00\",\"dateModified\":\"2023-11-30T21:38:01+00:00\",\"breadcrumb\":{\"@id\":\"https:\/\/encartes.mx\/enfoque-y-alcance\/#breadcrumb\"},\"inLanguage\":\"pt-BR\",\"potentialAction\":[{\"@type\":\"ReadAction\",\"target\":[\"https:\/\/encartes.mx\/enfoque-y-alcance\/\"]}]},{\"@type\":\"BreadcrumbList\",\"@id\":\"https:\/\/encartes.mx\/enfoque-y-alcance\/#breadcrumb\",\"itemListElement\":[{\"@type\":\"ListItem\",\"position\":1,\"name\":\"Home\",\"item\":\"https:\/\/encartes.mx\/\"},{\"@type\":\"ListItem\",\"position\":2,\"name\":\"Enfoque y alcance\"}]},{\"@type\":\"WebSite\",\"@id\":\"https:\/\/encartes.mx\/#website\",\"url\":\"https:\/\/encartes.mx\/\",\"name\":\"Encartes\",\"description\":\"Revista digital multimedia\",\"publisher\":{\"@id\":\"https:\/\/encartes.mx\/#organization\"},\"potentialAction\":[{\"@type\":\"SearchAction\",\"target\":{\"@type\":\"EntryPoint\",\"urlTemplate\":\"https:\/\/encartes.mx\/?s={search_term_string}\"},\"query-input\":\"required name=search_term_string\"}],\"inLanguage\":\"pt-BR\"},{\"@type\":\"Organization\",\"@id\":\"https:\/\/encartes.mx\/#organization\",\"name\":\"Encartes Antropol\u00f3gicos\",\"url\":\"https:\/\/encartes.mx\/\",\"logo\":{\"@type\":\"ImageObject\",\"inLanguage\":\"pt-BR\",\"@id\":\"https:\/\/encartes.mx\/#\/schema\/logo\/image\/\",\"url\":\"https:\/\/encartes.mx\/wp-content\/uploads\/2017\/04\/Logo-04.png\",\"contentUrl\":\"https:\/\/encartes.mx\/wp-content\/uploads\/2017\/04\/Logo-04.png\",\"width\":338,\"height\":306,\"caption\":\"Encartes Antropol\u00f3gicos\"},\"image\":{\"@id\":\"https:\/\/encartes.mx\/#\/schema\/logo\/image\/\"}}]}<\/script>\n<!-- \/ Yoast SEO plugin. -->","yoast_head_json":{"title":"Enfoque y alcance &#8211; Encartes","robots":{"index":"index","follow":"follow","max-snippet":"max-snippet:-1","max-image-preview":"max-image-preview:large","max-video-preview":"max-video-preview:-1"},"canonical":"https:\/\/encartes.mx\/pt\/enfoque-y-alcance\/","og_locale":"pt_BR","og_type":"article","og_title":"Enfoque y alcance &#8211; Encartes","og_description":"Misi\u00f3n: Encartes&nbsp;es una revista digital multimedia en ciencias sociales. Es un proyecto interinstitucional donde participan el Centro de Investigaciones y Estudios Superiores en Antropolog\u00eda Social (CIESAS), El Colegio de la Frontera Norte (El Colef), el Instituto Tecnol\u00f3gico de Estudios Superiores de Occidente (ITESO) y El Colegio de San Luis (COLSAN). El objetivo general es la [&hellip;]","og_url":"https:\/\/encartes.mx\/pt\/enfoque-y-alcance\/","og_site_name":"Encartes","article_modified_time":"2023-11-30T21:38:01+00:00","twitter_card":"summary_large_image","twitter_misc":{"Est. tempo de leitura":"2 minutos","Written by":"escire"},"schema":{"@context":"https:\/\/schema.org","@graph":[{"@type":"WebPage","@id":"https:\/\/encartes.mx\/enfoque-y-alcance\/","url":"https:\/\/encartes.mx\/enfoque-y-alcance\/","name":"Enfoque y alcance &#8211; Encartes","isPartOf":{"@id":"https:\/\/encartes.mx\/#website"},"datePublished":"2023-11-27T16:28:36+00:00","dateModified":"2023-11-30T21:38:01+00:00","breadcrumb":{"@id":"https:\/\/encartes.mx\/enfoque-y-alcance\/#breadcrumb"},"inLanguage":"pt-BR","potentialAction":[{"@type":"ReadAction","target":["https:\/\/encartes.mx\/enfoque-y-alcance\/"]}]},{"@type":"BreadcrumbList","@id":"https:\/\/encartes.mx\/enfoque-y-alcance\/#breadcrumb","itemListElement":[{"@type":"ListItem","position":1,"name":"Home","item":"https:\/\/encartes.mx\/"},{"@type":"ListItem","position":2,"name":"Enfoque y alcance"}]},{"@type":"WebSite","@id":"https:\/\/encartes.mx\/#website","url":"https:\/\/encartes.mx\/","name":"Encartes","description":"Revista digital multimedia","publisher":{"@id":"https:\/\/encartes.mx\/#organization"},"potentialAction":[{"@type":"SearchAction","target":{"@type":"EntryPoint","urlTemplate":"https:\/\/encartes.mx\/?s={search_term_string}"},"query-input":"required name=search_term_string"}],"inLanguage":"pt-BR"},{"@type":"Organization","@id":"https:\/\/encartes.mx\/#organization","name":"Encartes Antropol\u00f3gicos","url":"https:\/\/encartes.mx\/","logo":{"@type":"ImageObject","inLanguage":"pt-BR","@id":"https:\/\/encartes.mx\/#\/schema\/logo\/image\/","url":"https:\/\/encartes.mx\/wp-content\/uploads\/2017\/04\/Logo-04.png","contentUrl":"https:\/\/encartes.mx\/wp-content\/uploads\/2017\/04\/Logo-04.png","width":338,"height":306,"caption":"Encartes Antropol\u00f3gicos"},"image":{"@id":"https:\/\/encartes.mx\/#\/schema\/logo\/image\/"}}]}},"jetpack_sharing_enabled":true,"_links":{"self":[{"href":"https:\/\/encartes.mx\/pt\/wp-json\/wp\/v2\/pages\/38153","targetHints":{"allow":["GET"]}}],"collection":[{"href":"https:\/\/encartes.mx\/pt\/wp-json\/wp\/v2\/pages"}],"about":[{"href":"https:\/\/encartes.mx\/pt\/wp-json\/wp\/v2\/types\/page"}],"author":[{"embeddable":true,"href":"https:\/\/encartes.mx\/pt\/wp-json\/wp\/v2\/users\/10"}],"replies":[{"embeddable":true,"href":"https:\/\/encartes.mx\/pt\/wp-json\/wp\/v2\/comments?post=38153"}],"version-history":[{"count":11,"href":"https:\/\/encartes.mx\/pt\/wp-json\/wp\/v2\/pages\/38153\/revisions"}],"predecessor-version":[{"id":38336,"href":"https:\/\/encartes.mx\/pt\/wp-json\/wp\/v2\/pages\/38153\/revisions\/38336"}],"wp:attachment":[{"href":"https:\/\/encartes.mx\/pt\/wp-json\/wp\/v2\/media?parent=38153"}],"wp:term":[{"taxonomy":"author","embeddable":true,"href":"https:\/\/encartes.mx\/pt\/wp-json\/wp\/v2\/coauthors?post=38153"}],"curies":[{"name":"wp","href":"https:\/\/api.w.org\/{rel}","templated":true}]}}