{"id":38125,"date":"2023-11-24T17:00:14","date_gmt":"2023-11-24T23:00:14","guid":{"rendered":"https:\/\/encartes.mx\/?page_id=38125"},"modified":"2023-11-24T18:12:03","modified_gmt":"2023-11-25T00:12:03","slug":"estadisticas-matomo","status":"publish","type":"page","link":"https:\/\/encartes.mx\/pt\/estadisticas-matomo\/","title":{"rendered":"Estat\u00edsticas do Matomo"},"content":{"rendered":"<h2 class=\"wp-block-heading\">Estat\u00edsticas do Matomo<\/h2>\n\n\n\n<h4 class=\"wp-block-heading\">Este relat\u00f3rio mostra dados para o per\u00edodo de 1\u00ba de janeiro de 2023 at\u00e9 os dias atuais.<\/h4>\n\n\n\n<h5 class=\"wp-block-heading\">Visitas por pa\u00eds:<\/h5>\n\n\n\n<div id=\"widgetIframe\"><iframe loading=\"lazy\" width=\"100%\" height=\"350\" src=\"https:\/\/revista.encartes.mx\/matomo\/index.php?module=Widgetize&amp;action=iframe&amp;disableLink=1&amp;widget=1&amp;moduleToWidgetize=UserCountryMap&amp;actionToWidgetize=visitorMap&amp;idSite=2&amp;period=range&amp;date=2023-11-22,today\" scrolling=\"yes\" frameborder=\"0\" marginheight=\"0\" marginwidth=\"0\"><\/iframe><\/div>\n\n\n\n<div id=\"widgetIframe\"><iframe loading=\"lazy\" width=\"100%\" height=\"350\" src=\"https:\/\/revista.encartes.mx\/matomo\/index.php?module=Widgetize&amp;action=iframe&amp;disableLink=1&amp;widget=1&amp;moduleToWidgetize=UserCountry&amp;actionToWidgetize=getCountry&amp;idSite=2&amp;period=range&amp;date=2023-11-22,today\" scrolling=\"yes\" frameborder=\"0\" marginheight=\"0\" marginwidth=\"0\"><\/iframe><\/div>\n\n\n\n<h5 class=\"wp-block-heading\">Visitas:<\/h5>\n\n\n\n<div id=\"widgetIframe\"><iframe loading=\"lazy\" width=\"100%\" height=\"350\" src=\"https:\/\/revista.encartes.mx\/matomo\/index.php?module=Widgetize&amp;action=iframe&amp;containerId=VisitOverviewWithGraph&amp;disableLink=1&amp;widget=1&amp;moduleToWidgetize=CoreHome&amp;actionToWidgetize=renderWidgetContainer&amp;idSite=2&amp;period=range&amp;date=2023-11-22,today\" scrolling=\"yes\" frameborder=\"0\" marginheight=\"0\" marginwidth=\"0\"><\/iframe><\/div>\n\n\n\n<h5 class=\"wp-block-heading\">Canais de acesso:<\/h5>\n\n\n\n<div id=\"widgetIframe\"><iframe loading=\"lazy\" width=\"100%\" height=\"350\" src=\"https:\/\/revista.encartes.mx\/matomo\/index.php?module=Widgetize&amp;action=iframe&amp;disableLink=1&amp;widget=1&amp;moduleToWidgetize=Referrers&amp;actionToWidgetize=getReferrerType&amp;idSite=2&amp;period=range&amp;date=2023-11-22,today\" scrolling=\"yes\" frameborder=\"0\" marginheight=\"0\" marginwidth=\"0\"><\/iframe><\/div>\n\n\n\n<h5 class=\"wp-block-heading\">A\u00e7\u00f5es por refer\u00eancia:<\/h5>\n\n\n\n<div id=\"widgetIframe\"><iframe loading=\"lazy\" width=\"100%\" height=\"350\" src=\"https:\/\/revista.encartes.mx\/matomo\/index.php?module=Widgetize&amp;action=iframe&amp;disableLink=1&amp;widget=1&amp;moduleToWidgetize=Referrers&amp;actionToWidgetize=getAll&amp;idSite=2&amp;period=range&amp;date=2023-11-22,today\" scrolling=\"yes\" frameborder=\"0\" marginheight=\"0\" marginwidth=\"0\"><\/iframe><\/div>\n\n\n\n<h5 class=\"wp-block-heading\">URLs mais consultados:<\/h5>\n\n\n\n<div id=\"widgetIframe\"><iframe loading=\"lazy\" width=\"100%\" height=\"350\" src=\"https:\/\/revista.encartes.mx\/matomo\/index.php?module=Widgetize&amp;action=iframe&amp;disableLink=1&amp;widget=1&amp;moduleToWidgetize=Actions&amp;actionToWidgetize=getPageUrls&amp;idSite=2&amp;period=range&amp;date=2023-11-22,today\" scrolling=\"yes\" frameborder=\"0\" marginheight=\"0\" marginwidth=\"0\"><\/iframe><\/div>","protected":false},"excerpt":{"rendered":"<p>Estat\u00edsticas do Matomo Este relat\u00f3rio mostra os dados do per\u00edodo de 1\u00ba de janeiro de 2023 at\u00e9 hoje Visitas por pa\u00eds: Visitas: Canais de acesso: Compartilhamentos por refer\u00eancia: URLs mais visitados:<\/p>","protected":false},"author":10,"featured_media":0,"parent":0,"menu_order":0,"comment_status":"closed","ping_status":"closed","template":"","meta":{"_acf_changed":false,"footnotes":""},"coauthors":[1175],"class_list":["post-38125","page","type-page","status-publish","hentry"],"acf":[],"yoast_head":"<!-- This site is optimized with the Yoast SEO plugin v22.2 - https:\/\/yoast.com\/wordpress\/plugins\/seo\/ -->\n<title>Estad\u00edsticas Matomo &#8211; Encartes<\/title>\n<meta name=\"robots\" content=\"index, follow, max-snippet:-1, max-image-preview:large, max-video-preview:-1\" \/>\n<link rel=\"canonical\" href=\"https:\/\/encartes.mx\/pt\/estadisticas-matomo\/\" \/>\n<meta property=\"og:locale\" content=\"pt_BR\" \/>\n<meta property=\"og:type\" content=\"article\" \/>\n<meta property=\"og:title\" content=\"Estad\u00edsticas Matomo &#8211; Encartes\" \/>\n<meta property=\"og:description\" content=\"Estad\u00edsticas Matomo Este informe muestra datos en el periodo del 1 de enero de 2023 hasta el d\u00eda de hoy Visitas por pa\u00eds: Visitas: Canales de acceso: Acciones por referencia: URLs mas consultadas:\" \/>\n<meta property=\"og:url\" content=\"https:\/\/encartes.mx\/pt\/estadisticas-matomo\/\" \/>\n<meta property=\"og:site_name\" content=\"Encartes\" \/>\n<meta property=\"article:modified_time\" content=\"2023-11-25T00:12:03+00:00\" \/>\n<meta name=\"twitter:card\" content=\"summary_large_image\" \/>\n<meta name=\"twitter:label1\" content=\"Est. tempo de leitura\" \/>\n\t<meta name=\"twitter:data1\" content=\"1 minuto\" \/>\n\t<meta name=\"twitter:label2\" content=\"Written by\" \/>\n\t<meta name=\"twitter:data2\" content=\"escire\" \/>\n<script type=\"application\/ld+json\" class=\"yoast-schema-graph\">{\"@context\":\"https:\/\/schema.org\",\"@graph\":[{\"@type\":\"WebPage\",\"@id\":\"https:\/\/encartes.mx\/en\/estadisticas-matomo\/\",\"url\":\"https:\/\/encartes.mx\/en\/estadisticas-matomo\/\",\"name\":\"Estad\u00edsticas Matomo &#8211; Encartes\",\"isPartOf\":{\"@id\":\"https:\/\/encartes.mx\/#website\"},\"datePublished\":\"2023-11-24T23:00:14+00:00\",\"dateModified\":\"2023-11-25T00:12:03+00:00\",\"breadcrumb\":{\"@id\":\"https:\/\/encartes.mx\/en\/estadisticas-matomo\/#breadcrumb\"},\"inLanguage\":\"pt-BR\",\"potentialAction\":[{\"@type\":\"ReadAction\",\"target\":[\"https:\/\/encartes.mx\/en\/estadisticas-matomo\/\"]}]},{\"@type\":\"BreadcrumbList\",\"@id\":\"https:\/\/encartes.mx\/en\/estadisticas-matomo\/#breadcrumb\",\"itemListElement\":[{\"@type\":\"ListItem\",\"position\":1,\"name\":\"Home\",\"item\":\"https:\/\/encartes.mx\/\"},{\"@type\":\"ListItem\",\"position\":2,\"name\":\"Estad\u00edsticas Matomo\"}]},{\"@type\":\"WebSite\",\"@id\":\"https:\/\/encartes.mx\/#website\",\"url\":\"https:\/\/encartes.mx\/\",\"name\":\"Encartes\",\"description\":\"Revista digital multimedia\",\"publisher\":{\"@id\":\"https:\/\/encartes.mx\/#organization\"},\"potentialAction\":[{\"@type\":\"SearchAction\",\"target\":{\"@type\":\"EntryPoint\",\"urlTemplate\":\"https:\/\/encartes.mx\/?s={search_term_string}\"},\"query-input\":\"required name=search_term_string\"}],\"inLanguage\":\"pt-BR\"},{\"@type\":\"Organization\",\"@id\":\"https:\/\/encartes.mx\/#organization\",\"name\":\"Encartes Antropol\u00f3gicos\",\"url\":\"https:\/\/encartes.mx\/\",\"logo\":{\"@type\":\"ImageObject\",\"inLanguage\":\"pt-BR\",\"@id\":\"https:\/\/encartes.mx\/#\/schema\/logo\/image\/\",\"url\":\"https:\/\/encartes.mx\/wp-content\/uploads\/2017\/04\/Logo-04.png\",\"contentUrl\":\"https:\/\/encartes.mx\/wp-content\/uploads\/2017\/04\/Logo-04.png\",\"width\":338,\"height\":306,\"caption\":\"Encartes Antropol\u00f3gicos\"},\"image\":{\"@id\":\"https:\/\/encartes.mx\/#\/schema\/logo\/image\/\"}}]}<\/script>\n<!-- \/ Yoast SEO plugin. -->","yoast_head_json":{"title":"Estad\u00edsticas Matomo &#8211; Encartes","robots":{"index":"index","follow":"follow","max-snippet":"max-snippet:-1","max-image-preview":"max-image-preview:large","max-video-preview":"max-video-preview:-1"},"canonical":"https:\/\/encartes.mx\/pt\/estadisticas-matomo\/","og_locale":"pt_BR","og_type":"article","og_title":"Estad\u00edsticas Matomo &#8211; Encartes","og_description":"Estad\u00edsticas Matomo Este informe muestra datos en el periodo del 1 de enero de 2023 hasta el d\u00eda de hoy Visitas por pa\u00eds: Visitas: Canales de acceso: Acciones por referencia: URLs mas consultadas:","og_url":"https:\/\/encartes.mx\/pt\/estadisticas-matomo\/","og_site_name":"Encartes","article_modified_time":"2023-11-25T00:12:03+00:00","twitter_card":"summary_large_image","twitter_misc":{"Est. tempo de leitura":"1 minuto","Written by":"escire"},"schema":{"@context":"https:\/\/schema.org","@graph":[{"@type":"WebPage","@id":"https:\/\/encartes.mx\/en\/estadisticas-matomo\/","url":"https:\/\/encartes.mx\/en\/estadisticas-matomo\/","name":"Estad\u00edsticas Matomo &#8211; Encartes","isPartOf":{"@id":"https:\/\/encartes.mx\/#website"},"datePublished":"2023-11-24T23:00:14+00:00","dateModified":"2023-11-25T00:12:03+00:00","breadcrumb":{"@id":"https:\/\/encartes.mx\/en\/estadisticas-matomo\/#breadcrumb"},"inLanguage":"pt-BR","potentialAction":[{"@type":"ReadAction","target":["https:\/\/encartes.mx\/en\/estadisticas-matomo\/"]}]},{"@type":"BreadcrumbList","@id":"https:\/\/encartes.mx\/en\/estadisticas-matomo\/#breadcrumb","itemListElement":[{"@type":"ListItem","position":1,"name":"Home","item":"https:\/\/encartes.mx\/"},{"@type":"ListItem","position":2,"name":"Estad\u00edsticas Matomo"}]},{"@type":"WebSite","@id":"https:\/\/encartes.mx\/#website","url":"https:\/\/encartes.mx\/","name":"Encartes","description":"Revista digital multimedia","publisher":{"@id":"https:\/\/encartes.mx\/#organization"},"potentialAction":[{"@type":"SearchAction","target":{"@type":"EntryPoint","urlTemplate":"https:\/\/encartes.mx\/?s={search_term_string}"},"query-input":"required name=search_term_string"}],"inLanguage":"pt-BR"},{"@type":"Organization","@id":"https:\/\/encartes.mx\/#organization","name":"Encartes Antropol\u00f3gicos","url":"https:\/\/encartes.mx\/","logo":{"@type":"ImageObject","inLanguage":"pt-BR","@id":"https:\/\/encartes.mx\/#\/schema\/logo\/image\/","url":"https:\/\/encartes.mx\/wp-content\/uploads\/2017\/04\/Logo-04.png","contentUrl":"https:\/\/encartes.mx\/wp-content\/uploads\/2017\/04\/Logo-04.png","width":338,"height":306,"caption":"Encartes Antropol\u00f3gicos"},"image":{"@id":"https:\/\/encartes.mx\/#\/schema\/logo\/image\/"}}]}},"jetpack_sharing_enabled":true,"_links":{"self":[{"href":"https:\/\/encartes.mx\/pt\/wp-json\/wp\/v2\/pages\/38125","targetHints":{"allow":["GET"]}}],"collection":[{"href":"https:\/\/encartes.mx\/pt\/wp-json\/wp\/v2\/pages"}],"about":[{"href":"https:\/\/encartes.mx\/pt\/wp-json\/wp\/v2\/types\/page"}],"author":[{"embeddable":true,"href":"https:\/\/encartes.mx\/pt\/wp-json\/wp\/v2\/users\/10"}],"replies":[{"embeddable":true,"href":"https:\/\/encartes.mx\/pt\/wp-json\/wp\/v2\/comments?post=38125"}],"version-history":[{"count":9,"href":"https:\/\/encartes.mx\/pt\/wp-json\/wp\/v2\/pages\/38125\/revisions"}],"predecessor-version":[{"id":38135,"href":"https:\/\/encartes.mx\/pt\/wp-json\/wp\/v2\/pages\/38125\/revisions\/38135"}],"wp:attachment":[{"href":"https:\/\/encartes.mx\/pt\/wp-json\/wp\/v2\/media?parent=38125"}],"wp:term":[{"taxonomy":"author","embeddable":true,"href":"https:\/\/encartes.mx\/pt\/wp-json\/wp\/v2\/coauthors?post=38125"}],"curies":[{"name":"wp","href":"https:\/\/api.w.org\/{rel}","templated":true}]}}