{"id":32388,"date":"2020-05-22T23:49:01","date_gmt":"2020-05-22T23:49:01","guid":{"rendered":"https:\/\/encartesantropologicos.mx\/?page_id=32388"},"modified":"2026-02-17T16:42:11","modified_gmt":"2026-02-17T22:42:11","slug":"indices","status":"publish","type":"page","link":"https:\/\/encartes.mx\/pt\/indices\/","title":{"rendered":"Indexa\u00e7\u00e3o"},"content":{"rendered":"<h1>Indexa\u00e7\u00e3o<\/h1>\n\n\n\n<p class=\"has-text-align-center has-large-font-size\"><em>Encartes<\/em> est\u00e1 hospedado nesses \u00edndices e reposit\u00f3rios:<\/p>\n\n\n<div class=\"wp-block-image\">\n<figure class=\"aligncenter size-large\"><img loading=\"lazy\" decoding=\"async\" width=\"495\" height=\"176\" src=\"https:\/\/encartesantropologicos.mx\/wordpress\/wp-content\/uploads\/2020\/05\/clase.png\" alt=\"\" class=\"wp-image-32389\"\/><\/figure><\/div>\n\n\n<p>CLASE \u00e9 um banco de dados bibliogr\u00e1fico criado em 1975 na Universidade Nacional Aut\u00f4noma do M\u00e9xico (UNAM). O banco de dados \u00e9 atualizado diariamente e mais de 10.000 registros s\u00e3o adicionados a cada ano.<br>Oferece cerca de 350.000 registros bibliogr\u00e1ficos de artigos, ensaios, resenhas de livros, resenhas bibliogr\u00e1ficas, notas breves, editoriais, biografias, entrevistas, estat\u00edsticas e outros documentos publicados em cerca de 1.500 peri\u00f3dicos da Am\u00e9rica Latina e do Caribe especializados em ci\u00eancias sociais e humanas.<\/p>\n\n\n\n<p>Os peri\u00f3dicos inclu\u00eddos no CLASS est\u00e3o em conformidade com <a href=\"http:\/\/132.248.9.1:8991\/F\/ELNV2J94D6HRFYSH87KH9SMIA21LNJ96CUJKYU8LIBQ7MUMLCD-20001?func=file&amp;file_name=criterios_seleccion\"><u>crit\u00e9rios de sele\u00e7\u00e3o<\/u><\/a> e s\u00e3o analisados por uma equipe multidisciplinar.<\/p>\n\n\n\n<hr class=\"wp-block-separator has-css-opacity\"\/>\n\n\n<div class=\"wp-block-image\">\n<figure class=\"aligncenter size-large\"><a href=\"https:\/\/www.latindex.org\/latindex\/ficha?folio=29342\"><img loading=\"lazy\" decoding=\"async\" width=\"640\" height=\"342\" src=\"https:\/\/encartesantropologicos.mx\/wordpress\/wp-content\/uploads\/2020\/06\/latindex_catalogo.jpg\" alt=\"\" class=\"wp-image-32401\"\/><\/a><\/figure><\/div>\n\n\n<p>O Latindex \u00e9 o produto da coopera\u00e7\u00e3o de uma rede de institui\u00e7\u00f5es que trabalham de forma coordenada para reunir e disseminar informa\u00e7\u00f5es sobre publica\u00e7\u00f5es cient\u00edficas em s\u00e9rie produzidas na Ibero-Am\u00e9rica. A ideia de criar o Latindex surgiu em 1995 na Universidade Nacional Aut\u00f4noma do M\u00e9xico (UNAM) e tornou-se uma rede de coopera\u00e7\u00e3o regional em 1997.<\/p>\n\n\n\n<p>Inclui revistas de pesquisa cient\u00edfica, t\u00e9cnico-profissionais e cient\u00edficas e culturais publicadas na Am\u00e9rica Latina, no Caribe, na Espanha e em Portugal. Tamb\u00e9m oferece informa\u00e7\u00f5es sobre revistas ibero-americanas publicadas em qualquer parte do mundo. As revistas podem ser impressas ou eletr\u00f4nicas, de todas as disciplinas cient\u00edficas.<\/p>\n\n\n\n<p>O Latindex tem dois servi\u00e7os de informa\u00e7\u00e3o principais: 1. DIRECTORY, que fornece detalhes bibliogr\u00e1ficos e de contato de todos os peri\u00f3dicos registrados, e 2. <a href=\"https:\/\/www.latindex.org\/latindex\/meto2\">metodologia<\/a> do Latindex.<\/p>\n\n\n\n<p>Al\u00e9m disso, o site fornece informa\u00e7\u00f5es espec\u00edficas sobre os peri\u00f3dicos dispon\u00edveis on-line, sejam eles registrados no Diret\u00f3rio ou qualificados para o Cat\u00e1logo. Na se\u00e7\u00e3o <a href=\"https:\/\/www.latindex.org\/latindex\/productos\">\"Produtos\"<\/a> mais informa\u00e7\u00f5es sobre esses recursos e como consult\u00e1-los.<\/p>\n\n\n\n<p>O Latindex tamb\u00e9m oferece acesso ao texto completo de uma sele\u00e7\u00e3o de revistas ibero-americanas dispon\u00edveis nos portais mais importantes da regi\u00e3o, por meio do <a href=\"http:\/\/www.latindex.ppl.unam.mx\">\"Portal de Portais Latindex<\/a>.<\/p>\n\n\n\n<hr class=\"wp-block-separator has-css-opacity\"\/>\n\n\n<div class=\"wp-block-image\">\n<figure class=\"aligncenter size-large\"><a href=\"https:\/\/doaj.org\/toc\/2594-2999\"><img loading=\"lazy\" decoding=\"async\" width=\"400\" height=\"122\" src=\"https:\/\/encartesantropologicos.mx\/wordpress\/wp-content\/uploads\/2020\/05\/logo.jpg\" alt=\"\" class=\"wp-image-32391\"\/><\/a><\/figure><\/div>\n\n\n<p>O DOAJ \u00e9 um diret\u00f3rio on-line com curadoria da comunidade que indexa e fornece acesso a peri\u00f3dicos acad\u00eamicos de alta qualidade, de acesso aberto e revisados por pares. <a href=\"https:\/\/blog.doaj.org\/2018\/11\/07\/el-doaj-independencia-y-la-importancia-de-la-imparcialidad\/\">O DOAJ \u00e9 independente<\/a>. Todo o financiamento \u00e9 fornecido por <a href=\"https:\/\/doaj.org\/membership\">por meio de doa\u00e7\u00f5es<\/a>40% dos quais s\u00e3o origin\u00e1rios de <a href=\"https:\/\/doaj.org\/sponsors\">patrocinadores<\/a> e o 60% de <a href=\"https:\/\/doaj.org\/members\">editoras e membros<\/a>. Todos os servi\u00e7os do DOAJ s\u00e3o gratuitos, inclusive a indexa\u00e7\u00e3o do DOAJ. Todos os servi\u00e7os s\u00e3o gratuitos, incluindo a indexa\u00e7\u00e3o do DOAJ.<a href=\"https:\/\/doaj.org\/faq#metadata\">Os dados est\u00e3o dispon\u00edveis gratuitamente<\/a>.<\/p>\n\n\n\n<p>O DOAJ tem um programa de educa\u00e7\u00e3o mundial que se concentra em melhorar a qualidade das solicita\u00e7\u00f5es enviadas.<\/p>\n\n\n\n<hr class=\"wp-block-separator has-alpha-channel-opacity\"\/>\n\n\n\n<figure class=\"wp-block-image size-large\"><a href=\" https:\/\/www.redalyc.org\/revista.oa?id=6042&amp;tipo=coleccion\"><img loading=\"lazy\" decoding=\"async\" width=\"1024\" height=\"257\" src=\"https:\/\/encartes.mx\/wp-content\/uploads\/2024\/09\/1599px-Logo-redalyc-2019-1024x257.png\" alt=\"\" class=\"wp-image-39132\" srcset=\"https:\/\/encartes.mx\/wp-content\/uploads\/2024\/09\/1599px-Logo-redalyc-2019-1024x257.png 1024w, https:\/\/encartes.mx\/wp-content\/uploads\/2024\/09\/1599px-Logo-redalyc-2019-300x75.png 300w, https:\/\/encartes.mx\/wp-content\/uploads\/2024\/09\/1599px-Logo-redalyc-2019-768x193.png 768w, https:\/\/encartes.mx\/wp-content\/uploads\/2024\/09\/1599px-Logo-redalyc-2019-1536x386.png 1536w, https:\/\/encartes.mx\/wp-content\/uploads\/2024\/09\/1599px-Logo-redalyc-2019-18x5.png 18w, https:\/\/encartes.mx\/wp-content\/uploads\/2024\/09\/1599px-Logo-redalyc-2019-1200x302.png 1200w, https:\/\/encartes.mx\/wp-content\/uploads\/2024\/09\/1599px-Logo-redalyc-2019.png 1599w\" sizes=\"auto, (max-width: 1024px) 100vw, 1024px\" \/><\/a><\/figure>\n\n\n\n<p class=\"abstract\">A Rede de Revistas Cient\u00edficas da Am\u00e9rica Latina e Caribe, Espanha e Portugal (Redalyc) \u00e9 um projeto acad\u00eamico para a dissemina\u00e7\u00e3o em acesso aberto da atividade de publica\u00e7\u00e3o cient\u00edfica de todo o mundo, sob um modelo acad\u00eamico e sem fins lucrativos. A Redalyc se tornou um sistema de indexa\u00e7\u00e3o, visibilidade, interoperabilidade, produ\u00e7\u00e3o editorial e preserva\u00e7\u00e3o. Tamb\u00e9m se tornou um sistema de informa\u00e7\u00f5es cient\u00edficas que fornece indicadores sobre a publica\u00e7\u00e3o, a colabora\u00e7\u00e3o e o uso da literatura cient\u00edfica. A Redalyc \u00e9 promovida pela Universidad Aut\u00f3noma del Estado de M\u00e9xico, em colabora\u00e7\u00e3o com centenas de institui\u00e7\u00f5es de ensino superior, centros de pesquisa, associa\u00e7\u00f5es profissionais e editoras de todo o mundo, e possui (mar\u00e7o de 2019) uma cole\u00e7\u00e3o de 1304 peri\u00f3dicos cient\u00edficos, 48.512 edi\u00e7\u00f5es e mais de 600.000 artigos cient\u00edficos dispon\u00edveis em texto completo.<\/p>\n\n\n\n<hr class=\"wp-block-separator has-alpha-channel-opacity\"\/>\n\n\n<div class=\"wp-block-image\">\n<figure class=\"aligncenter size-full\"><a href=\"https:\/\/biblat.unam.mx\/es\/frecuencias\/revista\/encartes\"><img loading=\"lazy\" decoding=\"async\" width=\"500\" height=\"213\" src=\"https:\/\/encartes.mx\/wp-content\/uploads\/2024\/11\/biblat.png\" alt=\"\" class=\"wp-image-39185\" srcset=\"https:\/\/encartes.mx\/wp-content\/uploads\/2024\/11\/biblat.png 500w, https:\/\/encartes.mx\/wp-content\/uploads\/2024\/11\/biblat-300x128.png 300w, https:\/\/encartes.mx\/wp-content\/uploads\/2024\/11\/biblat-18x8.png 18w\" sizes=\"auto, (max-width: 500px) 100vw, 500px\" \/><\/a><\/figure><\/div>\n\n\n<p>Biblat \u00e9 um portal da Universidade Nacional Aut\u00f4noma do M\u00e9xico (UNAM) especializado em revistas cient\u00edficas e acad\u00eamicas publicadas na Am\u00e9rica Latina e no Caribe, que oferece as seguintes refer\u00eancias bibliogr\u00e1ficas de artigos e documentos publicados em mais de 3.000 t\u00edtulos.<\/p>\n\n\n\n<hr class=\"wp-block-separator has-alpha-channel-opacity\"\/>\n\n\n<div class=\"wp-block-image\">\n<figure class=\"aligncenter size-full\"><a href=\"https:\/\/www.scielo.org.mx\/scielo.php?script=sci_serial&amp;pid=2594-2999&amp;lng=es&amp;nrm=iso\"><img loading=\"lazy\" decoding=\"async\" width=\"268\" height=\"188\" src=\"https:\/\/encartes.mx\/wp-content\/uploads\/2025\/03\/scielo-mex.png\" alt=\"\" class=\"wp-image-39624\" srcset=\"https:\/\/encartes.mx\/wp-content\/uploads\/2025\/03\/scielo-mex.png 268w, https:\/\/encartes.mx\/wp-content\/uploads\/2025\/03\/scielo-mex-18x12.png 18w\" sizes=\"auto, (max-width: 268px) 100vw, 268px\" \/><\/a><\/figure><\/div>\n\n\n<p>A SciELO M\u00e9xico \u00e9 uma biblioteca digital e uma biblioteca de jornais virtuais que, desde 2004, oferece acesso aberto a peri\u00f3dicos cient\u00edficos mexicanos em todas as \u00e1reas do conhecimento. \u00c9 desenvolvida pela DGBSDI da UNAM e faz parte da rede regional SciELO presente em 17 pa\u00edses. As publica\u00e7\u00f5es seguem o SciELO Publishing Schema em formato XML. Para participar, os peri\u00f3dicos devem atender a crit\u00e9rios espec\u00edficos que podem ser consultados em Crit\u00e9rios SciELO M\u00e9xico. O sistema \u00e9 gerenciado pela UNAM, promovendo a visibilidade da literatura cient\u00edfica latino-americana.<\/p>","protected":false},"excerpt":{"rendered":"<p>Indexaciones Encartes est\u00e1 hospedado nestes \u00edndices e reposit\u00f3rios: CLASE \u00e9 um banco de dados bibliogr\u00e1fico criado em 1975 na Universidade Nacional Aut\u00f4noma do M\u00e9xico (UNAM). O banco de dados \u00e9 atualizado diariamente e mais de 10.000 registros s\u00e3o adicionados a cada ano, oferecendo cerca de 350.000 registros bibliogr\u00e1ficos de artigos, ensaios, resenhas de artigos e resenhas e outros materiais bibliogr\u00e1ficos.<\/p>","protected":false},"author":4,"featured_media":0,"parent":0,"menu_order":0,"comment_status":"closed","ping_status":"closed","template":"","meta":{"_acf_changed":false,"footnotes":""},"coauthors":[551],"class_list":["post-32388","page","type-page","status-publish","hentry"],"acf":[],"yoast_head":"<!-- This site is optimized with the Yoast SEO plugin v22.2 - https:\/\/yoast.com\/wordpress\/plugins\/seo\/ -->\n<title>Indexaciones &#8211; Encartes<\/title>\n<meta name=\"robots\" content=\"index, follow, max-snippet:-1, max-image-preview:large, max-video-preview:-1\" \/>\n<link rel=\"canonical\" href=\"https:\/\/encartes.mx\/pt\/indices\/\" \/>\n<meta property=\"og:locale\" content=\"pt_BR\" \/>\n<meta property=\"og:type\" content=\"article\" \/>\n<meta property=\"og:title\" content=\"Indexaciones &#8211; Encartes\" \/>\n<meta property=\"og:description\" content=\"Indexaciones Encartes est\u00e1 alojada en estos \u00edndices y repositorios: CLASE es una base de datos bibliogr\u00e1fica creada en 1975 en la Universidad Nacional Aut\u00f3noma de M\u00e9xico (UNAM). La base de datos se actualiza diariamente y m\u00e1s de 10 mil registros son agregados cada a\u00f1o.Ofrece alrededor de 350 mil registros bibliogr\u00e1ficos de art\u00edculos, ensayos, rese\u00f1as de [&hellip;]\" \/>\n<meta property=\"og:url\" content=\"https:\/\/encartes.mx\/pt\/indices\/\" \/>\n<meta property=\"og:site_name\" content=\"Encartes\" \/>\n<meta property=\"article:modified_time\" content=\"2026-02-17T22:42:11+00:00\" \/>\n<meta property=\"og:image\" content=\"https:\/\/encartesantropologicos.mx\/wordpress\/wp-content\/uploads\/2020\/05\/clase.png\" \/>\n<meta name=\"twitter:card\" content=\"summary_large_image\" \/>\n<meta name=\"twitter:label1\" content=\"Est. tempo de leitura\" \/>\n\t<meta name=\"twitter:data1\" content=\"5 minutos\" \/>\n\t<meta name=\"twitter:label2\" content=\"Written by\" \/>\n\t<meta name=\"twitter:data2\" content=\"Arthur Ventura\" \/>\n<script type=\"application\/ld+json\" class=\"yoast-schema-graph\">{\"@context\":\"https:\/\/schema.org\",\"@graph\":[{\"@type\":\"WebPage\",\"@id\":\"https:\/\/encartes.mx\/indices\/\",\"url\":\"https:\/\/encartes.mx\/indices\/\",\"name\":\"Indexaciones &#8211; Encartes\",\"isPartOf\":{\"@id\":\"https:\/\/encartes.mx\/#website\"},\"primaryImageOfPage\":{\"@id\":\"https:\/\/encartes.mx\/indices\/#primaryimage\"},\"image\":{\"@id\":\"https:\/\/encartes.mx\/indices\/#primaryimage\"},\"thumbnailUrl\":\"https:\/\/encartesantropologicos.mx\/wordpress\/wp-content\/uploads\/2020\/05\/clase.png\",\"datePublished\":\"2020-05-22T23:49:01+00:00\",\"dateModified\":\"2026-02-17T22:42:11+00:00\",\"breadcrumb\":{\"@id\":\"https:\/\/encartes.mx\/indices\/#breadcrumb\"},\"inLanguage\":\"pt-BR\",\"potentialAction\":[{\"@type\":\"ReadAction\",\"target\":[\"https:\/\/encartes.mx\/indices\/\"]}]},{\"@type\":\"ImageObject\",\"inLanguage\":\"pt-BR\",\"@id\":\"https:\/\/encartes.mx\/indices\/#primaryimage\",\"url\":\"https:\/\/encartesantropologicos.mx\/wordpress\/wp-content\/uploads\/2020\/05\/clase.png\",\"contentUrl\":\"https:\/\/encartesantropologicos.mx\/wordpress\/wp-content\/uploads\/2020\/05\/clase.png\"},{\"@type\":\"BreadcrumbList\",\"@id\":\"https:\/\/encartes.mx\/indices\/#breadcrumb\",\"itemListElement\":[{\"@type\":\"ListItem\",\"position\":1,\"name\":\"Home\",\"item\":\"https:\/\/encartes.mx\/\"},{\"@type\":\"ListItem\",\"position\":2,\"name\":\"Indexaciones\"}]},{\"@type\":\"WebSite\",\"@id\":\"https:\/\/encartes.mx\/#website\",\"url\":\"https:\/\/encartes.mx\/\",\"name\":\"Encartes\",\"description\":\"Revista digital multimedia\",\"publisher\":{\"@id\":\"https:\/\/encartes.mx\/#organization\"},\"potentialAction\":[{\"@type\":\"SearchAction\",\"target\":{\"@type\":\"EntryPoint\",\"urlTemplate\":\"https:\/\/encartes.mx\/?s={search_term_string}\"},\"query-input\":\"required name=search_term_string\"}],\"inLanguage\":\"pt-BR\"},{\"@type\":\"Organization\",\"@id\":\"https:\/\/encartes.mx\/#organization\",\"name\":\"Encartes Antropol\u00f3gicos\",\"url\":\"https:\/\/encartes.mx\/\",\"logo\":{\"@type\":\"ImageObject\",\"inLanguage\":\"pt-BR\",\"@id\":\"https:\/\/encartes.mx\/#\/schema\/logo\/image\/\",\"url\":\"https:\/\/encartes.mx\/wp-content\/uploads\/2017\/04\/Logo-04.png\",\"contentUrl\":\"https:\/\/encartes.mx\/wp-content\/uploads\/2017\/04\/Logo-04.png\",\"width\":338,\"height\":306,\"caption\":\"Encartes Antropol\u00f3gicos\"},\"image\":{\"@id\":\"https:\/\/encartes.mx\/#\/schema\/logo\/image\/\"}}]}<\/script>\n<!-- \/ Yoast SEO plugin. -->","yoast_head_json":{"title":"Indexaciones &#8211; Encartes","robots":{"index":"index","follow":"follow","max-snippet":"max-snippet:-1","max-image-preview":"max-image-preview:large","max-video-preview":"max-video-preview:-1"},"canonical":"https:\/\/encartes.mx\/pt\/indices\/","og_locale":"pt_BR","og_type":"article","og_title":"Indexaciones &#8211; Encartes","og_description":"Indexaciones Encartes est\u00e1 alojada en estos \u00edndices y repositorios: CLASE es una base de datos bibliogr\u00e1fica creada en 1975 en la Universidad Nacional Aut\u00f3noma de M\u00e9xico (UNAM). La base de datos se actualiza diariamente y m\u00e1s de 10 mil registros son agregados cada a\u00f1o.Ofrece alrededor de 350 mil registros bibliogr\u00e1ficos de art\u00edculos, ensayos, rese\u00f1as de [&hellip;]","og_url":"https:\/\/encartes.mx\/pt\/indices\/","og_site_name":"Encartes","article_modified_time":"2026-02-17T22:42:11+00:00","og_image":[{"url":"https:\/\/encartesantropologicos.mx\/wordpress\/wp-content\/uploads\/2020\/05\/clase.png"}],"twitter_card":"summary_large_image","twitter_misc":{"Est. tempo de leitura":"5 minutos","Written by":"Arthur Ventura"},"schema":{"@context":"https:\/\/schema.org","@graph":[{"@type":"WebPage","@id":"https:\/\/encartes.mx\/indices\/","url":"https:\/\/encartes.mx\/indices\/","name":"Indexaciones &#8211; Encartes","isPartOf":{"@id":"https:\/\/encartes.mx\/#website"},"primaryImageOfPage":{"@id":"https:\/\/encartes.mx\/indices\/#primaryimage"},"image":{"@id":"https:\/\/encartes.mx\/indices\/#primaryimage"},"thumbnailUrl":"https:\/\/encartesantropologicos.mx\/wordpress\/wp-content\/uploads\/2020\/05\/clase.png","datePublished":"2020-05-22T23:49:01+00:00","dateModified":"2026-02-17T22:42:11+00:00","breadcrumb":{"@id":"https:\/\/encartes.mx\/indices\/#breadcrumb"},"inLanguage":"pt-BR","potentialAction":[{"@type":"ReadAction","target":["https:\/\/encartes.mx\/indices\/"]}]},{"@type":"ImageObject","inLanguage":"pt-BR","@id":"https:\/\/encartes.mx\/indices\/#primaryimage","url":"https:\/\/encartesantropologicos.mx\/wordpress\/wp-content\/uploads\/2020\/05\/clase.png","contentUrl":"https:\/\/encartesantropologicos.mx\/wordpress\/wp-content\/uploads\/2020\/05\/clase.png"},{"@type":"BreadcrumbList","@id":"https:\/\/encartes.mx\/indices\/#breadcrumb","itemListElement":[{"@type":"ListItem","position":1,"name":"Home","item":"https:\/\/encartes.mx\/"},{"@type":"ListItem","position":2,"name":"Indexaciones"}]},{"@type":"WebSite","@id":"https:\/\/encartes.mx\/#website","url":"https:\/\/encartes.mx\/","name":"Encartes","description":"Revista digital multimedia","publisher":{"@id":"https:\/\/encartes.mx\/#organization"},"potentialAction":[{"@type":"SearchAction","target":{"@type":"EntryPoint","urlTemplate":"https:\/\/encartes.mx\/?s={search_term_string}"},"query-input":"required name=search_term_string"}],"inLanguage":"pt-BR"},{"@type":"Organization","@id":"https:\/\/encartes.mx\/#organization","name":"Encartes Antropol\u00f3gicos","url":"https:\/\/encartes.mx\/","logo":{"@type":"ImageObject","inLanguage":"pt-BR","@id":"https:\/\/encartes.mx\/#\/schema\/logo\/image\/","url":"https:\/\/encartes.mx\/wp-content\/uploads\/2017\/04\/Logo-04.png","contentUrl":"https:\/\/encartes.mx\/wp-content\/uploads\/2017\/04\/Logo-04.png","width":338,"height":306,"caption":"Encartes Antropol\u00f3gicos"},"image":{"@id":"https:\/\/encartes.mx\/#\/schema\/logo\/image\/"}}]}},"jetpack_sharing_enabled":true,"_links":{"self":[{"href":"https:\/\/encartes.mx\/pt\/wp-json\/wp\/v2\/pages\/32388","targetHints":{"allow":["GET"]}}],"collection":[{"href":"https:\/\/encartes.mx\/pt\/wp-json\/wp\/v2\/pages"}],"about":[{"href":"https:\/\/encartes.mx\/pt\/wp-json\/wp\/v2\/types\/page"}],"author":[{"embeddable":true,"href":"https:\/\/encartes.mx\/pt\/wp-json\/wp\/v2\/users\/4"}],"replies":[{"embeddable":true,"href":"https:\/\/encartes.mx\/pt\/wp-json\/wp\/v2\/comments?post=32388"}],"version-history":[{"count":15,"href":"https:\/\/encartes.mx\/pt\/wp-json\/wp\/v2\/pages\/32388\/revisions"}],"predecessor-version":[{"id":40269,"href":"https:\/\/encartes.mx\/pt\/wp-json\/wp\/v2\/pages\/32388\/revisions\/40269"}],"wp:attachment":[{"href":"https:\/\/encartes.mx\/pt\/wp-json\/wp\/v2\/media?parent=32388"}],"wp:term":[{"taxonomy":"author","embeddable":true,"href":"https:\/\/encartes.mx\/pt\/wp-json\/wp\/v2\/coauthors?post=32388"}],"curies":[{"name":"wp","href":"https:\/\/api.w.org\/{rel}","templated":true}]}}