{"id":29878,"date":"2018-02-23T20:21:26","date_gmt":"2018-02-23T20:21:26","guid":{"rendered":"https:\/\/encartesantropologicos.mx\/wordpress\/?page_id=29878"},"modified":"2020-04-02T22:39:30","modified_gmt":"2020-04-02T22:39:30","slug":"publication-policies","status":"publish","type":"page","link":"https:\/\/encartes.mx\/pt\/publication-policies\/","title":{"rendered":"Pol\u00edticas de publica\u00e7\u00e3o"},"content":{"rendered":"<h1>Diretrizes gerais<\/h1>\n<p>Como parte do processo de publica\u00e7\u00e3o, os autores s\u00e3o obrigados a verificar se seus envios atendem a todos os requisitos a seguir. O <strong>Equipe de coordena\u00e7\u00e3o editorial <\/strong>analisar\u00e1 os materiais e, se eles n\u00e3o estiverem em conformidade com os requisitos, ser\u00e3o devolvidos aos autores. Os requisitos s\u00e3o os seguintes.<\/p>\n<ul>\n<li>A submiss\u00e3o nunca deve ter sido publicada anteriormente nem submetida \u00e0 considera\u00e7\u00e3o de nenhuma outra revista. Nesse \u00faltimo caso, uma explica\u00e7\u00e3o deve ser fornecida na se\u00e7\u00e3o \"coment\u00e1rios aos editores\".<\/li>\n<li>O envio consistir\u00e1 em dois arquivos de texto ou materiais a serem publicados:\n<ol>\n<li>Um deles conter\u00e1 <strong>informa\u00e7\u00f5es do autor<\/strong> que inclua o nome do autor, a institui\u00e7\u00e3o onde o autor trabalha e uma breve biografia (informa\u00e7\u00f5es biogr\u00e1ficas que n\u00e3o excedam dez linhas), bem como o endere\u00e7o, o n\u00famero de telefone e o endere\u00e7o de e-mail do autor. No caso de coautoria, todas as informa\u00e7\u00f5es dos outros autores devem ser fornecidas;<\/li>\n<li>O outro arquivo ser\u00e1 <strong>an\u00f4nimo<\/strong>. Ele n\u00e3o deve conter nomes ou refer\u00eancias espec\u00edficas a seu(s) autor(es) e deve evitar cita\u00e7\u00f5es ou refer\u00eancias a trabalhos de qualquer um desses autores, para que n\u00e3o possa ser reconhecido durante a revis\u00e3o por pares duplo-cega.<\/li>\n<\/ol>\n<\/li>\n<li>O arquivo deve ser apresentado no formato OpenOffice, Microsoft Word, RTF ou WordPerfect.<\/li>\n<li>A revista publicar\u00e1 apenas textos e materiais em espanhol.<\/li>\n<li>Todos os artigos incluir\u00e3o os t\u00edtulos em espanhol e ingl\u00eas, bem como notas, cita\u00e7\u00f5es, tabelas, gr\u00e1ficos e refer\u00eancias bibliogr\u00e1ficas que atendam aos requisitos da revista. Dependendo da se\u00e7\u00e3o em que for publicado, o artigo deve incluir um resumo e (pelo menos cinco) palavras-chave em espanhol e ingl\u00eas.<\/li>\n<li>O texto deve ter espa\u00e7amento duplo e ser escrito em Times New Roman de 12 pontos. O it\u00e1lico ser\u00e1 usado no lugar do sublinhado (exceto no caso de endere\u00e7os URL). As notas de rodap\u00e9 e outras refer\u00eancias do g\u00eanero, bem como todas as ilustra\u00e7\u00f5es, figuras e tabelas, devem ser colocadas no local apropriado do texto e n\u00e3o em sua conclus\u00e3o.<\/li>\n<li>Os textos devem estar em conformidade com os requisitos de tamanho, estilo e bibliografia da se\u00e7\u00e3o para a qual foram enviados.<\/li>\n<li>Sempre que poss\u00edvel, devem ser fornecidos os endere\u00e7os URL das refer\u00eancias.<\/li>\n<li>As cita\u00e7\u00f5es no texto devem ter o seguinte formato (S\u00e1mano, 1982: 181).<\/li>\n<li>As refer\u00eancias bibliogr\u00e1ficas devem ser feitas no estilo APA e conter\u00e3o informa\u00e7\u00f5es completas sob o nome do autor, em ordem alfab\u00e9tica, como segue:\n<ul>\n<li>Chodorow, Nancy (1984).\u00a0<em>O exerc\u00edcio da maternidade.<\/em>\u00a0Barcelona: Gedisa.<\/li>\n<li>Hall, Stuart (1990). \"Cultural Identity and Diaspora\" (Identidade cultural e di\u00e1spora), em Jonathan Rutherford,\u00a0<em>Identidade: comunit\u00e1ria, cultural, diferente.<\/em>\u00a0Londres: Lawrence &amp; Wishart, pp. 222-237.<\/li>\n<li>Wade, Peter (2014). \"Ra\u00e7a, ci\u00eancia, sociedade\", em.\u00a0<em>Interdisciplinar<\/em>vol. 2, no. 4, pp. 35-62.<\/li>\n<\/ul>\n<\/li>\n<li>Ser\u00e1 de responsabilidade do autor garantir que as informa\u00e7\u00f5es bibliogr\u00e1ficas estejam completas (ano e cidade de publica\u00e7\u00e3o, editora), apresentadas em ordem alfab\u00e9tica e em conformidade com o estilo APA; caso contr\u00e1rio, o artigo ser\u00e1 rejeitado.<\/li>\n<li>Se o artigo incluir tabelas ou gr\u00e1ficos, os autores dever\u00e3o mencionar a fonte e garantir que essa informa\u00e7\u00e3o esteja clara. Os autores devem especificar o local exato onde as tabelas e os gr\u00e1ficos devem aparecer nas p\u00e1ginas, usando o seguinte formato: (insira a tabela 1 ou o gr\u00e1fico X).<\/li>\n<li>Se os autores desejarem complementar seus textos com fotografias, mapas, planos, figuras ou placas coloridas, dever\u00e3o certificar-se de que obtiveram a autoriza\u00e7\u00e3o de uso de seus criadores. Esses arquivos devem ser enviados nos formatos .jpg ou .tiff com resolu\u00e7\u00e3o m\u00ednima de 300 dpi e devem incluir t\u00edtulos e fontes como parte de suas legendas (autor, local, data).<\/li>\n<li>Todos os materiais audiovisuais devem ser enviados em .MPEG2 ou 4, .AVI, .MOV ou .MP4 com resolu\u00e7\u00e3o m\u00ednima de 1280 x 720. O ideal \u00e9 que os materiais audiovisuais ou textuais aceitos sejam publicados por meio da m\u00eddia propriet\u00e1ria da revista (ou seja, sua p\u00e1gina da Web, Flickr, Vimeo, etc.).<\/li>\n<li>Se os materiais receberem uma avalia\u00e7\u00e3o positiva, a revista emitir\u00e1 uma carta de libera\u00e7\u00e3o de direitos que os autores dever\u00e3o assinar. Todos os autores devem assinar o documento em casos de coautoria.<\/li>\n<\/ul>\n<h1>Diretrizes para se\u00e7\u00f5es secund\u00e1rias<\/h1>\n<p>Al\u00e9m dos requisitos acima, os artigos devem atender aos requisitos de suas respectivas se\u00e7\u00f5es.<\/p>\n<h2>Temas antropol\u00f3gicos<\/h2>\n<p>Um acad\u00eamico designado supervisiona essa se\u00e7\u00e3o relacionada a assuntos e ela ser\u00e1 publicada em rod\u00edzio com os \"Coloquios interdisciplinarios\" (veja abaixo). Ela conter\u00e1 no m\u00e1ximo cinco artigos de especialistas na \u00e1rea de interesse espec\u00edfico da edi\u00e7\u00e3o. Todos os envios devem ser julgados por meio de revis\u00e3o por pares duplamente cega.<\/p>\n<ul>\n<li>Todos os artigos dessa se\u00e7\u00e3o devem incluir:\n<ol>\n<li>Seu t\u00edtulo em espanhol e ingl\u00eas;<\/li>\n<li>Um resumo de no m\u00e1ximo 800 caracteres (incluindo espa\u00e7os) que descreva sua tese principal, a metodologia de pesquisa usada e os principais argumentos do artigo;<\/li>\n<li>N\u00e3o menos que cinco palavras-chave em espanhol e ingl\u00eas;<\/li>\n<li>Notas, cita\u00e7\u00f5es, tabelas, gr\u00e1ficos e refer\u00eancias bibliogr\u00e1ficas que atendam aos requisitos da revista.<\/li>\n<\/ol>\n<\/li>\n<li>Os artigos n\u00e3o devem exceder 54.000 caracteres (incluindo espa\u00e7os) e devem ser escritos em espa\u00e7o duplo e em fonte Times New Roman de 12 pontos.<\/li>\n<\/ul>\n<h2>Col\u00f3quios interdisciplinares<\/h2>\n<p>Esta se\u00e7\u00e3o apresenta ensaios acad\u00eamicos que debatem uma quest\u00e3o espec\u00edfica escolhida pela revista. Um especialista \u00e9 convidado a publicar um artigo, ensaio te\u00f3rico ou metodol\u00f3gico e quatro a seis especialistas de diferentes disciplinas ou perspectivas s\u00e3o convidados a comentar, discutir, debater ou ampliar o ensaio original. A se\u00e7\u00e3o \"Coloquios interdisciplinarios\" prop\u00f5e um novo protocolo de avalia\u00e7\u00e3o e julgamento baseado em discuss\u00f5es e debates acad\u00eamicos p\u00fablicos (n\u00e3o cegos). A se\u00e7\u00e3o \"Coloquios\" ser\u00e1 publicada em rota\u00e7\u00e3o com a se\u00e7\u00e3o \"Tem\u00e1ticas antropol\u00f3gicas\".<\/p>\n<ul>\n<li>O <strong>ensaio principal<\/strong> n\u00e3o deve exceder 54.000 caracteres (incluindo espa\u00e7os) e deve conter:\n<ol>\n<li>Seu t\u00edtulo em espanhol e ingl\u00eas;<\/li>\n<li>Um resumo em espanhol e ingl\u00eas, com no m\u00e1ximo 800 caracteres (incluindo espa\u00e7os);<\/li>\n<li>Um m\u00ednimo de cinco palavras-chave em espanhol e ingl\u00eas;<\/li>\n<li>Notas, cita\u00e7\u00f5es, tabelas, gr\u00e1ficos e refer\u00eancias bibliogr\u00e1ficas que atendam aos requisitos gerais da revista.<\/li>\n<\/ol>\n<\/li>\n<li><strong>Coment\u00e1rios sobre o ensaio principal <\/strong>n\u00e3o deve exceder 54.000 caracteres (incluindo espa\u00e7os) e deve conter:\n<ol>\n<li>Seus t\u00edtulos, em espanhol e ingl\u00eas;<\/li>\n<li>Notas, cita\u00e7\u00f5es, tabelas, gr\u00e1ficos e refer\u00eancias bibliogr\u00e1ficas que atendam aos requisitos gerais da revista.<\/li>\n<\/ol>\n<\/li>\n<li>Todos os textos devem ser enviados em espa\u00e7o duplo e em fonte Times New Roman de 12 pontos.<\/li>\n<\/ul>\n<h2>Realidades antropol\u00f3gicas<\/h2>\n<p>Esta se\u00e7\u00e3o apresenta artigos originais que n\u00e3o t\u00eam rela\u00e7\u00e3o com nenhum tema unificador. Seu conte\u00fado \u00e9 variado e funciona independentemente de propostas tem\u00e1ticas e di\u00e1logos interdisciplinares. Todos os trabalhos ser\u00e3o submetidos a uma revis\u00e3o por pares duplamente cega.<\/p>\n<ul>\n<li>Os artigos dessa se\u00e7\u00e3o devem conter:\n<ol>\n<li>Seus t\u00edtulos em espanhol e ingl\u00eas;<\/li>\n<li>Um resumo em espanhol e ingl\u00eas, que n\u00e3o deve exceder 800 caracteres (com espa\u00e7os), que descreva suas principais teses, a metodologia de pesquisa utilizada e os argumentos centrais dos artigos;<\/li>\n<li>Um m\u00ednimo de cinco palavras-chave em espanhol e ingl\u00eas;<\/li>\n<li>Notas, cita\u00e7\u00f5es, tabelas, gr\u00e1ficos e refer\u00eancias bibliogr\u00e1ficas que atendam aos requisitos gerais da revista.<\/li>\n<\/ol>\n<\/li>\n<li>Os artigos n\u00e3o devem exceder 54.000 caracteres (com espa\u00e7os), ter\u00e3o espa\u00e7o duplo e ser\u00e3o escritos em Times New Roman de 12 pontos.<\/li>\n<\/ul>\n<h2>Discrepancias<\/h2>\n<p>Nesta se\u00e7\u00e3o ocasional, o <strong>Equipe de coordena\u00e7\u00e3o editorial<\/strong> propor\u00e1 uma quest\u00e3o atual de interesse p\u00fablico a ser debatida por ilustres acad\u00eamicos convidados, especialistas na \u00e1rea, que responder\u00e3o a uma s\u00e9rie de perguntas que lhes permitir\u00e3o adotar uma posi\u00e7\u00e3o \u00e0 luz de situa\u00e7\u00f5es e realidades situacionais que est\u00e3o no centro das reflex\u00f5es, debates e posi\u00e7\u00f5es de antrop\u00f3logos e cientistas sociais. A se\u00e7\u00e3o contar\u00e1 com:<\/p>\n<ul>\n<li>Um <strong>introdu\u00e7\u00e3o <\/strong>sobre o assunto em quest\u00e3o, escrito por um membro da Equipe ou pesquisador convidado.<\/li>\n<li>O <strong>perguntas<\/strong> em torno do qual o debate se concentrar\u00e1.<\/li>\n<li>Formato curto dos acad\u00eamicos convidados <strong>respostas<\/strong> (aproximadamente 120 palavras cada).<\/li>\n<li>As respostas ou coment\u00e1rios que os leitores eventualmente trazem para o debate.<\/li>\n<\/ul>\n<h2>Rese\u00f1as cr\u00edticas<\/h2>\n<p>Esta se\u00e7\u00e3o inclui ensaios curtos e cr\u00edticas de interesse para as ci\u00eancias sociais e resenhas da obra completa de um autor ou de movimentos que sejam pertinentes \u00e0 revista, al\u00e9m de resenhas de livros, artigos, v\u00eddeos etnogr\u00e1ficos, filmes relacionados \u00e0 antropologia, espet\u00e1culos de arte, teses de gradua\u00e7\u00e3o e performances. N\u00e3o ser\u00e3o aceitas resenhas correspondentes a livros publicados h\u00e1 mais de dois anos.<\/p>\n<ul>\n<li>As revis\u00f5es devem incluir <strong>refer\u00eancias bibliogr\u00e1ficas <\/strong>e um <strong>imagem da capa<\/strong> da publica\u00e7\u00e3o revisada em formato JPG ou TIFF, com resolu\u00e7\u00e3o m\u00ednima de 300 dpi.<\/li>\n<li>Os artigos n\u00e3o devem exceder 20.000 caracteres (com espa\u00e7os) e devem ter espa\u00e7o duplo e ser escritos em Times New Roman de 12 pontos.<\/li>\n<\/ul>\n<h2>Inser\u00e7\u00f5es multim\u00eddia<\/h2>\n<p>Esta se\u00e7\u00e3o existe para a publica\u00e7\u00e3o de diferentes materiais de pesquisa multim\u00eddia. Ela ser\u00e1 publicada ocasionalmente, sujeita \u00e0 disponibilidade de material recebido que possa ser considerado relevante. Ser\u00e3o aceitas etnografias visuais\/reportagens multim\u00eddia com forte apoio de trabalho de campo que utilizem quadros de refer\u00eancia das ci\u00eancias sociais, ensaios fotogr\u00e1ficos, v\u00eddeos documentais\/etnogr\u00e1ficos, poesia, hist\u00f3rias de vida e arquivos orais. Diferentemente dos artigos de outras se\u00e7\u00f5es, aqui a \u00eanfase deve recair sobre <strong>m\u00eddia audiovisual <\/strong>como material de pesquisa. Todos os trabalhos devem ser submetidos a uma revis\u00e3o por pares duplamente cega.<\/p>\n<ul>\n<li>Cada document\u00e1rio audiovisual, cole\u00e7\u00e3o de fotos ou testemunho em \u00e1udio, mapa interativo etc. que aparecer na se\u00e7\u00e3o incluir\u00e1 um texto de 20.000 a 25.000 caracteres (incluindo espa\u00e7os, em espa\u00e7o duplo e em Times New Roman). <strong>contextualiza\u00e7\u00e3o da pesquisa <\/strong>(semelhante a um protocolo de pesquisa). O texto deve atender aos requisitos da revista no que diz respeito a notas, cita\u00e7\u00f5es, tabelas, gr\u00e1ficos e refer\u00eancias bibliogr\u00e1ficas.<\/li>\n<li>Em todos os casos, se os materiais audiovisuais ou gr\u00e1ficos forem julgados favoravelmente, um <strong>carta de libera\u00e7\u00e3o de direitos<\/strong> deve ser assinado para que sejam publicados na m\u00eddia propriet\u00e1ria da revista (p\u00e1gina da Web, Flickr, Vimeo etc.).<\/li>\n<li>Os materiais devem ser enviados em duas vers\u00f5es, uma com cr\u00e9ditos completos (para publica\u00e7\u00e3o futura) e outra vers\u00e3o sem cr\u00e9ditos que n\u00e3o fa\u00e7a refer\u00eancia espec\u00edfica ao autor ou autores. Os materiais ser\u00e3o enviados ao editor da se\u00e7\u00e3o, que verificar\u00e1 se est\u00e3o de acordo com os requisitos. Posteriormente, eles ser\u00e3o entregues ao <strong>Equipe de coordena\u00e7\u00e3o editorial<\/strong>.<\/li>\n<li><strong>Etnografias visuais\/reportagem multim\u00eddia <\/strong>podem ter dura\u00e7\u00e3o m\u00e1xima de 30 minutos, a serem apresentados nos seguintes formatos: .MPEG2 ou 4, .AVI, .MOV ou .MP4. A resolu\u00e7\u00e3o m\u00ednima deve ser de 1280 x 720. A contextualiza\u00e7\u00e3o deve incluir:\n<ol>\n<li>O v\u00eddeo est\u00e1 completo <strong>informa\u00e7\u00f5es t\u00e9cnicas<\/strong>incluindo os nomes da equipe principal de produ\u00e7\u00e3o e os nomes do(s) diretor(es), o per\u00edodo de produ\u00e7\u00e3o, o formato e o tempo de dura\u00e7\u00e3o do v\u00eddeo. A curadoria t\u00e9cnica n\u00e3o deve ser inclu\u00edda na contagem de palavras.<\/li>\n<li><strong>Links para v\u00eddeos<\/strong> no YouTube ou no Vimeo.<\/li>\n<\/ol>\n<\/li>\n<li><strong>Ensaios fotogr\u00e1ficos<\/strong> devem apresentar de vinte a cinquenta fotografias com resolu\u00e7\u00e3o de 300 dpi acompanhadas de informa\u00e7\u00f5es t\u00e9cnicas (artista, local, data, situa\u00e7\u00e3o e assuntos). As legendas das respectivas fotos devem incluir os t\u00edtulos das fotos e trechos de di\u00e1rios de campo, cita\u00e7\u00f5es de entrevistas ou qualquer outro <strong>texto que pode orientar as leituras dessas imagens <\/strong>de acordo com a forma como o autor deseja que essas leituras sejam feitas.<\/li>\n<li><strong>Documenta\u00e7\u00f5es de desempenho audiovisual<\/strong>independentemente de seu tempo de execu\u00e7\u00e3o, devem incluir o seguinte em sua contextualiza\u00e7\u00e3o:\n<ol>\n<li>A documenta\u00e7\u00e3o est\u00e1 completa <strong>informa\u00e7\u00f5es t\u00e9cnicas<\/strong>As informa\u00e7\u00f5es t\u00e9cnicas, incluindo os nomes dos diretores e da equipe principal de produ\u00e7\u00e3o, as datas de produ\u00e7\u00e3o, o formato da documenta\u00e7\u00e3o e o tempo de dura\u00e7\u00e3o. As informa\u00e7\u00f5es t\u00e9cnicas n\u00e3o ser\u00e3o inclu\u00eddas na contagem de palavras.<\/li>\n<li>A <strong>link para o v\u00eddeo<\/strong> no YouTube ou no Vimeo.<\/li>\n<\/ol>\n<\/li>\n<li><strong>Hist\u00f3rias de vida, poesia e arquivos orais <\/strong>devem incluir <strong>informa\u00e7\u00f5es t\u00e9cnicas <\/strong>que indique o t\u00edtulo da obra de arte, o nome de seu autor e a hora e o local de sua documenta\u00e7\u00e3o. As informa\u00e7\u00f5es t\u00e9cnicas n\u00e3o ser\u00e3o inclu\u00eddas na contagem de palavras.<\/li>\n<\/ul>\n<h2>Entrevistas<\/h2>\n<p>Esta se\u00e7\u00e3o apresenta entrevistas com pesquisadores e atores sociais que o <strong>Equipe de coordena\u00e7\u00e3o editorial<\/strong> considera de interesse para a comunidade acad\u00eamica. Essa se\u00e7\u00e3o ser\u00e1 publicada ocasionalmente. A entrevista escrita deve ter entre 1200 e 2400 palavras. Os v\u00eddeos devem durar de 20 a 30 minutos.<\/p>\n<h1>Divulga\u00e7\u00e3o de direitos autorais<\/h1>\n<p>Os autores reservam os direitos autorais e concedem \u00e0 revista o direito de publica\u00e7\u00e3o original; o registro do trabalho incluir\u00e1 a licen\u00e7a de atribui\u00e7\u00e3o da Creative Commons, permitindo que terceiros usem os materiais publicados desde que citem a autoria e a publica\u00e7\u00e3o original em <em>Encartes<\/em>.<\/p>\n<p>Os autores podem firmar outros acordos contratuais independentes e complementares para a distribui\u00e7\u00e3o n\u00e3o exclusiva do artigo <em>Encartes<\/em> originalmente publicado (<em>Por exemplo<\/em>. incluindo-o em um arquivo institucional ou publicando-o como parte de um livro), desde que indiquem claramente que o trabalho foi originalmente publicado em <em>Encartes<\/em>.<\/p>","protected":false},"excerpt":{"rendered":"<p>General Guidelines As part of the publication process, authors are obliged to verify their submissions meet all the following requirements. The Editorial Coordination Team will review the materials and should they not conform to requirements they will be returned to their authors. The requirements are as follows. The submission must never have been previously published [&hellip;]<\/p>","protected":false},"author":4,"featured_media":0,"parent":0,"menu_order":0,"comment_status":"closed","ping_status":"closed","template":"","meta":{"_acf_changed":false,"footnotes":""},"coauthors":[551],"class_list":["post-29878","page","type-page","status-publish","hentry"],"acf":[],"yoast_head":"<!-- This site is optimized with the Yoast SEO plugin v22.2 - https:\/\/yoast.com\/wordpress\/plugins\/seo\/ -->\n<title>Publication policies &#8211; Encartes<\/title>\n<meta name=\"robots\" content=\"index, follow, max-snippet:-1, max-image-preview:large, max-video-preview:-1\" \/>\n<link rel=\"canonical\" href=\"https:\/\/encartes.mx\/pt\/publication-policies\/\" \/>\n<meta property=\"og:locale\" content=\"pt_BR\" \/>\n<meta property=\"og:type\" content=\"article\" \/>\n<meta property=\"og:title\" content=\"Publication policies &#8211; Encartes\" \/>\n<meta property=\"og:description\" content=\"General Guidelines As part of the publication process, authors are obliged to verify their submissions meet all the following requirements. The Editorial Coordination Team will review the materials and should they not conform to requirements they will be returned to their authors. The requirements are as follows. The submission must never have been previously published [&hellip;]\" \/>\n<meta property=\"og:url\" content=\"https:\/\/encartes.mx\/pt\/publication-policies\/\" \/>\n<meta property=\"og:site_name\" content=\"Encartes\" \/>\n<meta property=\"article:modified_time\" content=\"2020-04-02T22:39:30+00:00\" \/>\n<meta name=\"twitter:card\" content=\"summary_large_image\" \/>\n<meta name=\"twitter:label1\" content=\"Est. tempo de leitura\" \/>\n\t<meta name=\"twitter:data1\" content=\"9 minutos\" \/>\n\t<meta name=\"twitter:label2\" content=\"Written by\" \/>\n\t<meta name=\"twitter:data2\" content=\"Arthur Ventura\" \/>\n<script type=\"application\/ld+json\" class=\"yoast-schema-graph\">{\"@context\":\"https:\/\/schema.org\",\"@graph\":[{\"@type\":\"WebPage\",\"@id\":\"https:\/\/encartes.mx\/publication-policies\/\",\"url\":\"https:\/\/encartes.mx\/publication-policies\/\",\"name\":\"Publication policies &#8211; Encartes\",\"isPartOf\":{\"@id\":\"https:\/\/encartes.mx\/#website\"},\"datePublished\":\"2018-02-23T20:21:26+00:00\",\"dateModified\":\"2020-04-02T22:39:30+00:00\",\"breadcrumb\":{\"@id\":\"https:\/\/encartes.mx\/publication-policies\/#breadcrumb\"},\"inLanguage\":\"pt-BR\",\"potentialAction\":[{\"@type\":\"ReadAction\",\"target\":[\"https:\/\/encartes.mx\/publication-policies\/\"]}]},{\"@type\":\"BreadcrumbList\",\"@id\":\"https:\/\/encartes.mx\/publication-policies\/#breadcrumb\",\"itemListElement\":[{\"@type\":\"ListItem\",\"position\":1,\"name\":\"Home\",\"item\":\"https:\/\/encartes.mx\/\"},{\"@type\":\"ListItem\",\"position\":2,\"name\":\"Publication policies\"}]},{\"@type\":\"WebSite\",\"@id\":\"https:\/\/encartes.mx\/#website\",\"url\":\"https:\/\/encartes.mx\/\",\"name\":\"Encartes\",\"description\":\"Revista digital multimedia\",\"publisher\":{\"@id\":\"https:\/\/encartes.mx\/#organization\"},\"potentialAction\":[{\"@type\":\"SearchAction\",\"target\":{\"@type\":\"EntryPoint\",\"urlTemplate\":\"https:\/\/encartes.mx\/?s={search_term_string}\"},\"query-input\":\"required name=search_term_string\"}],\"inLanguage\":\"pt-BR\"},{\"@type\":\"Organization\",\"@id\":\"https:\/\/encartes.mx\/#organization\",\"name\":\"Encartes Antropol\u00f3gicos\",\"url\":\"https:\/\/encartes.mx\/\",\"logo\":{\"@type\":\"ImageObject\",\"inLanguage\":\"pt-BR\",\"@id\":\"https:\/\/encartes.mx\/#\/schema\/logo\/image\/\",\"url\":\"https:\/\/encartes.mx\/wp-content\/uploads\/2017\/04\/Logo-04.png\",\"contentUrl\":\"https:\/\/encartes.mx\/wp-content\/uploads\/2017\/04\/Logo-04.png\",\"width\":338,\"height\":306,\"caption\":\"Encartes Antropol\u00f3gicos\"},\"image\":{\"@id\":\"https:\/\/encartes.mx\/#\/schema\/logo\/image\/\"}}]}<\/script>\n<!-- \/ Yoast SEO plugin. -->","yoast_head_json":{"title":"Publication policies &#8211; Encartes","robots":{"index":"index","follow":"follow","max-snippet":"max-snippet:-1","max-image-preview":"max-image-preview:large","max-video-preview":"max-video-preview:-1"},"canonical":"https:\/\/encartes.mx\/pt\/publication-policies\/","og_locale":"pt_BR","og_type":"article","og_title":"Publication policies &#8211; Encartes","og_description":"General Guidelines As part of the publication process, authors are obliged to verify their submissions meet all the following requirements. The Editorial Coordination Team will review the materials and should they not conform to requirements they will be returned to their authors. The requirements are as follows. The submission must never have been previously published [&hellip;]","og_url":"https:\/\/encartes.mx\/pt\/publication-policies\/","og_site_name":"Encartes","article_modified_time":"2020-04-02T22:39:30+00:00","twitter_card":"summary_large_image","twitter_misc":{"Est. tempo de leitura":"9 minutos","Written by":"Arthur Ventura"},"schema":{"@context":"https:\/\/schema.org","@graph":[{"@type":"WebPage","@id":"https:\/\/encartes.mx\/publication-policies\/","url":"https:\/\/encartes.mx\/publication-policies\/","name":"Publication policies &#8211; Encartes","isPartOf":{"@id":"https:\/\/encartes.mx\/#website"},"datePublished":"2018-02-23T20:21:26+00:00","dateModified":"2020-04-02T22:39:30+00:00","breadcrumb":{"@id":"https:\/\/encartes.mx\/publication-policies\/#breadcrumb"},"inLanguage":"pt-BR","potentialAction":[{"@type":"ReadAction","target":["https:\/\/encartes.mx\/publication-policies\/"]}]},{"@type":"BreadcrumbList","@id":"https:\/\/encartes.mx\/publication-policies\/#breadcrumb","itemListElement":[{"@type":"ListItem","position":1,"name":"Home","item":"https:\/\/encartes.mx\/"},{"@type":"ListItem","position":2,"name":"Publication policies"}]},{"@type":"WebSite","@id":"https:\/\/encartes.mx\/#website","url":"https:\/\/encartes.mx\/","name":"Encartes","description":"Revista digital multimedia","publisher":{"@id":"https:\/\/encartes.mx\/#organization"},"potentialAction":[{"@type":"SearchAction","target":{"@type":"EntryPoint","urlTemplate":"https:\/\/encartes.mx\/?s={search_term_string}"},"query-input":"required name=search_term_string"}],"inLanguage":"pt-BR"},{"@type":"Organization","@id":"https:\/\/encartes.mx\/#organization","name":"Encartes Antropol\u00f3gicos","url":"https:\/\/encartes.mx\/","logo":{"@type":"ImageObject","inLanguage":"pt-BR","@id":"https:\/\/encartes.mx\/#\/schema\/logo\/image\/","url":"https:\/\/encartes.mx\/wp-content\/uploads\/2017\/04\/Logo-04.png","contentUrl":"https:\/\/encartes.mx\/wp-content\/uploads\/2017\/04\/Logo-04.png","width":338,"height":306,"caption":"Encartes Antropol\u00f3gicos"},"image":{"@id":"https:\/\/encartes.mx\/#\/schema\/logo\/image\/"}}]}},"jetpack_sharing_enabled":true,"_links":{"self":[{"href":"https:\/\/encartes.mx\/pt\/wp-json\/wp\/v2\/pages\/29878","targetHints":{"allow":["GET"]}}],"collection":[{"href":"https:\/\/encartes.mx\/pt\/wp-json\/wp\/v2\/pages"}],"about":[{"href":"https:\/\/encartes.mx\/pt\/wp-json\/wp\/v2\/types\/page"}],"author":[{"embeddable":true,"href":"https:\/\/encartes.mx\/pt\/wp-json\/wp\/v2\/users\/4"}],"replies":[{"embeddable":true,"href":"https:\/\/encartes.mx\/pt\/wp-json\/wp\/v2\/comments?post=29878"}],"version-history":[{"count":11,"href":"https:\/\/encartes.mx\/pt\/wp-json\/wp\/v2\/pages\/29878\/revisions"}],"predecessor-version":[{"id":32318,"href":"https:\/\/encartes.mx\/pt\/wp-json\/wp\/v2\/pages\/29878\/revisions\/32318"}],"wp:attachment":[{"href":"https:\/\/encartes.mx\/pt\/wp-json\/wp\/v2\/media?parent=29878"}],"wp:term":[{"taxonomy":"author","embeddable":true,"href":"https:\/\/encartes.mx\/pt\/wp-json\/wp\/v2\/coauthors?post=29878"}],"curies":[{"name":"wp","href":"https:\/\/api.w.org\/{rel}","templated":true}]}}