{"id":28562,"date":"2017-01-27T15:43:47","date_gmt":"2017-01-27T15:43:47","guid":{"rendered":"https:\/\/encartesantropologicos.mx\/wordpress\/?page_id=28562"},"modified":"2018-02-26T18:51:57","modified_gmt":"2018-02-26T18:51:57","slug":"ece","status":"publish","type":"page","link":"https:\/\/encartes.mx\/pt\/ece\/","title":{"rendered":"Equipe de Coordena\u00e7\u00e3o Editorial"},"content":{"rendered":"<p>[et_pb_section transparent_background=\"off\" background_color=\"#000000\u2033 allow_player_pause=\"off\" inner_shadow=\"off\" parallax=\"off\" parallax_method=\"on\" make_fullwidth=\"off\" use_custom_width=\"off\" width_unit=\"off\" custom_width_px=\"1080px\" custom_width_percent=\"80%\" make_equal=\"off\" use_custom_gutter=\"off\" fullwidth=\"off\" specialty=\"off\" admin_label=\"section\" disabled=\"off\"][et_pb_row make_fullwidth=\"off\" use_custom_width=\"off\" width_unit=\"off\" custom_width_px=\"1080px\" custom_width_percent=\"80%\" use_custom_gutter=\"off\" gutter_width=\"3\u2033 custom_padding=\"22.6562px|0px|22.6562px|2px\" background_color=\"rgba(0,0,0,0)\" allow_player_pause=\"off\" parallax=\"off\" parallax_method=\"on\" make_equal=\"off\" parallax_1=\"off\" parallax_method_1=\"on\" parallax_2=\"off\" parallax_2=\"off\" parallax_method_2=\"on\" parallax_3=\"off\" parallax_method_3=\"on\" parallax_4=\"off\" parallax_method_4=\"on\" admin_label=\"row\" disabled=\"off\"][et_pb_column type=\"4_4\u2033 disabled=\"off\" parallax=\"off\" parallax_method=\"on\"][et_pb_text background_layout=\"light\" text_orientation=\"left\" admin_label=\"Texto\" header_font_size=\"25px\" header_text_color=\"#ffffffffff\" text_text_color=\"#ffffffffff\" use_border_border_color=\"off\" border_style=\"solid\" disabled=\"off\"]]<\/p>\n<h1 style=\"text-align: center;\"><strong>Equipe de coordena\u00e7\u00e3o editorial<\/strong><\/h1>\n<p>&nbsp;<\/p>\n<h1 style=\"text-align: center;\">Diretor: Ren\u00e9e de la Torre<\/h1>\n<img loading=\"lazy\" decoding=\"async\" class=\"wp-image-28616 size-medium aligncenter\" src=\"..\/..\/wordpress\/wp-content\/uploads\/2017\/01\/Renee02-300x292.png\" width=\"300\" height=\"292\" srcset=\"https:\/\/encartes.mx\/wp-content\/uploads\/2017\/01\/Renee02-300x292.png 300w, https:\/\/encartes.mx\/wp-content\/uploads\/2017\/01\/Renee02.png 495w\" sizes=\"auto, (max-width: 300px) 100vw, 300px\" \/>\n<p>Ren\u00e9e de la Torre \u00e9 PhD em Antropologia Social pelo CIESAS e pela Universidade de Guadalajara. \u00c9 membro do SNI n\u00edvel III e da Academia Nacional de Ci\u00eancias. \u00c9 professora-pesquisadora do CIESAS Occidente, em Guadalajara, M\u00e9xico. \u00c9 co-fundadora da Rede de Pesquisadores do Fen\u00f4meno Religioso no M\u00e9xico (RIFREM). Durante sua carreira de pesquisadora, dedicou-se ao estudo da diversidade religiosa no M\u00e9xico; ao estudo de novos movimentos religiosos; ao surgimento de espiritualidades alternativas, como a Nova Era e a Neomexicanidade; e, mais recentemente, pesquisou a din\u00e2mica da transnacionaliza\u00e7\u00e3o das dan\u00e7as rituais astecas e da religiosidade popular. Ele realizou mais de uma d\u00fazia de exposi\u00e7\u00f5es de fotografias etnogr\u00e1ficas. Entre suas publica\u00e7\u00f5es mais recentes est\u00e1 o livro Variaciones Latinoamericanas del New Age. CIESAS, M\u00e9xico (2013), publicado em ingl\u00eas. <em>Nova Era na Am\u00e9rica Latina. <\/em><em>Varia\u00e7\u00f5es populares e apropria\u00e7\u00f5es \u00e9tnicas,<\/em> Brill (2016). Ela \u00e9 autora de: \"Ultra-baroque Catholicism: Multiplied images and decentered religious symbols\". <em>B\u00fassola Social<\/em> (2016); e coautor dos seguintes artigos: \"Routes et sens postcoloniaux de la transnationalisation religieuse\". <em>N\u00edvel Mundial<\/em> (2016) ; \"Religious Studies in Latin America\" (Estudos religiosos na Am\u00e9rica Latina). <em>Annual Review of Sociology (Revis\u00e3o Anual de Sociologia).<\/em>\u00a0 (2016); \"The temazcal: a pre-Hispanic ritual transculturalised by alternative spiritual networks\" [O temazcal: um ritual pr\u00e9-hisp\u00e2nico transculturalizado por redes espirituais alternativas]. <em>Ci\u00eancias Sociais e Reli<\/em><em>gion<\/em> (2016) , e \"Religion and rescaling: how Santo Toribio put Santa Ana on the global religious map\" (Religi\u00e3o e redimensionamento: como Santo Toribio colocou Santa Ana no mapa religioso global). <em>Sociologia atual<\/em> (2016).<\/p>\n<h1 style=\"text-align: center;\">Editor de se\u00e7\u00e3o: Pablo Mateos<\/h1>\n<img loading=\"lazy\" decoding=\"async\" class=\"wp-image-28617 size-medium aligncenter\" src=\"..\/..\/wordpress\/wp-content\/uploads\/2017\/01\/Pablo02-300x292.png\" width=\"300\" height=\"292\" srcset=\"https:\/\/encartes.mx\/wp-content\/uploads\/2017\/01\/Pablo02-300x292.png 300w, https:\/\/encartes.mx\/wp-content\/uploads\/2017\/01\/Pablo02.png 495w\" sizes=\"auto, (max-width: 300px) 100vw, 300px\" \/>\n<p>Doutor em Geografia pela Universidade de Londres, ele \u00e9 professor pesquisador do Centro de Investigaciones y Estudios Superiores en Antropolog\u00eda Social (CIESAS Occidente). Seus interesses de pesquisa se concentram em etnia e migra\u00e7\u00e3o internacional, cidadania m\u00faltipla, estat\u00edsticas \u00e9tnicas e segrega\u00e7\u00e3o urbana.<\/p>\n<p>Algumas de suas publica\u00e7\u00f5es mais importantes: <em>Multiple citizenship and migration: Latin American perspectives (coordenador 2015); Names, ethnicity, and populations. Tra\u00e7ando a identidade no espa\u00e7o <\/em>(2014); \"Geovisualiza\u00e7\u00e3o da popula\u00e7\u00e3o: novas tend\u00eancias na rede social\" em <em>Pesquisa geogr\u00e1fica <\/em>(2013); \"Segrega\u00e7\u00e3o socioecon\u00f4mica em cidades latino-americanas: uma aplica\u00e7\u00e3o geodermogr\u00e1fica na Cidade do M\u00e9xico\" em <em>Journal of Setlements and Spatial Planning (Jornal de assentamentos e planejamento espacial) <\/em>(2013); \"Residence vs ancestry in acquisition of Spanish citizenship; A 'nnography'approach\" em <em>Migra\u00e7\u00e3o internacional <\/em>(2012).<\/p>\n<h1 style=\"text-align: center;\">Editora da se\u00e7\u00e3o: Alejandra Navarro<\/h1>\n<img loading=\"lazy\" decoding=\"async\" class=\"size-medium wp-image-28615 aligncenter\" src=\"..\/..\/wordpress\/wp-content\/uploads\/2017\/01\/Alejandra04-300x292.png\" alt=\"\" width=\"300\" height=\"292\" srcset=\"https:\/\/encartes.mx\/wp-content\/uploads\/2017\/01\/Alejandra04-300x292.png 300w, https:\/\/encartes.mx\/wp-content\/uploads\/2017\/01\/Alejandra04.png 495w\" sizes=\"auto, (max-width: 300px) 100vw, 300px\" \/>\n<p>Doutora em Antropologia Social pela Universidade de Manchester, seus interesses de pesquisa s\u00e3o processos socioecon\u00f4micos, meio ambiente, antropologia pol\u00edtica e jur\u00eddica, etnografia visual, conflitos socioambientais, direitos e representa\u00e7\u00e3o de povos e comunidades ind\u00edgenas e identidades pol\u00edticas contempor\u00e2neas. Suas publica\u00e7\u00f5es incluem: <em>Racismo, exclus\u00e3o, xenofobia e diversidade cultural na fronteira entre os EUA e o M\u00e9xico <\/em>(Alejandra Navarro e Carlos V\u00e9lez-Iba\u00f1ez, 2010); <em>Olhando para o sol. Para uma configura\u00e7\u00e3o do fen\u00f4meno da migra\u00e7\u00e3o M\u00e9xico-EUA <\/em>(2001); \"Derechos colectivos y consulta previa: territorio cucap\u00e1 y recursos pesqueros en Baja California\" em <em>Revista Colombiana de Sociologia <\/em>(Navarro Smith, A., Bravo Espinosa, Y e L\u00f3pez-Sag\u00e1stegui, 2014); \"Reconocimiento de derechos diferenciados en la cultura jur\u00eddica central mexicana. Apuntes desde el caso cucap\u00e1\" em <em>Di\u00e1rio de campo <\/em>(2014); \"Legislaci\u00f3n de pesca y obst\u00e1culos para el reconocimiento de derechos al uso de preferencial de recursos naturales del pueblo cucap\u00e1\" em <em>Revista de Estudos e Pesquisas sobre as Am\u00e9ricas <\/em>(Navarro, Alejandra, Yacotzin Bravo e Catalina L\u00f3pez-Sag\u00e1stegui, 2013); \"Pescadores cucap\u00e1 contempor\u00e1neos: investigaci\u00f3n y video colaborativo en un escenario de conflicto\" em <em>Horizontes antropol\u00f3gicos<\/em> (2013); \"Representaci\u00f3n y antropolog\u00eda visual: videos y construcci\u00f3n de significados sobre lo cucap\u00e1\" em <em>Revista Chilena de Antropologia Visual <\/em>(2012); \"Conflito e dist\u00e2ncia: notas cr\u00edticas sobre leituras e trabalhos antropol\u00f3gicos\" em <em>Revis\u00e3o da pesquisa latino-americana, Journal of the Latin American Studies Association <\/em>(2012); \"Navigating against the tide. Los cucap\u00e1s y la legislaci\u00f3n ambiental\" em <em>Cultural <\/em>(Navarro Smith, Alejandra; Alberto Tapia e Everardo Gardu\u00f1o, 2010).<\/p>\n<h1 style=\"text-align: center;\">Editor de se\u00e7\u00e3o: Mar\u00eda Eugenia de la O<\/h1>\n<img loading=\"lazy\" decoding=\"async\" class=\"wp-image-28618 size-medium aligncenter\" src=\"..\/..\/wordpress\/wp-content\/uploads\/2017\/01\/MarudelaO02-300x292.png\" width=\"300\" height=\"292\" srcset=\"https:\/\/encartes.mx\/wp-content\/uploads\/2017\/01\/MarudelaO02-300x292.png 300w, https:\/\/encartes.mx\/wp-content\/uploads\/2017\/01\/MarudelaO02.png 495w\" sizes=\"auto, (max-width: 300px) 100vw, 300px\" \/>\n<p>Doutora em Ci\u00eancias Sociais com especializa\u00e7\u00e3o em Sociologia pelo El Colegio de M\u00e9xico no Centro de Estudios Sociol\u00f3gicos, atualmente \u00e9 pesquisadora no Centro de Investigaciones y Estudios Superiores en Antropolog\u00eda Social (Centro de Pesquisas e Estudos Superiores em Antropologia Social). Seus interesses de pesquisa incluem g\u00eanero e mercados de trabalho, migra\u00e7\u00e3o internacional, juventude, estudos do trabalho, viol\u00eancia e tr\u00e1fico de drogas.<\/p>\n<p>Publica\u00e7\u00f5es em destaque: <em>Hist\u00f3ria regional da Baja California <\/em>(2000); <em>Inova\u00e7\u00e3o tecnol\u00f3gica e a classe trabalhadora. Um estudo de caso da ind\u00fastria eletr\u00f4nica maquiladora RCA. <\/em>(1994); <em>Mulheres trabalhadoras nas sombras. Dimens\u00f5es do servi\u00e7o dom\u00e9stico latino-americano <\/em>(Dur\u00edn S\u00e9verine, De la O, Mar\u00eda Eugenia e Bastos, coordenadores de Santiago, 2014); <em>Mulheres e diversidade trabalhista no M\u00e9xico <\/em>(coordenador 2014); <em>G\u00eanero e trabalho nas maquiladoras do M\u00e9xico: novos atores em novos contextos <\/em>(coordenador 2013); \"Vulnerabilidad y adopci\u00f3n de menores en Jalisco\" em <em>Sentido humano <\/em>(2014); \"Trabalho e cidadania. Uma reflex\u00e3o necess\u00e1ria para a sociedade do s\u00e9culo XXI\", em <em>Espiral<\/em> (2013); \"Narcoviolencia y ciencias sociales: lo que miramos, lo que interpretamos\" em <em>Discord\u00e2ncias <\/em>(2012); \"Violence, youth and vulnerability in the northeastern border of Mexico\" (Viol\u00eancia, juventude e vulnerabilidade na fronteira nordeste do M\u00e9xico) em <em>Desacatos, De la O, Mar\u00eda Eugenia e Flores \u00c1vila, Alma Leticia<\/em> (2012); \"Ser joven en la frontera norte de M\u00e9xico\" em <em>Discord\u00e2ncias<\/em> (2012); \"Narcotr\u00e1fico e literatura\" em <em>Discord\u00e2ncias<\/em> (2012).<\/p>\n<p>&nbsp;<\/p>\n<h1 style=\"text-align: center;\"><span style=\"color: #ffffff;\"><strong>Editor da se\u00e7\u00e3o de entrevistas: Joel Pedraza Maduzano<\/strong><\/span><\/h1>\n<img loading=\"lazy\" decoding=\"async\" class=\"size-medium wp-image-28795 aligncenter\" src=\"https:\/\/encartesantropologicos.mx\/wordpress\/wp-content\/uploads\/2017\/01\/Joel01-300x292.png\" alt=\"\" width=\"300\" height=\"292\" \/>\n<p>Estudante de doutorado em Ci\u00eancias Sociais no CIESAS Occidente, seus t\u00f3picos de pesquisa incluem migra\u00e7\u00e3o, comunica\u00e7\u00e3o, tecnologias e juventude.<\/p>\n<p>Publica\u00e7\u00f5es de destaque: \"Social networks and communicative meaning in Mexican Migration Networks in the Us\" em <em>A transforma\u00e7\u00e3o digital na esfera p\u00fablica <\/em>(2016)<\/p>\n<h1 style=\"text-align: center;\"><strong><span style=\"color: #ffffff;\">Assistente editorial: Jacobo Moreno Rodr\u00edguez<\/span><\/strong><\/h1>\n<p>Formado em Gest\u00e3o Cultural pela Universidade de Guadalajara. Trabalhou em projetos editoriais para Santillana, Planeta, SEP. Gerente de projetos e equipes.<\/p>\n<h2><\/h2>\n<p>[\/et_pb_text][\/et_pb_column][\/et_pb_row][\/et_pb_section].<\/p>","protected":false},"excerpt":{"rendered":"<p>[et_pb_section transparent_background=\"off\" background_color=\"#000000\u2033 allow_player_pause=\"off\" inner_shadow=\"off\" parallax=\"off\" parallax_method=\"on\" make_fullwidth=\"off\" use_custom_width=\"off\" width_unit=\"off\" custom_width_px=\"1080px\" custom_width_percent=\"80%\" make_equal=\"off\" use_custom_gutter=\"off\" fullwidth=\"off\" specialty=\"off\" admin_label=\"section\" disabled=\"off\"][et_pb_row make_fullwidth=\"off\" use_custom_width=\"off\" width_unit=\"off\" custom_width_px=\"1080px\" custom_width_percent=\"80%\" use_custom_gutter=\"off\" gutter_width=\"3\u2033 custom_padding=\"22.6562px|0px|22.6562px|2px\" background_color=\"rgba(0,0,0,0)\" allow_player_pause=\"off\" parallax=\"off\" parallax_method=\"on\" make_equal=\"off\" parallax_1=\"off\" parallax_method_1=\"on\" parallax_2=\"off\" parallax_2=\"off\" parallax_method_2=\"on\" parallax_3=\"off\" parallax_method_3=\"on\" parallax_4=\"off\" parallax_method_4=\"on\" admin_label=\"row\" disabled=\"off\"][et_pb_column type=\"4_4\u2033 disabled=\"off\" parallax=\"off\" parallax_method=\"on\"][et_pb_text background_layout=\"light\" text_orientation=\"left\" admin_label=\"Texto\" header_font_size=\"25px\" header_text_color=\"#ffffffff\" text_text_color=\"#ffffffffff\" use_border_border_color=\"off\" border_style=\"solid\" disabled=\"off\"]] Equipe [...]<\/p>","protected":false},"author":4,"featured_media":0,"parent":0,"menu_order":0,"comment_status":"closed","ping_status":"closed","template":"ece.php","meta":{"_acf_changed":false,"footnotes":""},"coauthors":[791,551],"class_list":["post-28562","page","type-page","status-publish","hentry"],"acf":[],"yoast_head":"<!-- This site is optimized with the Yoast SEO plugin v22.2 - https:\/\/yoast.com\/wordpress\/plugins\/seo\/ -->\n<title>Equipo de coordinaci\u00f3n editorial &#8211; Encartes<\/title>\n<meta name=\"robots\" content=\"index, follow, max-snippet:-1, max-image-preview:large, max-video-preview:-1\" \/>\n<link rel=\"canonical\" href=\"https:\/\/encartes.mx\/pt\/ece\/\" \/>\n<meta property=\"og:locale\" content=\"pt_BR\" \/>\n<meta property=\"og:type\" content=\"article\" \/>\n<meta property=\"og:title\" content=\"Equipo de coordinaci\u00f3n editorial &#8211; Encartes\" \/>\n<meta property=\"og:description\" content=\"[et_pb_section transparent_background=&#8221;off&#8221; background_color=&#8221;#000000&#8243; allow_player_pause=&#8221;off&#8221; inner_shadow=&#8221;off&#8221; parallax=&#8221;off&#8221; parallax_method=&#8221;on&#8221; make_fullwidth=&#8221;off&#8221; use_custom_width=&#8221;off&#8221; width_unit=&#8221;off&#8221; custom_width_px=&#8221;1080px&#8221; custom_width_percent=&#8221;80%&#8221; make_equal=&#8221;off&#8221; use_custom_gutter=&#8221;off&#8221; fullwidth=&#8221;off&#8221; specialty=&#8221;off&#8221; admin_label=&#8221;section&#8221; disabled=&#8221;off&#8221;][et_pb_row make_fullwidth=&#8221;off&#8221; use_custom_width=&#8221;off&#8221; width_unit=&#8221;off&#8221; custom_width_px=&#8221;1080px&#8221; custom_width_percent=&#8221;80%&#8221; use_custom_gutter=&#8221;off&#8221; gutter_width=&#8221;3&#8243; custom_padding=&#8221;22.6562px|0px|22.6562px|2px&#8221; background_color=&#8221;rgba(0,0,0,0)&#8221; allow_player_pause=&#8221;off&#8221; parallax=&#8221;off&#8221; parallax_method=&#8221;on&#8221; make_equal=&#8221;off&#8221; parallax_1=&#8221;off&#8221; parallax_method_1=&#8221;on&#8221; parallax_2=&#8221;off&#8221; parallax_method_2=&#8221;on&#8221; parallax_3=&#8221;off&#8221; parallax_method_3=&#8221;on&#8221; parallax_4=&#8221;off&#8221; parallax_method_4=&#8221;on&#8221; admin_label=&#8221;row&#8221; disabled=&#8221;off&#8221;][et_pb_column type=&#8221;4_4&#8243; disabled=&#8221;off&#8221; parallax=&#8221;off&#8221; parallax_method=&#8221;on&#8221;][et_pb_text background_layout=&#8221;light&#8221; text_orientation=&#8221;left&#8221; admin_label=&#8221;Text&#8221; header_font_size=&#8221;25px&#8221; header_text_color=&#8221;#ffffff&#8221; text_text_color=&#8221;#ffffff&#8221; use_border_color=&#8221;off&#8221; border_style=&#8221;solid&#8221; disabled=&#8221;off&#8221;] Equipo [&hellip;]\" \/>\n<meta property=\"og:url\" content=\"https:\/\/encartes.mx\/pt\/ece\/\" \/>\n<meta property=\"og:site_name\" content=\"Encartes\" \/>\n<meta property=\"article:modified_time\" content=\"2018-02-26T18:51:57+00:00\" \/>\n<meta property=\"og:image\" content=\"https:\/\/encartesantropologicos.mx\/wordpress\/wp-content\/uploads\/2017\/01\/Joel01-300x292.png\" \/>\n<meta name=\"twitter:card\" content=\"summary_large_image\" \/>\n<meta name=\"twitter:label1\" content=\"Est. tempo de leitura\" \/>\n\t<meta name=\"twitter:data1\" content=\"6 minutos\" \/>\n\t<meta name=\"twitter:label2\" content=\"Written by\" \/>\n\t<meta name=\"twitter:data2\" content=\"Arthur Ventura\" \/>\n<script type=\"application\/ld+json\" class=\"yoast-schema-graph\">{\"@context\":\"https:\/\/schema.org\",\"@graph\":[{\"@type\":\"WebPage\",\"@id\":\"https:\/\/encartes.mx\/ece\/\",\"url\":\"https:\/\/encartes.mx\/ece\/\",\"name\":\"Equipo de coordinaci\u00f3n editorial &#8211; Encartes\",\"isPartOf\":{\"@id\":\"https:\/\/encartes.mx\/#website\"},\"primaryImageOfPage\":{\"@id\":\"https:\/\/encartes.mx\/ece\/#primaryimage\"},\"image\":{\"@id\":\"https:\/\/encartes.mx\/ece\/#primaryimage\"},\"thumbnailUrl\":\"https:\/\/encartesantropologicos.mx\/wordpress\/wp-content\/uploads\/2017\/01\/Joel01-300x292.png\",\"datePublished\":\"2017-01-27T15:43:47+00:00\",\"dateModified\":\"2018-02-26T18:51:57+00:00\",\"breadcrumb\":{\"@id\":\"https:\/\/encartes.mx\/ece\/#breadcrumb\"},\"inLanguage\":\"pt-BR\",\"potentialAction\":[{\"@type\":\"ReadAction\",\"target\":[\"https:\/\/encartes.mx\/ece\/\"]}]},{\"@type\":\"ImageObject\",\"inLanguage\":\"pt-BR\",\"@id\":\"https:\/\/encartes.mx\/ece\/#primaryimage\",\"url\":\"https:\/\/encartesantropologicos.mx\/wordpress\/wp-content\/uploads\/2017\/01\/Joel01-300x292.png\",\"contentUrl\":\"https:\/\/encartesantropologicos.mx\/wordpress\/wp-content\/uploads\/2017\/01\/Joel01-300x292.png\"},{\"@type\":\"BreadcrumbList\",\"@id\":\"https:\/\/encartes.mx\/ece\/#breadcrumb\",\"itemListElement\":[{\"@type\":\"ListItem\",\"position\":1,\"name\":\"Home\",\"item\":\"https:\/\/encartes.mx\/\"},{\"@type\":\"ListItem\",\"position\":2,\"name\":\"Equipo de coordinaci\u00f3n editorial\"}]},{\"@type\":\"WebSite\",\"@id\":\"https:\/\/encartes.mx\/#website\",\"url\":\"https:\/\/encartes.mx\/\",\"name\":\"Encartes\",\"description\":\"Revista digital multimedia\",\"publisher\":{\"@id\":\"https:\/\/encartes.mx\/#organization\"},\"potentialAction\":[{\"@type\":\"SearchAction\",\"target\":{\"@type\":\"EntryPoint\",\"urlTemplate\":\"https:\/\/encartes.mx\/?s={search_term_string}\"},\"query-input\":\"required name=search_term_string\"}],\"inLanguage\":\"pt-BR\"},{\"@type\":\"Organization\",\"@id\":\"https:\/\/encartes.mx\/#organization\",\"name\":\"Encartes Antropol\u00f3gicos\",\"url\":\"https:\/\/encartes.mx\/\",\"logo\":{\"@type\":\"ImageObject\",\"inLanguage\":\"pt-BR\",\"@id\":\"https:\/\/encartes.mx\/#\/schema\/logo\/image\/\",\"url\":\"https:\/\/encartes.mx\/wp-content\/uploads\/2017\/04\/Logo-04.png\",\"contentUrl\":\"https:\/\/encartes.mx\/wp-content\/uploads\/2017\/04\/Logo-04.png\",\"width\":338,\"height\":306,\"caption\":\"Encartes Antropol\u00f3gicos\"},\"image\":{\"@id\":\"https:\/\/encartes.mx\/#\/schema\/logo\/image\/\"}}]}<\/script>\n<!-- \/ Yoast SEO plugin. -->","yoast_head_json":{"title":"Equipo de coordinaci\u00f3n editorial &#8211; Encartes","robots":{"index":"index","follow":"follow","max-snippet":"max-snippet:-1","max-image-preview":"max-image-preview:large","max-video-preview":"max-video-preview:-1"},"canonical":"https:\/\/encartes.mx\/pt\/ece\/","og_locale":"pt_BR","og_type":"article","og_title":"Equipo de coordinaci\u00f3n editorial &#8211; Encartes","og_description":"[et_pb_section transparent_background=&#8221;off&#8221; background_color=&#8221;#000000&#8243; allow_player_pause=&#8221;off&#8221; inner_shadow=&#8221;off&#8221; parallax=&#8221;off&#8221; parallax_method=&#8221;on&#8221; make_fullwidth=&#8221;off&#8221; use_custom_width=&#8221;off&#8221; width_unit=&#8221;off&#8221; custom_width_px=&#8221;1080px&#8221; custom_width_percent=&#8221;80%&#8221; make_equal=&#8221;off&#8221; use_custom_gutter=&#8221;off&#8221; fullwidth=&#8221;off&#8221; specialty=&#8221;off&#8221; admin_label=&#8221;section&#8221; disabled=&#8221;off&#8221;][et_pb_row make_fullwidth=&#8221;off&#8221; use_custom_width=&#8221;off&#8221; width_unit=&#8221;off&#8221; custom_width_px=&#8221;1080px&#8221; custom_width_percent=&#8221;80%&#8221; use_custom_gutter=&#8221;off&#8221; gutter_width=&#8221;3&#8243; custom_padding=&#8221;22.6562px|0px|22.6562px|2px&#8221; background_color=&#8221;rgba(0,0,0,0)&#8221; allow_player_pause=&#8221;off&#8221; parallax=&#8221;off&#8221; parallax_method=&#8221;on&#8221; make_equal=&#8221;off&#8221; parallax_1=&#8221;off&#8221; parallax_method_1=&#8221;on&#8221; parallax_2=&#8221;off&#8221; parallax_method_2=&#8221;on&#8221; parallax_3=&#8221;off&#8221; parallax_method_3=&#8221;on&#8221; parallax_4=&#8221;off&#8221; parallax_method_4=&#8221;on&#8221; admin_label=&#8221;row&#8221; disabled=&#8221;off&#8221;][et_pb_column type=&#8221;4_4&#8243; disabled=&#8221;off&#8221; parallax=&#8221;off&#8221; parallax_method=&#8221;on&#8221;][et_pb_text background_layout=&#8221;light&#8221; text_orientation=&#8221;left&#8221; admin_label=&#8221;Text&#8221; header_font_size=&#8221;25px&#8221; header_text_color=&#8221;#ffffff&#8221; text_text_color=&#8221;#ffffff&#8221; use_border_color=&#8221;off&#8221; border_style=&#8221;solid&#8221; disabled=&#8221;off&#8221;] Equipo [&hellip;]","og_url":"https:\/\/encartes.mx\/pt\/ece\/","og_site_name":"Encartes","article_modified_time":"2018-02-26T18:51:57+00:00","og_image":[{"url":"https:\/\/encartesantropologicos.mx\/wordpress\/wp-content\/uploads\/2017\/01\/Joel01-300x292.png"}],"twitter_card":"summary_large_image","twitter_misc":{"Est. tempo de leitura":"6 minutos","Written by":"Arthur Ventura"},"schema":{"@context":"https:\/\/schema.org","@graph":[{"@type":"WebPage","@id":"https:\/\/encartes.mx\/ece\/","url":"https:\/\/encartes.mx\/ece\/","name":"Equipo de coordinaci\u00f3n editorial &#8211; Encartes","isPartOf":{"@id":"https:\/\/encartes.mx\/#website"},"primaryImageOfPage":{"@id":"https:\/\/encartes.mx\/ece\/#primaryimage"},"image":{"@id":"https:\/\/encartes.mx\/ece\/#primaryimage"},"thumbnailUrl":"https:\/\/encartesantropologicos.mx\/wordpress\/wp-content\/uploads\/2017\/01\/Joel01-300x292.png","datePublished":"2017-01-27T15:43:47+00:00","dateModified":"2018-02-26T18:51:57+00:00","breadcrumb":{"@id":"https:\/\/encartes.mx\/ece\/#breadcrumb"},"inLanguage":"pt-BR","potentialAction":[{"@type":"ReadAction","target":["https:\/\/encartes.mx\/ece\/"]}]},{"@type":"ImageObject","inLanguage":"pt-BR","@id":"https:\/\/encartes.mx\/ece\/#primaryimage","url":"https:\/\/encartesantropologicos.mx\/wordpress\/wp-content\/uploads\/2017\/01\/Joel01-300x292.png","contentUrl":"https:\/\/encartesantropologicos.mx\/wordpress\/wp-content\/uploads\/2017\/01\/Joel01-300x292.png"},{"@type":"BreadcrumbList","@id":"https:\/\/encartes.mx\/ece\/#breadcrumb","itemListElement":[{"@type":"ListItem","position":1,"name":"Home","item":"https:\/\/encartes.mx\/"},{"@type":"ListItem","position":2,"name":"Equipo de coordinaci\u00f3n editorial"}]},{"@type":"WebSite","@id":"https:\/\/encartes.mx\/#website","url":"https:\/\/encartes.mx\/","name":"Encartes","description":"Revista digital multimedia","publisher":{"@id":"https:\/\/encartes.mx\/#organization"},"potentialAction":[{"@type":"SearchAction","target":{"@type":"EntryPoint","urlTemplate":"https:\/\/encartes.mx\/?s={search_term_string}"},"query-input":"required name=search_term_string"}],"inLanguage":"pt-BR"},{"@type":"Organization","@id":"https:\/\/encartes.mx\/#organization","name":"Encartes Antropol\u00f3gicos","url":"https:\/\/encartes.mx\/","logo":{"@type":"ImageObject","inLanguage":"pt-BR","@id":"https:\/\/encartes.mx\/#\/schema\/logo\/image\/","url":"https:\/\/encartes.mx\/wp-content\/uploads\/2017\/04\/Logo-04.png","contentUrl":"https:\/\/encartes.mx\/wp-content\/uploads\/2017\/04\/Logo-04.png","width":338,"height":306,"caption":"Encartes Antropol\u00f3gicos"},"image":{"@id":"https:\/\/encartes.mx\/#\/schema\/logo\/image\/"}}]}},"jetpack_sharing_enabled":true,"_links":{"self":[{"href":"https:\/\/encartes.mx\/pt\/wp-json\/wp\/v2\/pages\/28562","targetHints":{"allow":["GET"]}}],"collection":[{"href":"https:\/\/encartes.mx\/pt\/wp-json\/wp\/v2\/pages"}],"about":[{"href":"https:\/\/encartes.mx\/pt\/wp-json\/wp\/v2\/types\/page"}],"author":[{"embeddable":true,"href":"https:\/\/encartes.mx\/pt\/wp-json\/wp\/v2\/users\/4"}],"replies":[{"embeddable":true,"href":"https:\/\/encartes.mx\/pt\/wp-json\/wp\/v2\/comments?post=28562"}],"version-history":[{"count":8,"href":"https:\/\/encartes.mx\/pt\/wp-json\/wp\/v2\/pages\/28562\/revisions"}],"predecessor-version":[{"id":35407,"href":"https:\/\/encartes.mx\/pt\/wp-json\/wp\/v2\/pages\/28562\/revisions\/35407"}],"wp:attachment":[{"href":"https:\/\/encartes.mx\/pt\/wp-json\/wp\/v2\/media?parent=28562"}],"wp:term":[{"taxonomy":"author","embeddable":true,"href":"https:\/\/encartes.mx\/pt\/wp-json\/wp\/v2\/coauthors?post=28562"}],"curies":[{"name":"wp","href":"https:\/\/api.w.org\/{rel}","templated":true}]}}