{"id":5,"date":"2017-01-11T00:10:34","date_gmt":"2017-01-11T00:10:34","guid":{"rendered":"http:\/\/162.243.168.105\/wordpress\/?page_id=5"},"modified":"2023-11-27T19:37:25","modified_gmt":"2023-11-28T01:37:25","slug":"about","status":"publish","type":"page","link":"https:\/\/encartes.mx\/fr\/about\/","title":{"rendered":"Processus d'\u00e9valuation par les pairs"},"content":{"rendered":"<h1 class=\"wp-block-heading\"> <strong>Processus d'\u00e9valuation par les pairs<\/strong><\/h1>\n\n\n\n<p class=\"has-large-font-size\"><\/p>\n\n\n\n<p class=\"has-text-align-justify\">Une fois le document original re\u00e7u, il sera soumis : 1) \u00e0 un programme de d\u00e9tection du plagiat ; 2) \u00e0 une lecture de pertinence effectu\u00e9e par l'un des membres de l'\u00e9quipe de coordination \u00e9ditoriale ; 3) \u00e0 un avis en double aveugle. Il sera envoy\u00e9 \u00e0 deux relecteurs, de pr\u00e9f\u00e9rence des sp\u00e9cialistes externes aux institutions \u00e9ditrices, garantissant la confidentialit\u00e9 et l'anonymat afin d'\u00eatre r\u00e9gi par la proc\u00e9dure dite en double aveugle. En cas de controverse entre les deux avis, une troisi\u00e8me \u00e9valuation sera demand\u00e9e. L'\u00e9quipe \u00e9ditoriale d\u00e9cidera en dernier ressort de la publication ou du rejet. Les auteurs seront inform\u00e9s des r\u00e9sultats de l'\u00e9valuation dans un d\u00e9lai inf\u00e9rieur \u00e0 six mois. Si un article n'est pas accept\u00e9, l'auteur sera inform\u00e9 des raisons de cette d\u00e9cision.<\/p>\n\n\n\n<p class=\"has-text-align-justify\">Le r\u00e9sultat de chacune des \u00e9valuations peut \u00eatre : 1) rejet\u00e9 ; 2) accept\u00e9 sous r\u00e9serve de modifications majeures ; 3) accept\u00e9 sous r\u00e9serve de modifications mineures ; 4) accept\u00e9 sans modifications.<\/p>\n\n\n\n<p class=\"has-text-align-justify\">Une fois l'article approuv\u00e9, l'auteur doit signer une lettre de cession des droits de propri\u00e9t\u00e9 dans laquelle il autorise Encartes \u00e0 diffuser l'article par voie \u00e9lectronique.<\/p>\n\n\n\n<p class=\"has-text-align-justify\">Les articles seront publi\u00e9s dans l'ann\u00e9e qui suit l'acceptation du texte.<\/p>","protected":false},"excerpt":{"rendered":"<p>Processus d'\u00e9valuation par les pairs Une fois le document original re\u00e7u, il sera soumis : 1) \u00e0 un programme de d\u00e9tection du plagiat ; 2) \u00e0 une lecture de pertinence effectu\u00e9e par l'un des membres de l'\u00e9quipe de coordination \u00e9ditoriale ; 3) \u00e0 une \u00e9valuation par les pairs en double aveugle. Il sera envoy\u00e9 \u00e0 deux relecteurs, de pr\u00e9f\u00e9rence des sp\u00e9cialistes ext\u00e9rieurs aux institutions \u00e9ditrices, garantissant la confidentialit\u00e9 et le secret.<\/p>","protected":false},"author":4,"featured_media":0,"parent":0,"menu_order":0,"comment_status":"closed","ping_status":"closed","template":"","meta":{"_acf_changed":false,"footnotes":""},"coauthors":[551],"class_list":["post-5","page","type-page","status-publish","hentry"],"acf":[],"yoast_head":"<!-- This site is optimized with the Yoast SEO plugin v22.2 - https:\/\/yoast.com\/wordpress\/plugins\/seo\/ -->\n<title>Proceso de evaluaci\u00f3n por pares &#8211; Encartes<\/title>\n<meta name=\"robots\" content=\"index, follow, max-snippet:-1, max-image-preview:large, max-video-preview:-1\" \/>\n<link rel=\"canonical\" href=\"https:\/\/encartes.mx\/fr\/about\/\" \/>\n<meta property=\"og:locale\" content=\"fr_FR\" \/>\n<meta property=\"og:type\" content=\"article\" \/>\n<meta property=\"og:title\" content=\"Proceso de evaluaci\u00f3n por pares &#8211; Encartes\" \/>\n<meta property=\"og:description\" content=\"Proceso de evaluaci\u00f3n por pares Recibido el documento original pasar\u00e1 por: 1) un programa de detecci\u00f3n de plagio; 2) una lectura de pertinencia realizada por uno de los miembros del Equipo de coordinaci\u00f3n editorial; 3) dictamen doble ciego. Se enviar\u00e1 a dos dictaminadores, preferencialmente especialistas externos a las instituciones editoras, garantizando la confidencialidad y el [&hellip;]\" \/>\n<meta property=\"og:url\" content=\"https:\/\/encartes.mx\/fr\/about\/\" \/>\n<meta property=\"og:site_name\" content=\"Encartes\" \/>\n<meta property=\"article:modified_time\" content=\"2023-11-28T01:37:25+00:00\" \/>\n<meta name=\"twitter:card\" content=\"summary_large_image\" \/>\n<meta name=\"twitter:label1\" content=\"Dur\u00e9e de lecture estim\u00e9e\" \/>\n\t<meta name=\"twitter:data1\" content=\"1 minute\" \/>\n\t<meta name=\"twitter:label2\" content=\"Written by\" \/>\n\t<meta name=\"twitter:data2\" content=\"Arthur Ventura\" \/>\n<script type=\"application\/ld+json\" class=\"yoast-schema-graph\">{\"@context\":\"https:\/\/schema.org\",\"@graph\":[{\"@type\":\"WebPage\",\"@id\":\"https:\/\/encartes.mx\/about\/\",\"url\":\"https:\/\/encartes.mx\/about\/\",\"name\":\"Proceso de evaluaci\u00f3n por pares &#8211; Encartes\",\"isPartOf\":{\"@id\":\"https:\/\/encartes.mx\/#website\"},\"datePublished\":\"2017-01-11T00:10:34+00:00\",\"dateModified\":\"2023-11-28T01:37:25+00:00\",\"breadcrumb\":{\"@id\":\"https:\/\/encartes.mx\/about\/#breadcrumb\"},\"inLanguage\":\"fr-FR\",\"potentialAction\":[{\"@type\":\"ReadAction\",\"target\":[\"https:\/\/encartes.mx\/about\/\"]}]},{\"@type\":\"BreadcrumbList\",\"@id\":\"https:\/\/encartes.mx\/about\/#breadcrumb\",\"itemListElement\":[{\"@type\":\"ListItem\",\"position\":1,\"name\":\"Home\",\"item\":\"https:\/\/encartes.mx\/\"},{\"@type\":\"ListItem\",\"position\":2,\"name\":\"Proceso de evaluaci\u00f3n por pares\"}]},{\"@type\":\"WebSite\",\"@id\":\"https:\/\/encartes.mx\/#website\",\"url\":\"https:\/\/encartes.mx\/\",\"name\":\"Encartes\",\"description\":\"Revista digital multimedia\",\"publisher\":{\"@id\":\"https:\/\/encartes.mx\/#organization\"},\"potentialAction\":[{\"@type\":\"SearchAction\",\"target\":{\"@type\":\"EntryPoint\",\"urlTemplate\":\"https:\/\/encartes.mx\/?s={search_term_string}\"},\"query-input\":\"required name=search_term_string\"}],\"inLanguage\":\"fr-FR\"},{\"@type\":\"Organization\",\"@id\":\"https:\/\/encartes.mx\/#organization\",\"name\":\"Encartes Antropol\u00f3gicos\",\"url\":\"https:\/\/encartes.mx\/\",\"logo\":{\"@type\":\"ImageObject\",\"inLanguage\":\"fr-FR\",\"@id\":\"https:\/\/encartes.mx\/#\/schema\/logo\/image\/\",\"url\":\"https:\/\/encartes.mx\/wp-content\/uploads\/2017\/04\/Logo-04.png\",\"contentUrl\":\"https:\/\/encartes.mx\/wp-content\/uploads\/2017\/04\/Logo-04.png\",\"width\":338,\"height\":306,\"caption\":\"Encartes Antropol\u00f3gicos\"},\"image\":{\"@id\":\"https:\/\/encartes.mx\/#\/schema\/logo\/image\/\"}}]}<\/script>\n<!-- \/ Yoast SEO plugin. -->","yoast_head_json":{"title":"Proceso de evaluaci\u00f3n por pares &#8211; Encartes","robots":{"index":"index","follow":"follow","max-snippet":"max-snippet:-1","max-image-preview":"max-image-preview:large","max-video-preview":"max-video-preview:-1"},"canonical":"https:\/\/encartes.mx\/fr\/about\/","og_locale":"fr_FR","og_type":"article","og_title":"Proceso de evaluaci\u00f3n por pares &#8211; Encartes","og_description":"Proceso de evaluaci\u00f3n por pares Recibido el documento original pasar\u00e1 por: 1) un programa de detecci\u00f3n de plagio; 2) una lectura de pertinencia realizada por uno de los miembros del Equipo de coordinaci\u00f3n editorial; 3) dictamen doble ciego. Se enviar\u00e1 a dos dictaminadores, preferencialmente especialistas externos a las instituciones editoras, garantizando la confidencialidad y el [&hellip;]","og_url":"https:\/\/encartes.mx\/fr\/about\/","og_site_name":"Encartes","article_modified_time":"2023-11-28T01:37:25+00:00","twitter_card":"summary_large_image","twitter_misc":{"Dur\u00e9e de lecture estim\u00e9e":"1 minute","Written by":"Arthur Ventura"},"schema":{"@context":"https:\/\/schema.org","@graph":[{"@type":"WebPage","@id":"https:\/\/encartes.mx\/about\/","url":"https:\/\/encartes.mx\/about\/","name":"Proceso de evaluaci\u00f3n por pares &#8211; Encartes","isPartOf":{"@id":"https:\/\/encartes.mx\/#website"},"datePublished":"2017-01-11T00:10:34+00:00","dateModified":"2023-11-28T01:37:25+00:00","breadcrumb":{"@id":"https:\/\/encartes.mx\/about\/#breadcrumb"},"inLanguage":"fr-FR","potentialAction":[{"@type":"ReadAction","target":["https:\/\/encartes.mx\/about\/"]}]},{"@type":"BreadcrumbList","@id":"https:\/\/encartes.mx\/about\/#breadcrumb","itemListElement":[{"@type":"ListItem","position":1,"name":"Home","item":"https:\/\/encartes.mx\/"},{"@type":"ListItem","position":2,"name":"Proceso de evaluaci\u00f3n por pares"}]},{"@type":"WebSite","@id":"https:\/\/encartes.mx\/#website","url":"https:\/\/encartes.mx\/","name":"Encartes","description":"Revista digital multimedia","publisher":{"@id":"https:\/\/encartes.mx\/#organization"},"potentialAction":[{"@type":"SearchAction","target":{"@type":"EntryPoint","urlTemplate":"https:\/\/encartes.mx\/?s={search_term_string}"},"query-input":"required name=search_term_string"}],"inLanguage":"fr-FR"},{"@type":"Organization","@id":"https:\/\/encartes.mx\/#organization","name":"Encartes Antropol\u00f3gicos","url":"https:\/\/encartes.mx\/","logo":{"@type":"ImageObject","inLanguage":"fr-FR","@id":"https:\/\/encartes.mx\/#\/schema\/logo\/image\/","url":"https:\/\/encartes.mx\/wp-content\/uploads\/2017\/04\/Logo-04.png","contentUrl":"https:\/\/encartes.mx\/wp-content\/uploads\/2017\/04\/Logo-04.png","width":338,"height":306,"caption":"Encartes Antropol\u00f3gicos"},"image":{"@id":"https:\/\/encartes.mx\/#\/schema\/logo\/image\/"}}]}},"jetpack_sharing_enabled":true,"_links":{"self":[{"href":"https:\/\/encartes.mx\/fr\/wp-json\/wp\/v2\/pages\/5","targetHints":{"allow":["GET"]}}],"collection":[{"href":"https:\/\/encartes.mx\/fr\/wp-json\/wp\/v2\/pages"}],"about":[{"href":"https:\/\/encartes.mx\/fr\/wp-json\/wp\/v2\/types\/page"}],"author":[{"embeddable":true,"href":"https:\/\/encartes.mx\/fr\/wp-json\/wp\/v2\/users\/4"}],"replies":[{"embeddable":true,"href":"https:\/\/encartes.mx\/fr\/wp-json\/wp\/v2\/comments?post=5"}],"version-history":[{"count":22,"href":"https:\/\/encartes.mx\/fr\/wp-json\/wp\/v2\/pages\/5\/revisions"}],"predecessor-version":[{"id":38200,"href":"https:\/\/encartes.mx\/fr\/wp-json\/wp\/v2\/pages\/5\/revisions\/38200"}],"wp:attachment":[{"href":"https:\/\/encartes.mx\/fr\/wp-json\/wp\/v2\/media?parent=5"}],"wp:term":[{"taxonomy":"author","embeddable":true,"href":"https:\/\/encartes.mx\/fr\/wp-json\/wp\/v2\/coauthors?post=5"}],"curies":[{"name":"wp","href":"https:\/\/api.w.org\/{rel}","templated":true}]}}