{"id":38358,"date":"2023-11-30T16:20:30","date_gmt":"2023-11-30T22:20:30","guid":{"rendered":"https:\/\/encartes.mx\/?page_id=38358"},"modified":"2023-11-30T18:13:20","modified_gmt":"2023-12-01T00:13:20","slug":"reglamento-interno-de-encartes","status":"publish","type":"page","link":"https:\/\/encartes.mx\/fr\/reglamento-interno-de-encartes\/","title":{"rendered":"R\u00e8gles de proc\u00e9dure pour les encarts"},"content":{"rendered":"<h1 class=\"wp-block-heading\">R\u00e8gles de proc\u00e9dure pour les encarts<\/h1>\n\n\n\n<p><strong><u>Article I. Description g\u00e9n\u00e9rale<\/u><\/strong><\/p>\n\n\n\n<p class=\"has-text-align-justify\">Unique en son genre.<strong><em>&nbsp;<\/em><\/strong>Encartes<strong>&nbsp;<\/strong>est une publication semestrielle plurielle et interdisciplinaire financ\u00e9e par les institutions acad\u00e9miques qui ont sign\u00e9 son accord de co\u00e9dition : CIESAS, El COLEF, ITESO et El COLSAN. Dans les encarts<em>&nbsp;<\/em>La conf\u00e9rence est un forum de diffusion des avanc\u00e9es et des r\u00e9sultats de la recherche sur des sujets et des probl\u00e8mes int\u00e9ressant les chercheurs en sciences sociales.<\/p>\n\n\n\n<p><strong><u>Article II. Structure du journal<\/u><\/strong><\/p>\n\n\n\n<p>Le magazine comprend sept sections principales :<\/p>\n\n\n\n<p>1.- Colloques interdisciplinaires<\/p>\n\n\n\n<p class=\"has-text-align-justify\">Il s'agit d'une section d'essais acad\u00e9miques qui discutent d'un sujet sp\u00e9cifique convoqu\u00e9 par le journal. Un sp\u00e9cialiste sera invit\u00e9 \u00e0 publier un article, un essai th\u00e9orique ou m\u00e9thodologique, et un certain nombre de sp\u00e9cialistes de diff\u00e9rentes disciplines ou perspectives sur le sujet (entre quatre et six) seront invit\u00e9s \u00e0 commenter, discuter, d\u00e9battre ou d\u00e9velopper l'essai de l'auteur principal. La section des colloques interdisciplinaires propose une nouvelle forme d'\u00e9valuation et de jugement, introduite par une discussion et un d\u00e9bat acad\u00e9miques publics (non aveugles) pour l'essai central. Les commentaires seront \u00e9valu\u00e9s en double aveugle. Les colloques seront publi\u00e9s en alternance avec les th\u00e8mes anthropologiques.<\/p>\n\n\n\n<p>2.- Th\u00e8mes<\/p>\n\n\n\n<p class=\"has-text-align-justify\">Il s'agit d'une section th\u00e9matique coordonn\u00e9e par un responsable acad\u00e9mique qui sera publi\u00e9e en alternance avec les colloques interdisciplinaires. Elle comprendra un maximum de cinq articles, r\u00e9dig\u00e9s par des sp\u00e9cialistes du th\u00e8me particulier du num\u00e9ro. Tous les articles seront \u00e9valu\u00e9s en double aveugle.&nbsp;<\/p>\n\n\n\n<p>R\u00e9alit\u00e9s socioculturelles<\/p>\n\n\n\n<p class=\"has-text-align-justify\">Il s'agit d'une section qui comprend des articles originaux non associ\u00e9s \u00e0 un th\u00e8me central. Son contenu est diversifi\u00e9 et ind\u00e9pendant des propositions th\u00e9matiques et des colloques. Tous les articles seront \u00e9valu\u00e9s en double aveugle.<\/p>\n\n\n\n<p>4. entretiens<\/p>\n\n\n\n<p class=\"has-text-align-justify\">Cette section est constitu\u00e9e d'entretiens avec des chercheurs et des acteurs sociaux qui, de l'avis du comit\u00e9 \u00e9ditorial, pr\u00e9sentent un int\u00e9r\u00eat pour la communaut\u00e9 universitaire. Les entretiens peuvent \u00eatre des produits audiovisuels ou des transcriptions. La publication de cette rubrique sera occasionnelle.<\/p>\n\n\n\n<p>5.- Divergences<\/p>\n\n\n\n<p class=\"has-text-align-justify\">Cette section de la revue comprendra des textes critiques qui traitent des probl\u00e8mes et dilemmes anthropologiques face aux situations et r\u00e9alit\u00e9s actuelles qui sont au c\u0153ur des r\u00e9flexions, d\u00e9bats et positions des anthropologues. Cette section sera publi\u00e9e occasionnellement.<\/p>\n\n\n\n<p>6.- Examens critiques<\/p>\n\n\n\n<p class=\"has-text-align-justify\">Cette section comprend des essais courts et critiques d'int\u00e9r\u00eat pour les sciences sociales et des comptes rendus d'ouvrages complets d'un auteur ou d'un courant en rapport avec la revue, ainsi que des comptes rendus de livres, d'articles, de vid\u00e9os ethnographiques, de films anthropologiques, d'expositions d'art, de th\u00e8ses de troisi\u00e8me cycle et d'ouvrages de r\u00e9f\u00e9rence sur l'anthropologie.&nbsp;<em>performance<\/em>.<\/p>\n\n\n\n<p>7 - Insertions multim\u00e9dias<\/p>\n\n\n\n<p class=\"has-text-align-justify\">Cette section sera ouverte \u00e0 la publication de diff\u00e9rents produits de la recherche en cours. Elle sera publi\u00e9e occasionnellement en fonction de la disponibilit\u00e9 du mat\u00e9riel re\u00e7u et jug\u00e9 pertinent. Les ethnographies visuelles\/rapports multim\u00e9dias s'appuyant sur un travail de terrain solide et utilisant des cadres de sciences sociales, les essais photographiques, les vid\u00e9os documentaires\/ethnographiques, la po\u00e9sie, les r\u00e9cits de vie et les archives orales seront accept\u00e9s. Tous les articles seront \u00e9valu\u00e9s en double aveugle.<\/p>\n\n\n\n<p><strong><u>Article III. Organisation et organes de d\u00e9cision<\/u><\/strong><\/p>\n\n\n\n<p class=\"has-text-align-justify\">Unique. Afin d'assurer le fonctionnement de la revue, de remplir ses objectifs et de garantir sa p\u00e9riodicit\u00e9, un comit\u00e9 \u00e9ditorial (CE) sera constitu\u00e9, un r\u00e9dacteur en chef sera nomm\u00e9 et un organe consultatif acad\u00e9mique (CAA) sera form\u00e9.<\/p>\n\n\n\n<p><strong><u>Article IV. Objectifs du comit\u00e9 de r\u00e9daction<\/u><\/strong><\/p>\n\n\n\n<p class=\"has-text-align-justify\">Unique. Le comit\u00e9 \u00e9ditorial (CE) est un organe acad\u00e9mique charg\u00e9 de :<\/p>\n\n\n\n<p> a) assurer la qualit\u00e9 scientifique des articles publi\u00e9s <\/p>\n\n\n\n<p> b) veiller \u00e0 ce que la revue respecte les exigences auxquelles elle doit satisfaire en tant que publication scientifique <\/p>\n\n\n\n<p> c) \u00e9tablir la politique \u00e9ditoriale et assurer sa p\u00e9riodicit\u00e9. <\/p>\n\n\n\n<p><strong><u>&nbsp;Article V. Fonctions du comit\u00e9 de r\u00e9daction<\/u><\/strong><\/p>\n\n\n\n<p>Sole. Les fonctions de la CE :<\/p>\n\n\n\n<p>a) d\u00e9finir le contenu de chaque num\u00e9ro de la revue<\/p>\n\n\n\n<p>b) recevoir des propositions d'articles \u00e0 publier<\/p>\n\n\n\n<p>c) examiner et approuver les propositions th\u00e9matiques pour la section \"Connaissances et raisons\".<\/p>\n\n\n\n<p>(d) proc\u00e9der \u00e0 une lecture pertinente de tous les articles<\/p>\n\n\n\n<p>e) d\u00e9signer les examinateurs des articles soumis \u00e0 examen<\/p>\n\n\n\n<p>(f) sur la base des avis, d\u00e9terminer si les articles sont aptes \u00e0 la publication<\/p>\n\n\n\n<p>g) recevoir la deuxi\u00e8me version des articles adopt\u00e9s dans laquelle les modifications sugg\u00e9r\u00e9es sont abord\u00e9es et v\u00e9rifier leur mise \u00e0 jour<\/p>\n\n\n\n<p>h) en cas de litige entre l'auteur et les \u00e9valuateurs, \u00e9valuer les suggestions ou conditions formul\u00e9es dans les \u00e9valuations, en tenant compte du point de vue de l'auteur.<\/p>\n\n\n\n<p>(i) \u00e9valuer des textes qui ne sont pas soumis \u00e0 un avis externe<\/p>\n\n\n\n<p>j) proposer des politiques d'\u00e9dition, de diffusion et de commercialisation de la revue<\/p>\n\n\n\n<p>(k) tenir la CAA inform\u00e9e de l'\u00e9volution de la revue et int\u00e9grer les points de vue de ses membres dans ses discussions<\/p>\n\n\n\n<p>(l) superviser les relais de la CAA.<\/p>\n\n\n\n<p>(m) R\u00e9soudre les situations non pr\u00e9vues par le r\u00e8glement<\/p>\n\n\n\n<p><strong><u>Article VI. Organe consultatif acad\u00e9mique<\/u><\/strong><\/p>\n\n\n\n<p class=\"has-text-align-justify\"> 1. La revue sera dot\u00e9e d'un comit\u00e9 consultatif acad\u00e9mique (CAA) compos\u00e9 de sp\u00e9cialistes ayant appartenu \u00e0 la CE et de sp\u00e9cialistes \u00e9trangers invit\u00e9s. <\/p>\n\n\n\n<p class=\"has-text-align-justify\"> 2. Les sp\u00e9cialistes qui terminent leur mandat au sein du CE deviennent membres de la CAA. <\/p>\n\n\n\n<p class=\"has-text-align-justify\"> 3. Le CE proposera \u00e0 la direction g\u00e9n\u00e9rale du CIESAS des noms de sp\u00e9cialistes d'institutions universitaires \u00e9trang\u00e8res \u00e0 inviter au CAA. La participation de chercheurs de diff\u00e9rentes sp\u00e9cialit\u00e9s sera recherch\u00e9e, avec un \u00e9quilibre en termes de r\u00e9gions d'origine, en particulier d'Europe, d'Am\u00e9rique du Nord et d'Am\u00e9rique latine. Le cas \u00e9ch\u00e9ant, des sp\u00e9cialistes d'autres continents peuvent \u00eatre inclus. <\/p>\n\n\n\n<p class=\"has-text-align-justify\"> 4. Le nombre de membres de la CAA ne d\u00e9passe pas 28. Au fur et \u00e0 mesure de l'int\u00e9gration de ceux qui terminent leur mandat au sein du CE, ceux qui ont la plus grande anciennet\u00e9 dans cet organe prennent leur place, en veillant toujours \u00e0 ce qu'il y ait un nombre de huit sp\u00e9cialistes \u00e9trangers dont la dur\u00e9e au sein de cet organe est d\u00e9termin\u00e9e par le CE. <\/p>\n\n\n\n<p class=\"has-text-align-justify\"> 5. Le r\u00f4le du CAA est de surveiller la gestion de la revue, de faire partie du portefeuille d'arbitres et de sugg\u00e9rer l'\u00e9largissement du portefeuille d'arbitres. <\/p>\n\n\n\n<p class=\"has-text-align-justify\"> 6. La CE envoie \u00e0 la CAA des informations sur ses r\u00e9unions et ses d\u00e9cisions, re\u00e7oit ses avis et les int\u00e8gre dans ses discussions. <\/p>\n\n\n\n<p><strong><u>Article VII. Pouvoirs du r\u00e9dacteur du journal.<\/u><\/strong><\/p>\n\n\n\n<p class=\"has-text-align-justify\">1. L'\u00e9diteur de la revue est charg\u00e9 de veiller \u00e0 ce que la revue soit publi\u00e9e conform\u00e9ment aux crit\u00e8res et objectifs \u00e9tablis, sous la forme et avec la p\u00e9riodicit\u00e9 d\u00e9termin\u00e9es ; \u00e0 cette fin, il respectera les accords de la CE et sera assist\u00e9 par la Sous-direction de la diffusion et des publications du CIESAS et sa Direction g\u00e9n\u00e9rale.<\/p>\n\n\n\n<p class=\"has-text-align-justify\">&nbsp;2. Le directeur du journal est nomm\u00e9 par la direction g\u00e9n\u00e9rale sur la base des crit\u00e8res suivants :<\/p>\n\n\n\n<p>(a) \u00eatre chercheur au CIESAS<\/p>\n\n\n\n<p>b) jouir d'une r\u00e9putation reconnue pour leur contribution au domaine de connaissance de leur sp\u00e9cialit\u00e9, pour leurs liens \u00e9tendus avec la communaut\u00e9 scientifique, ainsi que pour leur prudence et leur discr\u00e9tion<\/p>\n\n\n\n<p class=\"has-text-align-justify\">&nbsp;3. Pour l'exercice de ses fonctions, le r\u00e9dacteur en chef de la revue dispose des pouvoirs suivants :<\/p>\n\n\n\n<p>&nbsp;a) coordonner et contr\u00f4ler le processus \u00e9ditorial de chaque num\u00e9ro de la revue<\/p>\n\n\n\n<p>b) organiser l'ordre du jour des sessions du CE<\/p>\n\n\n\n<p>(c) rapport sur les originaux soumis \u00e0 l'examen de la CE<\/p>\n\n\n\n<p>d) sugg\u00e9rer et promouvoir les meilleurs m\u00e9canismes de diffusion de la revue.<\/p>\n\n\n\n<p class=\"has-text-align-justify\">4. Pour remplir au mieux ses fonctions, il sera assist\u00e9 de deux personnes qui soutiendront le travail li\u00e9 \u00e0 la revue en g\u00e9n\u00e9ral : la personne charg\u00e9e des fonctions \u00e9ditoriales (r\u00e9dacteur) et la personne charg\u00e9e de la gestion ordinaire de la revue (assistant).<\/p>\n\n\n\n<p><strong><u>&nbsp;Article VIII. Lignes directrices \u00e9ditoriales<\/u><\/strong><\/p>\n\n\n\n<p class=\"has-text-align-justify\">1) Seuls les articles originaux et les comptes rendus qui n'ont pas \u00e9t\u00e9 publi\u00e9s et qui n'ont pas \u00e9t\u00e9 soumis \u00e0 un examen simultan\u00e9 dans d'autres m\u00e9dias seront pris en consid\u00e9ration en vue d'une \u00e9ventuelle publication. Les articles originaux r\u00e9dig\u00e9s en espagnol, anglais, fran\u00e7ais et portugais sont accept\u00e9s, mais ne seront publi\u00e9s qu'en espagnol.&nbsp;<\/p>\n\n\n\n<p class=\"has-text-align-justify\">2. Les r\u00e8gles de pr\u00e9sentation auxquelles les articles et les comptes rendus doivent se conformer pour \u00eatre re\u00e7us sont \u00e9nonc\u00e9es dans les \"Instructions aux auteurs\" publi\u00e9es \u00e0 l'adresse suivante&nbsp;<em><strong>Encartes<\/strong> <\/em>et sur le site web de la revue. Il s'agit des exigences relatives \u00e0 la longueur de l'article, \u00e0 la pr\u00e9sentation formelle, aux informations requises et aux citations.<\/p>\n\n\n\n<p class=\"has-text-align-justify\">3. La publication des articles est gratuite et aucune r\u00e9mun\u00e9ration financi\u00e8re n'est pr\u00e9vue pour l'auteur.<\/p>\n\n\n\n<p class=\"has-text-align-justify\">4. La proc\u00e9dure de soumission des propositions th\u00e9matiques \u00e0 la CE consiste \u00e0 soumettre par \u00e9crit une pr\u00e9sentation br\u00e8ve et argument\u00e9e du th\u00e8me \u00e0 traiter et de sa pertinence dans le d\u00e9bat anthropologique, ainsi qu'une table des mati\u00e8res provisoire.<\/p>\n\n\n\n<p class=\"has-text-align-justify\">5. La revue accusera r\u00e9ception des originaux d\u00e8s leur r\u00e9ception. L'acceptation de chaque contribution d\u00e9pendra d'une lecture de pertinence et des avis confidentiels \u00e9mis par des sp\u00e9cialistes dans le cadre de la proc\u00e9dure dite en double aveugle. Sur la base de cette \u00e9valuation, le CE d\u00e9cidera de la publication et en informera les auteurs dans un d\u00e9lai inf\u00e9rieur \u00e0 un an.<\/p>\n\n\n\n<p class=\"has-text-align-justify\">6. Une fois l'article approuv\u00e9, l'auteur doit signer une lettre de cession des droits sur son travail dans laquelle il autorise le CIESAS \u00e0 le diffuser sous forme imprim\u00e9e et \u00e9lectronique. Si un article n'est pas accept\u00e9, l'auteur sera inform\u00e9 des raisons de cette d\u00e9cision.<\/p>\n\n\n\n<p class=\"has-text-align-justify\">7. Pour le choix de la couverture de chaque num\u00e9ro de la revue, le coordinateur de la proposition th\u00e9matique de la section Saberes y razones, le CE et les responsables de la sous-direction de la diffusion et des publications seront consult\u00e9s. La proposition qui aura obtenu le plus grand consensus sera approuv\u00e9e. La maquette de base avec laquelle la revue est identifi\u00e9e ne peut pas \u00eatre modifi\u00e9e.<\/p>\n\n\n\n<p class=\"has-text-align-justify\">8. Le discours graphique de chaque num\u00e9ro de la revue sera \u00e9labor\u00e9 conform\u00e9ment \u00e0 la section Saberes y razones et rel\u00e8vera de la responsabilit\u00e9 de l'\u00e9quipe \u00e9ditoriale. Les propositions des coordinateurs de num\u00e9ros seront accept\u00e9es si leur mat\u00e9riel est soumis dans les d\u00e9lais et s'il r\u00e9pond aux exigences techniques de qualit\u00e9 et aux autorisations l\u00e9gales de publication.<\/p>\n\n\n\n<p><strong><u>Article IX. Proc\u00e9dures pour statuer sur les originaux.<\/u><\/strong><\/p>\n\n\n\n<p class=\"has-text-align-justify\">1.-  <span style=\"font-size: revert;\">Le CE d\u00e9signe les examinateurs des documents originaux soumis \u00e0 son examen.<\/span> <\/p>\n\n\n\n<p class=\"has-text-align-justify\">2.-  <span style=\"font-size: revert;\">Pour remplir ses fonctions, la CE disposera d'un portefeuille d'arbitres sp\u00e9cialis\u00e9s dans les disciplines mentionn\u00e9es dans les documents originaux.<\/span> <\/p>\n\n\n\n<p class=\"has-text-align-justify\"> 3.- <span style=\"font-size: revert;\">Les \u00e9valuateurs ne doivent pas appartenir \u00e0 la m\u00eame institution ou au m\u00eame domaine de travail que l'auteur de l'original \u00e0 \u00e9valuer, ni \u00eatre son directeur de th\u00e8se.<\/span> <\/p>\n\n\n\n<p class=\"has-text-align-justify\">4.- <span style=\"font-size: revert;\">Deux avis positifs sont requis pour approuver la publication de tout original.<\/span> <\/p>\n\n\n\n<p class=\"has-text-align-justify\">5.- <span style=\"font-size: revert;\">En cas d'avis contradictoires, la CE demandera un troisi\u00e8me avis pour r\u00e9soudre le litige.<\/span> <\/p>\n\n\n\n<p class=\"has-text-align-justify\">6.-  <span style=\"font-size: revert;\">Si, de l'avis du CE, un avis n'est pas satisfaisant, un nouvel avis est demand\u00e9.<\/span> <\/p>\n\n\n\n<p class=\"has-text-align-justify\">7.- <span style=\"font-size: revert;\">Les avis demand\u00e9s doivent tenir compte des points suivants :<\/span><\/p>\n\n\n\n<p>a) Rigueur scientifique<\/p>\n\n\n\n<p>(b) contribution \u00e0 la discipline ou au domaine de recherche concern\u00e9<\/p>\n\n\n\n<p>c) Qualit\u00e9, tant au niveau de la structure que de la pr\u00e9sentation.<\/p>\n\n\n\n<p class=\"has-text-align-justify\">8.- <span style=\"font-size: revert;\">Les avis d\u00e9finissent clairement l'approbation, le conditionnement ou la d\u00e9sapprobation des originaux et sont \u00e9mis au plus tard trois semaines apr\u00e8s la r\u00e9ception du mat\u00e9riel.<\/span> <\/p>\n\n\n\n<p class=\"has-text-align-justify\">9.- <span style=\"font-size: revert;\">Une fois que l'auteur a re\u00e7u les versions publiques des avis, il doit soumettre la deuxi\u00e8me version de son texte, en y incorporant les corrections, suggestions ou commentaires formul\u00e9s dans les avis.<\/span>.<\/p>\n\n\n\n<p class=\"has-text-align-justify\">10.- Dans le cas o\u00f9 des conditions importantes sont \u00e9tablies dans le texte \u00e9valu\u00e9, la CE demandera qu'une comparaison soit faite du niveau d'incorporation effectu\u00e9 par l'auteur dans la seconde version de l'original. Afin de faciliter cette t\u00e2che, l'auteur doit fournir \u00e0 la CE une d\u00e9claration motiv\u00e9e indiquant les points de l'avis qui ont \u00e9t\u00e9 conserv\u00e9s et ceux qui ont \u00e9t\u00e9 omis.<\/p>\n\n\n\n<p class=\"has-text-align-justify\">11.- <span style=\"font-size: revert;\">Les d\u00e9cisions du CE sont prises de pr\u00e9f\u00e9rence par consensus et, le cas \u00e9ch\u00e9ant, \u00e0 la majorit\u00e9 simple. En cas d'\u00e9galit\u00e9, la voix du r\u00e9dacteur en chef de la revue est pr\u00e9pond\u00e9rante.<\/span> <\/p>","protected":false},"excerpt":{"rendered":"<p>R\u00e8glement int\u00e9rieur pour les insertions Article I. Description g\u00e9n\u00e9rale uniquement. Encartes est une publication plurielle et interdisciplinaire semestrielle financ\u00e9e par les institutions acad\u00e9miques qui ont sign\u00e9 son accord de co\u00e9dition : CIESAS, El COLEF, ITESO et El COLSAN. Encartes publie des avanc\u00e9es et des r\u00e9sultats de recherche sur des th\u00e8mes et des probl\u00e8mes d'int\u00e9r\u00eat pour les chercheurs en sciences sociales. Article II. Structure [...]<\/p>","protected":false},"author":10,"featured_media":0,"parent":0,"menu_order":0,"comment_status":"closed","ping_status":"closed","template":"","meta":{"_acf_changed":false,"footnotes":""},"coauthors":[1175],"class_list":["post-38358","page","type-page","status-publish","hentry"],"acf":[],"yoast_head":"<!-- This site is optimized with the Yoast SEO plugin v22.2 - https:\/\/yoast.com\/wordpress\/plugins\/seo\/ -->\n<title>Reglamento interno de Encartes &#8211; Encartes<\/title>\n<meta name=\"robots\" content=\"index, follow, max-snippet:-1, max-image-preview:large, max-video-preview:-1\" \/>\n<link rel=\"canonical\" href=\"https:\/\/encartes.mx\/fr\/reglamento-interno-de-encartes\/\" \/>\n<meta property=\"og:locale\" content=\"fr_FR\" \/>\n<meta property=\"og:type\" content=\"article\" \/>\n<meta property=\"og:title\" content=\"Reglamento interno de Encartes &#8211; Encartes\" \/>\n<meta property=\"og:description\" content=\"Reglamento interno de Encartes Art\u00edculo I. Descripci\u00f3n general \u00danico.&nbsp;Encartes&nbsp;es una publicaci\u00f3n semestral&nbsp;plural e interdisciplinaria financiada por las instituciones acad\u00e9micas firmantes de su convenio de coedici\u00f3n: CIESAS, El COLEF, ITESO y El COLSAN. En&nbsp;Encartes&nbsp;se dan a conocer avances y resultados de investigaci\u00f3n sobre los temas y problemas que interesan a los cient\u00edficos sociales. Art\u00edculo II. Estructura [&hellip;]\" \/>\n<meta property=\"og:url\" content=\"https:\/\/encartes.mx\/fr\/reglamento-interno-de-encartes\/\" \/>\n<meta property=\"og:site_name\" content=\"Encartes\" \/>\n<meta property=\"article:modified_time\" content=\"2023-12-01T00:13:20+00:00\" \/>\n<meta name=\"twitter:card\" content=\"summary_large_image\" \/>\n<meta name=\"twitter:label1\" content=\"Dur\u00e9e de lecture estim\u00e9e\" \/>\n\t<meta name=\"twitter:data1\" content=\"9 minutes\" \/>\n\t<meta name=\"twitter:label2\" content=\"Written by\" \/>\n\t<meta name=\"twitter:data2\" content=\"escire\" \/>\n<script type=\"application\/ld+json\" class=\"yoast-schema-graph\">{\"@context\":\"https:\/\/schema.org\",\"@graph\":[{\"@type\":\"WebPage\",\"@id\":\"https:\/\/encartes.mx\/reglamento-interno-de-encartes\/\",\"url\":\"https:\/\/encartes.mx\/reglamento-interno-de-encartes\/\",\"name\":\"Reglamento interno de Encartes &#8211; Encartes\",\"isPartOf\":{\"@id\":\"https:\/\/encartes.mx\/#website\"},\"datePublished\":\"2023-11-30T22:20:30+00:00\",\"dateModified\":\"2023-12-01T00:13:20+00:00\",\"breadcrumb\":{\"@id\":\"https:\/\/encartes.mx\/reglamento-interno-de-encartes\/#breadcrumb\"},\"inLanguage\":\"fr-FR\",\"potentialAction\":[{\"@type\":\"ReadAction\",\"target\":[\"https:\/\/encartes.mx\/reglamento-interno-de-encartes\/\"]}]},{\"@type\":\"BreadcrumbList\",\"@id\":\"https:\/\/encartes.mx\/reglamento-interno-de-encartes\/#breadcrumb\",\"itemListElement\":[{\"@type\":\"ListItem\",\"position\":1,\"name\":\"Home\",\"item\":\"https:\/\/encartes.mx\/\"},{\"@type\":\"ListItem\",\"position\":2,\"name\":\"Reglamento interno de Encartes\"}]},{\"@type\":\"WebSite\",\"@id\":\"https:\/\/encartes.mx\/#website\",\"url\":\"https:\/\/encartes.mx\/\",\"name\":\"Encartes\",\"description\":\"Revista digital multimedia\",\"publisher\":{\"@id\":\"https:\/\/encartes.mx\/#organization\"},\"potentialAction\":[{\"@type\":\"SearchAction\",\"target\":{\"@type\":\"EntryPoint\",\"urlTemplate\":\"https:\/\/encartes.mx\/?s={search_term_string}\"},\"query-input\":\"required name=search_term_string\"}],\"inLanguage\":\"fr-FR\"},{\"@type\":\"Organization\",\"@id\":\"https:\/\/encartes.mx\/#organization\",\"name\":\"Encartes Antropol\u00f3gicos\",\"url\":\"https:\/\/encartes.mx\/\",\"logo\":{\"@type\":\"ImageObject\",\"inLanguage\":\"fr-FR\",\"@id\":\"https:\/\/encartes.mx\/#\/schema\/logo\/image\/\",\"url\":\"https:\/\/encartes.mx\/wp-content\/uploads\/2017\/04\/Logo-04.png\",\"contentUrl\":\"https:\/\/encartes.mx\/wp-content\/uploads\/2017\/04\/Logo-04.png\",\"width\":338,\"height\":306,\"caption\":\"Encartes Antropol\u00f3gicos\"},\"image\":{\"@id\":\"https:\/\/encartes.mx\/#\/schema\/logo\/image\/\"}}]}<\/script>\n<!-- \/ Yoast SEO plugin. -->","yoast_head_json":{"title":"Reglamento interno de Encartes &#8211; Encartes","robots":{"index":"index","follow":"follow","max-snippet":"max-snippet:-1","max-image-preview":"max-image-preview:large","max-video-preview":"max-video-preview:-1"},"canonical":"https:\/\/encartes.mx\/fr\/reglamento-interno-de-encartes\/","og_locale":"fr_FR","og_type":"article","og_title":"Reglamento interno de Encartes &#8211; Encartes","og_description":"Reglamento interno de Encartes Art\u00edculo I. Descripci\u00f3n general \u00danico.&nbsp;Encartes&nbsp;es una publicaci\u00f3n semestral&nbsp;plural e interdisciplinaria financiada por las instituciones acad\u00e9micas firmantes de su convenio de coedici\u00f3n: CIESAS, El COLEF, ITESO y El COLSAN. En&nbsp;Encartes&nbsp;se dan a conocer avances y resultados de investigaci\u00f3n sobre los temas y problemas que interesan a los cient\u00edficos sociales. Art\u00edculo II. Estructura [&hellip;]","og_url":"https:\/\/encartes.mx\/fr\/reglamento-interno-de-encartes\/","og_site_name":"Encartes","article_modified_time":"2023-12-01T00:13:20+00:00","twitter_card":"summary_large_image","twitter_misc":{"Dur\u00e9e de lecture estim\u00e9e":"9 minutes","Written by":"escire"},"schema":{"@context":"https:\/\/schema.org","@graph":[{"@type":"WebPage","@id":"https:\/\/encartes.mx\/reglamento-interno-de-encartes\/","url":"https:\/\/encartes.mx\/reglamento-interno-de-encartes\/","name":"Reglamento interno de Encartes &#8211; Encartes","isPartOf":{"@id":"https:\/\/encartes.mx\/#website"},"datePublished":"2023-11-30T22:20:30+00:00","dateModified":"2023-12-01T00:13:20+00:00","breadcrumb":{"@id":"https:\/\/encartes.mx\/reglamento-interno-de-encartes\/#breadcrumb"},"inLanguage":"fr-FR","potentialAction":[{"@type":"ReadAction","target":["https:\/\/encartes.mx\/reglamento-interno-de-encartes\/"]}]},{"@type":"BreadcrumbList","@id":"https:\/\/encartes.mx\/reglamento-interno-de-encartes\/#breadcrumb","itemListElement":[{"@type":"ListItem","position":1,"name":"Home","item":"https:\/\/encartes.mx\/"},{"@type":"ListItem","position":2,"name":"Reglamento interno de Encartes"}]},{"@type":"WebSite","@id":"https:\/\/encartes.mx\/#website","url":"https:\/\/encartes.mx\/","name":"Encartes","description":"Revista digital multimedia","publisher":{"@id":"https:\/\/encartes.mx\/#organization"},"potentialAction":[{"@type":"SearchAction","target":{"@type":"EntryPoint","urlTemplate":"https:\/\/encartes.mx\/?s={search_term_string}"},"query-input":"required name=search_term_string"}],"inLanguage":"fr-FR"},{"@type":"Organization","@id":"https:\/\/encartes.mx\/#organization","name":"Encartes Antropol\u00f3gicos","url":"https:\/\/encartes.mx\/","logo":{"@type":"ImageObject","inLanguage":"fr-FR","@id":"https:\/\/encartes.mx\/#\/schema\/logo\/image\/","url":"https:\/\/encartes.mx\/wp-content\/uploads\/2017\/04\/Logo-04.png","contentUrl":"https:\/\/encartes.mx\/wp-content\/uploads\/2017\/04\/Logo-04.png","width":338,"height":306,"caption":"Encartes Antropol\u00f3gicos"},"image":{"@id":"https:\/\/encartes.mx\/#\/schema\/logo\/image\/"}}]}},"jetpack_sharing_enabled":true,"_links":{"self":[{"href":"https:\/\/encartes.mx\/fr\/wp-json\/wp\/v2\/pages\/38358","targetHints":{"allow":["GET"]}}],"collection":[{"href":"https:\/\/encartes.mx\/fr\/wp-json\/wp\/v2\/pages"}],"about":[{"href":"https:\/\/encartes.mx\/fr\/wp-json\/wp\/v2\/types\/page"}],"author":[{"embeddable":true,"href":"https:\/\/encartes.mx\/fr\/wp-json\/wp\/v2\/users\/10"}],"replies":[{"embeddable":true,"href":"https:\/\/encartes.mx\/fr\/wp-json\/wp\/v2\/comments?post=38358"}],"version-history":[{"count":16,"href":"https:\/\/encartes.mx\/fr\/wp-json\/wp\/v2\/pages\/38358\/revisions"}],"predecessor-version":[{"id":38388,"href":"https:\/\/encartes.mx\/fr\/wp-json\/wp\/v2\/pages\/38358\/revisions\/38388"}],"wp:attachment":[{"href":"https:\/\/encartes.mx\/fr\/wp-json\/wp\/v2\/media?parent=38358"}],"wp:term":[{"taxonomy":"author","embeddable":true,"href":"https:\/\/encartes.mx\/fr\/wp-json\/wp\/v2\/coauthors?post=38358"}],"curies":[{"name":"wp","href":"https:\/\/api.w.org\/{rel}","templated":true}]}}