{"id":38354,"date":"2023-11-30T15:54:50","date_gmt":"2023-11-30T21:54:50","guid":{"rendered":"https:\/\/encartes.mx\/?page_id=38354"},"modified":"2023-12-04T11:49:34","modified_gmt":"2023-12-04T17:49:34","slug":"politica-de-etica-en-la-publicacion","status":"publish","type":"page","link":"https:\/\/encartes.mx\/fr\/politica-de-etica-en-la-publicacion\/","title":{"rendered":"Politique d'\u00e9thique de la publication"},"content":{"rendered":"<h2 class=\"wp-block-heading\">Politique d'\u00e9thique de la publication<\/h2>\n\n\n\n<p>Ins\u00e8re des codes de d\u00e9ontologie pour les \u00e9valuateurs, les auteurs et les r\u00e9dacteurs, bas\u00e9s sur les codes du Committee on Publication Ethics (COPE), disponibles \u00e0 l'adresse suivante&nbsp;<a href=\"https:\/\/publicationethics.org\/\">https:\/\/publicationethics.org\/<\/a>.<\/p>\n\n\n\n<p>Les d\u00e9cisions \u00e9ditoriales ne seront pas affect\u00e9es par l'origine du manuscrit ou par les caract\u00e9ristiques des auteurs telles que la nationalit\u00e9, le sexe, l'orientation sexuelle, l'appartenance ethnique, la race, les croyances religieuses ou la philosophie politique des auteurs.<\/p>\n\n\n\n<p>La d\u00e9cision de publier un article est ind\u00e9pendante de la politique gouvernementale ou d'autres organismes ext\u00e9rieurs \u00e0 la revue.<\/p>\n\n\n\n<p><strong>Responsabilit\u00e9s des \u00e9diteurs<\/strong><\/p>\n\n\n\n<ol class=\"wp-block-list\"><li>Ils doivent assumer la responsabilit\u00e9 de ce qui est publi\u00e9 dans leur revue. Ils doivent chercher des moyens d'am\u00e9liorer la revue, r\u00e9pondre aux besoins et aux questions des auteurs, \u00e9viter que d'autres besoins non acad\u00e9miques ne compromettent les normes \u00e9thiques de la revue, et \u00eatre pr\u00eats \u00e0 publier des corrections, des clarifications, des rectifications et des excuses, si n\u00e9cessaire.<\/li><li>Ils gardent accessibles la description du processus d'\u00e9valuation et le guide des proc\u00e9dures de soumission d'un article \u00e0 l'\u00e9valuation.<\/li><li>Ils assurent la confidentialit\u00e9 des auteurs des manuscrits depuis leur r\u00e9ception jusqu'\u00e0 la fin de leur \u00e9valuation.<\/li><li>Ils prot\u00e8gent la propri\u00e9t\u00e9 intellectuelle et les droits d'auteur des manuscrits.<\/li><li>Ils utiliseront des outils appropri\u00e9s, tels que des logiciels anti-plagiat - par exemple Turnitin - pour d\u00e9tecter les fautes scientifiques commises par les auteurs.<\/li><li>Ils demanderont aux \u00e9valuateurs de commenter les fautes commises par les auteurs.<\/li><li>Ils informeront l'auteur de l'avancement de l'\u00e9valuation.<\/li><li>Ils enverront aux auteurs les commentaires des \u00e9valuateurs dans leur int\u00e9gralit\u00e9, sauf s'ils sont offensants ou diffamatoires.<\/li><li>Ils informent l'auteur de l'\u00e9tat d'avancement de l'article dans le processus \u00e9ditorial.<\/li><li>Ils n'utiliseront ni ne divulgueront les informations contenues dans les articles avant leur publication sans l'accord pr\u00e9alable de l'auteur.<\/li><\/ol>\n\n\n\n<p><strong>Responsabilit\u00e9s des membres de l'\u00e9quipe de coordination \u00e9ditoriale<\/strong><\/p>\n\n\n\n<ol class=\"wp-block-list\"><li>La d\u00e9cision d'accepter ou de rejeter un article sera bas\u00e9e sur sa qualit\u00e9, sa clart\u00e9, son originalit\u00e9 et sa pertinence pour la publication dans le journal.<\/li><li>Les membres du comit\u00e9 d\u00e9finissent les param\u00e8tres \u00e9ditoriaux et les r\u00e9visent fr\u00e9quemment afin que la revue conserve sa qualit\u00e9.<\/li><li>Les nouveaux membres du comit\u00e9 de r\u00e9daction ne peuvent pas revenir sur les d\u00e9cisions de publication prises avant de rejoindre le comit\u00e9 de r\u00e9daction, sauf si le manuscrit en question pr\u00e9sente de graves probl\u00e8mes.<\/li><li>Ils ne r\u00e9v\u00e9leront l'identit\u00e9 des auteurs qu'au moment de la publication des articles.<\/li><li>Les noms des \u00e9valuateurs resteront anonymes.<\/li><li>Ils veilleront \u00e0 ce que les manuscrits soient examin\u00e9s par des \u00e9valuateurs comp\u00e9tents.<\/li><li>Ils veillent \u00e0 ce que le processus d'\u00e9valuation soit objectif, clair et transparent.<\/li><li>Ils r\u00e9soudront tout litige survenant au cours du processus d'\u00e9valuation.<\/li><li>Ils publieront des corrections, des clarifications, des rectifications et des excuses, si n\u00e9cessaire.<\/li><li>S'ils d\u00e9tectent une faute scientifique de la part des auteurs, ils en informent imm\u00e9diatement les r\u00e9dacteurs en chef.<\/li><li>Publier la mani\u00e8re dont ils ont r\u00e9solu les litiges ou les cas d'auteurs qui ne respectent pas les dispositions du pr\u00e9sent code de conduite.<\/li><\/ol>\n\n\n\n<p><strong>Responsabilit\u00e9s des auteurs<\/strong><\/p>\n\n\n\n<ol class=\"wp-block-list\"><li>Les auteurs doivent s'assurer que<\/li><\/ol>\n\n\n\n<p>Votre manuscrit n'a pas \u00e9t\u00e9 publi\u00e9 et n'est pas \u00e9valu\u00e9 dans d'autres publications.<\/p>\n\n\n\n<p>Les informations contenues dans le manuscrit ont \u00e9t\u00e9 recueillies dans le respect de l'\u00e9thique.<\/p>\n\n\n\n<p>L'article pr\u00e9sent\u00e9 est original et les r\u00e9f\u00e9rences et donn\u00e9es provenant d'autres travaux ont \u00e9t\u00e9 correctement cit\u00e9es.<\/p>\n\n\n\n<ol class=\"wp-block-list\" start=\"2\"><li>Ils reconna\u00eetront comme coauteurs ceux qui ont particip\u00e9 de mani\u00e8re significative au contenu de l'article.<\/li><li>Ils mentionnent de mani\u00e8re appropri\u00e9e les traducteurs de tout ou partie de l'article.<\/li><li>Indiquer dans le manuscrit les sources de soutien financier de la recherche.<\/li><li>Ils suivront les lignes directrices pour la soumission d'articles, publi\u00e9es sur le site web de la revue et d\u00e9finies par le comit\u00e9 \u00e9ditorial.<\/li><li>Ils suivront les indications des phases de l'\u00e9valuation et respecteront les d\u00e9lais pour les corrections et les contr\u00f4les crois\u00e9s.<\/li><li>Ils doivent s'assurer qu'ils ont en leur possession les autorisations de reproduire et d'imprimer du mat\u00e9riel qui n'est pas leur propri\u00e9t\u00e9 ou leur auteur (graphiques, cartes, diagrammes, photographies, etc.).<\/li><li>Ils signeront une lettre autorisant la revue \u00e0 \u00e9diter, publier et distribuer leur article dans les m\u00e9dias imprim\u00e9s et \u00e9lectroniques.<\/li><\/ol>\n\n\n\n<p><strong>Responsabilit\u00e9s des \u00e9valuateurs<\/strong><\/p>\n\n\n\n<ol class=\"wp-block-list\"><li>Si le manuscrit qu'ils ont \u00e9t\u00e9 charg\u00e9s d'examiner fait l'objet d'un conflit d'int\u00e9r\u00eats, ils le d\u00e9clarent imm\u00e9diatement.<\/li><li>Ils informent l'\u00e9diteur s'ils estiment qu'ils ne sont pas qualifi\u00e9s pour effectuer l'\u00e9valuation.<\/li><li>Ils informeront les \u00e9diteurs s'ils d\u00e9tectent une faute scientifique dans le manuscrit.<\/li><li>Ils exprimeront leurs commentaires de mani\u00e8re claire, objective et respectueuse dans le format d'\u00e9valuation fourni par la revue.<\/li><li>Ils proc\u00e9deront \u00e0 l'\u00e9valuation et notifieront le r\u00e9sultat dans un d\u00e9lai de 30 jours calendaires.<\/li><li>Ils traiteront les r\u00e9sultats de l'\u00e9valuation de mani\u00e8re confidentielle.<\/li><li>Ils n'utiliseront ni ne divulgueront les informations contenues dans le manuscrit avant sa publication.<\/li><\/ol>\n\n\n\n<p><strong>Elles sont consid\u00e9r\u00e9es comme des fautes scientifiques :<\/strong><\/p>\n\n\n\n<p><em>Manque d'\u00e9thique dans le processus de publication<\/em><\/p>\n\n\n\n<p>- Auteur fictif : appara\u00eetre comme auteur ou coauteur d'une recherche qui n'a pas \u00e9t\u00e9 effectu\u00e9e.<\/p>\n\n\n\n<p>- Duplication de publication : publication de tout ou partie d'un article d\u00e9j\u00e0 publi\u00e9.<\/p>\n\n\n\n<p>- Publication fragmentaire : division d'un document en vue de sa publication sous forme d'articles distincts.<\/p>\n\n\n\n<p>- Publication gonfl\u00e9e : ajout de donn\u00e9es \u00e0 un article d\u00e9j\u00e0 publi\u00e9 en vue d'une publication en tant que nouvel article.<\/p>\n\n\n\n<p>- Auto-plagiat : r\u00e9p\u00e9tition du m\u00eame contenu pr\u00e9c\u00e9demment \u00e9crit par l'auteur dans l'intention de le publier comme un nouvel article.<\/p>\n\n\n\n<p><em>Fraude scientifique<\/em><\/p>\n\n\n\n<p>- Invention : \u00e9laboration de tout ou partie des donn\u00e9es.<\/p>\n\n\n\n<p>- Falsification et manipulation des donn\u00e9es : falsification des donn\u00e9es ou des m\u00e9thodes afin de v\u00e9rifier l'hypoth\u00e8se.<\/p>\n\n\n\n<p>- Plagiat : reprise d'id\u00e9es ou de phrases sans citer la source originale.<\/p>\n\n\n\n<p>Citations bibliographiques incorrectes : omettre des citations pertinentes. Inclure des citations qui n'ont pas \u00e9t\u00e9 consult\u00e9es. Autocitation excessive.<\/p>\n\n\n\n<p>- Biais de publication : forcer les donn\u00e9es pour obtenir des r\u00e9sultats positifs et une signification statistique \u00e9lev\u00e9e.<\/p>\n\n\n\n<p>- Publicit\u00e9 : r\u00e9sultats pr\u00e9matur\u00e9s (non v\u00e9rifi\u00e9s).<\/p>\n\n\n\n<p><strong>Processus d'identification et de traitement des all\u00e9gations de mauvaise conduite en mati\u00e8re de recherche<\/strong><\/p>\n\n\n\n<p>En cas de d\u00e9tection d'une faute, la sanction ou la r\u00e9solution sera guid\u00e9e par les codes et les r\u00e8gles de l'Union europ\u00e9enne.&nbsp;<a href=\"https:\/\/publicationethics.org\/resources\/flowcharts\">Organigrammes du COPE<\/a>.<\/p>\n\n\n\n<p>Les manuscrits qui s'adonnent \u00e0 ces pratiques ne seront pas \u00e9valu\u00e9s. Le r\u00e9dacteur en chef \u00e9crira \u00e0 l'auteur pour lui expliquer que l'article est rejet\u00e9, lui faire part de la position de la revue sur ces cas et lui indiquer le comportement \u00e0 adopter \u00e0 l'avenir. Il en informera \u00e9galement l'\u00e9valuateur.<\/p>\n\n\n\n<p>S'il s'av\u00e8re que des phrases plus courtes ont \u00e9t\u00e9 copi\u00e9es et que rien n'indique que les donn\u00e9es d'autres personnes ont \u00e9t\u00e9 pr\u00e9sent\u00e9es comme le propre travail de l'auteur, le r\u00e9dacteur \u00e9crira \u00e0 l'auteur et lui demandera de modifier ces parties ou d'indiquer clairement les citations. Il en informera \u00e9galement l'\u00e9valuateur. Si l'auteur refuse de corriger le manuscrit, l'article sera rejet\u00e9, la position du journal sur ces cas et le comportement futur attendu seront expliqu\u00e9s.<\/p>\n\n\n\n<p>La revue Encartes adh\u00e8re \u00e0 la production \u00e9thique de la connaissance. Elle est ouverte \u00e0 la r\u00e9ception de plaintes pour mauvaise conduite dans la recherche, plagiat, manipulation de citations et fabrication de donn\u00e9es, entre autres. La plainte sera re\u00e7ue par le r\u00e9dacteur en chef et transmise \u00e0 l'\u00e9quipe \u00e9ditoriale, qui d\u00e9signera un comit\u00e9 charg\u00e9 de mener une enqu\u00eate approfondie et de v\u00e9rifier la plainte. Dans le cas d'un plagiat, le syst\u00e8me juridique mexicain s'appliquera. Les r\u00e9sultats de cet avis seront communiqu\u00e9s au plaignant et au d\u00e9fendeur. Si l'accusation est maintenue, les mesures n\u00e9cessaires seront prises pour sanctionner l'accus\u00e9 ou faire amende honorable. Si l'\u00e9quipe d\u00e9cide que la plainte n'est pas recevable, le plaignant en sera \u00e9galement inform\u00e9 dans un d\u00e9lai maximum d'un mois. Dans le cas o\u00f9 le(s) r\u00e9dacteur(s) de la<em>&nbsp;Encartes<\/em>&nbsp;a connaissance d'une all\u00e9gation d'inconduite en mati\u00e8re de recherche en rapport avec un article publi\u00e9 dans sa revue, le r\u00e9dacteur en chef suivra la proc\u00e9dure d'approbation de l'article.&nbsp;<a href=\"https:\/\/publicationethics.org\/files\/Spanish%20%281%29.pdf\">Lignes directrices du Comit\u00e9 d'\u00e9thique de la publication (COPE)<\/a>&nbsp;(ou \u00e9quivalent) lorsqu'il s'agit de traiter des all\u00e9gations.<\/p>","protected":false},"excerpt":{"rendered":"<p>Politique en mati\u00e8re d'\u00e9thique de la publication Encartes applique des codes \u00e9thiques pour les r\u00e9viseurs, les auteurs et les r\u00e9dacteurs, bas\u00e9s sur les codes du Committee on Publication Ethics (COPE), disponibles \u00e0 l'adresse suivante : https:\/\/publicationethics.org\/. Les d\u00e9cisions \u00e9ditoriales ne seront pas affect\u00e9es par l'origine du manuscrit ou par les caract\u00e9ristiques de l'auteur telles que la nationalit\u00e9, le sexe, l'orientation sexuelle, l'appartenance ethnique, la race, les croyances religieuses ou la philosophie [...].<\/p>","protected":false},"author":10,"featured_media":0,"parent":0,"menu_order":0,"comment_status":"closed","ping_status":"closed","template":"","meta":{"_acf_changed":false,"footnotes":""},"coauthors":[1175],"class_list":["post-38354","page","type-page","status-publish","hentry"],"acf":[],"yoast_head":"<!-- This site is optimized with the Yoast SEO plugin v22.2 - https:\/\/yoast.com\/wordpress\/plugins\/seo\/ -->\n<title>Pol\u00edtica de \u00e9tica en la publicaci\u00f3n &#8211; Encartes<\/title>\n<meta name=\"robots\" content=\"index, follow, max-snippet:-1, max-image-preview:large, max-video-preview:-1\" \/>\n<link rel=\"canonical\" href=\"https:\/\/encartes.mx\/fr\/politica-de-etica-en-la-publicacion\/\" \/>\n<meta property=\"og:locale\" content=\"fr_FR\" \/>\n<meta property=\"og:type\" content=\"article\" \/>\n<meta property=\"og:title\" content=\"Pol\u00edtica de \u00e9tica en la publicaci\u00f3n &#8211; Encartes\" \/>\n<meta property=\"og:description\" content=\"Pol\u00edtica de \u00e9tica en la publicaci\u00f3n Encartes&nbsp;mantiene c\u00f3digos \u00e9ticos para evaluadores, autores y editores basados en los c\u00f3digos del Committee on Publication Ethics (COPE), disponible en&nbsp;https:\/\/publicationethics.org\/. Las decisiones editoriales no ser\u00e1n afectadas por el origen del manuscrito o por caracter\u00edsticas de los autores como nacionalidad, g\u00e9nero, orientaci\u00f3n sexual, origen \u00e9tnico, raza, creencias religiosas o filosof\u00eda [&hellip;]\" \/>\n<meta property=\"og:url\" content=\"https:\/\/encartes.mx\/fr\/politica-de-etica-en-la-publicacion\/\" \/>\n<meta property=\"og:site_name\" content=\"Encartes\" \/>\n<meta property=\"article:modified_time\" content=\"2023-12-04T17:49:34+00:00\" \/>\n<meta name=\"twitter:card\" content=\"summary_large_image\" \/>\n<meta name=\"twitter:label1\" content=\"Dur\u00e9e de lecture estim\u00e9e\" \/>\n\t<meta name=\"twitter:data1\" content=\"6 minutes\" \/>\n\t<meta name=\"twitter:label2\" content=\"Written by\" \/>\n\t<meta name=\"twitter:data2\" content=\"escire\" \/>\n<script type=\"application\/ld+json\" class=\"yoast-schema-graph\">{\"@context\":\"https:\/\/schema.org\",\"@graph\":[{\"@type\":\"WebPage\",\"@id\":\"https:\/\/encartes.mx\/politica-de-etica-en-la-publicacion\/\",\"url\":\"https:\/\/encartes.mx\/politica-de-etica-en-la-publicacion\/\",\"name\":\"Pol\u00edtica de \u00e9tica en la publicaci\u00f3n &#8211; Encartes\",\"isPartOf\":{\"@id\":\"https:\/\/encartes.mx\/#website\"},\"datePublished\":\"2023-11-30T21:54:50+00:00\",\"dateModified\":\"2023-12-04T17:49:34+00:00\",\"breadcrumb\":{\"@id\":\"https:\/\/encartes.mx\/politica-de-etica-en-la-publicacion\/#breadcrumb\"},\"inLanguage\":\"fr-FR\",\"potentialAction\":[{\"@type\":\"ReadAction\",\"target\":[\"https:\/\/encartes.mx\/politica-de-etica-en-la-publicacion\/\"]}]},{\"@type\":\"BreadcrumbList\",\"@id\":\"https:\/\/encartes.mx\/politica-de-etica-en-la-publicacion\/#breadcrumb\",\"itemListElement\":[{\"@type\":\"ListItem\",\"position\":1,\"name\":\"Home\",\"item\":\"https:\/\/encartes.mx\/\"},{\"@type\":\"ListItem\",\"position\":2,\"name\":\"Pol\u00edtica de \u00e9tica en la publicaci\u00f3n\"}]},{\"@type\":\"WebSite\",\"@id\":\"https:\/\/encartes.mx\/#website\",\"url\":\"https:\/\/encartes.mx\/\",\"name\":\"Encartes\",\"description\":\"Revista digital multimedia\",\"publisher\":{\"@id\":\"https:\/\/encartes.mx\/#organization\"},\"potentialAction\":[{\"@type\":\"SearchAction\",\"target\":{\"@type\":\"EntryPoint\",\"urlTemplate\":\"https:\/\/encartes.mx\/?s={search_term_string}\"},\"query-input\":\"required name=search_term_string\"}],\"inLanguage\":\"fr-FR\"},{\"@type\":\"Organization\",\"@id\":\"https:\/\/encartes.mx\/#organization\",\"name\":\"Encartes Antropol\u00f3gicos\",\"url\":\"https:\/\/encartes.mx\/\",\"logo\":{\"@type\":\"ImageObject\",\"inLanguage\":\"fr-FR\",\"@id\":\"https:\/\/encartes.mx\/#\/schema\/logo\/image\/\",\"url\":\"https:\/\/encartes.mx\/wp-content\/uploads\/2017\/04\/Logo-04.png\",\"contentUrl\":\"https:\/\/encartes.mx\/wp-content\/uploads\/2017\/04\/Logo-04.png\",\"width\":338,\"height\":306,\"caption\":\"Encartes Antropol\u00f3gicos\"},\"image\":{\"@id\":\"https:\/\/encartes.mx\/#\/schema\/logo\/image\/\"}}]}<\/script>\n<!-- \/ Yoast SEO plugin. -->","yoast_head_json":{"title":"Pol\u00edtica de \u00e9tica en la publicaci\u00f3n &#8211; Encartes","robots":{"index":"index","follow":"follow","max-snippet":"max-snippet:-1","max-image-preview":"max-image-preview:large","max-video-preview":"max-video-preview:-1"},"canonical":"https:\/\/encartes.mx\/fr\/politica-de-etica-en-la-publicacion\/","og_locale":"fr_FR","og_type":"article","og_title":"Pol\u00edtica de \u00e9tica en la publicaci\u00f3n &#8211; Encartes","og_description":"Pol\u00edtica de \u00e9tica en la publicaci\u00f3n Encartes&nbsp;mantiene c\u00f3digos \u00e9ticos para evaluadores, autores y editores basados en los c\u00f3digos del Committee on Publication Ethics (COPE), disponible en&nbsp;https:\/\/publicationethics.org\/. Las decisiones editoriales no ser\u00e1n afectadas por el origen del manuscrito o por caracter\u00edsticas de los autores como nacionalidad, g\u00e9nero, orientaci\u00f3n sexual, origen \u00e9tnico, raza, creencias religiosas o filosof\u00eda [&hellip;]","og_url":"https:\/\/encartes.mx\/fr\/politica-de-etica-en-la-publicacion\/","og_site_name":"Encartes","article_modified_time":"2023-12-04T17:49:34+00:00","twitter_card":"summary_large_image","twitter_misc":{"Dur\u00e9e de lecture estim\u00e9e":"6 minutes","Written by":"escire"},"schema":{"@context":"https:\/\/schema.org","@graph":[{"@type":"WebPage","@id":"https:\/\/encartes.mx\/politica-de-etica-en-la-publicacion\/","url":"https:\/\/encartes.mx\/politica-de-etica-en-la-publicacion\/","name":"Pol\u00edtica de \u00e9tica en la publicaci\u00f3n &#8211; Encartes","isPartOf":{"@id":"https:\/\/encartes.mx\/#website"},"datePublished":"2023-11-30T21:54:50+00:00","dateModified":"2023-12-04T17:49:34+00:00","breadcrumb":{"@id":"https:\/\/encartes.mx\/politica-de-etica-en-la-publicacion\/#breadcrumb"},"inLanguage":"fr-FR","potentialAction":[{"@type":"ReadAction","target":["https:\/\/encartes.mx\/politica-de-etica-en-la-publicacion\/"]}]},{"@type":"BreadcrumbList","@id":"https:\/\/encartes.mx\/politica-de-etica-en-la-publicacion\/#breadcrumb","itemListElement":[{"@type":"ListItem","position":1,"name":"Home","item":"https:\/\/encartes.mx\/"},{"@type":"ListItem","position":2,"name":"Pol\u00edtica de \u00e9tica en la publicaci\u00f3n"}]},{"@type":"WebSite","@id":"https:\/\/encartes.mx\/#website","url":"https:\/\/encartes.mx\/","name":"Encartes","description":"Revista digital multimedia","publisher":{"@id":"https:\/\/encartes.mx\/#organization"},"potentialAction":[{"@type":"SearchAction","target":{"@type":"EntryPoint","urlTemplate":"https:\/\/encartes.mx\/?s={search_term_string}"},"query-input":"required name=search_term_string"}],"inLanguage":"fr-FR"},{"@type":"Organization","@id":"https:\/\/encartes.mx\/#organization","name":"Encartes Antropol\u00f3gicos","url":"https:\/\/encartes.mx\/","logo":{"@type":"ImageObject","inLanguage":"fr-FR","@id":"https:\/\/encartes.mx\/#\/schema\/logo\/image\/","url":"https:\/\/encartes.mx\/wp-content\/uploads\/2017\/04\/Logo-04.png","contentUrl":"https:\/\/encartes.mx\/wp-content\/uploads\/2017\/04\/Logo-04.png","width":338,"height":306,"caption":"Encartes Antropol\u00f3gicos"},"image":{"@id":"https:\/\/encartes.mx\/#\/schema\/logo\/image\/"}}]}},"jetpack_sharing_enabled":true,"_links":{"self":[{"href":"https:\/\/encartes.mx\/fr\/wp-json\/wp\/v2\/pages\/38354","targetHints":{"allow":["GET"]}}],"collection":[{"href":"https:\/\/encartes.mx\/fr\/wp-json\/wp\/v2\/pages"}],"about":[{"href":"https:\/\/encartes.mx\/fr\/wp-json\/wp\/v2\/types\/page"}],"author":[{"embeddable":true,"href":"https:\/\/encartes.mx\/fr\/wp-json\/wp\/v2\/users\/10"}],"replies":[{"embeddable":true,"href":"https:\/\/encartes.mx\/fr\/wp-json\/wp\/v2\/comments?post=38354"}],"version-history":[{"count":4,"href":"https:\/\/encartes.mx\/fr\/wp-json\/wp\/v2\/pages\/38354\/revisions"}],"predecessor-version":[{"id":38424,"href":"https:\/\/encartes.mx\/fr\/wp-json\/wp\/v2\/pages\/38354\/revisions\/38424"}],"wp:attachment":[{"href":"https:\/\/encartes.mx\/fr\/wp-json\/wp\/v2\/media?parent=38354"}],"wp:term":[{"taxonomy":"author","embeddable":true,"href":"https:\/\/encartes.mx\/fr\/wp-json\/wp\/v2\/coauthors?post=38354"}],"curies":[{"name":"wp","href":"https:\/\/api.w.org\/{rel}","templated":true}]}}