{"id":38346,"date":"2023-11-30T15:50:55","date_gmt":"2023-11-30T21:50:55","guid":{"rendered":"https:\/\/encartes.mx\/?page_id=38346"},"modified":"2023-12-04T11:50:29","modified_gmt":"2023-12-04T17:50:29","slug":"politica-de-preservacion-digital","status":"publish","type":"page","link":"https:\/\/encartes.mx\/fr\/politica-de-preservacion-digital\/","title":{"rendered":"Politique de conservation num\u00e9rique"},"content":{"rendered":"<h1 class=\"wp-block-heading\">Politique de conservation num\u00e9rique<\/h1>\n\n\n\n<p>Tous les textes publi\u00e9s sur le site web du journal ouvert Encartes sont compatibles avec le syst\u00e8me d'archivage.&nbsp;<a href=\"https:\/\/www.lockss.org\/\" target=\"_blank\" rel=\"noreferrer noopener\">LOCKSS<\/a>&nbsp;et&nbsp;<a href=\"https:\/\/clockss.org\/\" target=\"_blank\" rel=\"noreferrer noopener\">CLOCKSS<\/a>.<\/p>\n\n\n\n<p>Voir la page du&nbsp;<a href=\"https:\/\/revista.encartes.mx\/index.php\/encartes\/gateway\/lockss\">Manifeste de publication<\/a>&nbsp;de LOCKSS.<\/p>","protected":false},"excerpt":{"rendered":"<p>Politique de conservation num\u00e9rique Tous les textes publi\u00e9s sur la page Open Journal Systems d'Encartes sont compatibles avec les syst\u00e8mes d'archivage LOCKSS et CLOCKSS. Voir la page Manifeste de publication LOCKSS.<\/p>","protected":false},"author":10,"featured_media":0,"parent":0,"menu_order":0,"comment_status":"closed","ping_status":"closed","template":"","meta":{"_acf_changed":false,"footnotes":""},"coauthors":[1175],"class_list":["post-38346","page","type-page","status-publish","hentry"],"acf":[],"yoast_head":"<!-- This site is optimized with the Yoast SEO plugin v22.2 - https:\/\/yoast.com\/wordpress\/plugins\/seo\/ -->\n<title>Pol\u00edtica de preservaci\u00f3n digital &#8211; Encartes<\/title>\n<meta name=\"robots\" content=\"index, follow, max-snippet:-1, max-image-preview:large, max-video-preview:-1\" \/>\n<link rel=\"canonical\" href=\"https:\/\/encartes.mx\/fr\/politica-de-preservacion-digital\/\" \/>\n<meta property=\"og:locale\" content=\"fr_FR\" \/>\n<meta property=\"og:type\" content=\"article\" \/>\n<meta property=\"og:title\" content=\"Pol\u00edtica de preservaci\u00f3n digital &#8211; Encartes\" \/>\n<meta property=\"og:description\" content=\"Pol\u00edtica de preservaci\u00f3n digital Todos los textos publicados en la p\u00e1gina de Open Journal Systems de Encartes son compatibles con el sistema de archivo&nbsp;LOCKSS&nbsp;y&nbsp;CLOCKSS. Consulte la p\u00e1gina del&nbsp;Manifiesto de Publicaci\u00f3n&nbsp;de LOCKSS.\" \/>\n<meta property=\"og:url\" content=\"https:\/\/encartes.mx\/fr\/politica-de-preservacion-digital\/\" \/>\n<meta property=\"og:site_name\" content=\"Encartes\" \/>\n<meta property=\"article:modified_time\" content=\"2023-12-04T17:50:29+00:00\" \/>\n<meta name=\"twitter:card\" content=\"summary_large_image\" \/>\n<meta name=\"twitter:label1\" content=\"Dur\u00e9e de lecture estim\u00e9e\" \/>\n\t<meta name=\"twitter:data1\" content=\"1 minute\" \/>\n\t<meta name=\"twitter:label2\" content=\"Written by\" \/>\n\t<meta name=\"twitter:data2\" content=\"escire\" \/>\n<script type=\"application\/ld+json\" class=\"yoast-schema-graph\">{\"@context\":\"https:\/\/schema.org\",\"@graph\":[{\"@type\":\"WebPage\",\"@id\":\"https:\/\/encartes.mx\/politica-de-preservacion-digital\/\",\"url\":\"https:\/\/encartes.mx\/politica-de-preservacion-digital\/\",\"name\":\"Pol\u00edtica de preservaci\u00f3n digital &#8211; Encartes\",\"isPartOf\":{\"@id\":\"https:\/\/encartes.mx\/#website\"},\"datePublished\":\"2023-11-30T21:50:55+00:00\",\"dateModified\":\"2023-12-04T17:50:29+00:00\",\"breadcrumb\":{\"@id\":\"https:\/\/encartes.mx\/politica-de-preservacion-digital\/#breadcrumb\"},\"inLanguage\":\"fr-FR\",\"potentialAction\":[{\"@type\":\"ReadAction\",\"target\":[\"https:\/\/encartes.mx\/politica-de-preservacion-digital\/\"]}]},{\"@type\":\"BreadcrumbList\",\"@id\":\"https:\/\/encartes.mx\/politica-de-preservacion-digital\/#breadcrumb\",\"itemListElement\":[{\"@type\":\"ListItem\",\"position\":1,\"name\":\"Home\",\"item\":\"https:\/\/encartes.mx\/\"},{\"@type\":\"ListItem\",\"position\":2,\"name\":\"Pol\u00edtica de preservaci\u00f3n digital\"}]},{\"@type\":\"WebSite\",\"@id\":\"https:\/\/encartes.mx\/#website\",\"url\":\"https:\/\/encartes.mx\/\",\"name\":\"Encartes\",\"description\":\"Revista digital multimedia\",\"publisher\":{\"@id\":\"https:\/\/encartes.mx\/#organization\"},\"potentialAction\":[{\"@type\":\"SearchAction\",\"target\":{\"@type\":\"EntryPoint\",\"urlTemplate\":\"https:\/\/encartes.mx\/?s={search_term_string}\"},\"query-input\":\"required name=search_term_string\"}],\"inLanguage\":\"fr-FR\"},{\"@type\":\"Organization\",\"@id\":\"https:\/\/encartes.mx\/#organization\",\"name\":\"Encartes Antropol\u00f3gicos\",\"url\":\"https:\/\/encartes.mx\/\",\"logo\":{\"@type\":\"ImageObject\",\"inLanguage\":\"fr-FR\",\"@id\":\"https:\/\/encartes.mx\/#\/schema\/logo\/image\/\",\"url\":\"https:\/\/encartes.mx\/wp-content\/uploads\/2017\/04\/Logo-04.png\",\"contentUrl\":\"https:\/\/encartes.mx\/wp-content\/uploads\/2017\/04\/Logo-04.png\",\"width\":338,\"height\":306,\"caption\":\"Encartes Antropol\u00f3gicos\"},\"image\":{\"@id\":\"https:\/\/encartes.mx\/#\/schema\/logo\/image\/\"}}]}<\/script>\n<!-- \/ Yoast SEO plugin. -->","yoast_head_json":{"title":"Pol\u00edtica de preservaci\u00f3n digital &#8211; Encartes","robots":{"index":"index","follow":"follow","max-snippet":"max-snippet:-1","max-image-preview":"max-image-preview:large","max-video-preview":"max-video-preview:-1"},"canonical":"https:\/\/encartes.mx\/fr\/politica-de-preservacion-digital\/","og_locale":"fr_FR","og_type":"article","og_title":"Pol\u00edtica de preservaci\u00f3n digital &#8211; Encartes","og_description":"Pol\u00edtica de preservaci\u00f3n digital Todos los textos publicados en la p\u00e1gina de Open Journal Systems de Encartes son compatibles con el sistema de archivo&nbsp;LOCKSS&nbsp;y&nbsp;CLOCKSS. Consulte la p\u00e1gina del&nbsp;Manifiesto de Publicaci\u00f3n&nbsp;de LOCKSS.","og_url":"https:\/\/encartes.mx\/fr\/politica-de-preservacion-digital\/","og_site_name":"Encartes","article_modified_time":"2023-12-04T17:50:29+00:00","twitter_card":"summary_large_image","twitter_misc":{"Dur\u00e9e de lecture estim\u00e9e":"1 minute","Written by":"escire"},"schema":{"@context":"https:\/\/schema.org","@graph":[{"@type":"WebPage","@id":"https:\/\/encartes.mx\/politica-de-preservacion-digital\/","url":"https:\/\/encartes.mx\/politica-de-preservacion-digital\/","name":"Pol\u00edtica de preservaci\u00f3n digital &#8211; Encartes","isPartOf":{"@id":"https:\/\/encartes.mx\/#website"},"datePublished":"2023-11-30T21:50:55+00:00","dateModified":"2023-12-04T17:50:29+00:00","breadcrumb":{"@id":"https:\/\/encartes.mx\/politica-de-preservacion-digital\/#breadcrumb"},"inLanguage":"fr-FR","potentialAction":[{"@type":"ReadAction","target":["https:\/\/encartes.mx\/politica-de-preservacion-digital\/"]}]},{"@type":"BreadcrumbList","@id":"https:\/\/encartes.mx\/politica-de-preservacion-digital\/#breadcrumb","itemListElement":[{"@type":"ListItem","position":1,"name":"Home","item":"https:\/\/encartes.mx\/"},{"@type":"ListItem","position":2,"name":"Pol\u00edtica de preservaci\u00f3n digital"}]},{"@type":"WebSite","@id":"https:\/\/encartes.mx\/#website","url":"https:\/\/encartes.mx\/","name":"Encartes","description":"Revista digital multimedia","publisher":{"@id":"https:\/\/encartes.mx\/#organization"},"potentialAction":[{"@type":"SearchAction","target":{"@type":"EntryPoint","urlTemplate":"https:\/\/encartes.mx\/?s={search_term_string}"},"query-input":"required name=search_term_string"}],"inLanguage":"fr-FR"},{"@type":"Organization","@id":"https:\/\/encartes.mx\/#organization","name":"Encartes Antropol\u00f3gicos","url":"https:\/\/encartes.mx\/","logo":{"@type":"ImageObject","inLanguage":"fr-FR","@id":"https:\/\/encartes.mx\/#\/schema\/logo\/image\/","url":"https:\/\/encartes.mx\/wp-content\/uploads\/2017\/04\/Logo-04.png","contentUrl":"https:\/\/encartes.mx\/wp-content\/uploads\/2017\/04\/Logo-04.png","width":338,"height":306,"caption":"Encartes Antropol\u00f3gicos"},"image":{"@id":"https:\/\/encartes.mx\/#\/schema\/logo\/image\/"}}]}},"jetpack_sharing_enabled":true,"_links":{"self":[{"href":"https:\/\/encartes.mx\/fr\/wp-json\/wp\/v2\/pages\/38346","targetHints":{"allow":["GET"]}}],"collection":[{"href":"https:\/\/encartes.mx\/fr\/wp-json\/wp\/v2\/pages"}],"about":[{"href":"https:\/\/encartes.mx\/fr\/wp-json\/wp\/v2\/types\/page"}],"author":[{"embeddable":true,"href":"https:\/\/encartes.mx\/fr\/wp-json\/wp\/v2\/users\/10"}],"replies":[{"embeddable":true,"href":"https:\/\/encartes.mx\/fr\/wp-json\/wp\/v2\/comments?post=38346"}],"version-history":[{"count":4,"href":"https:\/\/encartes.mx\/fr\/wp-json\/wp\/v2\/pages\/38346\/revisions"}],"predecessor-version":[{"id":38426,"href":"https:\/\/encartes.mx\/fr\/wp-json\/wp\/v2\/pages\/38346\/revisions\/38426"}],"wp:attachment":[{"href":"https:\/\/encartes.mx\/fr\/wp-json\/wp\/v2\/media?parent=38346"}],"wp:term":[{"taxonomy":"author","embeddable":true,"href":"https:\/\/encartes.mx\/fr\/wp-json\/wp\/v2\/coauthors?post=38346"}],"curies":[{"name":"wp","href":"https:\/\/api.w.org\/{rel}","templated":true}]}}