{"id":38342,"date":"2023-11-30T15:48:42","date_gmt":"2023-11-30T21:48:42","guid":{"rendered":"https:\/\/encartes.mx\/?page_id=38342"},"modified":"2023-12-04T11:44:38","modified_gmt":"2023-12-04T17:44:38","slug":"politica-de-autoarchivo","status":"publish","type":"page","link":"https:\/\/encartes.mx\/fr\/politica-de-autoarchivo\/","title":{"rendered":"Politique d'auto-archivage"},"content":{"rendered":"<h1 class=\"wp-block-heading\">Politique d'auto-archivage<\/h1>\n\n\n\n<p>Encartes maintient une politique d'auto-archivage qui accorde aux auteurs la libert\u00e9 d'archiver (preprint, postprint accept\u00e9 et versions publi\u00e9es) et de publier et diffuser leurs articles dans d'autres m\u00e9dias \u00e9lectroniques (sites web personnels, d\u00e9p\u00f4ts institutionnels, blogs...), dans le respect des conditions de la licence.\u00a0<a href=\"https:\/\/creativecommons.org\/licenses\/by-sa\/4.0\/deed.es\" target=\"_blank\" rel=\"noreferrer noopener\">Attribution 4.0 International (CC BY 4.0)<\/a>\u00e0 condition de fournir des informations bibliographiques prouvant leur premi\u00e8re publication en\u00a0<em>Encartes\u00a0<\/em>et l'objet de l'article.<\/p>","protected":false},"excerpt":{"rendered":"<p>Politique d'auto-archivage Encartes applique une politique d'auto-archivage qui accorde aux auteurs la libert\u00e9 d'archiver (preprint, postprint accept\u00e9 et versions publi\u00e9es), de publier et de diffuser leurs articles sur d'autres supports \u00e9lectroniques (sites web personnels, d\u00e9p\u00f4ts institutionnels, blogs...), dans les conditions de la licence Attribution 4.0 International (CC BY 4.0), \u00e0 condition qu'ils fournissent [...].<\/p>","protected":false},"author":10,"featured_media":0,"parent":0,"menu_order":0,"comment_status":"closed","ping_status":"closed","template":"","meta":{"_acf_changed":false,"footnotes":""},"coauthors":[1175],"class_list":["post-38342","page","type-page","status-publish","hentry"],"acf":[],"yoast_head":"<!-- This site is optimized with the Yoast SEO plugin v22.2 - https:\/\/yoast.com\/wordpress\/plugins\/seo\/ -->\n<title>Pol\u00edtica de autoarchivo &#8211; Encartes<\/title>\n<meta name=\"robots\" content=\"index, follow, max-snippet:-1, max-image-preview:large, max-video-preview:-1\" \/>\n<link rel=\"canonical\" href=\"https:\/\/encartes.mx\/fr\/politica-de-autoarchivo\/\" \/>\n<meta property=\"og:locale\" content=\"fr_FR\" \/>\n<meta property=\"og:type\" content=\"article\" \/>\n<meta property=\"og:title\" content=\"Pol\u00edtica de autoarchivo &#8211; Encartes\" \/>\n<meta property=\"og:description\" content=\"Pol\u00edtica de autoarchivo Encartes mantiene una pol\u00edtica de autoarchivo que otorga a los autores la libertad de archivar (versiones preprint, postprint aceptada y versi\u00f3n publicada) y publicar y difundir sus art\u00edculos en otros medios electr\u00f3nicos (web personales, repositorios institucionales, blogs\u2026), bajo las condiciones de la licencia\u00a0Atribuci\u00f3n 4.0 Internacional (CC BY 4.0), siempre y cuando proporcionen [&hellip;]\" \/>\n<meta property=\"og:url\" content=\"https:\/\/encartes.mx\/fr\/politica-de-autoarchivo\/\" \/>\n<meta property=\"og:site_name\" content=\"Encartes\" \/>\n<meta property=\"article:modified_time\" content=\"2023-12-04T17:44:38+00:00\" \/>\n<meta name=\"twitter:card\" content=\"summary_large_image\" \/>\n<meta name=\"twitter:label1\" content=\"Dur\u00e9e de lecture estim\u00e9e\" \/>\n\t<meta name=\"twitter:data1\" content=\"1 minute\" \/>\n\t<meta name=\"twitter:label2\" content=\"Written by\" \/>\n\t<meta name=\"twitter:data2\" content=\"escire\" \/>\n<script type=\"application\/ld+json\" class=\"yoast-schema-graph\">{\"@context\":\"https:\/\/schema.org\",\"@graph\":[{\"@type\":\"WebPage\",\"@id\":\"https:\/\/encartes.mx\/politica-de-autoarchivo\/\",\"url\":\"https:\/\/encartes.mx\/politica-de-autoarchivo\/\",\"name\":\"Pol\u00edtica de autoarchivo &#8211; Encartes\",\"isPartOf\":{\"@id\":\"https:\/\/encartes.mx\/#website\"},\"datePublished\":\"2023-11-30T21:48:42+00:00\",\"dateModified\":\"2023-12-04T17:44:38+00:00\",\"breadcrumb\":{\"@id\":\"https:\/\/encartes.mx\/politica-de-autoarchivo\/#breadcrumb\"},\"inLanguage\":\"fr-FR\",\"potentialAction\":[{\"@type\":\"ReadAction\",\"target\":[\"https:\/\/encartes.mx\/politica-de-autoarchivo\/\"]}]},{\"@type\":\"BreadcrumbList\",\"@id\":\"https:\/\/encartes.mx\/politica-de-autoarchivo\/#breadcrumb\",\"itemListElement\":[{\"@type\":\"ListItem\",\"position\":1,\"name\":\"Home\",\"item\":\"https:\/\/encartes.mx\/\"},{\"@type\":\"ListItem\",\"position\":2,\"name\":\"Pol\u00edtica de autoarchivo\"}]},{\"@type\":\"WebSite\",\"@id\":\"https:\/\/encartes.mx\/#website\",\"url\":\"https:\/\/encartes.mx\/\",\"name\":\"Encartes\",\"description\":\"Revista digital multimedia\",\"publisher\":{\"@id\":\"https:\/\/encartes.mx\/#organization\"},\"potentialAction\":[{\"@type\":\"SearchAction\",\"target\":{\"@type\":\"EntryPoint\",\"urlTemplate\":\"https:\/\/encartes.mx\/?s={search_term_string}\"},\"query-input\":\"required name=search_term_string\"}],\"inLanguage\":\"fr-FR\"},{\"@type\":\"Organization\",\"@id\":\"https:\/\/encartes.mx\/#organization\",\"name\":\"Encartes Antropol\u00f3gicos\",\"url\":\"https:\/\/encartes.mx\/\",\"logo\":{\"@type\":\"ImageObject\",\"inLanguage\":\"fr-FR\",\"@id\":\"https:\/\/encartes.mx\/#\/schema\/logo\/image\/\",\"url\":\"https:\/\/encartes.mx\/wp-content\/uploads\/2017\/04\/Logo-04.png\",\"contentUrl\":\"https:\/\/encartes.mx\/wp-content\/uploads\/2017\/04\/Logo-04.png\",\"width\":338,\"height\":306,\"caption\":\"Encartes Antropol\u00f3gicos\"},\"image\":{\"@id\":\"https:\/\/encartes.mx\/#\/schema\/logo\/image\/\"}}]}<\/script>\n<!-- \/ Yoast SEO plugin. -->","yoast_head_json":{"title":"Pol\u00edtica de autoarchivo &#8211; Encartes","robots":{"index":"index","follow":"follow","max-snippet":"max-snippet:-1","max-image-preview":"max-image-preview:large","max-video-preview":"max-video-preview:-1"},"canonical":"https:\/\/encartes.mx\/fr\/politica-de-autoarchivo\/","og_locale":"fr_FR","og_type":"article","og_title":"Pol\u00edtica de autoarchivo &#8211; Encartes","og_description":"Pol\u00edtica de autoarchivo Encartes mantiene una pol\u00edtica de autoarchivo que otorga a los autores la libertad de archivar (versiones preprint, postprint aceptada y versi\u00f3n publicada) y publicar y difundir sus art\u00edculos en otros medios electr\u00f3nicos (web personales, repositorios institucionales, blogs\u2026), bajo las condiciones de la licencia\u00a0Atribuci\u00f3n 4.0 Internacional (CC BY 4.0), siempre y cuando proporcionen [&hellip;]","og_url":"https:\/\/encartes.mx\/fr\/politica-de-autoarchivo\/","og_site_name":"Encartes","article_modified_time":"2023-12-04T17:44:38+00:00","twitter_card":"summary_large_image","twitter_misc":{"Dur\u00e9e de lecture estim\u00e9e":"1 minute","Written by":"escire"},"schema":{"@context":"https:\/\/schema.org","@graph":[{"@type":"WebPage","@id":"https:\/\/encartes.mx\/politica-de-autoarchivo\/","url":"https:\/\/encartes.mx\/politica-de-autoarchivo\/","name":"Pol\u00edtica de autoarchivo &#8211; Encartes","isPartOf":{"@id":"https:\/\/encartes.mx\/#website"},"datePublished":"2023-11-30T21:48:42+00:00","dateModified":"2023-12-04T17:44:38+00:00","breadcrumb":{"@id":"https:\/\/encartes.mx\/politica-de-autoarchivo\/#breadcrumb"},"inLanguage":"fr-FR","potentialAction":[{"@type":"ReadAction","target":["https:\/\/encartes.mx\/politica-de-autoarchivo\/"]}]},{"@type":"BreadcrumbList","@id":"https:\/\/encartes.mx\/politica-de-autoarchivo\/#breadcrumb","itemListElement":[{"@type":"ListItem","position":1,"name":"Home","item":"https:\/\/encartes.mx\/"},{"@type":"ListItem","position":2,"name":"Pol\u00edtica de autoarchivo"}]},{"@type":"WebSite","@id":"https:\/\/encartes.mx\/#website","url":"https:\/\/encartes.mx\/","name":"Encartes","description":"Revista digital multimedia","publisher":{"@id":"https:\/\/encartes.mx\/#organization"},"potentialAction":[{"@type":"SearchAction","target":{"@type":"EntryPoint","urlTemplate":"https:\/\/encartes.mx\/?s={search_term_string}"},"query-input":"required name=search_term_string"}],"inLanguage":"fr-FR"},{"@type":"Organization","@id":"https:\/\/encartes.mx\/#organization","name":"Encartes Antropol\u00f3gicos","url":"https:\/\/encartes.mx\/","logo":{"@type":"ImageObject","inLanguage":"fr-FR","@id":"https:\/\/encartes.mx\/#\/schema\/logo\/image\/","url":"https:\/\/encartes.mx\/wp-content\/uploads\/2017\/04\/Logo-04.png","contentUrl":"https:\/\/encartes.mx\/wp-content\/uploads\/2017\/04\/Logo-04.png","width":338,"height":306,"caption":"Encartes Antropol\u00f3gicos"},"image":{"@id":"https:\/\/encartes.mx\/#\/schema\/logo\/image\/"}}]}},"jetpack_sharing_enabled":true,"_links":{"self":[{"href":"https:\/\/encartes.mx\/fr\/wp-json\/wp\/v2\/pages\/38342","targetHints":{"allow":["GET"]}}],"collection":[{"href":"https:\/\/encartes.mx\/fr\/wp-json\/wp\/v2\/pages"}],"about":[{"href":"https:\/\/encartes.mx\/fr\/wp-json\/wp\/v2\/types\/page"}],"author":[{"embeddable":true,"href":"https:\/\/encartes.mx\/fr\/wp-json\/wp\/v2\/users\/10"}],"replies":[{"embeddable":true,"href":"https:\/\/encartes.mx\/fr\/wp-json\/wp\/v2\/comments?post=38342"}],"version-history":[{"count":4,"href":"https:\/\/encartes.mx\/fr\/wp-json\/wp\/v2\/pages\/38342\/revisions"}],"predecessor-version":[{"id":38418,"href":"https:\/\/encartes.mx\/fr\/wp-json\/wp\/v2\/pages\/38342\/revisions\/38418"}],"wp:attachment":[{"href":"https:\/\/encartes.mx\/fr\/wp-json\/wp\/v2\/media?parent=38342"}],"wp:term":[{"taxonomy":"author","embeddable":true,"href":"https:\/\/encartes.mx\/fr\/wp-json\/wp\/v2\/coauthors?post=38342"}],"curies":[{"name":"wp","href":"https:\/\/api.w.org\/{rel}","templated":true}]}}