{"id":38266,"date":"2023-11-28T09:51:04","date_gmt":"2023-11-28T15:51:04","guid":{"rendered":"https:\/\/encartes.mx\/?page_id=38266"},"modified":"2023-12-04T11:42:53","modified_gmt":"2023-12-04T17:42:53","slug":"politica-de-acceso-abierto","status":"publish","type":"page","link":"https:\/\/encartes.mx\/fr\/politica-de-acceso-abierto\/","title":{"rendered":"Politique de libre acc\u00e8s"},"content":{"rendered":"<h1 class=\"wp-block-heading\">Politique de libre acc\u00e8s<\/h1>\n\n\n\n<p class=\"has-text-align-justify\">Tous les articles publi\u00e9s (postprints) peuvent \u00eatre t\u00e9l\u00e9charg\u00e9s dans leur version la plus r\u00e9cente sur le site web d'Encartes, dans le d\u00e9p\u00f4t institutionnel du CIESAS et sur le site web du CIESAS.&nbsp;<a href=\"https:\/\/archive.org\/details\/@encartes_antropol_gicos\">Internet Archive<\/a>&nbsp;. L'utilisateur doit reconna\u00eetre les cr\u00e9dits de l'\u0153uvre. Tous les textes publi\u00e9s sur le site web des syst\u00e8mes de journaux ouverts d'Encartes sont compatibles avec le syst\u00e8me d'archivage.&nbsp;<a href=\"https:\/\/www.lockss.org\/\" target=\"_blank\" rel=\"noreferrer noopener\">LOCKSS<\/a>&nbsp;et&nbsp;<a href=\"https:\/\/clockss.org\/\" target=\"_blank\" rel=\"noreferrer noopener\">CLOCKSS<\/a>.<\/p>\n\n\n\n<p class=\"has-text-align-justify\"><em>Encartes&nbsp;<\/em>ne facture pas les frais de traitement et\/ou de publication des articles (APC) et, sauf indication contraire, tout le contenu de ce site est plac\u00e9 sous une licence internationale Creative Commons Attribution-NonCommercial 4.0. Cette revue offre un acc\u00e8s libre \u00e0 son contenu, en partant du principe qu'offrir au public un acc\u00e8s gratuit \u00e0 la recherche contribue au d\u00e9veloppement de la revue.<a href=\"https:\/\/www.lockss.org\/\" target=\"_blank\" rel=\"noreferrer noopener\">https:\/\/www.lockss.org\/<\/a>&nbsp;le partage des connaissances au niveau mondial.<\/p>","protected":false},"excerpt":{"rendered":"<p>Politique de libre acc\u00e8s Tous les articles publi\u00e9s (postprints) peuvent \u00eatre t\u00e9l\u00e9charg\u00e9s dans leur version la plus r\u00e9cente sur le site web d'Encartes, dans le d\u00e9p\u00f4t institutionnel du CIESAS et dans l'Internet Archive. L'utilisateur doit reconna\u00eetre les cr\u00e9dits de l'\u0153uvre. Tous les textes publi\u00e9s sur la page Encartes Open Journal Systems sont compatibles avec [...]<\/p>","protected":false},"author":10,"featured_media":0,"parent":0,"menu_order":0,"comment_status":"closed","ping_status":"closed","template":"","meta":{"_acf_changed":false,"footnotes":""},"coauthors":[1175],"class_list":["post-38266","page","type-page","status-publish","hentry"],"acf":[],"yoast_head":"<!-- This site is optimized with the Yoast SEO plugin v22.2 - https:\/\/yoast.com\/wordpress\/plugins\/seo\/ -->\n<title>Pol\u00edtica de acceso abierto &#8211; Encartes<\/title>\n<meta name=\"robots\" content=\"index, follow, max-snippet:-1, max-image-preview:large, max-video-preview:-1\" \/>\n<link rel=\"canonical\" href=\"https:\/\/encartes.mx\/fr\/politica-de-acceso-abierto\/\" \/>\n<meta property=\"og:locale\" content=\"fr_FR\" \/>\n<meta property=\"og:type\" content=\"article\" \/>\n<meta property=\"og:title\" content=\"Pol\u00edtica de acceso abierto &#8211; Encartes\" \/>\n<meta property=\"og:description\" content=\"Pol\u00edtica de acceso abierto Todos los art\u00edculos publicados (postprints) se encuentran disponibles para descarga en su versi\u00f3n m\u00e1s actualizada en el sitio de&nbsp;Encartes, en el repositorio institucional de CIESAS y en&nbsp;Internet Archive&nbsp;. El usuario debe reconocer los cr\u00e9ditos de la obra. Todos los textos publicados en la p\u00e1gina de Open Journal Systems de&nbsp;Encartes&nbsp;son compatibles con [&hellip;]\" \/>\n<meta property=\"og:url\" content=\"https:\/\/encartes.mx\/fr\/politica-de-acceso-abierto\/\" \/>\n<meta property=\"og:site_name\" content=\"Encartes\" \/>\n<meta property=\"article:modified_time\" content=\"2023-12-04T17:42:53+00:00\" \/>\n<meta name=\"twitter:card\" content=\"summary_large_image\" \/>\n<meta name=\"twitter:label1\" content=\"Dur\u00e9e de lecture estim\u00e9e\" \/>\n\t<meta name=\"twitter:data1\" content=\"1 minute\" \/>\n\t<meta name=\"twitter:label2\" content=\"Written by\" \/>\n\t<meta name=\"twitter:data2\" content=\"escire\" \/>\n<script type=\"application\/ld+json\" class=\"yoast-schema-graph\">{\"@context\":\"https:\/\/schema.org\",\"@graph\":[{\"@type\":\"WebPage\",\"@id\":\"https:\/\/encartes.mx\/politica-de-acceso-abierto\/\",\"url\":\"https:\/\/encartes.mx\/politica-de-acceso-abierto\/\",\"name\":\"Pol\u00edtica de acceso abierto &#8211; Encartes\",\"isPartOf\":{\"@id\":\"https:\/\/encartes.mx\/#website\"},\"datePublished\":\"2023-11-28T15:51:04+00:00\",\"dateModified\":\"2023-12-04T17:42:53+00:00\",\"breadcrumb\":{\"@id\":\"https:\/\/encartes.mx\/politica-de-acceso-abierto\/#breadcrumb\"},\"inLanguage\":\"fr-FR\",\"potentialAction\":[{\"@type\":\"ReadAction\",\"target\":[\"https:\/\/encartes.mx\/politica-de-acceso-abierto\/\"]}]},{\"@type\":\"BreadcrumbList\",\"@id\":\"https:\/\/encartes.mx\/politica-de-acceso-abierto\/#breadcrumb\",\"itemListElement\":[{\"@type\":\"ListItem\",\"position\":1,\"name\":\"Home\",\"item\":\"https:\/\/encartes.mx\/\"},{\"@type\":\"ListItem\",\"position\":2,\"name\":\"Pol\u00edtica de acceso abierto\"}]},{\"@type\":\"WebSite\",\"@id\":\"https:\/\/encartes.mx\/#website\",\"url\":\"https:\/\/encartes.mx\/\",\"name\":\"Encartes\",\"description\":\"Revista digital multimedia\",\"publisher\":{\"@id\":\"https:\/\/encartes.mx\/#organization\"},\"potentialAction\":[{\"@type\":\"SearchAction\",\"target\":{\"@type\":\"EntryPoint\",\"urlTemplate\":\"https:\/\/encartes.mx\/?s={search_term_string}\"},\"query-input\":\"required name=search_term_string\"}],\"inLanguage\":\"fr-FR\"},{\"@type\":\"Organization\",\"@id\":\"https:\/\/encartes.mx\/#organization\",\"name\":\"Encartes Antropol\u00f3gicos\",\"url\":\"https:\/\/encartes.mx\/\",\"logo\":{\"@type\":\"ImageObject\",\"inLanguage\":\"fr-FR\",\"@id\":\"https:\/\/encartes.mx\/#\/schema\/logo\/image\/\",\"url\":\"https:\/\/encartes.mx\/wp-content\/uploads\/2017\/04\/Logo-04.png\",\"contentUrl\":\"https:\/\/encartes.mx\/wp-content\/uploads\/2017\/04\/Logo-04.png\",\"width\":338,\"height\":306,\"caption\":\"Encartes Antropol\u00f3gicos\"},\"image\":{\"@id\":\"https:\/\/encartes.mx\/#\/schema\/logo\/image\/\"}}]}<\/script>\n<!-- \/ Yoast SEO plugin. -->","yoast_head_json":{"title":"Pol\u00edtica de acceso abierto &#8211; Encartes","robots":{"index":"index","follow":"follow","max-snippet":"max-snippet:-1","max-image-preview":"max-image-preview:large","max-video-preview":"max-video-preview:-1"},"canonical":"https:\/\/encartes.mx\/fr\/politica-de-acceso-abierto\/","og_locale":"fr_FR","og_type":"article","og_title":"Pol\u00edtica de acceso abierto &#8211; Encartes","og_description":"Pol\u00edtica de acceso abierto Todos los art\u00edculos publicados (postprints) se encuentran disponibles para descarga en su versi\u00f3n m\u00e1s actualizada en el sitio de&nbsp;Encartes, en el repositorio institucional de CIESAS y en&nbsp;Internet Archive&nbsp;. El usuario debe reconocer los cr\u00e9ditos de la obra. Todos los textos publicados en la p\u00e1gina de Open Journal Systems de&nbsp;Encartes&nbsp;son compatibles con [&hellip;]","og_url":"https:\/\/encartes.mx\/fr\/politica-de-acceso-abierto\/","og_site_name":"Encartes","article_modified_time":"2023-12-04T17:42:53+00:00","twitter_card":"summary_large_image","twitter_misc":{"Dur\u00e9e de lecture estim\u00e9e":"1 minute","Written by":"escire"},"schema":{"@context":"https:\/\/schema.org","@graph":[{"@type":"WebPage","@id":"https:\/\/encartes.mx\/politica-de-acceso-abierto\/","url":"https:\/\/encartes.mx\/politica-de-acceso-abierto\/","name":"Pol\u00edtica de acceso abierto &#8211; Encartes","isPartOf":{"@id":"https:\/\/encartes.mx\/#website"},"datePublished":"2023-11-28T15:51:04+00:00","dateModified":"2023-12-04T17:42:53+00:00","breadcrumb":{"@id":"https:\/\/encartes.mx\/politica-de-acceso-abierto\/#breadcrumb"},"inLanguage":"fr-FR","potentialAction":[{"@type":"ReadAction","target":["https:\/\/encartes.mx\/politica-de-acceso-abierto\/"]}]},{"@type":"BreadcrumbList","@id":"https:\/\/encartes.mx\/politica-de-acceso-abierto\/#breadcrumb","itemListElement":[{"@type":"ListItem","position":1,"name":"Home","item":"https:\/\/encartes.mx\/"},{"@type":"ListItem","position":2,"name":"Pol\u00edtica de acceso abierto"}]},{"@type":"WebSite","@id":"https:\/\/encartes.mx\/#website","url":"https:\/\/encartes.mx\/","name":"Encartes","description":"Revista digital multimedia","publisher":{"@id":"https:\/\/encartes.mx\/#organization"},"potentialAction":[{"@type":"SearchAction","target":{"@type":"EntryPoint","urlTemplate":"https:\/\/encartes.mx\/?s={search_term_string}"},"query-input":"required name=search_term_string"}],"inLanguage":"fr-FR"},{"@type":"Organization","@id":"https:\/\/encartes.mx\/#organization","name":"Encartes Antropol\u00f3gicos","url":"https:\/\/encartes.mx\/","logo":{"@type":"ImageObject","inLanguage":"fr-FR","@id":"https:\/\/encartes.mx\/#\/schema\/logo\/image\/","url":"https:\/\/encartes.mx\/wp-content\/uploads\/2017\/04\/Logo-04.png","contentUrl":"https:\/\/encartes.mx\/wp-content\/uploads\/2017\/04\/Logo-04.png","width":338,"height":306,"caption":"Encartes Antropol\u00f3gicos"},"image":{"@id":"https:\/\/encartes.mx\/#\/schema\/logo\/image\/"}}]}},"jetpack_sharing_enabled":true,"_links":{"self":[{"href":"https:\/\/encartes.mx\/fr\/wp-json\/wp\/v2\/pages\/38266","targetHints":{"allow":["GET"]}}],"collection":[{"href":"https:\/\/encartes.mx\/fr\/wp-json\/wp\/v2\/pages"}],"about":[{"href":"https:\/\/encartes.mx\/fr\/wp-json\/wp\/v2\/types\/page"}],"author":[{"embeddable":true,"href":"https:\/\/encartes.mx\/fr\/wp-json\/wp\/v2\/users\/10"}],"replies":[{"embeddable":true,"href":"https:\/\/encartes.mx\/fr\/wp-json\/wp\/v2\/comments?post=38266"}],"version-history":[{"count":2,"href":"https:\/\/encartes.mx\/fr\/wp-json\/wp\/v2\/pages\/38266\/revisions"}],"predecessor-version":[{"id":38337,"href":"https:\/\/encartes.mx\/fr\/wp-json\/wp\/v2\/pages\/38266\/revisions\/38337"}],"wp:attachment":[{"href":"https:\/\/encartes.mx\/fr\/wp-json\/wp\/v2\/media?parent=38266"}],"wp:term":[{"taxonomy":"author","embeddable":true,"href":"https:\/\/encartes.mx\/fr\/wp-json\/wp\/v2\/coauthors?post=38266"}],"curies":[{"name":"wp","href":"https:\/\/api.w.org\/{rel}","templated":true}]}}