{"id":38238,"date":"2023-11-28T00:12:57","date_gmt":"2023-11-28T06:12:57","guid":{"rendered":"https:\/\/encartes.mx\/?page_id=38238"},"modified":"2023-11-28T11:34:16","modified_gmt":"2023-11-28T17:34:16","slug":"lista-de-comprobacion","status":"publish","type":"page","link":"https:\/\/encartes.mx\/fr\/lista-de-comprobacion\/","title":{"rendered":"Liste de contr\u00f4le"},"content":{"rendered":"<h2 class=\"wp-block-heading\">Liste de contr\u00f4le pour la pr\u00e9paration de l'envoi<\/h2>\n\n\n\n<p>Tous les envois doivent r\u00e9pondre aux exigences suivantes.<\/p>\n\n\n\n<ul class=\"wp-block-list\"><li>La soumission doit \u00eatre in\u00e9dite, ne pas avoir \u00e9t\u00e9 publi\u00e9e auparavant et ne pas avoir \u00e9t\u00e9 soumise \u00e0 l'examen d'une autre revue. Dans ce dernier cas, une explication sera fournie dans les commentaires au r\u00e9dacteur en chef.<\/li><li>Le fichier doit \u00eatre au format OpenOffice, Microsoft Word, RTF ou WordPerfect.<\/li><li>Le magazine ne publiera que des textes et des produits en espagnol.<\/li><li>Tous les articles comprendront un titre en anglais et en espagnol, des notes, des citations, des tableaux, des graphiques et des r\u00e9f\u00e9rences bibliographiques. Selon la section, l'article doit \u00e9galement \u00eatre accompagn\u00e9 d'un r\u00e9sum\u00e9 et de mots-cl\u00e9s (minimum cinq) en anglais et en espagnol.<\/li><li>Le texte doit \u00eatre \u00e0 double interligne et en Times New Roman 12 points. L'italique doit \u00eatre utilis\u00e9 au lieu du soulignement (sauf pour les URL). Les notes de bas de page doivent appara\u00eetre au bas de la page et non \u00e0 la fin.<\/li><li>Le texte doit \u00eatre pr\u00e9sent\u00e9 conform\u00e9ment aux exigences de longueur, de style et de bibliographie de la section \u00e0 laquelle il est soumis.<\/li><li>Dans la mesure du possible, des adresses URL sont fournies pour les r\u00e9f\u00e9rences.<\/li><li>Les citations dans le texte doivent \u00eatre pr\u00e9sent\u00e9es sous la forme (S\u00e1mano, 1982:181).<\/li><li>Il incombe \u00e0 l'auteur de veiller \u00e0 l'exhaustivit\u00e9 des r\u00e9f\u00e9rences bibliographiques (ann\u00e9e, ville et \u00e9diteur de la publication), qui doivent \u00eatre pr\u00e9sent\u00e9es par ordre alphab\u00e9tique, faute de quoi l'article sera rejet\u00e9.<\/li><li>Si l'article comprend des illustrations, des figures, des tableaux, des diagrammes et des graphiques, l'auteur doit indiquer l'endroit pr\u00e9cis o\u00f9 ils doivent appara\u00eetre sur la page de la mani\u00e8re suivante : (inscrire le tableau 1 ou le graphique X). Le fichier Excel original des graphiques doit \u00eatre envoy\u00e9 afin qu'ils puissent \u00eatre manipul\u00e9s dans l'\u00e9dition.<\/li><li>Si l'auteur souhaite accompagner son texte de photographies, cartes, plans, figures ou planches, il doit s'assurer qu'il dispose de l'autorisation du cr\u00e9ateur pour l'utilisation de son \u0153uvre. Les fichiers doivent \u00eatre envoy\u00e9s au format .jpg ou .tiff avec une r\u00e9solution minimale de 300 dpi et doivent \u00eatre accompagn\u00e9s d'un titre et d'une source au bas de la photo (auteur, lieu, date).<\/li><li>Tous les produits audiovisuels doivent \u00eatre envoy\u00e9s en format .MPEG2 ou 4, .AVI, .MOV ou .MP4 et doivent avoir une r\u00e9solution de 1280 x 720. Le produit audiovisuel ou le texte accept\u00e9 sera publi\u00e9 par le propre m\u00e9dia de la revue (site web, flickr, vimeo, etc.).<\/li><li>Si le produit est \u00e9valu\u00e9 positivement par les pairs, la revue fournira une lettre de cession des droits \u00e0 signer par l'auteur. En cas de co-auteurs, tous les auteurs doivent signer le document.<\/li><li>Les r\u00e9f\u00e9rences bibliographiques utiliseront le style APA et contiendront les informations compl\u00e8tes dans l'ordre alphab\u00e9tique comme suit : Chodrow, Nancy (1984). El ejercicio de la maternidad. Barcelone : Gedisa. Hall, Stuart (1990). \"Culture Identity and Diaspora\", dans Jonathan Rutherford, Identity, Community, Cultural, Difference. Londres : Lawrence &amp; Wishart, pp. 222-237. Wade, Peter (2014). \"Race, science, soci\u00e9t\u00e9\", dans Interdiscipline, vol. 2, no. 4, pp.35-62.<\/li><\/ul>\n\n\n\n<p class=\"has-text-align-justify\">La soumission consistera en deux fichiers du texte ou du produit \u00e0 publier : 1) un fichier avec les coordonn\u00e9es de l'auteur comprenant : le nom de l'auteur, l'institution dans laquelle il collabore, une br\u00e8ve biographie (biodata de 10 lignes maximum), l'adresse, le num\u00e9ro de t\u00e9l\u00e9phone, l'adresse \u00e9lectronique de l'auteur et le num\u00e9ro ORCID (si vous ne l'avez pas, enregistrez-vous \u00e0 l'aide du lien suivant : https:\/\/orcid.org\/signin). En cas de co-auteurs, les coordonn\u00e9es de tous les auteurs doivent \u00eatre soumises ; 2) un autre anonyme : sans le nom ou la r\u00e9f\u00e9rence sp\u00e9cifique de l'auteur ou des auteurs, et en \u00e9vitant de citer ou de faire r\u00e9f\u00e9rence \u00e0 des travaux dont ils sont les auteurs, de sorte que les auteurs ne soient pas reconnaissables lors de l'\u00e9valuation par les pairs en double aveugle.<\/p>","protected":false},"excerpt":{"rendered":"<p>Liste de contr\u00f4le pour la pr\u00e9paration des soumissions Toutes les soumissions doivent r\u00e9pondre aux exigences suivantes. La soumission doit \u00eatre in\u00e9dite, ne pas avoir \u00e9t\u00e9 publi\u00e9e auparavant et ne pas avoir \u00e9t\u00e9 soumise \u00e0 l'examen d'une autre revue. Dans ce dernier cas, une explication sera fournie dans les commentaires au r\u00e9dacteur en chef. Le fichier doit \u00eatre dans un format [...]<\/p>","protected":false},"author":10,"featured_media":0,"parent":0,"menu_order":0,"comment_status":"closed","ping_status":"closed","template":"","meta":{"_acf_changed":false,"footnotes":""},"coauthors":[1175],"class_list":["post-38238","page","type-page","status-publish","hentry"],"acf":[],"yoast_head":"<!-- This site is optimized with the Yoast SEO plugin v22.2 - https:\/\/yoast.com\/wordpress\/plugins\/seo\/ -->\n<title>Lista de comprobaci\u00f3n &#8211; Encartes<\/title>\n<meta name=\"robots\" content=\"index, follow, max-snippet:-1, max-image-preview:large, max-video-preview:-1\" \/>\n<link rel=\"canonical\" href=\"https:\/\/encartes.mx\/fr\/lista-de-comprobacion\/\" \/>\n<meta property=\"og:locale\" content=\"fr_FR\" \/>\n<meta property=\"og:type\" content=\"article\" \/>\n<meta property=\"og:title\" content=\"Lista de comprobaci\u00f3n &#8211; Encartes\" \/>\n<meta property=\"og:description\" content=\"Lista de comprobaci\u00f3n para la preparaci\u00f3n de env\u00edos Todos los env\u00edos deben cumplir los siguientes requisitos. El env\u00edo deber\u00e1 ser in\u00e9dito, no haber sido publicado previamente ni sometido a consideraci\u00f3n por ninguna otra revista. En este \u00faltimo caso se proporcionar\u00e1 una explicaci\u00f3n al respecto en los Comentarios al editor\/a. El archivo deber\u00e1 estar en formato [&hellip;]\" \/>\n<meta property=\"og:url\" content=\"https:\/\/encartes.mx\/fr\/lista-de-comprobacion\/\" \/>\n<meta property=\"og:site_name\" content=\"Encartes\" \/>\n<meta property=\"article:modified_time\" content=\"2023-11-28T17:34:16+00:00\" \/>\n<meta name=\"twitter:card\" content=\"summary_large_image\" \/>\n<meta name=\"twitter:label1\" content=\"Dur\u00e9e de lecture estim\u00e9e\" \/>\n\t<meta name=\"twitter:data1\" content=\"3 minutes\" \/>\n\t<meta name=\"twitter:label2\" content=\"Written by\" \/>\n\t<meta name=\"twitter:data2\" content=\"escire\" \/>\n<script type=\"application\/ld+json\" class=\"yoast-schema-graph\">{\"@context\":\"https:\/\/schema.org\",\"@graph\":[{\"@type\":\"WebPage\",\"@id\":\"https:\/\/encartes.mx\/lista-de-comprobacion\/\",\"url\":\"https:\/\/encartes.mx\/lista-de-comprobacion\/\",\"name\":\"Lista de comprobaci\u00f3n &#8211; Encartes\",\"isPartOf\":{\"@id\":\"https:\/\/encartes.mx\/#website\"},\"datePublished\":\"2023-11-28T06:12:57+00:00\",\"dateModified\":\"2023-11-28T17:34:16+00:00\",\"breadcrumb\":{\"@id\":\"https:\/\/encartes.mx\/lista-de-comprobacion\/#breadcrumb\"},\"inLanguage\":\"fr-FR\",\"potentialAction\":[{\"@type\":\"ReadAction\",\"target\":[\"https:\/\/encartes.mx\/lista-de-comprobacion\/\"]}]},{\"@type\":\"BreadcrumbList\",\"@id\":\"https:\/\/encartes.mx\/lista-de-comprobacion\/#breadcrumb\",\"itemListElement\":[{\"@type\":\"ListItem\",\"position\":1,\"name\":\"Home\",\"item\":\"https:\/\/encartes.mx\/\"},{\"@type\":\"ListItem\",\"position\":2,\"name\":\"Lista de comprobaci\u00f3n\"}]},{\"@type\":\"WebSite\",\"@id\":\"https:\/\/encartes.mx\/#website\",\"url\":\"https:\/\/encartes.mx\/\",\"name\":\"Encartes\",\"description\":\"Revista digital multimedia\",\"publisher\":{\"@id\":\"https:\/\/encartes.mx\/#organization\"},\"potentialAction\":[{\"@type\":\"SearchAction\",\"target\":{\"@type\":\"EntryPoint\",\"urlTemplate\":\"https:\/\/encartes.mx\/?s={search_term_string}\"},\"query-input\":\"required name=search_term_string\"}],\"inLanguage\":\"fr-FR\"},{\"@type\":\"Organization\",\"@id\":\"https:\/\/encartes.mx\/#organization\",\"name\":\"Encartes Antropol\u00f3gicos\",\"url\":\"https:\/\/encartes.mx\/\",\"logo\":{\"@type\":\"ImageObject\",\"inLanguage\":\"fr-FR\",\"@id\":\"https:\/\/encartes.mx\/#\/schema\/logo\/image\/\",\"url\":\"https:\/\/encartes.mx\/wp-content\/uploads\/2017\/04\/Logo-04.png\",\"contentUrl\":\"https:\/\/encartes.mx\/wp-content\/uploads\/2017\/04\/Logo-04.png\",\"width\":338,\"height\":306,\"caption\":\"Encartes Antropol\u00f3gicos\"},\"image\":{\"@id\":\"https:\/\/encartes.mx\/#\/schema\/logo\/image\/\"}}]}<\/script>\n<!-- \/ Yoast SEO plugin. -->","yoast_head_json":{"title":"Lista de comprobaci\u00f3n &#8211; Encartes","robots":{"index":"index","follow":"follow","max-snippet":"max-snippet:-1","max-image-preview":"max-image-preview:large","max-video-preview":"max-video-preview:-1"},"canonical":"https:\/\/encartes.mx\/fr\/lista-de-comprobacion\/","og_locale":"fr_FR","og_type":"article","og_title":"Lista de comprobaci\u00f3n &#8211; Encartes","og_description":"Lista de comprobaci\u00f3n para la preparaci\u00f3n de env\u00edos Todos los env\u00edos deben cumplir los siguientes requisitos. El env\u00edo deber\u00e1 ser in\u00e9dito, no haber sido publicado previamente ni sometido a consideraci\u00f3n por ninguna otra revista. En este \u00faltimo caso se proporcionar\u00e1 una explicaci\u00f3n al respecto en los Comentarios al editor\/a. El archivo deber\u00e1 estar en formato [&hellip;]","og_url":"https:\/\/encartes.mx\/fr\/lista-de-comprobacion\/","og_site_name":"Encartes","article_modified_time":"2023-11-28T17:34:16+00:00","twitter_card":"summary_large_image","twitter_misc":{"Dur\u00e9e de lecture estim\u00e9e":"3 minutes","Written by":"escire"},"schema":{"@context":"https:\/\/schema.org","@graph":[{"@type":"WebPage","@id":"https:\/\/encartes.mx\/lista-de-comprobacion\/","url":"https:\/\/encartes.mx\/lista-de-comprobacion\/","name":"Lista de comprobaci\u00f3n &#8211; Encartes","isPartOf":{"@id":"https:\/\/encartes.mx\/#website"},"datePublished":"2023-11-28T06:12:57+00:00","dateModified":"2023-11-28T17:34:16+00:00","breadcrumb":{"@id":"https:\/\/encartes.mx\/lista-de-comprobacion\/#breadcrumb"},"inLanguage":"fr-FR","potentialAction":[{"@type":"ReadAction","target":["https:\/\/encartes.mx\/lista-de-comprobacion\/"]}]},{"@type":"BreadcrumbList","@id":"https:\/\/encartes.mx\/lista-de-comprobacion\/#breadcrumb","itemListElement":[{"@type":"ListItem","position":1,"name":"Home","item":"https:\/\/encartes.mx\/"},{"@type":"ListItem","position":2,"name":"Lista de comprobaci\u00f3n"}]},{"@type":"WebSite","@id":"https:\/\/encartes.mx\/#website","url":"https:\/\/encartes.mx\/","name":"Encartes","description":"Revista digital multimedia","publisher":{"@id":"https:\/\/encartes.mx\/#organization"},"potentialAction":[{"@type":"SearchAction","target":{"@type":"EntryPoint","urlTemplate":"https:\/\/encartes.mx\/?s={search_term_string}"},"query-input":"required name=search_term_string"}],"inLanguage":"fr-FR"},{"@type":"Organization","@id":"https:\/\/encartes.mx\/#organization","name":"Encartes Antropol\u00f3gicos","url":"https:\/\/encartes.mx\/","logo":{"@type":"ImageObject","inLanguage":"fr-FR","@id":"https:\/\/encartes.mx\/#\/schema\/logo\/image\/","url":"https:\/\/encartes.mx\/wp-content\/uploads\/2017\/04\/Logo-04.png","contentUrl":"https:\/\/encartes.mx\/wp-content\/uploads\/2017\/04\/Logo-04.png","width":338,"height":306,"caption":"Encartes Antropol\u00f3gicos"},"image":{"@id":"https:\/\/encartes.mx\/#\/schema\/logo\/image\/"}}]}},"jetpack_sharing_enabled":true,"_links":{"self":[{"href":"https:\/\/encartes.mx\/fr\/wp-json\/wp\/v2\/pages\/38238","targetHints":{"allow":["GET"]}}],"collection":[{"href":"https:\/\/encartes.mx\/fr\/wp-json\/wp\/v2\/pages"}],"about":[{"href":"https:\/\/encartes.mx\/fr\/wp-json\/wp\/v2\/types\/page"}],"author":[{"embeddable":true,"href":"https:\/\/encartes.mx\/fr\/wp-json\/wp\/v2\/users\/10"}],"replies":[{"embeddable":true,"href":"https:\/\/encartes.mx\/fr\/wp-json\/wp\/v2\/comments?post=38238"}],"version-history":[{"count":2,"href":"https:\/\/encartes.mx\/fr\/wp-json\/wp\/v2\/pages\/38238\/revisions"}],"predecessor-version":[{"id":38269,"href":"https:\/\/encartes.mx\/fr\/wp-json\/wp\/v2\/pages\/38238\/revisions\/38269"}],"wp:attachment":[{"href":"https:\/\/encartes.mx\/fr\/wp-json\/wp\/v2\/media?parent=38238"}],"wp:term":[{"taxonomy":"author","embeddable":true,"href":"https:\/\/encartes.mx\/fr\/wp-json\/wp\/v2\/coauthors?post=38238"}],"curies":[{"name":"wp","href":"https:\/\/api.w.org\/{rel}","templated":true}]}}