{"id":38234,"date":"2023-11-27T23:52:36","date_gmt":"2023-11-28T05:52:36","guid":{"rendered":"https:\/\/encartes.mx\/?page_id=38234"},"modified":"2023-11-27T23:52:38","modified_gmt":"2023-11-28T05:52:38","slug":"cargo-o-tasas-para-autores","status":"publish","type":"page","link":"https:\/\/encartes.mx\/fr\/cargo-o-tasas-para-autores\/","title":{"rendered":"Frais ou redevances pour les auteurs"},"content":{"rendered":"<h1 class=\"wp-block-heading\">Frais ou redevances pour les auteurs<\/h1>\n\n\n\n<p class=\"has-text-align-justify\">La revue Encartes ne facture pas de frais aux auteurs pour leur contribution. Encartes reste une revue en libre acc\u00e8s et fait partie de projets publics et m\u00eame d'un int\u00e9ressant projet interinstitutionnel de centres de recherche. Cela va \u00e0 l'encontre de la tendance n\u00e9olib\u00e9rale \u00e0 faire payer les publications acad\u00e9miques, qui a d\u00e9form\u00e9 le sens social de la publication scientifique, car elle cherche \u00e0 remplacer les r\u00e9seaux acad\u00e9miques bas\u00e9s sur la construction d'int\u00e9r\u00eats et de discussions partag\u00e9s, par la m\u00e9diation d'algorithmes qui font de la connaissance scientifique une mesure pour conditionner la pertinence scientifique avec le crit\u00e8re de la consommation.<\/p>","protected":false},"excerpt":{"rendered":"<p>Frais ou honoraires pour les auteurs La revue Encartes ne demande pas d'honoraires aux auteurs pour leur contribution. Encartes reste une revue en libre acc\u00e8s et fait partie de projets publics et m\u00eame d'un int\u00e9ressant projet interinstitutionnel de centres de recherche. Cela va \u00e0 l'encontre de la tendance n\u00e9olib\u00e9rale \u00e0 faire payer les auteurs pour leurs contributions.<\/p>","protected":false},"author":10,"featured_media":0,"parent":0,"menu_order":0,"comment_status":"closed","ping_status":"closed","template":"","meta":{"_acf_changed":false,"footnotes":""},"coauthors":[1175],"class_list":["post-38234","page","type-page","status-publish","hentry"],"acf":[],"yoast_head":"<!-- This site is optimized with the Yoast SEO plugin v22.2 - https:\/\/yoast.com\/wordpress\/plugins\/seo\/ -->\n<title>Cargo o tasas para autores &#8211; Encartes<\/title>\n<meta name=\"robots\" content=\"index, follow, max-snippet:-1, max-image-preview:large, max-video-preview:-1\" \/>\n<link rel=\"canonical\" href=\"https:\/\/encartes.mx\/fr\/cargo-o-tasas-para-autores\/\" \/>\n<meta property=\"og:locale\" content=\"fr_FR\" \/>\n<meta property=\"og:type\" content=\"article\" \/>\n<meta property=\"og:title\" content=\"Cargo o tasas para autores &#8211; Encartes\" \/>\n<meta property=\"og:description\" content=\"Cargo o tasas para autores La revista Encartes no cobra cargos monetarios a los autores por su contribuci\u00f3n. Encartes contin\u00faa siendo una revista de acceso abierto y es parte de los proyectos p\u00fablicos e incluso de un interesante proyecto interinstitucional de centros de investigaci\u00f3n. De este modo se contrarresta la tendencia neoliberal al cobro por [&hellip;]\" \/>\n<meta property=\"og:url\" content=\"https:\/\/encartes.mx\/fr\/cargo-o-tasas-para-autores\/\" \/>\n<meta property=\"og:site_name\" content=\"Encartes\" \/>\n<meta property=\"article:modified_time\" content=\"2023-11-28T05:52:38+00:00\" \/>\n<meta name=\"twitter:card\" content=\"summary_large_image\" \/>\n<meta name=\"twitter:label1\" content=\"Dur\u00e9e de lecture estim\u00e9e\" \/>\n\t<meta name=\"twitter:data1\" content=\"1 minute\" \/>\n\t<meta name=\"twitter:label2\" content=\"Written by\" \/>\n\t<meta name=\"twitter:data2\" content=\"escire\" \/>\n<script type=\"application\/ld+json\" class=\"yoast-schema-graph\">{\"@context\":\"https:\/\/schema.org\",\"@graph\":[{\"@type\":\"WebPage\",\"@id\":\"https:\/\/encartes.mx\/fr\/cargo-o-tasas-para-autores\/\",\"url\":\"https:\/\/encartes.mx\/fr\/cargo-o-tasas-para-autores\/\",\"name\":\"Cargo o tasas para autores &#8211; Encartes\",\"isPartOf\":{\"@id\":\"https:\/\/encartes.mx\/#website\"},\"datePublished\":\"2023-11-28T05:52:36+00:00\",\"dateModified\":\"2023-11-28T05:52:38+00:00\",\"breadcrumb\":{\"@id\":\"https:\/\/encartes.mx\/fr\/cargo-o-tasas-para-autores\/#breadcrumb\"},\"inLanguage\":\"fr-FR\",\"potentialAction\":[{\"@type\":\"ReadAction\",\"target\":[\"https:\/\/encartes.mx\/fr\/cargo-o-tasas-para-autores\/\"]}]},{\"@type\":\"BreadcrumbList\",\"@id\":\"https:\/\/encartes.mx\/fr\/cargo-o-tasas-para-autores\/#breadcrumb\",\"itemListElement\":[{\"@type\":\"ListItem\",\"position\":1,\"name\":\"Home\",\"item\":\"https:\/\/encartes.mx\/\"},{\"@type\":\"ListItem\",\"position\":2,\"name\":\"Cargo o tasas para autores\"}]},{\"@type\":\"WebSite\",\"@id\":\"https:\/\/encartes.mx\/#website\",\"url\":\"https:\/\/encartes.mx\/\",\"name\":\"Encartes\",\"description\":\"Revista digital multimedia\",\"publisher\":{\"@id\":\"https:\/\/encartes.mx\/#organization\"},\"potentialAction\":[{\"@type\":\"SearchAction\",\"target\":{\"@type\":\"EntryPoint\",\"urlTemplate\":\"https:\/\/encartes.mx\/?s={search_term_string}\"},\"query-input\":\"required name=search_term_string\"}],\"inLanguage\":\"fr-FR\"},{\"@type\":\"Organization\",\"@id\":\"https:\/\/encartes.mx\/#organization\",\"name\":\"Encartes Antropol\u00f3gicos\",\"url\":\"https:\/\/encartes.mx\/\",\"logo\":{\"@type\":\"ImageObject\",\"inLanguage\":\"fr-FR\",\"@id\":\"https:\/\/encartes.mx\/#\/schema\/logo\/image\/\",\"url\":\"https:\/\/encartes.mx\/wp-content\/uploads\/2017\/04\/Logo-04.png\",\"contentUrl\":\"https:\/\/encartes.mx\/wp-content\/uploads\/2017\/04\/Logo-04.png\",\"width\":338,\"height\":306,\"caption\":\"Encartes Antropol\u00f3gicos\"},\"image\":{\"@id\":\"https:\/\/encartes.mx\/#\/schema\/logo\/image\/\"}}]}<\/script>\n<!-- \/ Yoast SEO plugin. -->","yoast_head_json":{"title":"Cargo o tasas para autores &#8211; Encartes","robots":{"index":"index","follow":"follow","max-snippet":"max-snippet:-1","max-image-preview":"max-image-preview:large","max-video-preview":"max-video-preview:-1"},"canonical":"https:\/\/encartes.mx\/fr\/cargo-o-tasas-para-autores\/","og_locale":"fr_FR","og_type":"article","og_title":"Cargo o tasas para autores &#8211; Encartes","og_description":"Cargo o tasas para autores La revista Encartes no cobra cargos monetarios a los autores por su contribuci\u00f3n. Encartes contin\u00faa siendo una revista de acceso abierto y es parte de los proyectos p\u00fablicos e incluso de un interesante proyecto interinstitucional de centros de investigaci\u00f3n. De este modo se contrarresta la tendencia neoliberal al cobro por [&hellip;]","og_url":"https:\/\/encartes.mx\/fr\/cargo-o-tasas-para-autores\/","og_site_name":"Encartes","article_modified_time":"2023-11-28T05:52:38+00:00","twitter_card":"summary_large_image","twitter_misc":{"Dur\u00e9e de lecture estim\u00e9e":"1 minute","Written by":"escire"},"schema":{"@context":"https:\/\/schema.org","@graph":[{"@type":"WebPage","@id":"https:\/\/encartes.mx\/fr\/cargo-o-tasas-para-autores\/","url":"https:\/\/encartes.mx\/fr\/cargo-o-tasas-para-autores\/","name":"Cargo o tasas para autores &#8211; Encartes","isPartOf":{"@id":"https:\/\/encartes.mx\/#website"},"datePublished":"2023-11-28T05:52:36+00:00","dateModified":"2023-11-28T05:52:38+00:00","breadcrumb":{"@id":"https:\/\/encartes.mx\/fr\/cargo-o-tasas-para-autores\/#breadcrumb"},"inLanguage":"fr-FR","potentialAction":[{"@type":"ReadAction","target":["https:\/\/encartes.mx\/fr\/cargo-o-tasas-para-autores\/"]}]},{"@type":"BreadcrumbList","@id":"https:\/\/encartes.mx\/fr\/cargo-o-tasas-para-autores\/#breadcrumb","itemListElement":[{"@type":"ListItem","position":1,"name":"Home","item":"https:\/\/encartes.mx\/"},{"@type":"ListItem","position":2,"name":"Cargo o tasas para autores"}]},{"@type":"WebSite","@id":"https:\/\/encartes.mx\/#website","url":"https:\/\/encartes.mx\/","name":"Encartes","description":"Revista digital multimedia","publisher":{"@id":"https:\/\/encartes.mx\/#organization"},"potentialAction":[{"@type":"SearchAction","target":{"@type":"EntryPoint","urlTemplate":"https:\/\/encartes.mx\/?s={search_term_string}"},"query-input":"required name=search_term_string"}],"inLanguage":"fr-FR"},{"@type":"Organization","@id":"https:\/\/encartes.mx\/#organization","name":"Encartes Antropol\u00f3gicos","url":"https:\/\/encartes.mx\/","logo":{"@type":"ImageObject","inLanguage":"fr-FR","@id":"https:\/\/encartes.mx\/#\/schema\/logo\/image\/","url":"https:\/\/encartes.mx\/wp-content\/uploads\/2017\/04\/Logo-04.png","contentUrl":"https:\/\/encartes.mx\/wp-content\/uploads\/2017\/04\/Logo-04.png","width":338,"height":306,"caption":"Encartes Antropol\u00f3gicos"},"image":{"@id":"https:\/\/encartes.mx\/#\/schema\/logo\/image\/"}}]}},"jetpack_sharing_enabled":true,"_links":{"self":[{"href":"https:\/\/encartes.mx\/fr\/wp-json\/wp\/v2\/pages\/38234","targetHints":{"allow":["GET"]}}],"collection":[{"href":"https:\/\/encartes.mx\/fr\/wp-json\/wp\/v2\/pages"}],"about":[{"href":"https:\/\/encartes.mx\/fr\/wp-json\/wp\/v2\/types\/page"}],"author":[{"embeddable":true,"href":"https:\/\/encartes.mx\/fr\/wp-json\/wp\/v2\/users\/10"}],"replies":[{"embeddable":true,"href":"https:\/\/encartes.mx\/fr\/wp-json\/wp\/v2\/comments?post=38234"}],"version-history":[{"count":1,"href":"https:\/\/encartes.mx\/fr\/wp-json\/wp\/v2\/pages\/38234\/revisions"}],"predecessor-version":[{"id":38235,"href":"https:\/\/encartes.mx\/fr\/wp-json\/wp\/v2\/pages\/38234\/revisions\/38235"}],"wp:attachment":[{"href":"https:\/\/encartes.mx\/fr\/wp-json\/wp\/v2\/media?parent=38234"}],"wp:term":[{"taxonomy":"author","embeddable":true,"href":"https:\/\/encartes.mx\/fr\/wp-json\/wp\/v2\/coauthors?post=38234"}],"curies":[{"name":"wp","href":"https:\/\/api.w.org\/{rel}","templated":true}]}}