{"id":38228,"date":"2023-11-27T23:24:16","date_gmt":"2023-11-28T05:24:16","guid":{"rendered":"https:\/\/encartes.mx\/?page_id=38228"},"modified":"2023-11-27T23:24:18","modified_gmt":"2023-11-28T05:24:18","slug":"codigo-de-etica","status":"publish","type":"page","link":"https:\/\/encartes.mx\/fr\/codigo-de-etica\/","title":{"rendered":"Code de d\u00e9ontologie"},"content":{"rendered":"<h1 class=\"wp-block-heading\">Code de d\u00e9ontologie<\/h1>\n\n\n\n<p><strong>Elles sont consid\u00e9r\u00e9es comme des fautes scientifiques :<\/strong><\/p>\n\n\n\n<p><strong><em>Manque d'\u00e9thique dans le processus de publication :<\/em><\/strong><\/p>\n\n\n\n<p class=\"has-text-align-justify\">- Auteur fictif : appara\u00eetre comme auteur ou coauteur d'une recherche qui n'a pas \u00e9t\u00e9 effectu\u00e9e.<\/p>\n\n\n\n<p class=\"has-text-align-justify\">- Duplication de publication : publication de tout ou partie d'un article d\u00e9j\u00e0 publi\u00e9.<\/p>\n\n\n\n<p class=\"has-text-align-justify\">- Publication fragmentaire : division d'un document en vue de sa publication sous forme d'articles distincts.<\/p>\n\n\n\n<p class=\"has-text-align-justify\">- Publication gonfl\u00e9e : ajout de donn\u00e9es \u00e0 un article d\u00e9j\u00e0 publi\u00e9 en vue d'une publication en tant que nouvel article.<\/p>\n\n\n\n<p class=\"has-text-align-justify\">- Auto-plagiat : r\u00e9p\u00e9tition du m\u00eame contenu \u00e9crit pr\u00e9c\u00e9demment par l'auteur dans l'intention de le publier comme un nouvel article.<\/p>\n\n\n\n<p><strong><em>Fraude scientifique :<\/em><\/strong><\/p>\n\n\n\n<p class=\"has-text-align-justify\">- Invention : \u00e9laboration de tout ou partie des donn\u00e9es.<\/p>\n\n\n\n<p class=\"has-text-align-justify\">- Falsification et manipulation des donn\u00e9es : falsification des donn\u00e9es ou des m\u00e9thodes afin de v\u00e9rifier l'hypoth\u00e8se.<\/p>\n\n\n\n<p class=\"has-text-align-justify\">- Plagiat : reprise d'id\u00e9es ou de phrases sans citer la source originale.<\/p>\n\n\n\n<p>-Citations bibliographiques incorrectes : omission de citations pertinentes. Inclure des citations qui n'ont pas \u00e9t\u00e9 consult\u00e9es. Autocitation excessive.<\/p>\n\n\n\n<p class=\"has-text-align-justify\">- Biais de publication : forcer les donn\u00e9es pour obtenir des r\u00e9sultats positifs et une signification statistique \u00e9lev\u00e9e.<\/p>\n\n\n\n<p>- Publicit\u00e9 : r\u00e9sultats pr\u00e9matur\u00e9s (non v\u00e9rifi\u00e9s).<\/p>\n\n\n\n<p class=\"has-text-align-justify\">Les manuscrits qui s'adonnent \u00e0 ces pratiques ne seront pas \u00e9valu\u00e9s. Le r\u00e9dacteur en chef \u00e9crira \u00e0 l'auteur pour lui expliquer que l'article est rejet\u00e9, lui faire part de la position de la revue sur ces cas et lui indiquer le comportement \u00e0 adopter \u00e0 l'avenir. Il en informera \u00e9galement l'\u00e9valuateur.<\/p>\n\n\n\n<p class=\"has-text-align-justify\">S'il s'av\u00e8re que des phrases plus courtes ont \u00e9t\u00e9 copi\u00e9es et que rien n'indique que les donn\u00e9es d'autres personnes ont \u00e9t\u00e9 pr\u00e9sent\u00e9es comme le propre travail de l'auteur, le r\u00e9dacteur \u00e9crira \u00e0 l'auteur et lui demandera de modifier ces parties ou d'indiquer clairement les citations. Il en informera \u00e9galement l'\u00e9valuateur. Si l'auteur refuse de corriger le manuscrit, l'article sera rejet\u00e9, la position du journal sur ces cas et le comportement futur attendu seront expliqu\u00e9s.<\/p>\n\n\n\n<p class=\"has-text-align-justify\">Pour r\u00e9soudre les autres cas non couverts par le pr\u00e9sent code de conduite, les r\u00e9dacteurs en chef et le comit\u00e9 de r\u00e9daction se r\u00e9f\u00e9reront aux \u00e9tapes d\u00e9crites par le comit\u00e9 d'\u00e9thique de la publication (<a href=\"https:\/\/publicationethics.org\/files\/Spanish%20%281%29.pdf\">https:\/\/publicationethics.org\/files\/Spanish%20%281%29.pdf<\/a>).<\/p>","protected":false},"excerpt":{"rendered":"<p>Code d'\u00e9thique Sont consid\u00e9r\u00e9es comme mauvaises pratiques scientifiques : Le manque d'\u00e9thique dans le processus de publication : - La paternit\u00e9 fictive : appara\u00eetre comme auteur ou co-auteur d'une recherche qui n'a pas \u00e9t\u00e9 effectu\u00e9e. - Publication en double : publication de tout ou partie d'un article d\u00e9j\u00e0 publi\u00e9. - Publication fragmentaire : diviser un document pour le publier sous forme d'articles distincts. - Publication [...]<\/p>","protected":false},"author":10,"featured_media":0,"parent":0,"menu_order":0,"comment_status":"closed","ping_status":"closed","template":"","meta":{"_acf_changed":false,"footnotes":""},"coauthors":[1175],"class_list":["post-38228","page","type-page","status-publish","hentry"],"acf":[],"yoast_head":"<!-- This site is optimized with the Yoast SEO plugin v22.2 - https:\/\/yoast.com\/wordpress\/plugins\/seo\/ -->\n<title>C\u00f3digo de \u00e9tica &#8211; Encartes<\/title>\n<meta name=\"robots\" content=\"index, follow, max-snippet:-1, max-image-preview:large, max-video-preview:-1\" \/>\n<link rel=\"canonical\" href=\"https:\/\/encartes.mx\/fr\/codigo-de-etica\/\" \/>\n<meta property=\"og:locale\" content=\"fr_FR\" \/>\n<meta property=\"og:type\" content=\"article\" \/>\n<meta property=\"og:title\" content=\"C\u00f3digo de \u00e9tica &#8211; Encartes\" \/>\n<meta property=\"og:description\" content=\"C\u00f3digo de \u00e9tica Se consideran malas pr\u00e1cticas cient\u00edficas: Falta de \u00e9tica en el proceso de publicaci\u00f3n: &#8211; Autor\u00eda ficticia: figurar como autores o coautores de investigaciones no realizadas. &#8211; Publicaci\u00f3n duplicada: publicar la totalidad o una parte de un art\u00edculo ya publicado. &#8211; Publicaci\u00f3n fragmentada: dividir un trabajo para publicar como art\u00edculos independientes. &#8211; Publicaci\u00f3n [&hellip;]\" \/>\n<meta property=\"og:url\" content=\"https:\/\/encartes.mx\/fr\/codigo-de-etica\/\" \/>\n<meta property=\"og:site_name\" content=\"Encartes\" \/>\n<meta property=\"article:modified_time\" content=\"2023-11-28T05:24:18+00:00\" \/>\n<meta name=\"twitter:card\" content=\"summary_large_image\" \/>\n<meta name=\"twitter:label1\" content=\"Dur\u00e9e de lecture estim\u00e9e\" \/>\n\t<meta name=\"twitter:data1\" content=\"2 minutes\" \/>\n\t<meta name=\"twitter:label2\" content=\"Written by\" \/>\n\t<meta name=\"twitter:data2\" content=\"escire\" \/>\n<script type=\"application\/ld+json\" class=\"yoast-schema-graph\">{\"@context\":\"https:\/\/schema.org\",\"@graph\":[{\"@type\":\"WebPage\",\"@id\":\"https:\/\/encartes.mx\/codigo-de-etica\/\",\"url\":\"https:\/\/encartes.mx\/codigo-de-etica\/\",\"name\":\"C\u00f3digo de \u00e9tica &#8211; Encartes\",\"isPartOf\":{\"@id\":\"https:\/\/encartes.mx\/#website\"},\"datePublished\":\"2023-11-28T05:24:16+00:00\",\"dateModified\":\"2023-11-28T05:24:18+00:00\",\"breadcrumb\":{\"@id\":\"https:\/\/encartes.mx\/codigo-de-etica\/#breadcrumb\"},\"inLanguage\":\"fr-FR\",\"potentialAction\":[{\"@type\":\"ReadAction\",\"target\":[\"https:\/\/encartes.mx\/codigo-de-etica\/\"]}]},{\"@type\":\"BreadcrumbList\",\"@id\":\"https:\/\/encartes.mx\/codigo-de-etica\/#breadcrumb\",\"itemListElement\":[{\"@type\":\"ListItem\",\"position\":1,\"name\":\"Home\",\"item\":\"https:\/\/encartes.mx\/\"},{\"@type\":\"ListItem\",\"position\":2,\"name\":\"C\u00f3digo de \u00e9tica\"}]},{\"@type\":\"WebSite\",\"@id\":\"https:\/\/encartes.mx\/#website\",\"url\":\"https:\/\/encartes.mx\/\",\"name\":\"Encartes\",\"description\":\"Revista digital multimedia\",\"publisher\":{\"@id\":\"https:\/\/encartes.mx\/#organization\"},\"potentialAction\":[{\"@type\":\"SearchAction\",\"target\":{\"@type\":\"EntryPoint\",\"urlTemplate\":\"https:\/\/encartes.mx\/?s={search_term_string}\"},\"query-input\":\"required name=search_term_string\"}],\"inLanguage\":\"fr-FR\"},{\"@type\":\"Organization\",\"@id\":\"https:\/\/encartes.mx\/#organization\",\"name\":\"Encartes Antropol\u00f3gicos\",\"url\":\"https:\/\/encartes.mx\/\",\"logo\":{\"@type\":\"ImageObject\",\"inLanguage\":\"fr-FR\",\"@id\":\"https:\/\/encartes.mx\/#\/schema\/logo\/image\/\",\"url\":\"https:\/\/encartes.mx\/wp-content\/uploads\/2017\/04\/Logo-04.png\",\"contentUrl\":\"https:\/\/encartes.mx\/wp-content\/uploads\/2017\/04\/Logo-04.png\",\"width\":338,\"height\":306,\"caption\":\"Encartes Antropol\u00f3gicos\"},\"image\":{\"@id\":\"https:\/\/encartes.mx\/#\/schema\/logo\/image\/\"}}]}<\/script>\n<!-- \/ Yoast SEO plugin. -->","yoast_head_json":{"title":"C\u00f3digo de \u00e9tica &#8211; Encartes","robots":{"index":"index","follow":"follow","max-snippet":"max-snippet:-1","max-image-preview":"max-image-preview:large","max-video-preview":"max-video-preview:-1"},"canonical":"https:\/\/encartes.mx\/fr\/codigo-de-etica\/","og_locale":"fr_FR","og_type":"article","og_title":"C\u00f3digo de \u00e9tica &#8211; Encartes","og_description":"C\u00f3digo de \u00e9tica Se consideran malas pr\u00e1cticas cient\u00edficas: Falta de \u00e9tica en el proceso de publicaci\u00f3n: &#8211; Autor\u00eda ficticia: figurar como autores o coautores de investigaciones no realizadas. &#8211; Publicaci\u00f3n duplicada: publicar la totalidad o una parte de un art\u00edculo ya publicado. &#8211; Publicaci\u00f3n fragmentada: dividir un trabajo para publicar como art\u00edculos independientes. &#8211; Publicaci\u00f3n [&hellip;]","og_url":"https:\/\/encartes.mx\/fr\/codigo-de-etica\/","og_site_name":"Encartes","article_modified_time":"2023-11-28T05:24:18+00:00","twitter_card":"summary_large_image","twitter_misc":{"Dur\u00e9e de lecture estim\u00e9e":"2 minutes","Written by":"escire"},"schema":{"@context":"https:\/\/schema.org","@graph":[{"@type":"WebPage","@id":"https:\/\/encartes.mx\/codigo-de-etica\/","url":"https:\/\/encartes.mx\/codigo-de-etica\/","name":"C\u00f3digo de \u00e9tica &#8211; Encartes","isPartOf":{"@id":"https:\/\/encartes.mx\/#website"},"datePublished":"2023-11-28T05:24:16+00:00","dateModified":"2023-11-28T05:24:18+00:00","breadcrumb":{"@id":"https:\/\/encartes.mx\/codigo-de-etica\/#breadcrumb"},"inLanguage":"fr-FR","potentialAction":[{"@type":"ReadAction","target":["https:\/\/encartes.mx\/codigo-de-etica\/"]}]},{"@type":"BreadcrumbList","@id":"https:\/\/encartes.mx\/codigo-de-etica\/#breadcrumb","itemListElement":[{"@type":"ListItem","position":1,"name":"Home","item":"https:\/\/encartes.mx\/"},{"@type":"ListItem","position":2,"name":"C\u00f3digo de \u00e9tica"}]},{"@type":"WebSite","@id":"https:\/\/encartes.mx\/#website","url":"https:\/\/encartes.mx\/","name":"Encartes","description":"Revista digital multimedia","publisher":{"@id":"https:\/\/encartes.mx\/#organization"},"potentialAction":[{"@type":"SearchAction","target":{"@type":"EntryPoint","urlTemplate":"https:\/\/encartes.mx\/?s={search_term_string}"},"query-input":"required name=search_term_string"}],"inLanguage":"fr-FR"},{"@type":"Organization","@id":"https:\/\/encartes.mx\/#organization","name":"Encartes Antropol\u00f3gicos","url":"https:\/\/encartes.mx\/","logo":{"@type":"ImageObject","inLanguage":"fr-FR","@id":"https:\/\/encartes.mx\/#\/schema\/logo\/image\/","url":"https:\/\/encartes.mx\/wp-content\/uploads\/2017\/04\/Logo-04.png","contentUrl":"https:\/\/encartes.mx\/wp-content\/uploads\/2017\/04\/Logo-04.png","width":338,"height":306,"caption":"Encartes Antropol\u00f3gicos"},"image":{"@id":"https:\/\/encartes.mx\/#\/schema\/logo\/image\/"}}]}},"jetpack_sharing_enabled":true,"_links":{"self":[{"href":"https:\/\/encartes.mx\/fr\/wp-json\/wp\/v2\/pages\/38228","targetHints":{"allow":["GET"]}}],"collection":[{"href":"https:\/\/encartes.mx\/fr\/wp-json\/wp\/v2\/pages"}],"about":[{"href":"https:\/\/encartes.mx\/fr\/wp-json\/wp\/v2\/types\/page"}],"author":[{"embeddable":true,"href":"https:\/\/encartes.mx\/fr\/wp-json\/wp\/v2\/users\/10"}],"replies":[{"embeddable":true,"href":"https:\/\/encartes.mx\/fr\/wp-json\/wp\/v2\/comments?post=38228"}],"version-history":[{"count":1,"href":"https:\/\/encartes.mx\/fr\/wp-json\/wp\/v2\/pages\/38228\/revisions"}],"predecessor-version":[{"id":38229,"href":"https:\/\/encartes.mx\/fr\/wp-json\/wp\/v2\/pages\/38228\/revisions\/38229"}],"wp:attachment":[{"href":"https:\/\/encartes.mx\/fr\/wp-json\/wp\/v2\/media?parent=38228"}],"wp:term":[{"taxonomy":"author","embeddable":true,"href":"https:\/\/encartes.mx\/fr\/wp-json\/wp\/v2\/coauthors?post=38228"}],"curies":[{"name":"wp","href":"https:\/\/api.w.org\/{rel}","templated":true}]}}