{"id":38153,"date":"2023-11-27T10:28:36","date_gmt":"2023-11-27T16:28:36","guid":{"rendered":"https:\/\/encartes.mx\/?page_id=38153"},"modified":"2023-11-30T15:38:01","modified_gmt":"2023-11-30T21:38:01","slug":"enfoque-y-alcance","status":"publish","type":"page","link":"https:\/\/encartes.mx\/fr\/enfoque-y-alcance\/","title":{"rendered":"Objectif et champ d'application"},"content":{"rendered":"<h1 class=\"wp-block-heading\"><strong>La mission :<\/strong><\/h1>\n\n\n\n<p class=\"has-text-align-justify\"><em>Encartes<\/em>&nbsp;est une revue num\u00e9rique multim\u00e9dia dans le domaine des sciences sociales. Il s'agit d'un projet interinstitutionnel impliquant le Centro de Investigaciones y Estudios Superiores en Antropolog\u00eda Social (CIESAS), El Colegio de la Frontera Norte (El Colef), l'Instituto Tecnol\u00f3gico de Estudios Superiores de Occidente (ITESO) et El Colegio de San Luis (COLSAN). L'objectif g\u00e9n\u00e9ral est de publier des articles et des revues qui sont le fruit de la recherche et qui apportent des r\u00e9sultats originaux dans le domaine. Elle est publi\u00e9e tous les six mois, avec un num\u00e9ro au printemps et deux num\u00e9ros \u00e0 l'automne. Encartes se caract\u00e9rise par la diffusion des r\u00e9sultats de la recherche sous diff\u00e9rents formats audiovisuels et multim\u00e9dias, par l'encouragement \u00e0 la publication d'essais scientifiques multi-codes et par la cr\u00e9ation d'un espace virtuel qui g\u00e9n\u00e8re des forums de d\u00e9bat interdisciplinaire. Sa conception, bien que nouvelle, r\u00e9pond aux index de la CONAHCYT et aux index internationaux. La publication des articles est toujours soumise \u00e0 un arbitrage rigoureux, scientifique et impartial. La revue dispose \u00e9galement d'un forum de dialogue et de discussion scientifique avec d'autres disciplines et savoirs qui vise \u00e0 une large diffusion de la connaissance scientifique.<\/p>\n\n\n\n<p class=\"has-text-align-justify\">Nous pensons que les nouvelles plateformes \u00e9lectroniques peuvent et doivent \u00eatre exploit\u00e9es pour l'\u00e9dition en int\u00e9grant des langues, des genres et des formes d'interaction innovants.&nbsp;<em>Encartes<\/em>&nbsp;int\u00e8gre divers documents ethnographiques utilis\u00e9s par les anthropologues dans leur processus de recherche, y compris du mat\u00e9riel audiovisuel (enregistrements audio, vid\u00e9os ou photographies) qui, lorsqu'ils sont ins\u00e9r\u00e9s, compl\u00e8tent le mat\u00e9riel de la revue.<\/p>\n\n\n\n<h1 class=\"wp-block-heading\"><strong>Vision :<\/strong><\/h1>\n\n\n\n<p class=\"has-text-align-justify\"><em>Encartes<\/em>&nbsp;offre une alternative aux revues existantes de sciences sociales en langue espagnole en liant le mot et l'image dans un effort novateur pour \u00e9largir le champ du dialogue et du d\u00e9bat acad\u00e9miques, qui, selon nous, sont des sources de stimulation pour la production de connaissances. Nous envisageons d'utiliser les offres technologiques contemporaines pour combler le foss\u00e9 entre les g\u00e9n\u00e9rations acad\u00e9miques de lecture et d'\u00e9criture et la production et la lecture de l'image. Lorsque nous incluons, nous incluons, car le dialogue doit rassembler toutes les voix s'il veut remplir son objectif d'ouverture et d'\u00e9largissement des horizons de la cr\u00e9ation. C'est avec ces objectifs d'inclusion et d'accompagnement que la revue commence son voyage.<\/p>","protected":false},"excerpt":{"rendered":"<p>Mission : Encartes est un magazine num\u00e9rique multim\u00e9dia sur les sciences sociales. Il s'agit d'un projet interinstitutionnel impliquant le Centro de Investigaciones y Estudios Superiores en Antropolog\u00eda Social (CIESAS), El Colegio de la Frontera Norte (El Colef), l'Instituto Tecnol\u00f3gico de Estudios Superiores de Occidente (ITESO) et El Colegio de San Luis (COLSAN). L'objectif g\u00e9n\u00e9ral est de [...]<\/p>","protected":false},"author":10,"featured_media":0,"parent":0,"menu_order":0,"comment_status":"closed","ping_status":"closed","template":"page.php","meta":{"_acf_changed":false,"footnotes":""},"coauthors":[1175],"class_list":["post-38153","page","type-page","status-publish","hentry"],"acf":[],"yoast_head":"<!-- This site is optimized with the Yoast SEO plugin v22.2 - https:\/\/yoast.com\/wordpress\/plugins\/seo\/ -->\n<title>Enfoque y alcance &#8211; Encartes<\/title>\n<meta name=\"robots\" content=\"index, follow, max-snippet:-1, max-image-preview:large, max-video-preview:-1\" \/>\n<link rel=\"canonical\" href=\"https:\/\/encartes.mx\/fr\/enfoque-y-alcance\/\" \/>\n<meta property=\"og:locale\" content=\"fr_FR\" \/>\n<meta property=\"og:type\" content=\"article\" \/>\n<meta property=\"og:title\" content=\"Enfoque y alcance &#8211; Encartes\" \/>\n<meta property=\"og:description\" content=\"Misi\u00f3n: Encartes&nbsp;es una revista digital multimedia en ciencias sociales. Es un proyecto interinstitucional donde participan el Centro de Investigaciones y Estudios Superiores en Antropolog\u00eda Social (CIESAS), El Colegio de la Frontera Norte (El Colef), el Instituto Tecnol\u00f3gico de Estudios Superiores de Occidente (ITESO) y El Colegio de San Luis (COLSAN). El objetivo general es la [&hellip;]\" \/>\n<meta property=\"og:url\" content=\"https:\/\/encartes.mx\/fr\/enfoque-y-alcance\/\" \/>\n<meta property=\"og:site_name\" content=\"Encartes\" \/>\n<meta property=\"article:modified_time\" content=\"2023-11-30T21:38:01+00:00\" \/>\n<meta name=\"twitter:card\" content=\"summary_large_image\" \/>\n<meta name=\"twitter:label1\" content=\"Dur\u00e9e de lecture estim\u00e9e\" \/>\n\t<meta name=\"twitter:data1\" content=\"2 minutes\" \/>\n\t<meta name=\"twitter:label2\" content=\"Written by\" \/>\n\t<meta name=\"twitter:data2\" content=\"escire\" \/>\n<script type=\"application\/ld+json\" class=\"yoast-schema-graph\">{\"@context\":\"https:\/\/schema.org\",\"@graph\":[{\"@type\":\"WebPage\",\"@id\":\"https:\/\/encartes.mx\/enfoque-y-alcance\/\",\"url\":\"https:\/\/encartes.mx\/enfoque-y-alcance\/\",\"name\":\"Enfoque y alcance &#8211; Encartes\",\"isPartOf\":{\"@id\":\"https:\/\/encartes.mx\/#website\"},\"datePublished\":\"2023-11-27T16:28:36+00:00\",\"dateModified\":\"2023-11-30T21:38:01+00:00\",\"breadcrumb\":{\"@id\":\"https:\/\/encartes.mx\/enfoque-y-alcance\/#breadcrumb\"},\"inLanguage\":\"fr-FR\",\"potentialAction\":[{\"@type\":\"ReadAction\",\"target\":[\"https:\/\/encartes.mx\/enfoque-y-alcance\/\"]}]},{\"@type\":\"BreadcrumbList\",\"@id\":\"https:\/\/encartes.mx\/enfoque-y-alcance\/#breadcrumb\",\"itemListElement\":[{\"@type\":\"ListItem\",\"position\":1,\"name\":\"Home\",\"item\":\"https:\/\/encartes.mx\/\"},{\"@type\":\"ListItem\",\"position\":2,\"name\":\"Enfoque y alcance\"}]},{\"@type\":\"WebSite\",\"@id\":\"https:\/\/encartes.mx\/#website\",\"url\":\"https:\/\/encartes.mx\/\",\"name\":\"Encartes\",\"description\":\"Revista digital multimedia\",\"publisher\":{\"@id\":\"https:\/\/encartes.mx\/#organization\"},\"potentialAction\":[{\"@type\":\"SearchAction\",\"target\":{\"@type\":\"EntryPoint\",\"urlTemplate\":\"https:\/\/encartes.mx\/?s={search_term_string}\"},\"query-input\":\"required name=search_term_string\"}],\"inLanguage\":\"fr-FR\"},{\"@type\":\"Organization\",\"@id\":\"https:\/\/encartes.mx\/#organization\",\"name\":\"Encartes Antropol\u00f3gicos\",\"url\":\"https:\/\/encartes.mx\/\",\"logo\":{\"@type\":\"ImageObject\",\"inLanguage\":\"fr-FR\",\"@id\":\"https:\/\/encartes.mx\/#\/schema\/logo\/image\/\",\"url\":\"https:\/\/encartes.mx\/wp-content\/uploads\/2017\/04\/Logo-04.png\",\"contentUrl\":\"https:\/\/encartes.mx\/wp-content\/uploads\/2017\/04\/Logo-04.png\",\"width\":338,\"height\":306,\"caption\":\"Encartes Antropol\u00f3gicos\"},\"image\":{\"@id\":\"https:\/\/encartes.mx\/#\/schema\/logo\/image\/\"}}]}<\/script>\n<!-- \/ Yoast SEO plugin. -->","yoast_head_json":{"title":"Enfoque y alcance &#8211; Encartes","robots":{"index":"index","follow":"follow","max-snippet":"max-snippet:-1","max-image-preview":"max-image-preview:large","max-video-preview":"max-video-preview:-1"},"canonical":"https:\/\/encartes.mx\/fr\/enfoque-y-alcance\/","og_locale":"fr_FR","og_type":"article","og_title":"Enfoque y alcance &#8211; Encartes","og_description":"Misi\u00f3n: Encartes&nbsp;es una revista digital multimedia en ciencias sociales. Es un proyecto interinstitucional donde participan el Centro de Investigaciones y Estudios Superiores en Antropolog\u00eda Social (CIESAS), El Colegio de la Frontera Norte (El Colef), el Instituto Tecnol\u00f3gico de Estudios Superiores de Occidente (ITESO) y El Colegio de San Luis (COLSAN). El objetivo general es la [&hellip;]","og_url":"https:\/\/encartes.mx\/fr\/enfoque-y-alcance\/","og_site_name":"Encartes","article_modified_time":"2023-11-30T21:38:01+00:00","twitter_card":"summary_large_image","twitter_misc":{"Dur\u00e9e de lecture estim\u00e9e":"2 minutes","Written by":"escire"},"schema":{"@context":"https:\/\/schema.org","@graph":[{"@type":"WebPage","@id":"https:\/\/encartes.mx\/enfoque-y-alcance\/","url":"https:\/\/encartes.mx\/enfoque-y-alcance\/","name":"Enfoque y alcance &#8211; Encartes","isPartOf":{"@id":"https:\/\/encartes.mx\/#website"},"datePublished":"2023-11-27T16:28:36+00:00","dateModified":"2023-11-30T21:38:01+00:00","breadcrumb":{"@id":"https:\/\/encartes.mx\/enfoque-y-alcance\/#breadcrumb"},"inLanguage":"fr-FR","potentialAction":[{"@type":"ReadAction","target":["https:\/\/encartes.mx\/enfoque-y-alcance\/"]}]},{"@type":"BreadcrumbList","@id":"https:\/\/encartes.mx\/enfoque-y-alcance\/#breadcrumb","itemListElement":[{"@type":"ListItem","position":1,"name":"Home","item":"https:\/\/encartes.mx\/"},{"@type":"ListItem","position":2,"name":"Enfoque y alcance"}]},{"@type":"WebSite","@id":"https:\/\/encartes.mx\/#website","url":"https:\/\/encartes.mx\/","name":"Encartes","description":"Revista digital multimedia","publisher":{"@id":"https:\/\/encartes.mx\/#organization"},"potentialAction":[{"@type":"SearchAction","target":{"@type":"EntryPoint","urlTemplate":"https:\/\/encartes.mx\/?s={search_term_string}"},"query-input":"required name=search_term_string"}],"inLanguage":"fr-FR"},{"@type":"Organization","@id":"https:\/\/encartes.mx\/#organization","name":"Encartes Antropol\u00f3gicos","url":"https:\/\/encartes.mx\/","logo":{"@type":"ImageObject","inLanguage":"fr-FR","@id":"https:\/\/encartes.mx\/#\/schema\/logo\/image\/","url":"https:\/\/encartes.mx\/wp-content\/uploads\/2017\/04\/Logo-04.png","contentUrl":"https:\/\/encartes.mx\/wp-content\/uploads\/2017\/04\/Logo-04.png","width":338,"height":306,"caption":"Encartes Antropol\u00f3gicos"},"image":{"@id":"https:\/\/encartes.mx\/#\/schema\/logo\/image\/"}}]}},"jetpack_sharing_enabled":true,"_links":{"self":[{"href":"https:\/\/encartes.mx\/fr\/wp-json\/wp\/v2\/pages\/38153","targetHints":{"allow":["GET"]}}],"collection":[{"href":"https:\/\/encartes.mx\/fr\/wp-json\/wp\/v2\/pages"}],"about":[{"href":"https:\/\/encartes.mx\/fr\/wp-json\/wp\/v2\/types\/page"}],"author":[{"embeddable":true,"href":"https:\/\/encartes.mx\/fr\/wp-json\/wp\/v2\/users\/10"}],"replies":[{"embeddable":true,"href":"https:\/\/encartes.mx\/fr\/wp-json\/wp\/v2\/comments?post=38153"}],"version-history":[{"count":11,"href":"https:\/\/encartes.mx\/fr\/wp-json\/wp\/v2\/pages\/38153\/revisions"}],"predecessor-version":[{"id":38336,"href":"https:\/\/encartes.mx\/fr\/wp-json\/wp\/v2\/pages\/38153\/revisions\/38336"}],"wp:attachment":[{"href":"https:\/\/encartes.mx\/fr\/wp-json\/wp\/v2\/media?parent=38153"}],"wp:term":[{"taxonomy":"author","embeddable":true,"href":"https:\/\/encartes.mx\/fr\/wp-json\/wp\/v2\/coauthors?post=38153"}],"curies":[{"name":"wp","href":"https:\/\/api.w.org\/{rel}","templated":true}]}}