{"id":34732,"date":"2021-05-07T18:17:01","date_gmt":"2021-05-07T18:17:01","guid":{"rendered":"https:\/\/encartes.mx\/?page_id=34732"},"modified":"2022-04-18T17:14:16","modified_gmt":"2022-04-18T17:14:16","slug":"envio-de-propuestas","status":"publish","type":"page","link":"https:\/\/encartes.mx\/fr\/envio-de-propuestas\/","title":{"rendered":"Soumission des propositions"},"content":{"rendered":"<h1 class=\"wp-block-heading\">Soumission des propositions<\/h1>\n\n\n\n<p><\/p>\n\n\n\n<p class=\"has-text-align-center\"><\/p>\n\n\n\n<p class=\"has-text-align-center\">Avant l'envoi, nous vous invitons \u00e0 v\u00e9rifier les exigences sur notre site web \u00e0 l'adresse suivante <a href=\"https:\/\/encartes.mx\/fr\/politicas-editoriales\/\">Politiques \u00e9ditoriales<\/a>.<\/p>\n\n\n\n<p class=\"has-text-align-center\">Les envois sont effectu\u00e9s par l'interm\u00e9diaire de notre plateforme de <em>Syst\u00e8mes de journaux ouverts<\/em>.<\/p>\n\n\n\n<div class=\"wp-block-buttons is-content-justification-center is-layout-flex wp-block-buttons-is-layout-flex\">\n<div class=\"wp-block-button\"><a class=\"wp-block-button__link has-background\" href=\"https:\/\/encartesantropologicos.mx\/openj\/index.php\/encartes\/login\" style=\"background-color:#f8b40d\">Envoyer<\/a><\/div>\n<\/div>","protected":false},"excerpt":{"rendered":"<p>Soumission des propositions Avant de soumettre une proposition, nous vous invitons \u00e0 consulter les exigences de notre page Politiques \u00e9ditoriales. Les soumissions sont effectu\u00e9es par l'interm\u00e9diaire de notre plateforme Open Journal Systems.<\/p>","protected":false},"author":4,"featured_media":0,"parent":0,"menu_order":0,"comment_status":"closed","ping_status":"closed","template":"","meta":{"_acf_changed":false,"footnotes":""},"coauthors":[551],"class_list":["post-34732","page","type-page","status-publish","hentry"],"acf":[],"yoast_head":"<!-- This site is optimized with the Yoast SEO plugin v22.2 - https:\/\/yoast.com\/wordpress\/plugins\/seo\/ -->\n<title>Env\u00edo de propuestas &#8211; Encartes<\/title>\n<meta name=\"robots\" content=\"index, follow, max-snippet:-1, max-image-preview:large, max-video-preview:-1\" \/>\n<link rel=\"canonical\" href=\"https:\/\/encartes.mx\/fr\/envio-de-propuestas\/\" \/>\n<meta property=\"og:locale\" content=\"fr_FR\" \/>\n<meta property=\"og:type\" content=\"article\" \/>\n<meta property=\"og:title\" content=\"Env\u00edo de propuestas &#8211; Encartes\" \/>\n<meta property=\"og:description\" content=\"Env\u00edo de propuestas Antes de hacer el env\u00edo la\/lo invitamos a consultar los requisitos en nuestra p\u00e1gina de Pol\u00edticas editoriales. Los env\u00edos se realizan a trav\u00e9s de nuestra plataforma de Open Journal Systems.\" \/>\n<meta property=\"og:url\" content=\"https:\/\/encartes.mx\/fr\/envio-de-propuestas\/\" \/>\n<meta property=\"og:site_name\" content=\"Encartes\" \/>\n<meta property=\"article:modified_time\" content=\"2022-04-18T17:14:16+00:00\" \/>\n<meta name=\"twitter:card\" content=\"summary_large_image\" \/>\n<meta name=\"twitter:label1\" content=\"Dur\u00e9e de lecture estim\u00e9e\" \/>\n\t<meta name=\"twitter:data1\" content=\"1 minute\" \/>\n\t<meta name=\"twitter:label2\" content=\"Written by\" \/>\n\t<meta name=\"twitter:data2\" content=\"Arthur Ventura\" \/>\n<script type=\"application\/ld+json\" class=\"yoast-schema-graph\">{\"@context\":\"https:\/\/schema.org\",\"@graph\":[{\"@type\":\"WebPage\",\"@id\":\"https:\/\/encartes.mx\/envio-de-propuestas\/\",\"url\":\"https:\/\/encartes.mx\/envio-de-propuestas\/\",\"name\":\"Env\u00edo de propuestas &#8211; Encartes\",\"isPartOf\":{\"@id\":\"https:\/\/encartes.mx\/#website\"},\"datePublished\":\"2021-05-07T18:17:01+00:00\",\"dateModified\":\"2022-04-18T17:14:16+00:00\",\"breadcrumb\":{\"@id\":\"https:\/\/encartes.mx\/envio-de-propuestas\/#breadcrumb\"},\"inLanguage\":\"fr-FR\",\"potentialAction\":[{\"@type\":\"ReadAction\",\"target\":[\"https:\/\/encartes.mx\/envio-de-propuestas\/\"]}]},{\"@type\":\"BreadcrumbList\",\"@id\":\"https:\/\/encartes.mx\/envio-de-propuestas\/#breadcrumb\",\"itemListElement\":[{\"@type\":\"ListItem\",\"position\":1,\"name\":\"Home\",\"item\":\"https:\/\/encartes.mx\/\"},{\"@type\":\"ListItem\",\"position\":2,\"name\":\"Env\u00edo de propuestas\"}]},{\"@type\":\"WebSite\",\"@id\":\"https:\/\/encartes.mx\/#website\",\"url\":\"https:\/\/encartes.mx\/\",\"name\":\"Encartes\",\"description\":\"Revista digital multimedia\",\"publisher\":{\"@id\":\"https:\/\/encartes.mx\/#organization\"},\"potentialAction\":[{\"@type\":\"SearchAction\",\"target\":{\"@type\":\"EntryPoint\",\"urlTemplate\":\"https:\/\/encartes.mx\/?s={search_term_string}\"},\"query-input\":\"required name=search_term_string\"}],\"inLanguage\":\"fr-FR\"},{\"@type\":\"Organization\",\"@id\":\"https:\/\/encartes.mx\/#organization\",\"name\":\"Encartes Antropol\u00f3gicos\",\"url\":\"https:\/\/encartes.mx\/\",\"logo\":{\"@type\":\"ImageObject\",\"inLanguage\":\"fr-FR\",\"@id\":\"https:\/\/encartes.mx\/#\/schema\/logo\/image\/\",\"url\":\"https:\/\/encartes.mx\/wp-content\/uploads\/2017\/04\/Logo-04.png\",\"contentUrl\":\"https:\/\/encartes.mx\/wp-content\/uploads\/2017\/04\/Logo-04.png\",\"width\":338,\"height\":306,\"caption\":\"Encartes Antropol\u00f3gicos\"},\"image\":{\"@id\":\"https:\/\/encartes.mx\/#\/schema\/logo\/image\/\"}}]}<\/script>\n<!-- \/ Yoast SEO plugin. -->","yoast_head_json":{"title":"Env\u00edo de propuestas &#8211; Encartes","robots":{"index":"index","follow":"follow","max-snippet":"max-snippet:-1","max-image-preview":"max-image-preview:large","max-video-preview":"max-video-preview:-1"},"canonical":"https:\/\/encartes.mx\/fr\/envio-de-propuestas\/","og_locale":"fr_FR","og_type":"article","og_title":"Env\u00edo de propuestas &#8211; Encartes","og_description":"Env\u00edo de propuestas Antes de hacer el env\u00edo la\/lo invitamos a consultar los requisitos en nuestra p\u00e1gina de Pol\u00edticas editoriales. Los env\u00edos se realizan a trav\u00e9s de nuestra plataforma de Open Journal Systems.","og_url":"https:\/\/encartes.mx\/fr\/envio-de-propuestas\/","og_site_name":"Encartes","article_modified_time":"2022-04-18T17:14:16+00:00","twitter_card":"summary_large_image","twitter_misc":{"Dur\u00e9e de lecture estim\u00e9e":"1 minute","Written by":"Arthur Ventura"},"schema":{"@context":"https:\/\/schema.org","@graph":[{"@type":"WebPage","@id":"https:\/\/encartes.mx\/envio-de-propuestas\/","url":"https:\/\/encartes.mx\/envio-de-propuestas\/","name":"Env\u00edo de propuestas &#8211; Encartes","isPartOf":{"@id":"https:\/\/encartes.mx\/#website"},"datePublished":"2021-05-07T18:17:01+00:00","dateModified":"2022-04-18T17:14:16+00:00","breadcrumb":{"@id":"https:\/\/encartes.mx\/envio-de-propuestas\/#breadcrumb"},"inLanguage":"fr-FR","potentialAction":[{"@type":"ReadAction","target":["https:\/\/encartes.mx\/envio-de-propuestas\/"]}]},{"@type":"BreadcrumbList","@id":"https:\/\/encartes.mx\/envio-de-propuestas\/#breadcrumb","itemListElement":[{"@type":"ListItem","position":1,"name":"Home","item":"https:\/\/encartes.mx\/"},{"@type":"ListItem","position":2,"name":"Env\u00edo de propuestas"}]},{"@type":"WebSite","@id":"https:\/\/encartes.mx\/#website","url":"https:\/\/encartes.mx\/","name":"Encartes","description":"Revista digital multimedia","publisher":{"@id":"https:\/\/encartes.mx\/#organization"},"potentialAction":[{"@type":"SearchAction","target":{"@type":"EntryPoint","urlTemplate":"https:\/\/encartes.mx\/?s={search_term_string}"},"query-input":"required name=search_term_string"}],"inLanguage":"fr-FR"},{"@type":"Organization","@id":"https:\/\/encartes.mx\/#organization","name":"Encartes Antropol\u00f3gicos","url":"https:\/\/encartes.mx\/","logo":{"@type":"ImageObject","inLanguage":"fr-FR","@id":"https:\/\/encartes.mx\/#\/schema\/logo\/image\/","url":"https:\/\/encartes.mx\/wp-content\/uploads\/2017\/04\/Logo-04.png","contentUrl":"https:\/\/encartes.mx\/wp-content\/uploads\/2017\/04\/Logo-04.png","width":338,"height":306,"caption":"Encartes Antropol\u00f3gicos"},"image":{"@id":"https:\/\/encartes.mx\/#\/schema\/logo\/image\/"}}]}},"jetpack_sharing_enabled":true,"_links":{"self":[{"href":"https:\/\/encartes.mx\/fr\/wp-json\/wp\/v2\/pages\/34732","targetHints":{"allow":["GET"]}}],"collection":[{"href":"https:\/\/encartes.mx\/fr\/wp-json\/wp\/v2\/pages"}],"about":[{"href":"https:\/\/encartes.mx\/fr\/wp-json\/wp\/v2\/types\/page"}],"author":[{"embeddable":true,"href":"https:\/\/encartes.mx\/fr\/wp-json\/wp\/v2\/users\/4"}],"replies":[{"embeddable":true,"href":"https:\/\/encartes.mx\/fr\/wp-json\/wp\/v2\/comments?post=34732"}],"version-history":[{"count":8,"href":"https:\/\/encartes.mx\/fr\/wp-json\/wp\/v2\/pages\/34732\/revisions"}],"predecessor-version":[{"id":35952,"href":"https:\/\/encartes.mx\/fr\/wp-json\/wp\/v2\/pages\/34732\/revisions\/35952"}],"wp:attachment":[{"href":"https:\/\/encartes.mx\/fr\/wp-json\/wp\/v2\/media?parent=34732"}],"wp:term":[{"taxonomy":"author","embeddable":true,"href":"https:\/\/encartes.mx\/fr\/wp-json\/wp\/v2\/coauthors?post=34732"}],"curies":[{"name":"wp","href":"https:\/\/api.w.org\/{rel}","templated":true}]}}