{"id":32388,"date":"2020-05-22T23:49:01","date_gmt":"2020-05-22T23:49:01","guid":{"rendered":"https:\/\/encartesantropologicos.mx\/?page_id=32388"},"modified":"2026-02-17T16:42:11","modified_gmt":"2026-02-17T22:42:11","slug":"indices","status":"publish","type":"page","link":"https:\/\/encartes.mx\/fr\/indices\/","title":{"rendered":"Indexation"},"content":{"rendered":"<h1>Indexation<\/h1>\n\n\n\n<p class=\"has-text-align-center has-large-font-size\"><em>Encartes<\/em> est h\u00e9berg\u00e9 dans ces index et r\u00e9f\u00e9rentiels :<\/p>\n\n\n<div class=\"wp-block-image\">\n<figure class=\"aligncenter size-large\"><img loading=\"lazy\" decoding=\"async\" width=\"495\" height=\"176\" src=\"https:\/\/encartesantropologicos.mx\/wordpress\/wp-content\/uploads\/2020\/05\/clase.png\" alt=\"\" class=\"wp-image-32389\"\/><\/figure><\/div>\n\n\n<p>CLASE est une base de donn\u00e9es bibliographiques cr\u00e9\u00e9e en 1975 \u00e0 l'Universit\u00e9 nationale autonome du Mexique (UNAM). La base de donn\u00e9es est mise \u00e0 jour quotidiennement et plus de 10 000 notices sont ajout\u00e9es chaque ann\u00e9e.<br>Il propose environ 350 000 notices bibliographiques d'articles, d'essais, de critiques de livres, de revues bibliographiques, de notes br\u00e8ves, d'\u00e9ditoriaux, de biographies, d'entretiens, de statistiques et d'autres documents publi\u00e9s dans environ 1 500 revues latino-am\u00e9ricaines et carib\u00e9ennes sp\u00e9cialis\u00e9es dans les sciences sociales et humaines.<\/p>\n\n\n\n<p>Les revues incluses dans CLASS sont conformes \u00e0 <a href=\"http:\/\/132.248.9.1:8991\/F\/ELNV2J94D6HRFYSH87KH9SMIA21LNJ96CUJKYU8LIBQ7MUMLCD-20001?func=file&amp;file_name=criterios_seleccion\"><u>crit\u00e8res de s\u00e9lection<\/u><\/a> et sont analys\u00e9s par une \u00e9quipe pluridisciplinaire.<\/p>\n\n\n\n<hr class=\"wp-block-separator has-css-opacity\"\/>\n\n\n<div class=\"wp-block-image\">\n<figure class=\"aligncenter size-large\"><a href=\"https:\/\/www.latindex.org\/latindex\/ficha?folio=29342\"><img loading=\"lazy\" decoding=\"async\" width=\"640\" height=\"342\" src=\"https:\/\/encartesantropologicos.mx\/wordpress\/wp-content\/uploads\/2020\/06\/latindex_catalogo.jpg\" alt=\"\" class=\"wp-image-32401\"\/><\/a><\/figure><\/div>\n\n\n<p>Latindex est le fruit de la coop\u00e9ration d'un r\u00e9seau d'institutions qui travaillent de mani\u00e8re coordonn\u00e9e \u00e0 la collecte et \u00e0 la diffusion d'informations sur les publications scientifiques en s\u00e9rie produites en Am\u00e9rique latine. L'id\u00e9e de cr\u00e9er Latindex est n\u00e9e en 1995 \u00e0 l'Universit\u00e9 nationale autonome du Mexique (UNAM) et est devenue un r\u00e9seau de coop\u00e9ration r\u00e9gionale en 1997.<\/p>\n\n\n\n<p>Elle comprend des revues de recherche scientifique, des revues technico-professionnelles et des revues scientifiques et culturelles publi\u00e9es en Am\u00e9rique latine, dans les Cara\u00efbes, en Espagne et au Portugal. Elle offre \u00e9galement des informations sur les revues ib\u00e9ro-am\u00e9ricaines publi\u00e9es dans le monde entier. Les revues peuvent \u00eatre imprim\u00e9es ou \u00e9lectroniques, dans toutes les disciplines scientifiques.<\/p>\n\n\n\n<p>Latindex propose deux services d'information principaux : 1. l'ANNUAIRE, qui fournit des informations bibliographiques et les coordonn\u00e9es de toutes les revues enregistr\u00e9es, et 2. <a href=\"https:\/\/www.latindex.org\/latindex\/meto2\">m\u00e9thodologie<\/a> de Latindex.<\/p>\n\n\n\n<p>En outre, le site web fournit des informations sp\u00e9cifiques sur les revues disponibles en ligne, qu'elles soient enregistr\u00e9es dans le r\u00e9pertoire ou qualifi\u00e9es dans le catalogue. Dans la section <a href=\"https:\/\/www.latindex.org\/latindex\/productos\">\"Produits<\/a> plus d'informations sur ces ressources et sur la mani\u00e8re de les consulter.<\/p>\n\n\n\n<p>Latindex offre \u00e9galement l'acc\u00e8s au texte int\u00e9gral d'une s\u00e9lection de revues ib\u00e9ro-am\u00e9ricaines disponibles sur les portails les plus importants de la r\u00e9gion, par le biais de l'application <a href=\"http:\/\/www.latindex.ppl.unam.mx\">\"Portail Latindex<\/a>.<\/p>\n\n\n\n<hr class=\"wp-block-separator has-css-opacity\"\/>\n\n\n<div class=\"wp-block-image\">\n<figure class=\"aligncenter size-large\"><a href=\"https:\/\/doaj.org\/toc\/2594-2999\"><img loading=\"lazy\" decoding=\"async\" width=\"400\" height=\"122\" src=\"https:\/\/encartesantropologicos.mx\/wordpress\/wp-content\/uploads\/2020\/05\/logo.jpg\" alt=\"\" class=\"wp-image-32391\"\/><\/a><\/figure><\/div>\n\n\n<p>DOAJ est un r\u00e9pertoire en ligne cr\u00e9\u00e9 par la communaut\u00e9 qui indexe et donne acc\u00e8s \u00e0 des revues acad\u00e9miques de haute qualit\u00e9, en libre acc\u00e8s et \u00e9valu\u00e9es par des pairs. <a href=\"https:\/\/blog.doaj.org\/2018\/11\/07\/el-doaj-independencia-y-la-importancia-de-la-imparcialidad\/\">Le DOAJ est ind\u00e9pendant<\/a>. L'ensemble du financement est assur\u00e9 par <a href=\"https:\/\/doaj.org\/membership\">par le biais de dons<\/a>40% dont originaires de <a href=\"https:\/\/doaj.org\/sponsors\">sponsors<\/a> et le 60% de <a href=\"https:\/\/doaj.org\/members\">\u00e9diteurs et membres<\/a>. Tous les services du DOAJ sont gratuits, y compris l'indexation du DOAJ. Tous les services sont gratuits, y compris l'indexation du DOAJ.<a href=\"https:\/\/doaj.org\/faq#metadata\">Les donn\u00e9es sont disponibles gratuitement<\/a>.<\/p>\n\n\n\n<p>Le DOAJ dispose d'un programme de formation mondial qui vise \u00e0 am\u00e9liorer la qualit\u00e9 des candidatures soumises.<\/p>\n\n\n\n<hr class=\"wp-block-separator has-alpha-channel-opacity\"\/>\n\n\n\n<figure class=\"wp-block-image size-large\"><a href=\" https:\/\/www.redalyc.org\/revista.oa?id=6042&amp;tipo=coleccion\"><img loading=\"lazy\" decoding=\"async\" width=\"1024\" height=\"257\" src=\"https:\/\/encartes.mx\/wp-content\/uploads\/2024\/09\/1599px-Logo-redalyc-2019-1024x257.png\" alt=\"\" class=\"wp-image-39132\" srcset=\"https:\/\/encartes.mx\/wp-content\/uploads\/2024\/09\/1599px-Logo-redalyc-2019-1024x257.png 1024w, https:\/\/encartes.mx\/wp-content\/uploads\/2024\/09\/1599px-Logo-redalyc-2019-300x75.png 300w, https:\/\/encartes.mx\/wp-content\/uploads\/2024\/09\/1599px-Logo-redalyc-2019-768x193.png 768w, https:\/\/encartes.mx\/wp-content\/uploads\/2024\/09\/1599px-Logo-redalyc-2019-1536x386.png 1536w, https:\/\/encartes.mx\/wp-content\/uploads\/2024\/09\/1599px-Logo-redalyc-2019-18x5.png 18w, https:\/\/encartes.mx\/wp-content\/uploads\/2024\/09\/1599px-Logo-redalyc-2019-1200x302.png 1200w, https:\/\/encartes.mx\/wp-content\/uploads\/2024\/09\/1599px-Logo-redalyc-2019.png 1599w\" sizes=\"auto, (max-width: 1024px) 100vw, 1024px\" \/><\/a><\/figure>\n\n\n\n<p class=\"abstract\">Le r\u00e9seau de revues scientifiques d'Am\u00e9rique latine et des Cara\u00efbes, d'Espagne et du Portugal (Redalyc) est un projet universitaire de diffusion en libre acc\u00e8s de l'activit\u00e9 d'\u00e9dition scientifique du monde entier, dans le cadre d'un mod\u00e8le \u00e0 but non lucratif dirig\u00e9 par des universitaires. Redalyc est devenu un syst\u00e8me d'indexation, de visibilit\u00e9, d'interop\u00e9rabilit\u00e9, de production \u00e9ditoriale et de pr\u00e9servation. Il est \u00e9galement devenu un syst\u00e8me d'information scientifique qui fournit des indicateurs sur la publication, la collaboration et l'utilisation de la litt\u00e9rature scientifique. Redalyc est promu par l'Universidad Aut\u00f3noma del Estado de M\u00e9xico, en collaboration avec des centaines d'\u00e9tablissements d'enseignement sup\u00e9rieur, de centres de recherche, d'associations professionnelles et d'\u00e9diteurs du monde entier et dispose (mars 2019) d'une collection de 1304 revues scientifiques, 48 512 num\u00e9ros et plus de 600 000 articles scientifiques disponibles en texte int\u00e9gral.<\/p>\n\n\n\n<hr class=\"wp-block-separator has-alpha-channel-opacity\"\/>\n\n\n<div class=\"wp-block-image\">\n<figure class=\"aligncenter size-full\"><a href=\"https:\/\/biblat.unam.mx\/es\/frecuencias\/revista\/encartes\"><img loading=\"lazy\" decoding=\"async\" width=\"500\" height=\"213\" src=\"https:\/\/encartes.mx\/wp-content\/uploads\/2024\/11\/biblat.png\" alt=\"\" class=\"wp-image-39185\" srcset=\"https:\/\/encartes.mx\/wp-content\/uploads\/2024\/11\/biblat.png 500w, https:\/\/encartes.mx\/wp-content\/uploads\/2024\/11\/biblat-300x128.png 300w, https:\/\/encartes.mx\/wp-content\/uploads\/2024\/11\/biblat-18x8.png 18w\" sizes=\"auto, (max-width: 500px) 100vw, 500px\" \/><\/a><\/figure><\/div>\n\n\n<p>Biblat est un portail de l'Universit\u00e9 nationale autonome du Mexique (UNAM) sp\u00e9cialis\u00e9 dans les revues scientifiques et universitaires publi\u00e9es en Am\u00e9rique latine et dans les Cara\u00efbes, qui propose les r\u00e9f\u00e9rences bibliographiques suivantes d'articles et de documents publi\u00e9s dans plus de 3 000 titres.<\/p>\n\n\n\n<hr class=\"wp-block-separator has-alpha-channel-opacity\"\/>\n\n\n<div class=\"wp-block-image\">\n<figure class=\"aligncenter size-full\"><a href=\"https:\/\/www.scielo.org.mx\/scielo.php?script=sci_serial&amp;pid=2594-2999&amp;lng=es&amp;nrm=iso\"><img loading=\"lazy\" decoding=\"async\" width=\"268\" height=\"188\" src=\"https:\/\/encartes.mx\/wp-content\/uploads\/2025\/03\/scielo-mex.png\" alt=\"\" class=\"wp-image-39624\" srcset=\"https:\/\/encartes.mx\/wp-content\/uploads\/2025\/03\/scielo-mex.png 268w, https:\/\/encartes.mx\/wp-content\/uploads\/2025\/03\/scielo-mex-18x12.png 18w\" sizes=\"auto, (max-width: 268px) 100vw, 268px\" \/><\/a><\/figure><\/div>\n\n\n<p>SciELO Mexico est une biblioth\u00e8que num\u00e9rique et une biblioth\u00e8que virtuelle de journaux qui, depuis 2004, offre un acc\u00e8s libre aux revues scientifiques mexicaines dans tous les domaines de la connaissance. Elle est d\u00e9velopp\u00e9e par la DGBSDI de l'UNAM et fait partie du r\u00e9seau r\u00e9gional SciELO pr\u00e9sent dans 17 pays. Les publications suivent le sch\u00e9ma de publication SciELO en format XML. Pour s'inscrire, les revues doivent r\u00e9pondre \u00e0 des crit\u00e8res sp\u00e9cifiques qui peuvent \u00eatre consult\u00e9s sur le site SciELO Mexico Criteria. Le syst\u00e8me est g\u00e9r\u00e9 par l'UNAM, ce qui favorise la visibilit\u00e9 de la litt\u00e9rature scientifique latino-am\u00e9ricaine.<\/p>","protected":false},"excerpt":{"rendered":"<p>Indexaciones Encartes est h\u00e9berg\u00e9 dans ces index et d\u00e9p\u00f4ts : CLASE est une base de donn\u00e9es bibliographiques cr\u00e9\u00e9e en 1975 \u00e0 l'Universit\u00e9 nationale autonome du Mexique (UNAM). La base de donn\u00e9es est mise \u00e0 jour quotidiennement et plus de 10 000 notices sont ajout\u00e9es chaque ann\u00e9e, offrant environ 350 000 notices bibliographiques d'articles, d'essais, de comptes rendus d'articles et de comptes rendus, et d'autres documents bibliographiques.<\/p>","protected":false},"author":4,"featured_media":0,"parent":0,"menu_order":0,"comment_status":"closed","ping_status":"closed","template":"","meta":{"_acf_changed":false,"footnotes":""},"coauthors":[551],"class_list":["post-32388","page","type-page","status-publish","hentry"],"acf":[],"yoast_head":"<!-- This site is optimized with the Yoast SEO plugin v22.2 - https:\/\/yoast.com\/wordpress\/plugins\/seo\/ -->\n<title>Indexaciones &#8211; Encartes<\/title>\n<meta name=\"robots\" content=\"index, follow, max-snippet:-1, max-image-preview:large, max-video-preview:-1\" \/>\n<link rel=\"canonical\" href=\"https:\/\/encartes.mx\/fr\/indices\/\" \/>\n<meta property=\"og:locale\" content=\"fr_FR\" \/>\n<meta property=\"og:type\" content=\"article\" \/>\n<meta property=\"og:title\" content=\"Indexaciones &#8211; Encartes\" \/>\n<meta property=\"og:description\" content=\"Indexaciones Encartes est\u00e1 alojada en estos \u00edndices y repositorios: CLASE es una base de datos bibliogr\u00e1fica creada en 1975 en la Universidad Nacional Aut\u00f3noma de M\u00e9xico (UNAM). La base de datos se actualiza diariamente y m\u00e1s de 10 mil registros son agregados cada a\u00f1o.Ofrece alrededor de 350 mil registros bibliogr\u00e1ficos de art\u00edculos, ensayos, rese\u00f1as de [&hellip;]\" \/>\n<meta property=\"og:url\" content=\"https:\/\/encartes.mx\/fr\/indices\/\" \/>\n<meta property=\"og:site_name\" content=\"Encartes\" \/>\n<meta property=\"article:modified_time\" content=\"2026-02-17T22:42:11+00:00\" \/>\n<meta property=\"og:image\" content=\"https:\/\/encartesantropologicos.mx\/wordpress\/wp-content\/uploads\/2020\/05\/clase.png\" \/>\n<meta name=\"twitter:card\" content=\"summary_large_image\" \/>\n<meta name=\"twitter:label1\" content=\"Dur\u00e9e de lecture estim\u00e9e\" \/>\n\t<meta name=\"twitter:data1\" content=\"5 minutes\" \/>\n\t<meta name=\"twitter:label2\" content=\"Written by\" \/>\n\t<meta name=\"twitter:data2\" content=\"Arthur Ventura\" \/>\n<script type=\"application\/ld+json\" class=\"yoast-schema-graph\">{\"@context\":\"https:\/\/schema.org\",\"@graph\":[{\"@type\":\"WebPage\",\"@id\":\"https:\/\/encartes.mx\/indices\/\",\"url\":\"https:\/\/encartes.mx\/indices\/\",\"name\":\"Indexaciones &#8211; Encartes\",\"isPartOf\":{\"@id\":\"https:\/\/encartes.mx\/#website\"},\"primaryImageOfPage\":{\"@id\":\"https:\/\/encartes.mx\/indices\/#primaryimage\"},\"image\":{\"@id\":\"https:\/\/encartes.mx\/indices\/#primaryimage\"},\"thumbnailUrl\":\"https:\/\/encartesantropologicos.mx\/wordpress\/wp-content\/uploads\/2020\/05\/clase.png\",\"datePublished\":\"2020-05-22T23:49:01+00:00\",\"dateModified\":\"2026-02-17T22:42:11+00:00\",\"breadcrumb\":{\"@id\":\"https:\/\/encartes.mx\/indices\/#breadcrumb\"},\"inLanguage\":\"fr-FR\",\"potentialAction\":[{\"@type\":\"ReadAction\",\"target\":[\"https:\/\/encartes.mx\/indices\/\"]}]},{\"@type\":\"ImageObject\",\"inLanguage\":\"fr-FR\",\"@id\":\"https:\/\/encartes.mx\/indices\/#primaryimage\",\"url\":\"https:\/\/encartesantropologicos.mx\/wordpress\/wp-content\/uploads\/2020\/05\/clase.png\",\"contentUrl\":\"https:\/\/encartesantropologicos.mx\/wordpress\/wp-content\/uploads\/2020\/05\/clase.png\"},{\"@type\":\"BreadcrumbList\",\"@id\":\"https:\/\/encartes.mx\/indices\/#breadcrumb\",\"itemListElement\":[{\"@type\":\"ListItem\",\"position\":1,\"name\":\"Home\",\"item\":\"https:\/\/encartes.mx\/\"},{\"@type\":\"ListItem\",\"position\":2,\"name\":\"Indexaciones\"}]},{\"@type\":\"WebSite\",\"@id\":\"https:\/\/encartes.mx\/#website\",\"url\":\"https:\/\/encartes.mx\/\",\"name\":\"Encartes\",\"description\":\"Revista digital multimedia\",\"publisher\":{\"@id\":\"https:\/\/encartes.mx\/#organization\"},\"potentialAction\":[{\"@type\":\"SearchAction\",\"target\":{\"@type\":\"EntryPoint\",\"urlTemplate\":\"https:\/\/encartes.mx\/?s={search_term_string}\"},\"query-input\":\"required name=search_term_string\"}],\"inLanguage\":\"fr-FR\"},{\"@type\":\"Organization\",\"@id\":\"https:\/\/encartes.mx\/#organization\",\"name\":\"Encartes Antropol\u00f3gicos\",\"url\":\"https:\/\/encartes.mx\/\",\"logo\":{\"@type\":\"ImageObject\",\"inLanguage\":\"fr-FR\",\"@id\":\"https:\/\/encartes.mx\/#\/schema\/logo\/image\/\",\"url\":\"https:\/\/encartes.mx\/wp-content\/uploads\/2017\/04\/Logo-04.png\",\"contentUrl\":\"https:\/\/encartes.mx\/wp-content\/uploads\/2017\/04\/Logo-04.png\",\"width\":338,\"height\":306,\"caption\":\"Encartes Antropol\u00f3gicos\"},\"image\":{\"@id\":\"https:\/\/encartes.mx\/#\/schema\/logo\/image\/\"}}]}<\/script>\n<!-- \/ Yoast SEO plugin. -->","yoast_head_json":{"title":"Indexaciones &#8211; Encartes","robots":{"index":"index","follow":"follow","max-snippet":"max-snippet:-1","max-image-preview":"max-image-preview:large","max-video-preview":"max-video-preview:-1"},"canonical":"https:\/\/encartes.mx\/fr\/indices\/","og_locale":"fr_FR","og_type":"article","og_title":"Indexaciones &#8211; Encartes","og_description":"Indexaciones Encartes est\u00e1 alojada en estos \u00edndices y repositorios: CLASE es una base de datos bibliogr\u00e1fica creada en 1975 en la Universidad Nacional Aut\u00f3noma de M\u00e9xico (UNAM). La base de datos se actualiza diariamente y m\u00e1s de 10 mil registros son agregados cada a\u00f1o.Ofrece alrededor de 350 mil registros bibliogr\u00e1ficos de art\u00edculos, ensayos, rese\u00f1as de [&hellip;]","og_url":"https:\/\/encartes.mx\/fr\/indices\/","og_site_name":"Encartes","article_modified_time":"2026-02-17T22:42:11+00:00","og_image":[{"url":"https:\/\/encartesantropologicos.mx\/wordpress\/wp-content\/uploads\/2020\/05\/clase.png"}],"twitter_card":"summary_large_image","twitter_misc":{"Dur\u00e9e de lecture estim\u00e9e":"5 minutes","Written by":"Arthur Ventura"},"schema":{"@context":"https:\/\/schema.org","@graph":[{"@type":"WebPage","@id":"https:\/\/encartes.mx\/indices\/","url":"https:\/\/encartes.mx\/indices\/","name":"Indexaciones &#8211; Encartes","isPartOf":{"@id":"https:\/\/encartes.mx\/#website"},"primaryImageOfPage":{"@id":"https:\/\/encartes.mx\/indices\/#primaryimage"},"image":{"@id":"https:\/\/encartes.mx\/indices\/#primaryimage"},"thumbnailUrl":"https:\/\/encartesantropologicos.mx\/wordpress\/wp-content\/uploads\/2020\/05\/clase.png","datePublished":"2020-05-22T23:49:01+00:00","dateModified":"2026-02-17T22:42:11+00:00","breadcrumb":{"@id":"https:\/\/encartes.mx\/indices\/#breadcrumb"},"inLanguage":"fr-FR","potentialAction":[{"@type":"ReadAction","target":["https:\/\/encartes.mx\/indices\/"]}]},{"@type":"ImageObject","inLanguage":"fr-FR","@id":"https:\/\/encartes.mx\/indices\/#primaryimage","url":"https:\/\/encartesantropologicos.mx\/wordpress\/wp-content\/uploads\/2020\/05\/clase.png","contentUrl":"https:\/\/encartesantropologicos.mx\/wordpress\/wp-content\/uploads\/2020\/05\/clase.png"},{"@type":"BreadcrumbList","@id":"https:\/\/encartes.mx\/indices\/#breadcrumb","itemListElement":[{"@type":"ListItem","position":1,"name":"Home","item":"https:\/\/encartes.mx\/"},{"@type":"ListItem","position":2,"name":"Indexaciones"}]},{"@type":"WebSite","@id":"https:\/\/encartes.mx\/#website","url":"https:\/\/encartes.mx\/","name":"Encartes","description":"Revista digital multimedia","publisher":{"@id":"https:\/\/encartes.mx\/#organization"},"potentialAction":[{"@type":"SearchAction","target":{"@type":"EntryPoint","urlTemplate":"https:\/\/encartes.mx\/?s={search_term_string}"},"query-input":"required name=search_term_string"}],"inLanguage":"fr-FR"},{"@type":"Organization","@id":"https:\/\/encartes.mx\/#organization","name":"Encartes Antropol\u00f3gicos","url":"https:\/\/encartes.mx\/","logo":{"@type":"ImageObject","inLanguage":"fr-FR","@id":"https:\/\/encartes.mx\/#\/schema\/logo\/image\/","url":"https:\/\/encartes.mx\/wp-content\/uploads\/2017\/04\/Logo-04.png","contentUrl":"https:\/\/encartes.mx\/wp-content\/uploads\/2017\/04\/Logo-04.png","width":338,"height":306,"caption":"Encartes Antropol\u00f3gicos"},"image":{"@id":"https:\/\/encartes.mx\/#\/schema\/logo\/image\/"}}]}},"jetpack_sharing_enabled":true,"_links":{"self":[{"href":"https:\/\/encartes.mx\/fr\/wp-json\/wp\/v2\/pages\/32388","targetHints":{"allow":["GET"]}}],"collection":[{"href":"https:\/\/encartes.mx\/fr\/wp-json\/wp\/v2\/pages"}],"about":[{"href":"https:\/\/encartes.mx\/fr\/wp-json\/wp\/v2\/types\/page"}],"author":[{"embeddable":true,"href":"https:\/\/encartes.mx\/fr\/wp-json\/wp\/v2\/users\/4"}],"replies":[{"embeddable":true,"href":"https:\/\/encartes.mx\/fr\/wp-json\/wp\/v2\/comments?post=32388"}],"version-history":[{"count":15,"href":"https:\/\/encartes.mx\/fr\/wp-json\/wp\/v2\/pages\/32388\/revisions"}],"predecessor-version":[{"id":40269,"href":"https:\/\/encartes.mx\/fr\/wp-json\/wp\/v2\/pages\/32388\/revisions\/40269"}],"wp:attachment":[{"href":"https:\/\/encartes.mx\/fr\/wp-json\/wp\/v2\/media?parent=32388"}],"wp:term":[{"taxonomy":"author","embeddable":true,"href":"https:\/\/encartes.mx\/fr\/wp-json\/wp\/v2\/coauthors?post=32388"}],"curies":[{"name":"wp","href":"https:\/\/api.w.org\/{rel}","templated":true}]}}