{"id":31061,"date":"2019-05-22T19:39:30","date_gmt":"2019-05-22T19:39:30","guid":{"rendered":"https:\/\/encartesantropologicos.mx\/wordpress\/?page_id=31061"},"modified":"2019-10-25T17:50:36","modified_gmt":"2019-10-25T17:50:36","slug":"revistas-encartadas","status":"publish","type":"page","link":"https:\/\/encartes.mx\/fr\/revistas-encartadas\/","title":{"rendered":"Revues encart\u00e9es"},"content":{"rendered":"<p>Le site <strong>magazines imprim\u00e9s<\/strong> sont les magazines amis de <em>Encartes<\/em> avec lesquels nous partageons des exp\u00e9riences et des espaces de diffusion dans le but de cr\u00e9er un environnement scientifique plus libre et plus critique.<\/p>","protected":false},"excerpt":{"rendered":"<p>Les revues partenaires d'Encartes sont les amis d'Encartes avec lesquels nous partageons des exp\u00e9riences et des espaces de diffusion dans le but de cr\u00e9er un environnement scientifique plus libre et plus critique.<\/p>","protected":false},"author":4,"featured_media":0,"parent":0,"menu_order":0,"comment_status":"closed","ping_status":"closed","template":"revistas-encartadas.php","meta":{"_acf_changed":false,"footnotes":""},"coauthors":[],"class_list":["post-31061","page","type-page","status-publish","hentry"],"acf":[],"yoast_head":"<!-- This site is optimized with the Yoast SEO plugin v22.2 - https:\/\/yoast.com\/wordpress\/plugins\/seo\/ -->\n<title>Revistas encartadas &#8211; Encartes<\/title>\n<meta name=\"robots\" content=\"index, follow, max-snippet:-1, max-image-preview:large, max-video-preview:-1\" \/>\n<link rel=\"canonical\" href=\"https:\/\/encartes.mx\/fr\/revistas-encartadas\/\" \/>\n<meta property=\"og:locale\" content=\"fr_FR\" \/>\n<meta property=\"og:type\" content=\"article\" \/>\n<meta property=\"og:title\" content=\"Revistas encartadas &#8211; Encartes\" \/>\n<meta property=\"og:description\" content=\"Las revistas encartadas son las revistas amigas de Encartes con las cuales compartimos experiencias y espacios de difusi\u00f3n en el objetivo de lograr un ambiente cient\u00edfico m\u00e1s libre y cr\u00edtico.\" \/>\n<meta property=\"og:url\" content=\"https:\/\/encartes.mx\/fr\/revistas-encartadas\/\" \/>\n<meta property=\"og:site_name\" content=\"Encartes\" \/>\n<meta property=\"article:modified_time\" content=\"2019-10-25T17:50:36+00:00\" \/>\n<meta name=\"twitter:card\" content=\"summary_large_image\" \/>\n<meta name=\"twitter:label1\" content=\"Written by\" \/>\n\t<meta name=\"twitter:data1\" content=\"Arthur Ventura\" \/>\n<script type=\"application\/ld+json\" class=\"yoast-schema-graph\">{\"@context\":\"https:\/\/schema.org\",\"@graph\":[{\"@type\":\"WebPage\",\"@id\":\"https:\/\/encartes.mx\/revistas-encartadas\/\",\"url\":\"https:\/\/encartes.mx\/revistas-encartadas\/\",\"name\":\"Revistas encartadas &#8211; Encartes\",\"isPartOf\":{\"@id\":\"https:\/\/encartes.mx\/#website\"},\"datePublished\":\"2019-05-22T19:39:30+00:00\",\"dateModified\":\"2019-10-25T17:50:36+00:00\",\"breadcrumb\":{\"@id\":\"https:\/\/encartes.mx\/revistas-encartadas\/#breadcrumb\"},\"inLanguage\":\"fr-FR\",\"potentialAction\":[{\"@type\":\"ReadAction\",\"target\":[\"https:\/\/encartes.mx\/revistas-encartadas\/\"]}]},{\"@type\":\"BreadcrumbList\",\"@id\":\"https:\/\/encartes.mx\/revistas-encartadas\/#breadcrumb\",\"itemListElement\":[{\"@type\":\"ListItem\",\"position\":1,\"name\":\"Home\",\"item\":\"https:\/\/encartes.mx\/\"},{\"@type\":\"ListItem\",\"position\":2,\"name\":\"Revistas encartadas\"}]},{\"@type\":\"WebSite\",\"@id\":\"https:\/\/encartes.mx\/#website\",\"url\":\"https:\/\/encartes.mx\/\",\"name\":\"Encartes\",\"description\":\"Revista digital multimedia\",\"publisher\":{\"@id\":\"https:\/\/encartes.mx\/#organization\"},\"potentialAction\":[{\"@type\":\"SearchAction\",\"target\":{\"@type\":\"EntryPoint\",\"urlTemplate\":\"https:\/\/encartes.mx\/?s={search_term_string}\"},\"query-input\":\"required name=search_term_string\"}],\"inLanguage\":\"fr-FR\"},{\"@type\":\"Organization\",\"@id\":\"https:\/\/encartes.mx\/#organization\",\"name\":\"Encartes Antropol\u00f3gicos\",\"url\":\"https:\/\/encartes.mx\/\",\"logo\":{\"@type\":\"ImageObject\",\"inLanguage\":\"fr-FR\",\"@id\":\"https:\/\/encartes.mx\/#\/schema\/logo\/image\/\",\"url\":\"https:\/\/encartes.mx\/wp-content\/uploads\/2017\/04\/Logo-04.png\",\"contentUrl\":\"https:\/\/encartes.mx\/wp-content\/uploads\/2017\/04\/Logo-04.png\",\"width\":338,\"height\":306,\"caption\":\"Encartes Antropol\u00f3gicos\"},\"image\":{\"@id\":\"https:\/\/encartes.mx\/#\/schema\/logo\/image\/\"}}]}<\/script>\n<!-- \/ Yoast SEO plugin. -->","yoast_head_json":{"title":"Revistas encartadas &#8211; Encartes","robots":{"index":"index","follow":"follow","max-snippet":"max-snippet:-1","max-image-preview":"max-image-preview:large","max-video-preview":"max-video-preview:-1"},"canonical":"https:\/\/encartes.mx\/fr\/revistas-encartadas\/","og_locale":"fr_FR","og_type":"article","og_title":"Revistas encartadas &#8211; Encartes","og_description":"Las revistas encartadas son las revistas amigas de Encartes con las cuales compartimos experiencias y espacios de difusi\u00f3n en el objetivo de lograr un ambiente cient\u00edfico m\u00e1s libre y cr\u00edtico.","og_url":"https:\/\/encartes.mx\/fr\/revistas-encartadas\/","og_site_name":"Encartes","article_modified_time":"2019-10-25T17:50:36+00:00","twitter_card":"summary_large_image","twitter_misc":{"Written by":"Arthur Ventura"},"schema":{"@context":"https:\/\/schema.org","@graph":[{"@type":"WebPage","@id":"https:\/\/encartes.mx\/revistas-encartadas\/","url":"https:\/\/encartes.mx\/revistas-encartadas\/","name":"Revistas encartadas &#8211; Encartes","isPartOf":{"@id":"https:\/\/encartes.mx\/#website"},"datePublished":"2019-05-22T19:39:30+00:00","dateModified":"2019-10-25T17:50:36+00:00","breadcrumb":{"@id":"https:\/\/encartes.mx\/revistas-encartadas\/#breadcrumb"},"inLanguage":"fr-FR","potentialAction":[{"@type":"ReadAction","target":["https:\/\/encartes.mx\/revistas-encartadas\/"]}]},{"@type":"BreadcrumbList","@id":"https:\/\/encartes.mx\/revistas-encartadas\/#breadcrumb","itemListElement":[{"@type":"ListItem","position":1,"name":"Home","item":"https:\/\/encartes.mx\/"},{"@type":"ListItem","position":2,"name":"Revistas encartadas"}]},{"@type":"WebSite","@id":"https:\/\/encartes.mx\/#website","url":"https:\/\/encartes.mx\/","name":"Encartes","description":"Revista digital multimedia","publisher":{"@id":"https:\/\/encartes.mx\/#organization"},"potentialAction":[{"@type":"SearchAction","target":{"@type":"EntryPoint","urlTemplate":"https:\/\/encartes.mx\/?s={search_term_string}"},"query-input":"required name=search_term_string"}],"inLanguage":"fr-FR"},{"@type":"Organization","@id":"https:\/\/encartes.mx\/#organization","name":"Encartes Antropol\u00f3gicos","url":"https:\/\/encartes.mx\/","logo":{"@type":"ImageObject","inLanguage":"fr-FR","@id":"https:\/\/encartes.mx\/#\/schema\/logo\/image\/","url":"https:\/\/encartes.mx\/wp-content\/uploads\/2017\/04\/Logo-04.png","contentUrl":"https:\/\/encartes.mx\/wp-content\/uploads\/2017\/04\/Logo-04.png","width":338,"height":306,"caption":"Encartes Antropol\u00f3gicos"},"image":{"@id":"https:\/\/encartes.mx\/#\/schema\/logo\/image\/"}}]}},"jetpack_sharing_enabled":true,"_links":{"self":[{"href":"https:\/\/encartes.mx\/fr\/wp-json\/wp\/v2\/pages\/31061","targetHints":{"allow":["GET"]}}],"collection":[{"href":"https:\/\/encartes.mx\/fr\/wp-json\/wp\/v2\/pages"}],"about":[{"href":"https:\/\/encartes.mx\/fr\/wp-json\/wp\/v2\/types\/page"}],"author":[{"embeddable":true,"href":"https:\/\/encartes.mx\/fr\/wp-json\/wp\/v2\/users\/4"}],"replies":[{"embeddable":true,"href":"https:\/\/encartes.mx\/fr\/wp-json\/wp\/v2\/comments?post=31061"}],"version-history":[{"count":8,"href":"https:\/\/encartes.mx\/fr\/wp-json\/wp\/v2\/pages\/31061\/revisions"}],"predecessor-version":[{"id":31353,"href":"https:\/\/encartes.mx\/fr\/wp-json\/wp\/v2\/pages\/31061\/revisions\/31353"}],"wp:attachment":[{"href":"https:\/\/encartes.mx\/fr\/wp-json\/wp\/v2\/media?parent=31061"}],"wp:term":[{"taxonomy":"author","embeddable":true,"href":"https:\/\/encartes.mx\/fr\/wp-json\/wp\/v2\/coauthors?post=31061"}],"curies":[{"name":"wp","href":"https:\/\/api.w.org\/{rel}","templated":true}]}}