{"id":29878,"date":"2018-02-23T20:21:26","date_gmt":"2018-02-23T20:21:26","guid":{"rendered":"https:\/\/encartesantropologicos.mx\/wordpress\/?page_id=29878"},"modified":"2020-04-02T22:39:30","modified_gmt":"2020-04-02T22:39:30","slug":"publication-policies","status":"publish","type":"page","link":"https:\/\/encartes.mx\/fr\/publication-policies\/","title":{"rendered":"Politiques de publication"},"content":{"rendered":"<h1>Lignes directrices g\u00e9n\u00e9rales<\/h1>\n<p>Dans le cadre du processus de publication, les auteurs sont tenus de v\u00e9rifier que leurs soumissions r\u00e9pondent \u00e0 toutes les exigences suivantes. Les <strong>\u00c9quipe de coordination \u00e9ditoriale <\/strong>examinera les documents et, s'ils ne sont pas conformes aux exigences, ils seront renvoy\u00e9s \u00e0 leurs auteurs. Les exigences sont les suivantes.<\/p>\n<ul>\n<li>La soumission ne doit jamais avoir \u00e9t\u00e9 publi\u00e9e auparavant ni soumise \u00e0 l'examen d'une autre revue. Dans ce dernier cas, une explication doit \u00eatre fournie dans la section \"comments to editors\".<\/li>\n<li>La soumission consistera en deux fichiers de texte ou de mat\u00e9riel \u00e0 publier :\n<ol>\n<li>L'une d'entre elles contiendra <strong>informations sur l'auteur<\/strong> qui comprend le nom de l'auteur, l'institution dans laquelle il travaille et une br\u00e8ve mini-bio (informations biographiques ne d\u00e9passant pas dix lignes) ainsi que son adresse, son num\u00e9ro de t\u00e9l\u00e9phone et son adresse \u00e9lectronique. En cas de co-auteurs, les informations relatives \u00e0 tous les autres auteurs doivent \u00eatre fournies ;<\/li>\n<li>L'autre fichier sera <strong>anonyme<\/strong>. Il ne doit pas contenir de noms ou de r\u00e9f\u00e9rences sp\u00e9cifiques \u00e0 son ou ses auteurs et doit \u00e9viter les citations ou les r\u00e9f\u00e9rences aux travaux de ces auteurs, afin de ne pas \u00eatre reconnu lors de l'examen en double aveugle par les pairs.<\/li>\n<\/ol>\n<\/li>\n<li>Le fichier doit \u00eatre pr\u00e9sent\u00e9 au format OpenOffice, Microsoft Word, RTF ou WordPerfect.<\/li>\n<li>Le magazine ne publiera que des textes et des documents en espagnol.<\/li>\n<li>Tous les articles comprendront les titres en espagnol et en anglais ainsi que des notes, des citations, des tableaux, des graphiques et des r\u00e9f\u00e9rences bibliographiques conformes aux exigences du magazine. En fonction de la section dans laquelle il est susceptible d'\u00eatre publi\u00e9, l'article doit comporter un r\u00e9sum\u00e9 et (au moins) cinq mots cl\u00e9s en espagnol et en anglais.<\/li>\n<li>Le texte doit \u00eatre r\u00e9dig\u00e9 en double interligne et en Times New Roman 12 points. L'italique sera utilis\u00e9 \u00e0 la place du soulignement (sauf dans le cas des adresses URL). Les notes de bas de page et autres r\u00e9f\u00e9rences de ce type, ainsi que toutes les illustrations, figures et tableaux, doivent \u00eatre plac\u00e9s \u00e0 l'endroit appropri\u00e9 dans le texte et non \u00e0 la fin de celui-ci.<\/li>\n<li>Les textes doivent \u00eatre conformes aux exigences de longueur, de style et de bibliographie de la section \u00e0 laquelle ils sont soumis.<\/li>\n<li>Dans la mesure du possible, les adresses URL des r\u00e9f\u00e9rences doivent \u00eatre fournies.<\/li>\n<li>Les citations dans le texte doivent prendre la forme suivante (S\u00e1mano, 1982 : 181).<\/li>\n<li>Les r\u00e9f\u00e9rences bibliographiques doivent \u00eatre r\u00e9dig\u00e9es dans le style APA et contenir des informations compl\u00e8tes sous le nom de l'auteur, class\u00e9es par ordre alphab\u00e9tique :\n<ul>\n<li>Chodorow, Nancy (1984).\u00a0<em>L'exercice de la maternit\u00e9.<\/em>\u00a0Barcelone : Gedisa.<\/li>\n<li>Hall, Stuart (1990). \"Identit\u00e9 culturelle et diaspora\", dans Jonathan Rutherford,\u00a0<em>Identit\u00e9 : communaut\u00e9, culture, diff\u00e9rence.<\/em>\u00a0Londres : Lawrence &amp; Wishart, pp. 222-237.<\/li>\n<li>Wade, Peter (2014). \"Race, science, soci\u00e9t\u00e9\", in.\u00a0<em>Interdisciplinaire<\/em>vol. 2, no. 4, pp. 35-62.<\/li>\n<\/ul>\n<\/li>\n<li>Il incombe \u00e0 l'auteur de garantir que les informations bibliographiques sont compl\u00e8tes (ann\u00e9e et ville de publication, \u00e9diteur), pr\u00e9sent\u00e9es dans l'ordre alphab\u00e9tique et conformes au style APA ; dans le cas contraire, l'article sera rejet\u00e9.<\/li>\n<li>Si l'article comprend des tableaux ou des graphiques, les auteurs doivent mentionner leur source et veiller \u00e0 ce que cette information soit claire. Les auteurs doivent indiquer l'endroit pr\u00e9cis o\u00f9 les tableaux et les graphiques doivent appara\u00eetre sur les pages, en utilisant le format suivant : (entrer le tableau 1 ou le graphique X).<\/li>\n<li>Si les auteurs souhaitent compl\u00e9ter leurs textes par des photographies, des cartes, des plans, des figures ou des planches en couleur, ils doivent s'assurer d'avoir obtenu l'autorisation d'utilisation de leurs cr\u00e9ateurs. Ces fichiers doivent \u00eatre soumis en format .jpg ou .tiff avec une r\u00e9solution minimale de 300 dpi et doivent inclure les titres et les sources dans leurs l\u00e9gendes (auteur, lieu, date).<\/li>\n<li>Tous les documents audiovisuels doivent \u00eatre soumis en format .MPEG2 ou 4, .AVI, .MOV ou .MP4 avec une r\u00e9solution minimale de 1280 x 720. Les documents audiovisuels ou textuels accept\u00e9s seront id\u00e9alement publi\u00e9s sur les supports propres au magazine (page web, Flickr, Vimeo, etc.).<\/li>\n<li>Si les documents re\u00e7oivent une \u00e9valuation positive, le magazine \u00e9mettra une lettre de cession de droits que les auteurs devront signer. En cas de collaboration, tous les auteurs doivent signer le document.<\/li>\n<\/ul>\n<h1>Lignes directrices pour les sections partielles<\/h1>\n<p>Outre les exigences susmentionn\u00e9es, les articles doivent \u00eatre conformes aux exigences de leurs sections respectives.<\/p>\n<h2>Th\u00e8mes anthropologiques<\/h2>\n<p>Cette rubrique th\u00e9matique est supervis\u00e9e par un universitaire d\u00e9sign\u00e9 et est publi\u00e9e en alternance avec les \"Coloquios interdisciplinarios\" (voir ci-dessous). Elle contiendra un maximum de cinq articles r\u00e9dig\u00e9s par des sp\u00e9cialistes du domaine d'int\u00e9r\u00eat de ce num\u00e9ro. Tous les articles soumis seront \u00e9valu\u00e9s en double aveugle par des pairs.<\/p>\n<ul>\n<li>Chaque article de cette section doit comprendre\n<ol>\n<li>Son titre est en espagnol et en anglais ;<\/li>\n<li>Un r\u00e9sum\u00e9 de 800 caract\u00e8res maximum (espaces compris) d\u00e9crivant la th\u00e8se principale, la m\u00e9thodologie de recherche utilis\u00e9e et les principaux arguments de l'article ;<\/li>\n<li>Pas moins de cinq mots cl\u00e9s en espagnol et en anglais ;<\/li>\n<li>Notes, citations, tableaux, graphiques et r\u00e9f\u00e9rences bibliographiques conformes aux exigences de la revue.<\/li>\n<\/ol>\n<\/li>\n<li>Les articles ne doivent pas d\u00e9passer 54 000 caract\u00e8res (espaces compris) et doivent \u00eatre r\u00e9dig\u00e9s en double interligne et en Times New Roman 12 points.<\/li>\n<\/ul>\n<h2>Colloques interdisciplinaires<\/h2>\n<p>Cette section pr\u00e9sente des essais acad\u00e9miques qui d\u00e9battent d'une question sp\u00e9cifique choisie par la revue. Un sp\u00e9cialiste est invit\u00e9 \u00e0 publier un article, un essai th\u00e9orique ou m\u00e9thodologique et quatre \u00e0 six sp\u00e9cialistes de diff\u00e9rentes disciplines ou perspectives sont invit\u00e9s \u00e0 commenter, discuter, d\u00e9battre ou d\u00e9velopper l'essai original. La section \"Coloquios interdisciplinarios\" propose un nouveau protocole d'\u00e9valuation et de jugement bas\u00e9 sur la discussion et le d\u00e9bat public et acad\u00e9mique (non aveugle). La section \"Coloquios\" sera publi\u00e9e en alternance avec \"Tem\u00e1ticas antropol\u00f3gicas\".<\/p>\n<ul>\n<li>Les <strong>essai principal<\/strong> ne doit pas d\u00e9passer 54 000 caract\u00e8res (espaces compris) et doit contenir :\n<ol>\n<li>Son titre est en espagnol et en anglais ;<\/li>\n<li>Un r\u00e9sum\u00e9 en espagnol et en anglais, ne d\u00e9passant pas 800 caract\u00e8res (espaces compris) ;<\/li>\n<li>Un minimum de cinq mots cl\u00e9s en espagnol et en anglais ;<\/li>\n<li>Notes, citations, tableaux, graphiques et r\u00e9f\u00e9rences bibliographiques r\u00e9pondant aux exigences g\u00e9n\u00e9rales de la revue.<\/li>\n<\/ol>\n<\/li>\n<li><strong>Commentaires sur l'essai principal <\/strong>ne doit pas d\u00e9passer 54 000 caract\u00e8res (espaces compris) et doit contenir :\n<ol>\n<li>Leurs titres, en espagnol et en anglais ;<\/li>\n<li>Notes, citations, tableaux, graphiques et r\u00e9f\u00e9rences bibliographiques r\u00e9pondant aux exigences g\u00e9n\u00e9rales de la revue.<\/li>\n<\/ol>\n<\/li>\n<li>Tous les textes doivent \u00eatre pr\u00e9sent\u00e9s en double interligne et en Times New Roman 12 points.<\/li>\n<\/ul>\n<h2>R\u00e9alit\u00e9s anthropologiques<\/h2>\n<p>Cette section pr\u00e9sente des articles originaux qui n'ont aucun lien avec un th\u00e8me f\u00e9d\u00e9rateur. Leur contenu est vari\u00e9 et fonctionne ind\u00e9pendamment des propositions th\u00e9matiques et des dialogues interdisciplinaires. Tous les travaux seront soumis \u00e0 une \u00e9valuation par les pairs en double aveugle.<\/p>\n<ul>\n<li>Les articles de cette section doivent contenir\n<ol>\n<li>Leurs titres sont en espagnol et en anglais ;<\/li>\n<li>Un r\u00e9sum\u00e9 en espagnol et en anglais ne d\u00e9passant pas 800 caract\u00e8res (espaces compris) d\u00e9crivant les th\u00e8ses principales, la m\u00e9thodologie de recherche utilis\u00e9e et les arguments centraux des articles ;<\/li>\n<li>Un minimum de cinq mots cl\u00e9s en espagnol et en anglais ;<\/li>\n<li>Notes, citations, tableaux, graphiques et r\u00e9f\u00e9rences bibliographiques r\u00e9pondant aux exigences g\u00e9n\u00e9rales de la revue.<\/li>\n<\/ol>\n<\/li>\n<li>Les articles ne doivent pas d\u00e9passer 54 000 caract\u00e8res (espaces compris), seront \u00e0 double interligne et r\u00e9dig\u00e9s en Times New Roman 12 points.<\/li>\n<\/ul>\n<h2>Discrepancias<\/h2>\n<p>Dans cette section occasionnelle, le <strong>\u00c9quipe de coordination \u00e9ditoriale<\/strong> proposera une question d'actualit\u00e9 d'int\u00e9r\u00eat public qui sera d\u00e9battue par d'\u00e9minents universitaires invit\u00e9s, sp\u00e9cialistes du domaine, qui r\u00e9pondront \u00e0 une s\u00e9rie de questions leur permettant d'adopter une position \u00e0 la lumi\u00e8re de situations et de r\u00e9alit\u00e9s conjoncturelles qui sont au c\u0153ur des r\u00e9flexions, des d\u00e9bats et des positions des anthropologues et des sp\u00e9cialistes des sciences sociales. La section comprendra :<\/p>\n<ul>\n<li>Un <strong>introduction <\/strong>sur le sujet en question, r\u00e9dig\u00e9e par un membre de l'\u00e9quipe ou un chercheur invit\u00e9.<\/li>\n<li>Les <strong>questions<\/strong> autour desquels le d\u00e9bat se concentrera.<\/li>\n<li>Format court pour les universitaires invit\u00e9s <strong>r\u00e9ponses<\/strong> (environ 120 mots chacun).<\/li>\n<li>Les r\u00e9ponses ou commentaires que les lecteurs apportent \u00e9ventuellement au d\u00e9bat.<\/li>\n<\/ul>\n<h2>Rese\u00f1as cr\u00edticas<\/h2>\n<p>Cette section comprend des essais courts et des critiques d'int\u00e9r\u00eat pour les sciences sociales et inclut des comptes rendus de l'\u0153uvre compl\u00e8te d'un auteur ou de mouvements pertinents pour la revue, ainsi que des comptes rendus de livres, d'articles, de vid\u00e9os ethnographiques, de films li\u00e9s \u00e0 l'anthropologie, de spectacles d'art, de th\u00e8ses et de performances. Les comptes rendus correspondant \u00e0 des livres publi\u00e9s plus de deux ans auparavant ne peuvent \u00eatre accept\u00e9s.<\/p>\n<ul>\n<li>Les examens doivent comprendre les \u00e9l\u00e9ments suivants <strong>r\u00e9f\u00e9rences bibliographiques <\/strong>et un <strong>image de couverture<\/strong> de la publication examin\u00e9e en format JPG ou TIFF, \u00e0 une r\u00e9solution minimale de 300 dpi.<\/li>\n<li>Les articles ne doivent pas d\u00e9passer 20 000 caract\u00e8res (espaces compris) et doivent \u00eatre r\u00e9dig\u00e9s en double interligne et en Times New Roman 12 points.<\/li>\n<\/ul>\n<h2>Insertions multim\u00e9dias<\/h2>\n<p>Cette section est destin\u00e9e \u00e0 la publication de diff\u00e9rents documents de recherche multim\u00e9dias. Elle sera publi\u00e9e occasionnellement, en fonction de la disponibilit\u00e9 du mat\u00e9riel re\u00e7u qui peut \u00eatre consid\u00e9r\u00e9 comme pertinent. Les ethnographies visuelles et les reportages multim\u00e9dias s'appuyant sur un solide travail de terrain et tirant parti de cadres de r\u00e9f\u00e9rence en sciences sociales, les essais photographiques, les vid\u00e9os documentaires\/ethnographiques, la po\u00e9sie, les r\u00e9cits de vie et les archives orales seront accept\u00e9s. Contrairement aux articles publi\u00e9s dans d'autres sections, l'accent est mis ici sur <strong>m\u00e9dias audiovisuels <\/strong>en tant que mat\u00e9riel de recherche. Tous les travaux doivent \u00eatre soumis \u00e0 un examen en double aveugle par des pairs.<\/p>\n<ul>\n<li>Chaque documentaire audiovisuel, collection de photos ou t\u00e9moignage audio, carte interactive, etc., qui appara\u00eet dans la section comprendra un texte de 20 000 \u00e0 25 000 caract\u00e8res (espaces compris, \u00e0 double interligne et en Times New Roman). <strong>contextualisation de la recherche <\/strong>(semblable \u00e0 un protocole de recherche). Le texte doit \u00eatre conforme aux exigences de la revue en ce qui concerne les notes, les citations, les tableaux, les graphiques et les r\u00e9f\u00e9rences bibliographiques.<\/li>\n<li>Dans tous les cas, si le mat\u00e9riel audiovisuel ou graphique fait l'objet d'un jugement favorable, une <strong>lettre de lib\u00e9ration des droits<\/strong> doit \u00eatre sign\u00e9 pour qu'ils puissent \u00eatre publi\u00e9s dans les m\u00e9dias propri\u00e9taires de la revue (page web, Flickr, Vimeo, etc.).<\/li>\n<li>Les documents doivent \u00eatre soumis en deux versions, l'une avec les cr\u00e9dits complets (pour une publication future) et l'autre, non attribu\u00e9e, qui ne fait aucune r\u00e9f\u00e9rence sp\u00e9cifique \u00e0 l'auteur ou aux auteurs. Les documents seront soumis au r\u00e9dacteur de la section qui v\u00e9rifiera qu'ils sont conformes aux exigences. Ils seront ensuite remis au <strong>\u00c9quipe de coordination \u00e9ditoriale<\/strong>.<\/li>\n<li><strong>Ethnographies visuelles\/reportages multim\u00e9dias <\/strong>peuvent avoir une dur\u00e9e maximale de 30 minutes et \u00eatre pr\u00e9sent\u00e9s dans les formats suivants : .MPEG2 ou 4, .AVI, .MOV ou .MP4. La r\u00e9solution minimale doit \u00eatre de 1280 x 720. La contextualisation doit inclure :\n<ol>\n<li>La vid\u00e9o est compl\u00e8te <strong>informations techniques<\/strong>y compris les noms de l'\u00e9quipe de production principale et de son (ses) r\u00e9alisateur(s), la p\u00e9riode de production, le format de la vid\u00e9o et sa dur\u00e9e. La curation technique n'est pas prise en compte dans le d\u00e9compte des mots.<\/li>\n<li><strong>Liens vers les vid\u00e9os<\/strong> sur YouTube ou Vimeo.<\/li>\n<\/ol>\n<\/li>\n<li><strong>Essais photographiques<\/strong> doivent comporter de vingt \u00e0 cinquante photographies d'une r\u00e9solution de 300 dpi, accompagn\u00e9es d'informations techniques (artiste, lieu, date, situation et sujets). Les l\u00e9gendes des photos doivent inclure les titres des photos et des extraits de carnets de terrain, des citations d'interviews ou tout autre \u00e9l\u00e9ment de l'histoire de la photographie. <strong>texte qui peut orienter la lecture de ces images <\/strong>en fonction de la mani\u00e8re dont l'auteur souhaite que ces lectures soient faites.<\/li>\n<li><strong>Documentations audiovisuelles sur les performances<\/strong>ind\u00e9pendamment de leur dur\u00e9e, doivent inclure les \u00e9l\u00e9ments suivants dans leur contextualisation :\n<ol>\n<li>La documentation est compl\u00e8te <strong>informations techniques<\/strong>Les informations techniques, y compris les noms des r\u00e9alisateurs et de l'\u00e9quipe de production principale, les dates de production, le format de la documentation et la dur\u00e9e du film. Les informations techniques ne sont pas prises en compte dans le d\u00e9compte des mots.<\/li>\n<li>A <strong>lien vers la vid\u00e9o<\/strong> sur YouTube ou Vimeo.<\/li>\n<\/ol>\n<\/li>\n<li><strong>R\u00e9cits de vie, po\u00e9sie et archives orales <\/strong>sont \u00e0 inclure <strong>informations techniques <\/strong>qui mentionne le titre de l'\u0153uvre, le nom de son auteur ainsi que la date et le lieu de sa documentation. Les informations techniques ne sont pas prises en compte dans le d\u00e9compte des mots.<\/li>\n<\/ul>\n<h2>Entrevistas<\/h2>\n<p>Cette section pr\u00e9sente des entretiens avec des chercheurs et des acteurs sociaux que la <strong>\u00c9quipe de coordination \u00e9ditoriale<\/strong> qui pr\u00e9sente un int\u00e9r\u00eat pour la communaut\u00e9 acad\u00e9mique. Cette section sera publi\u00e9e \u00e0 l'occasion. La longueur des entretiens \u00e9crits doit \u00eatre comprise entre 1200 et 2400 mots. Les vid\u00e9os doivent durer entre vingt et trente minutes.<\/p>\n<h1>Divulgation des droits d'auteur<\/h1>\n<p>Les auteurs se r\u00e9servent les droits d'auteur et accordent \u00e0 la revue un droit de publication originale ; le registre des travaux comprendra la licence d'attribution Creative Commons, qui permet \u00e0 des tiers d'utiliser le mat\u00e9riel publi\u00e9 \u00e0 condition qu'ils citent leur auteur et leur publication originale dans la base de donn\u00e9es de la revue. <em>Encartes<\/em>.<\/p>\n<p>Les auteurs peuvent conclure d'autres accords contractuels ind\u00e9pendants et compl\u00e9mentaires pour la diffusion non exclusive de l'article. <em>Encartes<\/em> publi\u00e9 \u00e0 l'origine (<em>par exemple<\/em>. l'inclure dans une archive institutionnelle ou la publier dans un livre), \u00e0 condition qu'ils indiquent clairement que l'\u0153uvre a \u00e9t\u00e9 publi\u00e9e \u00e0 l'origine dans <em>Encartes<\/em>.<\/p>","protected":false},"excerpt":{"rendered":"<p>General Guidelines As part of the publication process, authors are obliged to verify their submissions meet all the following requirements. The Editorial Coordination Team will review the materials and should they not conform to requirements they will be returned to their authors. The requirements are as follows. The submission must never have been previously published [&hellip;]<\/p>","protected":false},"author":4,"featured_media":0,"parent":0,"menu_order":0,"comment_status":"closed","ping_status":"closed","template":"","meta":{"_acf_changed":false,"footnotes":""},"coauthors":[551],"class_list":["post-29878","page","type-page","status-publish","hentry"],"acf":[],"yoast_head":"<!-- This site is optimized with the Yoast SEO plugin v22.2 - https:\/\/yoast.com\/wordpress\/plugins\/seo\/ -->\n<title>Publication policies &#8211; Encartes<\/title>\n<meta name=\"robots\" content=\"index, follow, max-snippet:-1, max-image-preview:large, max-video-preview:-1\" \/>\n<link rel=\"canonical\" href=\"https:\/\/encartes.mx\/fr\/publication-policies\/\" \/>\n<meta property=\"og:locale\" content=\"fr_FR\" \/>\n<meta property=\"og:type\" content=\"article\" \/>\n<meta property=\"og:title\" content=\"Publication policies &#8211; Encartes\" \/>\n<meta property=\"og:description\" content=\"General Guidelines As part of the publication process, authors are obliged to verify their submissions meet all the following requirements. The Editorial Coordination Team will review the materials and should they not conform to requirements they will be returned to their authors. The requirements are as follows. The submission must never have been previously published [&hellip;]\" \/>\n<meta property=\"og:url\" content=\"https:\/\/encartes.mx\/fr\/publication-policies\/\" \/>\n<meta property=\"og:site_name\" content=\"Encartes\" \/>\n<meta property=\"article:modified_time\" content=\"2020-04-02T22:39:30+00:00\" \/>\n<meta name=\"twitter:card\" content=\"summary_large_image\" \/>\n<meta name=\"twitter:label1\" content=\"Dur\u00e9e de lecture estim\u00e9e\" \/>\n\t<meta name=\"twitter:data1\" content=\"9 minutes\" \/>\n\t<meta name=\"twitter:label2\" content=\"Written by\" \/>\n\t<meta name=\"twitter:data2\" content=\"Arthur Ventura\" \/>\n<script type=\"application\/ld+json\" class=\"yoast-schema-graph\">{\"@context\":\"https:\/\/schema.org\",\"@graph\":[{\"@type\":\"WebPage\",\"@id\":\"https:\/\/encartes.mx\/publication-policies\/\",\"url\":\"https:\/\/encartes.mx\/publication-policies\/\",\"name\":\"Publication policies &#8211; Encartes\",\"isPartOf\":{\"@id\":\"https:\/\/encartes.mx\/#website\"},\"datePublished\":\"2018-02-23T20:21:26+00:00\",\"dateModified\":\"2020-04-02T22:39:30+00:00\",\"breadcrumb\":{\"@id\":\"https:\/\/encartes.mx\/publication-policies\/#breadcrumb\"},\"inLanguage\":\"fr-FR\",\"potentialAction\":[{\"@type\":\"ReadAction\",\"target\":[\"https:\/\/encartes.mx\/publication-policies\/\"]}]},{\"@type\":\"BreadcrumbList\",\"@id\":\"https:\/\/encartes.mx\/publication-policies\/#breadcrumb\",\"itemListElement\":[{\"@type\":\"ListItem\",\"position\":1,\"name\":\"Home\",\"item\":\"https:\/\/encartes.mx\/\"},{\"@type\":\"ListItem\",\"position\":2,\"name\":\"Publication policies\"}]},{\"@type\":\"WebSite\",\"@id\":\"https:\/\/encartes.mx\/#website\",\"url\":\"https:\/\/encartes.mx\/\",\"name\":\"Encartes\",\"description\":\"Revista digital multimedia\",\"publisher\":{\"@id\":\"https:\/\/encartes.mx\/#organization\"},\"potentialAction\":[{\"@type\":\"SearchAction\",\"target\":{\"@type\":\"EntryPoint\",\"urlTemplate\":\"https:\/\/encartes.mx\/?s={search_term_string}\"},\"query-input\":\"required name=search_term_string\"}],\"inLanguage\":\"fr-FR\"},{\"@type\":\"Organization\",\"@id\":\"https:\/\/encartes.mx\/#organization\",\"name\":\"Encartes Antropol\u00f3gicos\",\"url\":\"https:\/\/encartes.mx\/\",\"logo\":{\"@type\":\"ImageObject\",\"inLanguage\":\"fr-FR\",\"@id\":\"https:\/\/encartes.mx\/#\/schema\/logo\/image\/\",\"url\":\"https:\/\/encartes.mx\/wp-content\/uploads\/2017\/04\/Logo-04.png\",\"contentUrl\":\"https:\/\/encartes.mx\/wp-content\/uploads\/2017\/04\/Logo-04.png\",\"width\":338,\"height\":306,\"caption\":\"Encartes Antropol\u00f3gicos\"},\"image\":{\"@id\":\"https:\/\/encartes.mx\/#\/schema\/logo\/image\/\"}}]}<\/script>\n<!-- \/ Yoast SEO plugin. -->","yoast_head_json":{"title":"Publication policies &#8211; Encartes","robots":{"index":"index","follow":"follow","max-snippet":"max-snippet:-1","max-image-preview":"max-image-preview:large","max-video-preview":"max-video-preview:-1"},"canonical":"https:\/\/encartes.mx\/fr\/publication-policies\/","og_locale":"fr_FR","og_type":"article","og_title":"Publication policies &#8211; Encartes","og_description":"General Guidelines As part of the publication process, authors are obliged to verify their submissions meet all the following requirements. The Editorial Coordination Team will review the materials and should they not conform to requirements they will be returned to their authors. The requirements are as follows. The submission must never have been previously published [&hellip;]","og_url":"https:\/\/encartes.mx\/fr\/publication-policies\/","og_site_name":"Encartes","article_modified_time":"2020-04-02T22:39:30+00:00","twitter_card":"summary_large_image","twitter_misc":{"Dur\u00e9e de lecture estim\u00e9e":"9 minutes","Written by":"Arthur Ventura"},"schema":{"@context":"https:\/\/schema.org","@graph":[{"@type":"WebPage","@id":"https:\/\/encartes.mx\/publication-policies\/","url":"https:\/\/encartes.mx\/publication-policies\/","name":"Publication policies &#8211; Encartes","isPartOf":{"@id":"https:\/\/encartes.mx\/#website"},"datePublished":"2018-02-23T20:21:26+00:00","dateModified":"2020-04-02T22:39:30+00:00","breadcrumb":{"@id":"https:\/\/encartes.mx\/publication-policies\/#breadcrumb"},"inLanguage":"fr-FR","potentialAction":[{"@type":"ReadAction","target":["https:\/\/encartes.mx\/publication-policies\/"]}]},{"@type":"BreadcrumbList","@id":"https:\/\/encartes.mx\/publication-policies\/#breadcrumb","itemListElement":[{"@type":"ListItem","position":1,"name":"Home","item":"https:\/\/encartes.mx\/"},{"@type":"ListItem","position":2,"name":"Publication policies"}]},{"@type":"WebSite","@id":"https:\/\/encartes.mx\/#website","url":"https:\/\/encartes.mx\/","name":"Encartes","description":"Revista digital multimedia","publisher":{"@id":"https:\/\/encartes.mx\/#organization"},"potentialAction":[{"@type":"SearchAction","target":{"@type":"EntryPoint","urlTemplate":"https:\/\/encartes.mx\/?s={search_term_string}"},"query-input":"required name=search_term_string"}],"inLanguage":"fr-FR"},{"@type":"Organization","@id":"https:\/\/encartes.mx\/#organization","name":"Encartes Antropol\u00f3gicos","url":"https:\/\/encartes.mx\/","logo":{"@type":"ImageObject","inLanguage":"fr-FR","@id":"https:\/\/encartes.mx\/#\/schema\/logo\/image\/","url":"https:\/\/encartes.mx\/wp-content\/uploads\/2017\/04\/Logo-04.png","contentUrl":"https:\/\/encartes.mx\/wp-content\/uploads\/2017\/04\/Logo-04.png","width":338,"height":306,"caption":"Encartes Antropol\u00f3gicos"},"image":{"@id":"https:\/\/encartes.mx\/#\/schema\/logo\/image\/"}}]}},"jetpack_sharing_enabled":true,"_links":{"self":[{"href":"https:\/\/encartes.mx\/fr\/wp-json\/wp\/v2\/pages\/29878","targetHints":{"allow":["GET"]}}],"collection":[{"href":"https:\/\/encartes.mx\/fr\/wp-json\/wp\/v2\/pages"}],"about":[{"href":"https:\/\/encartes.mx\/fr\/wp-json\/wp\/v2\/types\/page"}],"author":[{"embeddable":true,"href":"https:\/\/encartes.mx\/fr\/wp-json\/wp\/v2\/users\/4"}],"replies":[{"embeddable":true,"href":"https:\/\/encartes.mx\/fr\/wp-json\/wp\/v2\/comments?post=29878"}],"version-history":[{"count":11,"href":"https:\/\/encartes.mx\/fr\/wp-json\/wp\/v2\/pages\/29878\/revisions"}],"predecessor-version":[{"id":32318,"href":"https:\/\/encartes.mx\/fr\/wp-json\/wp\/v2\/pages\/29878\/revisions\/32318"}],"wp:attachment":[{"href":"https:\/\/encartes.mx\/fr\/wp-json\/wp\/v2\/media?parent=29878"}],"wp:term":[{"taxonomy":"author","embeddable":true,"href":"https:\/\/encartes.mx\/fr\/wp-json\/wp\/v2\/coauthors?post=29878"}],"curies":[{"name":"wp","href":"https:\/\/api.w.org\/{rel}","templated":true}]}}