{"id":28562,"date":"2017-01-27T15:43:47","date_gmt":"2017-01-27T15:43:47","guid":{"rendered":"https:\/\/encartesantropologicos.mx\/wordpress\/?page_id=28562"},"modified":"2018-02-26T18:51:57","modified_gmt":"2018-02-26T18:51:57","slug":"ece","status":"publish","type":"page","link":"https:\/\/encartes.mx\/fr\/ece\/","title":{"rendered":"\u00c9quipe de coordination \u00e9ditoriale"},"content":{"rendered":"<p>[et_pb_section transparent_background=\"off\" background_color=\"#000000\u2033 allow_player_pause=\"off\" inner_shadow=\"off\" parallax=\"off\" parallax_method=\"on\" make_fullwidth=\"off\" use_custom_width=\"off\" width_unit=\"off\" custom_width_px=\"1080px\" custom_width_percent=\"80%\" make_equal=\"off\" use_custom_gutter=\"off\" fullwidth=\"off\" specialty=\"off\" admin_label=\"section\" disabled=\"off\"][et_pb_row make_fullwidth=\"off\" use_custom_width=\"off\" width_unit=\"off\" custom_width_px=\"1080px\" custom_width_percent=\"80%\" use_custom_gutter=\"off\" gutter_width=\"3\u2033 custom_padding=\"22.6562px|0px|22.6562px|2px\" background_color=\"rgba(0,0,0,0)\" allow_player_pause=\"off\" parallax=\"off\" parallax_method=\"on\" make_equal=\"off\" parallax_1=\"off\" parallax_method_1=\"on\" parallax_2=\"off\" parallax_2=\"off\" parallax_2=\"off\" parallax_method_2=\"on\" parallax_3=\"off\" parallax_method_3=\"on\" parallax_4=\"off\" parallax_method_4=\"on\" admin_label=\"row\" disabled=\"off\"][et_pb_column type=\"4_4\u2033 disabled=\"off\" parallax=\"off\" parallax_method=\"on\"][et_pb_text background_layout=\"light\" text_orientation=\"left\" admin_label=\"Texte\" header_font_size=\"25px\" header_text_color=\"#ffffffff\" text_text_color=\"#ffffffffff\" use_border_border_color=\"off\" border_style=\"solid\" disabled=\"off\"]]<\/p>\n<h1 style=\"text-align: center;\"><strong>\u00c9quipe de coordination \u00e9ditoriale<\/strong><\/h1>\n<p>&nbsp;<\/p>\n<h1 style=\"text-align: center;\">Directeur : Ren\u00e9e de la Torre<\/h1>\n<img loading=\"lazy\" decoding=\"async\" class=\"wp-image-28616 size-medium aligncenter\" src=\"..\/..\/wordpress\/wp-content\/uploads\/2017\/01\/Renee02-300x292.png\" width=\"300\" height=\"292\" srcset=\"https:\/\/encartes.mx\/wp-content\/uploads\/2017\/01\/Renee02-300x292.png 300w, https:\/\/encartes.mx\/wp-content\/uploads\/2017\/01\/Renee02.png 495w\" sizes=\"auto, (max-width: 300px) 100vw, 300px\" \/>\n<p>Ren\u00e9e de la Torre est titulaire d'un doctorat en anthropologie sociale du CIESAS et de l'universit\u00e9 de Guadalajara. Elle est membre du SNI niveau III et de l'Acad\u00e9mie nationale des sciences. Elle est professeur-chercheur au CIESAS Occidente, \u00e0 Guadalajara, au Mexique. Elle est cofondatrice du R\u00e9seau des chercheurs sur le ph\u00e9nom\u00e8ne religieux au Mexique (RIFREM). Au cours de sa carri\u00e8re, elle s'est consacr\u00e9e \u00e0 l'\u00e9tude de la diversit\u00e9 religieuse au Mexique, \u00e0 l'\u00e9tude des nouveaux mouvements religieux, \u00e0 l'\u00e9mergence de spiritualit\u00e9s alternatives telles que le New Age et la Neomexicanity et, plus r\u00e9cemment, elle a men\u00e9 des recherches sur les dynamiques de transnationalisation des danses rituelles azt\u00e8ques et de la religiosit\u00e9 populaire. Il a organis\u00e9 plus d'une douzaine d'expositions de photographies ethnographiques. Parmi ses publications les plus r\u00e9centes figure le livre Variaciones Latinoamericanas del New Age. CIESAS, Mexique (2013) publi\u00e9 en anglais. <em>Nouvelle \u00e8re en Am\u00e9rique latine. <\/em><em>Variations populaires et appropriations ethniques,<\/em> Brill (2016). Elle est l'auteur de : \"Ultra-baroque Catholicism : Multiplied images and decentered religious symbols\". <em>Boussole sociale<\/em> (2016) ; et co-auteur des articles suivants : \"Routes et sens postcoloniaux de la transnationalisation religieuse\". <em>Tiers Monde<\/em> (2016) ; \"Les \u00e9tudes religieuses en Am\u00e9rique latine\". <em>Revue annuelle de sociologie.<\/em>\u00a0 (2016) ; \"Le temazcal : un rituel pr\u00e9hispanique transcultur\u00e9 par des r\u00e9seaux spirituels alternatifs\". <em>Sciences sociales et Reli<\/em><em>gion<\/em> (2016) , et \"Religion and rescaling : how Santo Toribio put Santa Ana on the global religious map\" (Religion et redimensionnement : comment Santo Toribio a plac\u00e9 Santa Ana sur la carte religieuse mondiale). <em>Sociologie actuelle<\/em> (2016).<\/p>\n<h1 style=\"text-align: center;\">R\u00e9dacteur de la section : Pablo Mateos<\/h1>\n<img loading=\"lazy\" decoding=\"async\" class=\"wp-image-28617 size-medium aligncenter\" src=\"..\/..\/wordpress\/wp-content\/uploads\/2017\/01\/Pablo02-300x292.png\" width=\"300\" height=\"292\" srcset=\"https:\/\/encartes.mx\/wp-content\/uploads\/2017\/01\/Pablo02-300x292.png 300w, https:\/\/encartes.mx\/wp-content\/uploads\/2017\/01\/Pablo02.png 495w\" sizes=\"auto, (max-width: 300px) 100vw, 300px\" \/>\n<p>Titulaire d'un doctorat en g\u00e9ographie de l'universit\u00e9 de Londres, il est professeur de recherche au Centro de Investigaciones y Estudios Superiores en Antropolog\u00eda Social (CIESAS Occidente). Ses recherches portent sur l'ethnicit\u00e9 et les migrations internationales, la citoyennet\u00e9 multiple, les statistiques ethniques et la s\u00e9gr\u00e9gation urbaine.<\/p>\n<p>Certaines de ses publications les plus importantes : <em>Citoyennet\u00e9 multiple et migration : perspectives latino-am\u00e9ricaines (coordinateur 2015) ; Noms, ethnicit\u00e9 et populations. Tracer l'identit\u00e9 dans l'espace <\/em>(2014) ; \"G\u00e9ovisualisation de la population : nouvelles tendances dans le web social\" in <em>Recherche g\u00e9ographique <\/em>(2013) ; \"Socioeconomic segregation in Latin American cities : a geodermographic application in Mexico City\" in <em>Journal des \u00e9tablissements et de l'am\u00e9nagement du territoire <\/em>(2013) ; \"Residence vs ancestry in acquisition of Spanish citizenship ; A 'nnography'approach\" in <em>Migrations internationales <\/em>(2012).<\/p>\n<h1 style=\"text-align: center;\">R\u00e9dacteur de la section : Alejandra Navarro<\/h1>\n<img loading=\"lazy\" decoding=\"async\" class=\"size-medium wp-image-28615 aligncenter\" src=\"..\/..\/wordpress\/wp-content\/uploads\/2017\/01\/Alejandra04-300x292.png\" alt=\"\" width=\"300\" height=\"292\" srcset=\"https:\/\/encartes.mx\/wp-content\/uploads\/2017\/01\/Alejandra04-300x292.png 300w, https:\/\/encartes.mx\/wp-content\/uploads\/2017\/01\/Alejandra04.png 495w\" sizes=\"auto, (max-width: 300px) 100vw, 300px\" \/>\n<p>Titulaire d'un doctorat en anthropologie sociale de l'universit\u00e9 de Manchester, elle s'int\u00e9resse aux processus socio-\u00e9conomiques, \u00e0 l'environnement, \u00e0 l'anthropologie politique et juridique, \u00e0 l'ethnographie visuelle, aux conflits socio-environnementaux, aux droits et \u00e0 la repr\u00e9sentation des peuples et des communaut\u00e9s autochtones, ainsi qu'aux identit\u00e9s politiques contemporaines. Elle a notamment publi\u00e9 les ouvrages suivants : <em>Racisme, exclusion, x\u00e9nophobie et diversit\u00e9 culturelle \u00e0 la fronti\u00e8re entre les \u00c9tats-Unis et le Mexique <\/em>(Alejandra Navarro et Carlos V\u00e9lez-Iba\u00f1ez, 2010) ; <em>Regarder le soleil. Vers une configuration du ph\u00e9nom\u00e8ne migratoire \u00c9tats-Unis-Mexique <\/em>(2001) ; \"Derechos colectivos y consulta previa : territorio cucap\u00e1 y recursos pesqueros en Baja California\" in <em>Revue colombienne de sociologie <\/em>(Navarro Smith, A., Bravo Espinosa, Y et L\u00f3pez-Sag\u00e1stegui, 2014) ; \"Reconocimiento de derechos diferenciados en la cultura jur\u00eddica central mexicana. Apuntes desde el caso cucap\u00e1\" in <em>Journal de terrain <\/em>(2014) ; \"Legislaci\u00f3n de pesca y obst\u00e1culos para el reconocimiento de derechos al uso de preferencial de recursos naturales del pueblo cucap\u00e1\" in <em>Revista de Estudos e Pesquisas sobre as Am\u00e9ricas (Revue d'\u00e9tudes et de recherches sur les Am\u00e9riques) <\/em>(Navarro, Alejandra, Yacotzin Bravo et Catalina L\u00f3pez-Sag\u00e1stegui, 2013) ; \"Pescadores cucap\u00e1 contempor\u00e1neos : investigaci\u00f3n y video colaborativo en un escenario de conflicto\" in <em>Horizons anthropologiques<\/em> (2013) ; \"Representaci\u00f3n y antropolog\u00eda visual : videos y construcci\u00f3n de significados sobre lo cucap\u00e1\" in <em>Revue chilienne d'anthropologie visuelle <\/em>(2012) ; \"Conflict and distance : critical notes on anthropological readings and work\" in <em>Latin American Research review, Journal de l'Association des \u00e9tudes latino-am\u00e9ricaines <\/em>(2012) ; \"Naviguer \u00e0 contre-courant. Los cucap\u00e1s y la legislaci\u00f3n ambiental\" in <em>Culturel <\/em>(Navarro Smith, Alejandra ; Alberto Tapia et Everardo Gardu\u00f1o, 2010).<\/p>\n<h1 style=\"text-align: center;\">R\u00e9dactrice de la section : Mar\u00eda Eugenia de la O<\/h1>\n<img loading=\"lazy\" decoding=\"async\" class=\"wp-image-28618 size-medium aligncenter\" src=\"..\/..\/wordpress\/wp-content\/uploads\/2017\/01\/MarudelaO02-300x292.png\" width=\"300\" height=\"292\" srcset=\"https:\/\/encartes.mx\/wp-content\/uploads\/2017\/01\/MarudelaO02-300x292.png 300w, https:\/\/encartes.mx\/wp-content\/uploads\/2017\/01\/MarudelaO02.png 495w\" sizes=\"auto, (max-width: 300px) 100vw, 300px\" \/>\n<p>Titulaire d'un doctorat en sciences sociales avec une sp\u00e9cialisation en sociologie de El Colegio de M\u00e9xico au Centro de Estudios Sociol\u00f3gicos, elle est actuellement chercheuse au Centro de Investigaciones y Estudios Superiores en Antropolog\u00eda Social (Centre de recherche et d'\u00e9tudes sup\u00e9rieures en anthropologie sociale). Ses recherches portent sur le genre et les march\u00e9s du travail, les migrations internationales, la jeunesse, les \u00e9tudes sur le travail, la violence et le trafic de drogue.<\/p>\n<p>Publications en vedette : <em>Histoire r\u00e9gionale de la Basse-Californie <\/em>(2000); <em>L'innovation technologique et la classe ouvri\u00e8re. Une \u00e9tude de cas de l'industrie \u00e9lectronique maquiladora RCA. <\/em>(1994); <em>Les travailleuses de l'ombre. Dimensions du service domestique en Am\u00e9rique latine <\/em>(Dur\u00edn S\u00e9verine, De la O, Mar\u00eda Eugenia et Bastos, Santiago coordinateurs, 2014) ; <em>Les femmes et la diversit\u00e9 du travail au Mexique <\/em>(coordinateur 2014) ; <em>Genre et travail dans les maquiladoras mexicaines : de nouveaux acteurs dans de nouveaux contextes <\/em>(coordinateur 2013) ; \"Vulnerabilidad y adopci\u00f3n de menores en Jalisco\" in <em>Sens humain <\/em>(2014) ; \"Travail et citoyennet\u00e9. Une r\u00e9flexion n\u00e9cessaire pour la soci\u00e9t\u00e9 du 21\u00e8me si\u00e8cle\", in <em>Spirale<\/em> (2013) ; \"Narcoviolencia y ciencias sociales : lo que miramos, lo que interpretamos\" in <em>D\u00e9saccords <\/em>(2012) ; \"Violence, youth and vulnerability in the northeastern border of Mexico\" in <em>Desacatos, De la O, Mar\u00eda Eugenia et Flores \u00c1vila, Alma Leticia<\/em> (2012) ; \"\u00catre jeune \u00e0 la fronti\u00e8re nord du Mexique\" dans <em>D\u00e9saccords<\/em> (2012) ; \"Narcotr\u00e1fico y literatura\" dans <em>D\u00e9saccords<\/em> (2012).<\/p>\n<p>&nbsp;<\/p>\n<h1 style=\"text-align: center;\"><span style=\"color: #ffffff;\"><strong>R\u00e9dacteur en chef de la section Interview : Joel Pedraza Maduzano<\/strong><\/span><\/h1>\n<img loading=\"lazy\" decoding=\"async\" class=\"size-medium wp-image-28795 aligncenter\" src=\"https:\/\/encartesantropologicos.mx\/wordpress\/wp-content\/uploads\/2017\/01\/Joel01-300x292.png\" alt=\"\" width=\"300\" height=\"292\" \/>\n<p>\u00c9tudiante en doctorat en sciences sociales au CIESAS Occidente, ses recherches portent sur la migration, la communication, les technologies et la jeunesse.<\/p>\n<p>Publications notables : \"Social networks and communicative meaning in Mexican Migration Networks in the Us\" in <em>La transformation num\u00e9rique dans la sph\u00e8re publique <\/em>(2016)<\/p>\n<h1 style=\"text-align: center;\"><strong><span style=\"color: #ffffff;\">Assistant \u00e9ditorial : Jacobo Moreno Rodr\u00edguez<\/span><\/strong><\/h1>\n<p>Dipl\u00f4me en gestion culturelle de l'universit\u00e9 de Guadalajara. A travaill\u00e9 sur des projets d'\u00e9dition pour Santillana, Planeta, SEP. Gestionnaire de projets et d'\u00e9quipes.<\/p>\n<h2><\/h2>\n<p>[\/et_pb_text][\/et_pb_column][\/et_pb_row][\/et_pb_section].<\/p>","protected":false},"excerpt":{"rendered":"<p>[et_pb_section transparent_background=\"off\" background_color=\"#000000\u2033 allow_player_pause=\"off\" inner_shadow=\"off\" parallax=\"off\" parallax_method=\"on\" make_fullwidth=\"off\" use_custom_width=\"off\" width_unit=\"off\" custom_width_px=\"1080px\" custom_width_percent=\"80%\" make_equal=\"off\" use_custom_gutter=\"off\" fullwidth=\"off\" specialty=\"off\" admin_label=\"section\" disabled=\"off\"][et_pb_row make_fullwidth=\"off\" use_custom_width=\"off\" width_unit=\"off\" custom_width_px=\"1080px\" custom_width_percent=\"80%\" use_custom_gutter=\"off\" gutter_width=\"3\u2033 custom_padding=\"22.6562px|0px|22.6562px|2px\" background_color=\"rgba(0,0,0,0)\" allow_player_pause=\"off\" parallax=\"off\" parallax_method=\"on\" make_equal=\"off\" parallax_1=\"off\" parallax_method_1=\"on\" parallax_2=\"off\" parallax_2=\"off\" parallax_2=\"off\" parallax_method_2=\"on\" parallax_3=\"off\" parallax_method_3=\"on\" parallax_4=\"off\" parallax_method_4=\"on\" admin_label=\"row\" disabled=\"off\"][et_pb_column type=\"4_4\u2033 disabled=\"off\" parallax=\"off\" parallax_method=\"on\"][et_pb_text background_layout=\"light\" text_orientation=\"left\" admin_label=\"Texte\" header_font_size=\"25px\" header_text_color=\"#ffffffff\" text_text_color=\"#ffffffffff\" use_border_border_color=\"off\" border_style=\"solid\" disabled=\"off\"]]] \u00c9quipe [...]<\/p>","protected":false},"author":4,"featured_media":0,"parent":0,"menu_order":0,"comment_status":"closed","ping_status":"closed","template":"ece.php","meta":{"_acf_changed":false,"footnotes":""},"coauthors":[791,551],"class_list":["post-28562","page","type-page","status-publish","hentry"],"acf":[],"yoast_head":"<!-- This site is optimized with the Yoast SEO plugin v22.2 - https:\/\/yoast.com\/wordpress\/plugins\/seo\/ -->\n<title>Equipo de coordinaci\u00f3n editorial &#8211; Encartes<\/title>\n<meta name=\"robots\" content=\"index, follow, max-snippet:-1, max-image-preview:large, max-video-preview:-1\" \/>\n<link rel=\"canonical\" href=\"https:\/\/encartes.mx\/fr\/ece\/\" \/>\n<meta property=\"og:locale\" content=\"fr_FR\" \/>\n<meta property=\"og:type\" content=\"article\" \/>\n<meta property=\"og:title\" content=\"Equipo de coordinaci\u00f3n editorial &#8211; Encartes\" \/>\n<meta property=\"og:description\" content=\"[et_pb_section transparent_background=&#8221;off&#8221; background_color=&#8221;#000000&#8243; allow_player_pause=&#8221;off&#8221; inner_shadow=&#8221;off&#8221; parallax=&#8221;off&#8221; parallax_method=&#8221;on&#8221; make_fullwidth=&#8221;off&#8221; use_custom_width=&#8221;off&#8221; width_unit=&#8221;off&#8221; custom_width_px=&#8221;1080px&#8221; custom_width_percent=&#8221;80%&#8221; make_equal=&#8221;off&#8221; use_custom_gutter=&#8221;off&#8221; fullwidth=&#8221;off&#8221; specialty=&#8221;off&#8221; admin_label=&#8221;section&#8221; disabled=&#8221;off&#8221;][et_pb_row make_fullwidth=&#8221;off&#8221; use_custom_width=&#8221;off&#8221; width_unit=&#8221;off&#8221; custom_width_px=&#8221;1080px&#8221; custom_width_percent=&#8221;80%&#8221; use_custom_gutter=&#8221;off&#8221; gutter_width=&#8221;3&#8243; custom_padding=&#8221;22.6562px|0px|22.6562px|2px&#8221; background_color=&#8221;rgba(0,0,0,0)&#8221; allow_player_pause=&#8221;off&#8221; parallax=&#8221;off&#8221; parallax_method=&#8221;on&#8221; make_equal=&#8221;off&#8221; parallax_1=&#8221;off&#8221; parallax_method_1=&#8221;on&#8221; parallax_2=&#8221;off&#8221; parallax_method_2=&#8221;on&#8221; parallax_3=&#8221;off&#8221; parallax_method_3=&#8221;on&#8221; parallax_4=&#8221;off&#8221; parallax_method_4=&#8221;on&#8221; admin_label=&#8221;row&#8221; disabled=&#8221;off&#8221;][et_pb_column type=&#8221;4_4&#8243; disabled=&#8221;off&#8221; parallax=&#8221;off&#8221; parallax_method=&#8221;on&#8221;][et_pb_text background_layout=&#8221;light&#8221; text_orientation=&#8221;left&#8221; admin_label=&#8221;Text&#8221; header_font_size=&#8221;25px&#8221; header_text_color=&#8221;#ffffff&#8221; text_text_color=&#8221;#ffffff&#8221; use_border_color=&#8221;off&#8221; border_style=&#8221;solid&#8221; disabled=&#8221;off&#8221;] Equipo [&hellip;]\" \/>\n<meta property=\"og:url\" content=\"https:\/\/encartes.mx\/fr\/ece\/\" \/>\n<meta property=\"og:site_name\" content=\"Encartes\" \/>\n<meta property=\"article:modified_time\" content=\"2018-02-26T18:51:57+00:00\" \/>\n<meta property=\"og:image\" content=\"https:\/\/encartesantropologicos.mx\/wordpress\/wp-content\/uploads\/2017\/01\/Joel01-300x292.png\" \/>\n<meta name=\"twitter:card\" content=\"summary_large_image\" \/>\n<meta name=\"twitter:label1\" content=\"Dur\u00e9e de lecture estim\u00e9e\" \/>\n\t<meta name=\"twitter:data1\" content=\"6 minutes\" \/>\n\t<meta name=\"twitter:label2\" content=\"Written by\" \/>\n\t<meta name=\"twitter:data2\" content=\"Arthur Ventura\" \/>\n<script type=\"application\/ld+json\" class=\"yoast-schema-graph\">{\"@context\":\"https:\/\/schema.org\",\"@graph\":[{\"@type\":\"WebPage\",\"@id\":\"https:\/\/encartes.mx\/ece\/\",\"url\":\"https:\/\/encartes.mx\/ece\/\",\"name\":\"Equipo de coordinaci\u00f3n editorial &#8211; Encartes\",\"isPartOf\":{\"@id\":\"https:\/\/encartes.mx\/#website\"},\"primaryImageOfPage\":{\"@id\":\"https:\/\/encartes.mx\/ece\/#primaryimage\"},\"image\":{\"@id\":\"https:\/\/encartes.mx\/ece\/#primaryimage\"},\"thumbnailUrl\":\"https:\/\/encartesantropologicos.mx\/wordpress\/wp-content\/uploads\/2017\/01\/Joel01-300x292.png\",\"datePublished\":\"2017-01-27T15:43:47+00:00\",\"dateModified\":\"2018-02-26T18:51:57+00:00\",\"breadcrumb\":{\"@id\":\"https:\/\/encartes.mx\/ece\/#breadcrumb\"},\"inLanguage\":\"fr-FR\",\"potentialAction\":[{\"@type\":\"ReadAction\",\"target\":[\"https:\/\/encartes.mx\/ece\/\"]}]},{\"@type\":\"ImageObject\",\"inLanguage\":\"fr-FR\",\"@id\":\"https:\/\/encartes.mx\/ece\/#primaryimage\",\"url\":\"https:\/\/encartesantropologicos.mx\/wordpress\/wp-content\/uploads\/2017\/01\/Joel01-300x292.png\",\"contentUrl\":\"https:\/\/encartesantropologicos.mx\/wordpress\/wp-content\/uploads\/2017\/01\/Joel01-300x292.png\"},{\"@type\":\"BreadcrumbList\",\"@id\":\"https:\/\/encartes.mx\/ece\/#breadcrumb\",\"itemListElement\":[{\"@type\":\"ListItem\",\"position\":1,\"name\":\"Home\",\"item\":\"https:\/\/encartes.mx\/\"},{\"@type\":\"ListItem\",\"position\":2,\"name\":\"Equipo de coordinaci\u00f3n editorial\"}]},{\"@type\":\"WebSite\",\"@id\":\"https:\/\/encartes.mx\/#website\",\"url\":\"https:\/\/encartes.mx\/\",\"name\":\"Encartes\",\"description\":\"Revista digital multimedia\",\"publisher\":{\"@id\":\"https:\/\/encartes.mx\/#organization\"},\"potentialAction\":[{\"@type\":\"SearchAction\",\"target\":{\"@type\":\"EntryPoint\",\"urlTemplate\":\"https:\/\/encartes.mx\/?s={search_term_string}\"},\"query-input\":\"required name=search_term_string\"}],\"inLanguage\":\"fr-FR\"},{\"@type\":\"Organization\",\"@id\":\"https:\/\/encartes.mx\/#organization\",\"name\":\"Encartes Antropol\u00f3gicos\",\"url\":\"https:\/\/encartes.mx\/\",\"logo\":{\"@type\":\"ImageObject\",\"inLanguage\":\"fr-FR\",\"@id\":\"https:\/\/encartes.mx\/#\/schema\/logo\/image\/\",\"url\":\"https:\/\/encartes.mx\/wp-content\/uploads\/2017\/04\/Logo-04.png\",\"contentUrl\":\"https:\/\/encartes.mx\/wp-content\/uploads\/2017\/04\/Logo-04.png\",\"width\":338,\"height\":306,\"caption\":\"Encartes Antropol\u00f3gicos\"},\"image\":{\"@id\":\"https:\/\/encartes.mx\/#\/schema\/logo\/image\/\"}}]}<\/script>\n<!-- \/ Yoast SEO plugin. -->","yoast_head_json":{"title":"Equipo de coordinaci\u00f3n editorial &#8211; Encartes","robots":{"index":"index","follow":"follow","max-snippet":"max-snippet:-1","max-image-preview":"max-image-preview:large","max-video-preview":"max-video-preview:-1"},"canonical":"https:\/\/encartes.mx\/fr\/ece\/","og_locale":"fr_FR","og_type":"article","og_title":"Equipo de coordinaci\u00f3n editorial &#8211; Encartes","og_description":"[et_pb_section transparent_background=&#8221;off&#8221; background_color=&#8221;#000000&#8243; allow_player_pause=&#8221;off&#8221; inner_shadow=&#8221;off&#8221; parallax=&#8221;off&#8221; parallax_method=&#8221;on&#8221; make_fullwidth=&#8221;off&#8221; use_custom_width=&#8221;off&#8221; width_unit=&#8221;off&#8221; custom_width_px=&#8221;1080px&#8221; custom_width_percent=&#8221;80%&#8221; make_equal=&#8221;off&#8221; use_custom_gutter=&#8221;off&#8221; fullwidth=&#8221;off&#8221; specialty=&#8221;off&#8221; admin_label=&#8221;section&#8221; disabled=&#8221;off&#8221;][et_pb_row make_fullwidth=&#8221;off&#8221; use_custom_width=&#8221;off&#8221; width_unit=&#8221;off&#8221; custom_width_px=&#8221;1080px&#8221; custom_width_percent=&#8221;80%&#8221; use_custom_gutter=&#8221;off&#8221; gutter_width=&#8221;3&#8243; custom_padding=&#8221;22.6562px|0px|22.6562px|2px&#8221; background_color=&#8221;rgba(0,0,0,0)&#8221; allow_player_pause=&#8221;off&#8221; parallax=&#8221;off&#8221; parallax_method=&#8221;on&#8221; make_equal=&#8221;off&#8221; parallax_1=&#8221;off&#8221; parallax_method_1=&#8221;on&#8221; parallax_2=&#8221;off&#8221; parallax_method_2=&#8221;on&#8221; parallax_3=&#8221;off&#8221; parallax_method_3=&#8221;on&#8221; parallax_4=&#8221;off&#8221; parallax_method_4=&#8221;on&#8221; admin_label=&#8221;row&#8221; disabled=&#8221;off&#8221;][et_pb_column type=&#8221;4_4&#8243; disabled=&#8221;off&#8221; parallax=&#8221;off&#8221; parallax_method=&#8221;on&#8221;][et_pb_text background_layout=&#8221;light&#8221; text_orientation=&#8221;left&#8221; admin_label=&#8221;Text&#8221; header_font_size=&#8221;25px&#8221; header_text_color=&#8221;#ffffff&#8221; text_text_color=&#8221;#ffffff&#8221; use_border_color=&#8221;off&#8221; border_style=&#8221;solid&#8221; disabled=&#8221;off&#8221;] Equipo [&hellip;]","og_url":"https:\/\/encartes.mx\/fr\/ece\/","og_site_name":"Encartes","article_modified_time":"2018-02-26T18:51:57+00:00","og_image":[{"url":"https:\/\/encartesantropologicos.mx\/wordpress\/wp-content\/uploads\/2017\/01\/Joel01-300x292.png"}],"twitter_card":"summary_large_image","twitter_misc":{"Dur\u00e9e de lecture estim\u00e9e":"6 minutes","Written by":"Arthur Ventura"},"schema":{"@context":"https:\/\/schema.org","@graph":[{"@type":"WebPage","@id":"https:\/\/encartes.mx\/ece\/","url":"https:\/\/encartes.mx\/ece\/","name":"Equipo de coordinaci\u00f3n editorial &#8211; Encartes","isPartOf":{"@id":"https:\/\/encartes.mx\/#website"},"primaryImageOfPage":{"@id":"https:\/\/encartes.mx\/ece\/#primaryimage"},"image":{"@id":"https:\/\/encartes.mx\/ece\/#primaryimage"},"thumbnailUrl":"https:\/\/encartesantropologicos.mx\/wordpress\/wp-content\/uploads\/2017\/01\/Joel01-300x292.png","datePublished":"2017-01-27T15:43:47+00:00","dateModified":"2018-02-26T18:51:57+00:00","breadcrumb":{"@id":"https:\/\/encartes.mx\/ece\/#breadcrumb"},"inLanguage":"fr-FR","potentialAction":[{"@type":"ReadAction","target":["https:\/\/encartes.mx\/ece\/"]}]},{"@type":"ImageObject","inLanguage":"fr-FR","@id":"https:\/\/encartes.mx\/ece\/#primaryimage","url":"https:\/\/encartesantropologicos.mx\/wordpress\/wp-content\/uploads\/2017\/01\/Joel01-300x292.png","contentUrl":"https:\/\/encartesantropologicos.mx\/wordpress\/wp-content\/uploads\/2017\/01\/Joel01-300x292.png"},{"@type":"BreadcrumbList","@id":"https:\/\/encartes.mx\/ece\/#breadcrumb","itemListElement":[{"@type":"ListItem","position":1,"name":"Home","item":"https:\/\/encartes.mx\/"},{"@type":"ListItem","position":2,"name":"Equipo de coordinaci\u00f3n editorial"}]},{"@type":"WebSite","@id":"https:\/\/encartes.mx\/#website","url":"https:\/\/encartes.mx\/","name":"Encartes","description":"Revista digital multimedia","publisher":{"@id":"https:\/\/encartes.mx\/#organization"},"potentialAction":[{"@type":"SearchAction","target":{"@type":"EntryPoint","urlTemplate":"https:\/\/encartes.mx\/?s={search_term_string}"},"query-input":"required name=search_term_string"}],"inLanguage":"fr-FR"},{"@type":"Organization","@id":"https:\/\/encartes.mx\/#organization","name":"Encartes Antropol\u00f3gicos","url":"https:\/\/encartes.mx\/","logo":{"@type":"ImageObject","inLanguage":"fr-FR","@id":"https:\/\/encartes.mx\/#\/schema\/logo\/image\/","url":"https:\/\/encartes.mx\/wp-content\/uploads\/2017\/04\/Logo-04.png","contentUrl":"https:\/\/encartes.mx\/wp-content\/uploads\/2017\/04\/Logo-04.png","width":338,"height":306,"caption":"Encartes Antropol\u00f3gicos"},"image":{"@id":"https:\/\/encartes.mx\/#\/schema\/logo\/image\/"}}]}},"jetpack_sharing_enabled":true,"_links":{"self":[{"href":"https:\/\/encartes.mx\/fr\/wp-json\/wp\/v2\/pages\/28562","targetHints":{"allow":["GET"]}}],"collection":[{"href":"https:\/\/encartes.mx\/fr\/wp-json\/wp\/v2\/pages"}],"about":[{"href":"https:\/\/encartes.mx\/fr\/wp-json\/wp\/v2\/types\/page"}],"author":[{"embeddable":true,"href":"https:\/\/encartes.mx\/fr\/wp-json\/wp\/v2\/users\/4"}],"replies":[{"embeddable":true,"href":"https:\/\/encartes.mx\/fr\/wp-json\/wp\/v2\/comments?post=28562"}],"version-history":[{"count":8,"href":"https:\/\/encartes.mx\/fr\/wp-json\/wp\/v2\/pages\/28562\/revisions"}],"predecessor-version":[{"id":35407,"href":"https:\/\/encartes.mx\/fr\/wp-json\/wp\/v2\/pages\/28562\/revisions\/35407"}],"wp:attachment":[{"href":"https:\/\/encartes.mx\/fr\/wp-json\/wp\/v2\/media?parent=28562"}],"wp:term":[{"taxonomy":"author","embeddable":true,"href":"https:\/\/encartes.mx\/fr\/wp-json\/wp\/v2\/coauthors?post=28562"}],"curies":[{"name":"wp","href":"https:\/\/api.w.org\/{rel}","templated":true}]}}