{"id":5,"date":"2017-01-11T00:10:34","date_gmt":"2017-01-11T00:10:34","guid":{"rendered":"http:\/\/162.243.168.105\/wordpress\/?page_id=5"},"modified":"2023-11-27T19:37:25","modified_gmt":"2023-11-28T01:37:25","slug":"about","status":"publish","type":"page","link":"https:\/\/encartes.mx\/en\/about\/","title":{"rendered":"Peer review process"},"content":{"rendered":"<h1 class=\"wp-block-heading\"> <strong>Peer review process<\/strong><\/h1>\n\n\n\n<p class=\"has-large-font-size\"><\/p>\n\n\n\n<p class=\"has-text-align-justify\">Once the original document is received, it will undergo: 1) a plagiarism detection program; 2) a pertinence reading by one of the members of the Editorial Coordination Team; 3) a double-blind opinion. It will be sent to two reviewers, preferably specialists external to the publishing institutions, guaranteeing confidentiality and anonymity to be governed under the procedure known as double blind. In case of controversy between the two opinions, a third evaluation will be requested. The Editorial Team will ultimately decide on its publication or rejection. Authors will be informed of the results of the review within a period of less than six months. If an article is not accepted, the author will be informed of the reasons for this decision.<\/p>\n\n\n\n<p class=\"has-text-align-justify\">The result of each of the evaluations can be: 1) rejected; 2) accepted subject to major changes; 3) accepted subject to minor changes; 4) accepted without changes.<\/p>\n\n\n\n<p class=\"has-text-align-justify\">Upon approval of the article, the author must sign a letter of assignment of proprietary rights over his\/her work in which he\/she authorizes Encartes to disseminate it electronically.<\/p>\n\n\n\n<p class=\"has-text-align-justify\">Articles will be published within one year of acceptance of the text.<\/p>","protected":false},"excerpt":{"rendered":"<p>Peer review process Once the original document is received, it will undergo: 1) a plagiarism detection program; 2) a pertinence reading by one of the members of the Editorial Coordination Team; 3) double-blind review. It will be sent to two reviewers, preferably specialists external to the publishing institutions, guaranteeing confidentiality and confidentiality.<\/p>","protected":false},"author":4,"featured_media":0,"parent":0,"menu_order":0,"comment_status":"closed","ping_status":"closed","template":"","meta":{"_acf_changed":false,"footnotes":""},"coauthors":[551],"class_list":["post-5","page","type-page","status-publish","hentry"],"acf":[],"yoast_head":"<!-- This site is optimized with the Yoast SEO plugin v22.2 - https:\/\/yoast.com\/wordpress\/plugins\/seo\/ -->\n<title>Proceso de evaluaci\u00f3n por pares &#8211; Encartes<\/title>\n<meta name=\"robots\" content=\"index, follow, max-snippet:-1, max-image-preview:large, max-video-preview:-1\" \/>\n<link rel=\"canonical\" href=\"https:\/\/encartes.mx\/en\/about\/\" \/>\n<meta property=\"og:locale\" content=\"en_US\" \/>\n<meta property=\"og:type\" content=\"article\" \/>\n<meta property=\"og:title\" content=\"Proceso de evaluaci\u00f3n por pares &#8211; Encartes\" \/>\n<meta property=\"og:description\" content=\"Proceso de evaluaci\u00f3n por pares Recibido el documento original pasar\u00e1 por: 1) un programa de detecci\u00f3n de plagio; 2) una lectura de pertinencia realizada por uno de los miembros del Equipo de coordinaci\u00f3n editorial; 3) dictamen doble ciego. Se enviar\u00e1 a dos dictaminadores, preferencialmente especialistas externos a las instituciones editoras, garantizando la confidencialidad y el [&hellip;]\" \/>\n<meta property=\"og:url\" content=\"https:\/\/encartes.mx\/en\/about\/\" \/>\n<meta property=\"og:site_name\" content=\"Encartes\" \/>\n<meta property=\"article:modified_time\" content=\"2023-11-28T01:37:25+00:00\" \/>\n<meta name=\"twitter:card\" content=\"summary_large_image\" \/>\n<meta name=\"twitter:label1\" content=\"Est. reading time\" \/>\n\t<meta name=\"twitter:data1\" content=\"1 minute\" \/>\n\t<meta name=\"twitter:label2\" content=\"Written by\" \/>\n\t<meta name=\"twitter:data2\" content=\"Arthur Ventura\" \/>\n<script type=\"application\/ld+json\" class=\"yoast-schema-graph\">{\"@context\":\"https:\/\/schema.org\",\"@graph\":[{\"@type\":\"WebPage\",\"@id\":\"https:\/\/encartes.mx\/about\/\",\"url\":\"https:\/\/encartes.mx\/about\/\",\"name\":\"Proceso de evaluaci\u00f3n por pares &#8211; Encartes\",\"isPartOf\":{\"@id\":\"https:\/\/encartes.mx\/#website\"},\"datePublished\":\"2017-01-11T00:10:34+00:00\",\"dateModified\":\"2023-11-28T01:37:25+00:00\",\"breadcrumb\":{\"@id\":\"https:\/\/encartes.mx\/about\/#breadcrumb\"},\"inLanguage\":\"en-US\",\"potentialAction\":[{\"@type\":\"ReadAction\",\"target\":[\"https:\/\/encartes.mx\/about\/\"]}]},{\"@type\":\"BreadcrumbList\",\"@id\":\"https:\/\/encartes.mx\/about\/#breadcrumb\",\"itemListElement\":[{\"@type\":\"ListItem\",\"position\":1,\"name\":\"Home\",\"item\":\"https:\/\/encartes.mx\/\"},{\"@type\":\"ListItem\",\"position\":2,\"name\":\"Proceso de evaluaci\u00f3n por pares\"}]},{\"@type\":\"WebSite\",\"@id\":\"https:\/\/encartes.mx\/#website\",\"url\":\"https:\/\/encartes.mx\/\",\"name\":\"Encartes\",\"description\":\"Revista digital multimedia\",\"publisher\":{\"@id\":\"https:\/\/encartes.mx\/#organization\"},\"potentialAction\":[{\"@type\":\"SearchAction\",\"target\":{\"@type\":\"EntryPoint\",\"urlTemplate\":\"https:\/\/encartes.mx\/?s={search_term_string}\"},\"query-input\":\"required name=search_term_string\"}],\"inLanguage\":\"en-US\"},{\"@type\":\"Organization\",\"@id\":\"https:\/\/encartes.mx\/#organization\",\"name\":\"Encartes Antropol\u00f3gicos\",\"url\":\"https:\/\/encartes.mx\/\",\"logo\":{\"@type\":\"ImageObject\",\"inLanguage\":\"en-US\",\"@id\":\"https:\/\/encartes.mx\/#\/schema\/logo\/image\/\",\"url\":\"https:\/\/encartes.mx\/wp-content\/uploads\/2017\/04\/Logo-04.png\",\"contentUrl\":\"https:\/\/encartes.mx\/wp-content\/uploads\/2017\/04\/Logo-04.png\",\"width\":338,\"height\":306,\"caption\":\"Encartes Antropol\u00f3gicos\"},\"image\":{\"@id\":\"https:\/\/encartes.mx\/#\/schema\/logo\/image\/\"}}]}<\/script>\n<!-- \/ Yoast SEO plugin. -->","yoast_head_json":{"title":"Proceso de evaluaci\u00f3n por pares &#8211; Encartes","robots":{"index":"index","follow":"follow","max-snippet":"max-snippet:-1","max-image-preview":"max-image-preview:large","max-video-preview":"max-video-preview:-1"},"canonical":"https:\/\/encartes.mx\/en\/about\/","og_locale":"en_US","og_type":"article","og_title":"Proceso de evaluaci\u00f3n por pares &#8211; Encartes","og_description":"Proceso de evaluaci\u00f3n por pares Recibido el documento original pasar\u00e1 por: 1) un programa de detecci\u00f3n de plagio; 2) una lectura de pertinencia realizada por uno de los miembros del Equipo de coordinaci\u00f3n editorial; 3) dictamen doble ciego. Se enviar\u00e1 a dos dictaminadores, preferencialmente especialistas externos a las instituciones editoras, garantizando la confidencialidad y el [&hellip;]","og_url":"https:\/\/encartes.mx\/en\/about\/","og_site_name":"Encartes","article_modified_time":"2023-11-28T01:37:25+00:00","twitter_card":"summary_large_image","twitter_misc":{"Est. reading time":"1 minute","Written by":"Arthur Ventura"},"schema":{"@context":"https:\/\/schema.org","@graph":[{"@type":"WebPage","@id":"https:\/\/encartes.mx\/about\/","url":"https:\/\/encartes.mx\/about\/","name":"Proceso de evaluaci\u00f3n por pares &#8211; Encartes","isPartOf":{"@id":"https:\/\/encartes.mx\/#website"},"datePublished":"2017-01-11T00:10:34+00:00","dateModified":"2023-11-28T01:37:25+00:00","breadcrumb":{"@id":"https:\/\/encartes.mx\/about\/#breadcrumb"},"inLanguage":"en-US","potentialAction":[{"@type":"ReadAction","target":["https:\/\/encartes.mx\/about\/"]}]},{"@type":"BreadcrumbList","@id":"https:\/\/encartes.mx\/about\/#breadcrumb","itemListElement":[{"@type":"ListItem","position":1,"name":"Home","item":"https:\/\/encartes.mx\/"},{"@type":"ListItem","position":2,"name":"Proceso de evaluaci\u00f3n por pares"}]},{"@type":"WebSite","@id":"https:\/\/encartes.mx\/#website","url":"https:\/\/encartes.mx\/","name":"Encartes","description":"Revista digital multimedia","publisher":{"@id":"https:\/\/encartes.mx\/#organization"},"potentialAction":[{"@type":"SearchAction","target":{"@type":"EntryPoint","urlTemplate":"https:\/\/encartes.mx\/?s={search_term_string}"},"query-input":"required name=search_term_string"}],"inLanguage":"en-US"},{"@type":"Organization","@id":"https:\/\/encartes.mx\/#organization","name":"Encartes Antropol\u00f3gicos","url":"https:\/\/encartes.mx\/","logo":{"@type":"ImageObject","inLanguage":"en-US","@id":"https:\/\/encartes.mx\/#\/schema\/logo\/image\/","url":"https:\/\/encartes.mx\/wp-content\/uploads\/2017\/04\/Logo-04.png","contentUrl":"https:\/\/encartes.mx\/wp-content\/uploads\/2017\/04\/Logo-04.png","width":338,"height":306,"caption":"Encartes Antropol\u00f3gicos"},"image":{"@id":"https:\/\/encartes.mx\/#\/schema\/logo\/image\/"}}]}},"jetpack_sharing_enabled":true,"_links":{"self":[{"href":"https:\/\/encartes.mx\/en\/wp-json\/wp\/v2\/pages\/5","targetHints":{"allow":["GET"]}}],"collection":[{"href":"https:\/\/encartes.mx\/en\/wp-json\/wp\/v2\/pages"}],"about":[{"href":"https:\/\/encartes.mx\/en\/wp-json\/wp\/v2\/types\/page"}],"author":[{"embeddable":true,"href":"https:\/\/encartes.mx\/en\/wp-json\/wp\/v2\/users\/4"}],"replies":[{"embeddable":true,"href":"https:\/\/encartes.mx\/en\/wp-json\/wp\/v2\/comments?post=5"}],"version-history":[{"count":22,"href":"https:\/\/encartes.mx\/en\/wp-json\/wp\/v2\/pages\/5\/revisions"}],"predecessor-version":[{"id":38200,"href":"https:\/\/encartes.mx\/en\/wp-json\/wp\/v2\/pages\/5\/revisions\/38200"}],"wp:attachment":[{"href":"https:\/\/encartes.mx\/en\/wp-json\/wp\/v2\/media?parent=5"}],"wp:term":[{"taxonomy":"author","embeddable":true,"href":"https:\/\/encartes.mx\/en\/wp-json\/wp\/v2\/coauthors?post=5"}],"curies":[{"name":"wp","href":"https:\/\/api.w.org\/{rel}","templated":true}]}}