{"id":38324,"date":"2023-11-30T12:36:30","date_gmt":"2023-11-30T18:36:30","guid":{"rendered":"https:\/\/encartes.mx\/?page_id=38324"},"modified":"2023-12-04T11:51:47","modified_gmt":"2023-12-04T17:51:47","slug":"guia-para-los-autores","status":"publish","type":"page","link":"https:\/\/encartes.mx\/en\/guia-para-los-autores\/","title":{"rendered":"Guide for authors"},"content":{"rendered":"<h2 class=\"wp-block-heading\">Guide for authors<\/h2>\n\n\n\n<p><p style=\"text-align: justify;\">Interested in publishing in the magazine? It is recommended to check the page&nbsp;<a href=\"https:\/\/revista.encartes.mx\/index.php\/encartes\/about\">About the magazine<\/a>&nbsp;to consult the section policies of the magazine, as well as&nbsp;<a href=\"https:\/\/revista.encartes.mx\/index.php\/encartes\/about\/submissions#authorGuidelines\">Author's Guidelines<\/a>. Authors must register on the journal's Open Journal platform before publishing or, if they are already registered, they can simply log in and begin the five-step process through the Open Journal platform.<\/p><\/p>","protected":false},"excerpt":{"rendered":"<p>Gu\u00eda para los autores \u00bfEst\u00e1 interesado en publicar en la revista? Se recomienda revisar la p\u00e1gina&nbsp;Acerca de la revista&nbsp;para consultar las pol\u00edticas de secci\u00f3n de la revista, as\u00ed como&nbsp;las Directrices del autor\/a. Los autores\/as deben registrarse en la plataforma de Open Journal de la revista antes de publicar o, si ya est\u00e1n registrados, pueden simplemente [&hellip;]<\/p>\n","protected":false},"author":10,"featured_media":0,"parent":0,"menu_order":0,"comment_status":"closed","ping_status":"closed","template":"","meta":{"_acf_changed":false,"footnotes":""},"coauthors":[1175],"class_list":["post-38324","page","type-page","status-publish","hentry"],"acf":[],"yoast_head":"<!-- This site is optimized with the Yoast SEO plugin v22.2 - https:\/\/yoast.com\/wordpress\/plugins\/seo\/ -->\n<title>Gu\u00eda para los autores &#8211; Encartes<\/title>\n<meta name=\"robots\" content=\"index, follow, max-snippet:-1, max-image-preview:large, max-video-preview:-1\" \/>\n<link rel=\"canonical\" href=\"https:\/\/encartes.mx\/en\/guia-para-los-autores\/\" \/>\n<meta property=\"og:locale\" content=\"en_US\" \/>\n<meta property=\"og:type\" content=\"article\" \/>\n<meta property=\"og:title\" content=\"Gu\u00eda para los autores &#8211; Encartes\" \/>\n<meta property=\"og:description\" content=\"Gu\u00eda para los autores \u00bfEst\u00e1 interesado en publicar en la revista? Se recomienda revisar la p\u00e1gina&nbsp;Acerca de la revista&nbsp;para consultar las pol\u00edticas de secci\u00f3n de la revista, as\u00ed como&nbsp;las Directrices del autor\/a. Los autores\/as deben registrarse en la plataforma de Open Journal de la revista antes de publicar o, si ya est\u00e1n registrados, pueden simplemente [&hellip;]\" \/>\n<meta property=\"og:url\" content=\"https:\/\/encartes.mx\/en\/guia-para-los-autores\/\" \/>\n<meta property=\"og:site_name\" content=\"Encartes\" \/>\n<meta property=\"article:modified_time\" content=\"2023-12-04T17:51:47+00:00\" \/>\n<meta name=\"twitter:card\" content=\"summary_large_image\" \/>\n<meta name=\"twitter:label1\" content=\"Est. reading time\" \/>\n\t<meta name=\"twitter:data1\" content=\"1 minute\" \/>\n\t<meta name=\"twitter:label2\" content=\"Written by\" \/>\n\t<meta name=\"twitter:data2\" content=\"escire\" \/>\n<script type=\"application\/ld+json\" class=\"yoast-schema-graph\">{\"@context\":\"https:\/\/schema.org\",\"@graph\":[{\"@type\":\"WebPage\",\"@id\":\"https:\/\/encartes.mx\/guia-para-los-autores\/\",\"url\":\"https:\/\/encartes.mx\/guia-para-los-autores\/\",\"name\":\"Gu\u00eda para los autores &#8211; Encartes\",\"isPartOf\":{\"@id\":\"https:\/\/encartes.mx\/#website\"},\"datePublished\":\"2023-11-30T18:36:30+00:00\",\"dateModified\":\"2023-12-04T17:51:47+00:00\",\"breadcrumb\":{\"@id\":\"https:\/\/encartes.mx\/guia-para-los-autores\/#breadcrumb\"},\"inLanguage\":\"en-US\",\"potentialAction\":[{\"@type\":\"ReadAction\",\"target\":[\"https:\/\/encartes.mx\/guia-para-los-autores\/\"]}]},{\"@type\":\"BreadcrumbList\",\"@id\":\"https:\/\/encartes.mx\/guia-para-los-autores\/#breadcrumb\",\"itemListElement\":[{\"@type\":\"ListItem\",\"position\":1,\"name\":\"Home\",\"item\":\"https:\/\/encartes.mx\/\"},{\"@type\":\"ListItem\",\"position\":2,\"name\":\"Gu\u00eda para los autores\"}]},{\"@type\":\"WebSite\",\"@id\":\"https:\/\/encartes.mx\/#website\",\"url\":\"https:\/\/encartes.mx\/\",\"name\":\"Encartes\",\"description\":\"Revista digital multimedia\",\"publisher\":{\"@id\":\"https:\/\/encartes.mx\/#organization\"},\"potentialAction\":[{\"@type\":\"SearchAction\",\"target\":{\"@type\":\"EntryPoint\",\"urlTemplate\":\"https:\/\/encartes.mx\/?s={search_term_string}\"},\"query-input\":\"required name=search_term_string\"}],\"inLanguage\":\"en-US\"},{\"@type\":\"Organization\",\"@id\":\"https:\/\/encartes.mx\/#organization\",\"name\":\"Encartes Antropol\u00f3gicos\",\"url\":\"https:\/\/encartes.mx\/\",\"logo\":{\"@type\":\"ImageObject\",\"inLanguage\":\"en-US\",\"@id\":\"https:\/\/encartes.mx\/#\/schema\/logo\/image\/\",\"url\":\"https:\/\/encartes.mx\/wp-content\/uploads\/2017\/04\/Logo-04.png\",\"contentUrl\":\"https:\/\/encartes.mx\/wp-content\/uploads\/2017\/04\/Logo-04.png\",\"width\":338,\"height\":306,\"caption\":\"Encartes Antropol\u00f3gicos\"},\"image\":{\"@id\":\"https:\/\/encartes.mx\/#\/schema\/logo\/image\/\"}}]}<\/script>\n<!-- \/ Yoast SEO plugin. -->","yoast_head_json":{"title":"Gu\u00eda para los autores &#8211; Encartes","robots":{"index":"index","follow":"follow","max-snippet":"max-snippet:-1","max-image-preview":"max-image-preview:large","max-video-preview":"max-video-preview:-1"},"canonical":"https:\/\/encartes.mx\/en\/guia-para-los-autores\/","og_locale":"en_US","og_type":"article","og_title":"Gu\u00eda para los autores &#8211; Encartes","og_description":"Gu\u00eda para los autores \u00bfEst\u00e1 interesado en publicar en la revista? Se recomienda revisar la p\u00e1gina&nbsp;Acerca de la revista&nbsp;para consultar las pol\u00edticas de secci\u00f3n de la revista, as\u00ed como&nbsp;las Directrices del autor\/a. Los autores\/as deben registrarse en la plataforma de Open Journal de la revista antes de publicar o, si ya est\u00e1n registrados, pueden simplemente [&hellip;]","og_url":"https:\/\/encartes.mx\/en\/guia-para-los-autores\/","og_site_name":"Encartes","article_modified_time":"2023-12-04T17:51:47+00:00","twitter_card":"summary_large_image","twitter_misc":{"Est. reading time":"1 minute","Written by":"escire"},"schema":{"@context":"https:\/\/schema.org","@graph":[{"@type":"WebPage","@id":"https:\/\/encartes.mx\/guia-para-los-autores\/","url":"https:\/\/encartes.mx\/guia-para-los-autores\/","name":"Gu\u00eda para los autores &#8211; Encartes","isPartOf":{"@id":"https:\/\/encartes.mx\/#website"},"datePublished":"2023-11-30T18:36:30+00:00","dateModified":"2023-12-04T17:51:47+00:00","breadcrumb":{"@id":"https:\/\/encartes.mx\/guia-para-los-autores\/#breadcrumb"},"inLanguage":"en-US","potentialAction":[{"@type":"ReadAction","target":["https:\/\/encartes.mx\/guia-para-los-autores\/"]}]},{"@type":"BreadcrumbList","@id":"https:\/\/encartes.mx\/guia-para-los-autores\/#breadcrumb","itemListElement":[{"@type":"ListItem","position":1,"name":"Home","item":"https:\/\/encartes.mx\/"},{"@type":"ListItem","position":2,"name":"Gu\u00eda para los autores"}]},{"@type":"WebSite","@id":"https:\/\/encartes.mx\/#website","url":"https:\/\/encartes.mx\/","name":"Encartes","description":"Multimedia digital magazine","publisher":{"@id":"https:\/\/encartes.mx\/#organization"},"potentialAction":[{"@type":"SearchAction","target":{"@type":"EntryPoint","urlTemplate":"https:\/\/encartes.mx\/?s={search_term_string}"},"query-input":"required name=search_term_string"}],"inLanguage":"en-US"},{"@type":"Organization","@id":"https:\/\/encartes.mx\/#organization","name":"Anthropological Inserts","url":"https:\/\/encartes.mx\/","logo":{"@type":"ImageObject","inLanguage":"en-US","@id":"https:\/\/encartes.mx\/#\/schema\/logo\/image\/","url":"https:\/\/encartes.mx\/wp-content\/uploads\/2017\/04\/Logo-04.png","contentUrl":"https:\/\/encartes.mx\/wp-content\/uploads\/2017\/04\/Logo-04.png","width":338,"height":306,"caption":"Encartes Antropol\u00f3gicos"},"image":{"@id":"https:\/\/encartes.mx\/#\/schema\/logo\/image\/"}}]}},"jetpack_sharing_enabled":true,"_links":{"self":[{"href":"https:\/\/encartes.mx\/en\/wp-json\/wp\/v2\/pages\/38324","targetHints":{"allow":["GET"]}}],"collection":[{"href":"https:\/\/encartes.mx\/en\/wp-json\/wp\/v2\/pages"}],"about":[{"href":"https:\/\/encartes.mx\/en\/wp-json\/wp\/v2\/types\/page"}],"author":[{"embeddable":true,"href":"https:\/\/encartes.mx\/en\/wp-json\/wp\/v2\/users\/10"}],"replies":[{"embeddable":true,"href":"https:\/\/encartes.mx\/en\/wp-json\/wp\/v2\/comments?post=38324"}],"version-history":[{"count":5,"href":"https:\/\/encartes.mx\/en\/wp-json\/wp\/v2\/pages\/38324\/revisions"}],"predecessor-version":[{"id":38428,"href":"https:\/\/encartes.mx\/en\/wp-json\/wp\/v2\/pages\/38324\/revisions\/38428"}],"wp:attachment":[{"href":"https:\/\/encartes.mx\/en\/wp-json\/wp\/v2\/media?parent=38324"}],"wp:term":[{"taxonomy":"author","embeddable":true,"href":"https:\/\/encartes.mx\/en\/wp-json\/wp\/v2\/coauthors?post=38324"}],"curies":[{"name":"wp","href":"https:\/\/api.w.org\/{rel}","templated":true}]}}