{"id":38247,"date":"2023-11-28T07:21:00","date_gmt":"2023-11-28T13:21:00","guid":{"rendered":"https:\/\/encartes.mx\/?page_id=38247"},"modified":"2023-11-28T07:21:02","modified_gmt":"2023-11-28T13:21:02","slug":"derechos-de-autor-y-de-publicacion","status":"publish","type":"page","link":"https:\/\/encartes.mx\/en\/derechos-de-autor-y-de-publicacion\/","title":{"rendered":"Copyright and publication rights"},"content":{"rendered":"<h1 class=\"wp-block-heading\">Copyright and publication rights<\/h1>\n\n\n\n<p class=\"has-text-align-justify\">The authors retain the copyright and grant the journal the right of first publication with the work registered under the Creative Commons attribution license, which allows third parties to use the published work as long as they mention the authorship of the work and the first publication in this journal.<\/p>\n\n\n\n<p class=\"has-text-align-justify\">Authors may make other independent and additional contractual arrangements for non-exclusive distribution of the version of the article published in this journal (e.g., inclusion in an institutional repository or publication in a book) as long as they clearly indicate that the work was first published in this journal.<\/p>\n\n\n\n<p class=\"has-text-align-justify\">The material may be copied, distributed, communicated, publicly performed. Derivative works may be made from it. It may not be used for commercial purposes. The work must be acknowledged and cited in the manner you specify.<\/p>","protected":false},"excerpt":{"rendered":"<p>Copyright and publication rights Authors retain the copyright and assign to the journal the right to first publication with the work registered under the Creative Commons attribution license, which allows third parties to use the published work as long as they mention the authorship of the work and the first publication in the journal.<\/p>","protected":false},"author":10,"featured_media":0,"parent":0,"menu_order":0,"comment_status":"closed","ping_status":"closed","template":"","meta":{"_acf_changed":false,"footnotes":""},"coauthors":[1175],"class_list":["post-38247","page","type-page","status-publish","hentry"],"acf":[],"yoast_head":"<!-- This site is optimized with the Yoast SEO plugin v22.2 - https:\/\/yoast.com\/wordpress\/plugins\/seo\/ -->\n<title>Derechos de autor y de publicaci\u00f3n &#8211; Encartes<\/title>\n<meta name=\"robots\" content=\"index, follow, max-snippet:-1, max-image-preview:large, max-video-preview:-1\" \/>\n<link rel=\"canonical\" href=\"https:\/\/encartes.mx\/en\/derechos-de-autor-y-de-publicacion\/\" \/>\n<meta property=\"og:locale\" content=\"en_US\" \/>\n<meta property=\"og:type\" content=\"article\" \/>\n<meta property=\"og:title\" content=\"Derechos de autor y de publicaci\u00f3n &#8211; Encartes\" \/>\n<meta property=\"og:description\" content=\"Derechos de autor y de publicaci\u00f3n Los autores\/as conservan los derechos de autor y ceden a la revista el derecho a la primera publicaci\u00f3n con el trabajo registrado con la licencia de atribuci\u00f3n Creative Commons, que permite a terceros utilizar lo publicado siempre que mencionen la autor\u00eda del trabajo y a la primera publicaci\u00f3n en [&hellip;]\" \/>\n<meta property=\"og:url\" content=\"https:\/\/encartes.mx\/en\/derechos-de-autor-y-de-publicacion\/\" \/>\n<meta property=\"og:site_name\" content=\"Encartes\" \/>\n<meta property=\"article:modified_time\" content=\"2023-11-28T13:21:02+00:00\" \/>\n<meta name=\"twitter:card\" content=\"summary_large_image\" \/>\n<meta name=\"twitter:label1\" content=\"Est. reading time\" \/>\n\t<meta name=\"twitter:data1\" content=\"1 minute\" \/>\n\t<meta name=\"twitter:label2\" content=\"Written by\" \/>\n\t<meta name=\"twitter:data2\" content=\"escire\" \/>\n<script type=\"application\/ld+json\" class=\"yoast-schema-graph\">{\"@context\":\"https:\/\/schema.org\",\"@graph\":[{\"@type\":\"WebPage\",\"@id\":\"https:\/\/encartes.mx\/derechos-de-autor-y-de-publicacion\/\",\"url\":\"https:\/\/encartes.mx\/derechos-de-autor-y-de-publicacion\/\",\"name\":\"Derechos de autor y de publicaci\u00f3n &#8211; Encartes\",\"isPartOf\":{\"@id\":\"https:\/\/encartes.mx\/#website\"},\"datePublished\":\"2023-11-28T13:21:00+00:00\",\"dateModified\":\"2023-11-28T13:21:02+00:00\",\"breadcrumb\":{\"@id\":\"https:\/\/encartes.mx\/derechos-de-autor-y-de-publicacion\/#breadcrumb\"},\"inLanguage\":\"en-US\",\"potentialAction\":[{\"@type\":\"ReadAction\",\"target\":[\"https:\/\/encartes.mx\/derechos-de-autor-y-de-publicacion\/\"]}]},{\"@type\":\"BreadcrumbList\",\"@id\":\"https:\/\/encartes.mx\/derechos-de-autor-y-de-publicacion\/#breadcrumb\",\"itemListElement\":[{\"@type\":\"ListItem\",\"position\":1,\"name\":\"Home\",\"item\":\"https:\/\/encartes.mx\/\"},{\"@type\":\"ListItem\",\"position\":2,\"name\":\"Derechos de autor y de publicaci\u00f3n\"}]},{\"@type\":\"WebSite\",\"@id\":\"https:\/\/encartes.mx\/#website\",\"url\":\"https:\/\/encartes.mx\/\",\"name\":\"Encartes\",\"description\":\"Revista digital multimedia\",\"publisher\":{\"@id\":\"https:\/\/encartes.mx\/#organization\"},\"potentialAction\":[{\"@type\":\"SearchAction\",\"target\":{\"@type\":\"EntryPoint\",\"urlTemplate\":\"https:\/\/encartes.mx\/?s={search_term_string}\"},\"query-input\":\"required name=search_term_string\"}],\"inLanguage\":\"en-US\"},{\"@type\":\"Organization\",\"@id\":\"https:\/\/encartes.mx\/#organization\",\"name\":\"Encartes Antropol\u00f3gicos\",\"url\":\"https:\/\/encartes.mx\/\",\"logo\":{\"@type\":\"ImageObject\",\"inLanguage\":\"en-US\",\"@id\":\"https:\/\/encartes.mx\/#\/schema\/logo\/image\/\",\"url\":\"https:\/\/encartes.mx\/wp-content\/uploads\/2017\/04\/Logo-04.png\",\"contentUrl\":\"https:\/\/encartes.mx\/wp-content\/uploads\/2017\/04\/Logo-04.png\",\"width\":338,\"height\":306,\"caption\":\"Encartes Antropol\u00f3gicos\"},\"image\":{\"@id\":\"https:\/\/encartes.mx\/#\/schema\/logo\/image\/\"}}]}<\/script>\n<!-- \/ Yoast SEO plugin. -->","yoast_head_json":{"title":"Derechos de autor y de publicaci\u00f3n &#8211; Encartes","robots":{"index":"index","follow":"follow","max-snippet":"max-snippet:-1","max-image-preview":"max-image-preview:large","max-video-preview":"max-video-preview:-1"},"canonical":"https:\/\/encartes.mx\/en\/derechos-de-autor-y-de-publicacion\/","og_locale":"en_US","og_type":"article","og_title":"Derechos de autor y de publicaci\u00f3n &#8211; Encartes","og_description":"Derechos de autor y de publicaci\u00f3n Los autores\/as conservan los derechos de autor y ceden a la revista el derecho a la primera publicaci\u00f3n con el trabajo registrado con la licencia de atribuci\u00f3n Creative Commons, que permite a terceros utilizar lo publicado siempre que mencionen la autor\u00eda del trabajo y a la primera publicaci\u00f3n en [&hellip;]","og_url":"https:\/\/encartes.mx\/en\/derechos-de-autor-y-de-publicacion\/","og_site_name":"Encartes","article_modified_time":"2023-11-28T13:21:02+00:00","twitter_card":"summary_large_image","twitter_misc":{"Est. reading time":"1 minute","Written by":"escire"},"schema":{"@context":"https:\/\/schema.org","@graph":[{"@type":"WebPage","@id":"https:\/\/encartes.mx\/derechos-de-autor-y-de-publicacion\/","url":"https:\/\/encartes.mx\/derechos-de-autor-y-de-publicacion\/","name":"Derechos de autor y de publicaci\u00f3n &#8211; Encartes","isPartOf":{"@id":"https:\/\/encartes.mx\/#website"},"datePublished":"2023-11-28T13:21:00+00:00","dateModified":"2023-11-28T13:21:02+00:00","breadcrumb":{"@id":"https:\/\/encartes.mx\/derechos-de-autor-y-de-publicacion\/#breadcrumb"},"inLanguage":"en-US","potentialAction":[{"@type":"ReadAction","target":["https:\/\/encartes.mx\/derechos-de-autor-y-de-publicacion\/"]}]},{"@type":"BreadcrumbList","@id":"https:\/\/encartes.mx\/derechos-de-autor-y-de-publicacion\/#breadcrumb","itemListElement":[{"@type":"ListItem","position":1,"name":"Home","item":"https:\/\/encartes.mx\/"},{"@type":"ListItem","position":2,"name":"Derechos de autor y de publicaci\u00f3n"}]},{"@type":"WebSite","@id":"https:\/\/encartes.mx\/#website","url":"https:\/\/encartes.mx\/","name":"Encartes","description":"Revista digital multimedia","publisher":{"@id":"https:\/\/encartes.mx\/#organization"},"potentialAction":[{"@type":"SearchAction","target":{"@type":"EntryPoint","urlTemplate":"https:\/\/encartes.mx\/?s={search_term_string}"},"query-input":"required name=search_term_string"}],"inLanguage":"en-US"},{"@type":"Organization","@id":"https:\/\/encartes.mx\/#organization","name":"Encartes Antropol\u00f3gicos","url":"https:\/\/encartes.mx\/","logo":{"@type":"ImageObject","inLanguage":"en-US","@id":"https:\/\/encartes.mx\/#\/schema\/logo\/image\/","url":"https:\/\/encartes.mx\/wp-content\/uploads\/2017\/04\/Logo-04.png","contentUrl":"https:\/\/encartes.mx\/wp-content\/uploads\/2017\/04\/Logo-04.png","width":338,"height":306,"caption":"Encartes Antropol\u00f3gicos"},"image":{"@id":"https:\/\/encartes.mx\/#\/schema\/logo\/image\/"}}]}},"jetpack_sharing_enabled":true,"_links":{"self":[{"href":"https:\/\/encartes.mx\/en\/wp-json\/wp\/v2\/pages\/38247","targetHints":{"allow":["GET"]}}],"collection":[{"href":"https:\/\/encartes.mx\/en\/wp-json\/wp\/v2\/pages"}],"about":[{"href":"https:\/\/encartes.mx\/en\/wp-json\/wp\/v2\/types\/page"}],"author":[{"embeddable":true,"href":"https:\/\/encartes.mx\/en\/wp-json\/wp\/v2\/users\/10"}],"replies":[{"embeddable":true,"href":"https:\/\/encartes.mx\/en\/wp-json\/wp\/v2\/comments?post=38247"}],"version-history":[{"count":1,"href":"https:\/\/encartes.mx\/en\/wp-json\/wp\/v2\/pages\/38247\/revisions"}],"predecessor-version":[{"id":38248,"href":"https:\/\/encartes.mx\/en\/wp-json\/wp\/v2\/pages\/38247\/revisions\/38248"}],"wp:attachment":[{"href":"https:\/\/encartes.mx\/en\/wp-json\/wp\/v2\/media?parent=38247"}],"wp:term":[{"taxonomy":"author","embeddable":true,"href":"https:\/\/encartes.mx\/en\/wp-json\/wp\/v2\/coauthors?post=38247"}],"curies":[{"name":"wp","href":"https:\/\/api.w.org\/{rel}","templated":true}]}}