{"id":38228,"date":"2023-11-27T23:24:16","date_gmt":"2023-11-28T05:24:16","guid":{"rendered":"https:\/\/encartes.mx\/?page_id=38228"},"modified":"2023-11-27T23:24:18","modified_gmt":"2023-11-28T05:24:18","slug":"codigo-de-etica","status":"publish","type":"page","link":"https:\/\/encartes.mx\/en\/codigo-de-etica\/","title":{"rendered":"Code of Ethics"},"content":{"rendered":"<h1 class=\"wp-block-heading\">Code of Ethics<\/h1>\n\n\n\n<p><strong>Scientific bad practices are considered:<\/strong><\/p>\n\n\n\n<p><strong><em>Lack of ethics in the publication process:<\/em><\/strong><\/p>\n\n\n\n<p class=\"has-text-align-justify\">- Fictitious authorship: appear as authors or co-authors of investigations not carried out.<\/p>\n\n\n\n<p class=\"has-text-align-justify\">- Duplicate publication: publish all or part of an article already published.<\/p>\n\n\n\n<p class=\"has-text-align-justify\">- Fragmented publication: divide a work to publish as independent articles.<\/p>\n\n\n\n<p class=\"has-text-align-justify\">- Inflated publication: add data to a previously published work to publish as a new article.<\/p>\n\n\n\n<p class=\"has-text-align-justify\">- Self-plagiarism: repeating the same content previously written by the author with the intention of publishing as a new article.<\/p>\n\n\n\n<p><strong><em>Scientific fraud:<\/em><\/strong><\/p>\n\n\n\n<p class=\"has-text-align-justify\">- Invention: articial preparation of  all or part of the data.<\/p>\n\n\n\n<p class=\"has-text-align-justify\">- Falsification and manipulation of data: falsify data or methods to fulfill the hypothesis.<\/p>\n\n\n\n<p class=\"has-text-align-justify\">- Plagiarism: taking ideas or phrases without citing the original source.<\/p>\n\n\n\n<p>-Bibliographic citation correction: omitting relevant citations. Including citations not consulted. Excessive self-citations.<\/p>\n\n\n\n<p class=\"has-text-align-justify\">- Publication biases: forcing data to obtain positive results and high statistical significance.<\/p>\n\n\n\n<p>- Advertising: expose premature results (without verification).<\/p>\n\n\n\n<p class=\"has-text-align-justify\">Manuscripts that incur these practices will not be evaluated. The editor will write to the author, explaining that the article is rejected, the journal&#039;s position in these cases and the expected behavior in the future. It will also inform the evaluator.<\/p>\n\n\n\n<p class=\"has-text-align-justify\">If it is detected that sentences of less length were copied and there is no indication that the data of others has been offered as their own work, the publisher will write to the author and request that he modify those parts or that he indicate the citations clearly. It will also inform the evaluator. If the author refuses to correct the manuscript, the article will be rejected, the journal&#039;s position in these cases and the expected behavior in the future will be explained.<\/p>\n\n\n\n<p class=\"has-text-align-justify\">To resolve other cases not considered in this code of conduct, the editors and the editorial board will take as a reference the steps indicated by the Committee on Publication Ethics (<a href=\"https:\/\/publicationethics.org\/files\/Spanish%20%281%29.pdf\">https:\/\/publicationethics.org\/files\/Spanish%20%281%29.pdf<\/a>).<\/p>","protected":false},"excerpt":{"rendered":"<p>Code of ethics The following are considered bad scientific practices: Lack of ethics in the publication process: - Fictitious authorship: appearing as authors or co-authors of research that has not been carried out. - Duplicate publication: publishing all or part of an already published article. - Fragmented publication: splitting a work to publish as independent articles. - Publication [...]<\/p>","protected":false},"author":10,"featured_media":0,"parent":0,"menu_order":0,"comment_status":"closed","ping_status":"closed","template":"","meta":{"_acf_changed":false,"footnotes":""},"coauthors":[1175],"class_list":["post-38228","page","type-page","status-publish","hentry"],"acf":[],"yoast_head":"<!-- This site is optimized with the Yoast SEO plugin v22.2 - https:\/\/yoast.com\/wordpress\/plugins\/seo\/ -->\n<title>C\u00f3digo de \u00e9tica &#8211; Encartes<\/title>\n<meta name=\"robots\" content=\"index, follow, max-snippet:-1, max-image-preview:large, max-video-preview:-1\" \/>\n<link rel=\"canonical\" href=\"https:\/\/encartes.mx\/en\/codigo-de-etica\/\" \/>\n<meta property=\"og:locale\" content=\"en_US\" \/>\n<meta property=\"og:type\" content=\"article\" \/>\n<meta property=\"og:title\" content=\"C\u00f3digo de \u00e9tica &#8211; Encartes\" \/>\n<meta property=\"og:description\" content=\"C\u00f3digo de \u00e9tica Se consideran malas pr\u00e1cticas cient\u00edficas: Falta de \u00e9tica en el proceso de publicaci\u00f3n: &#8211; Autor\u00eda ficticia: figurar como autores o coautores de investigaciones no realizadas. &#8211; Publicaci\u00f3n duplicada: publicar la totalidad o una parte de un art\u00edculo ya publicado. &#8211; Publicaci\u00f3n fragmentada: dividir un trabajo para publicar como art\u00edculos independientes. &#8211; Publicaci\u00f3n [&hellip;]\" \/>\n<meta property=\"og:url\" content=\"https:\/\/encartes.mx\/en\/codigo-de-etica\/\" \/>\n<meta property=\"og:site_name\" content=\"Encartes\" \/>\n<meta property=\"article:modified_time\" content=\"2023-11-28T05:24:18+00:00\" \/>\n<meta name=\"twitter:card\" content=\"summary_large_image\" \/>\n<meta name=\"twitter:label1\" content=\"Est. reading time\" \/>\n\t<meta name=\"twitter:data1\" content=\"2 minutes\" \/>\n\t<meta name=\"twitter:label2\" content=\"Written by\" \/>\n\t<meta name=\"twitter:data2\" content=\"escire\" \/>\n<script type=\"application\/ld+json\" class=\"yoast-schema-graph\">{\"@context\":\"https:\/\/schema.org\",\"@graph\":[{\"@type\":\"WebPage\",\"@id\":\"https:\/\/encartes.mx\/codigo-de-etica\/\",\"url\":\"https:\/\/encartes.mx\/codigo-de-etica\/\",\"name\":\"C\u00f3digo de \u00e9tica &#8211; Encartes\",\"isPartOf\":{\"@id\":\"https:\/\/encartes.mx\/#website\"},\"datePublished\":\"2023-11-28T05:24:16+00:00\",\"dateModified\":\"2023-11-28T05:24:18+00:00\",\"breadcrumb\":{\"@id\":\"https:\/\/encartes.mx\/codigo-de-etica\/#breadcrumb\"},\"inLanguage\":\"en-US\",\"potentialAction\":[{\"@type\":\"ReadAction\",\"target\":[\"https:\/\/encartes.mx\/codigo-de-etica\/\"]}]},{\"@type\":\"BreadcrumbList\",\"@id\":\"https:\/\/encartes.mx\/codigo-de-etica\/#breadcrumb\",\"itemListElement\":[{\"@type\":\"ListItem\",\"position\":1,\"name\":\"Home\",\"item\":\"https:\/\/encartes.mx\/\"},{\"@type\":\"ListItem\",\"position\":2,\"name\":\"C\u00f3digo de \u00e9tica\"}]},{\"@type\":\"WebSite\",\"@id\":\"https:\/\/encartes.mx\/#website\",\"url\":\"https:\/\/encartes.mx\/\",\"name\":\"Encartes\",\"description\":\"Revista digital multimedia\",\"publisher\":{\"@id\":\"https:\/\/encartes.mx\/#organization\"},\"potentialAction\":[{\"@type\":\"SearchAction\",\"target\":{\"@type\":\"EntryPoint\",\"urlTemplate\":\"https:\/\/encartes.mx\/?s={search_term_string}\"},\"query-input\":\"required name=search_term_string\"}],\"inLanguage\":\"en-US\"},{\"@type\":\"Organization\",\"@id\":\"https:\/\/encartes.mx\/#organization\",\"name\":\"Encartes Antropol\u00f3gicos\",\"url\":\"https:\/\/encartes.mx\/\",\"logo\":{\"@type\":\"ImageObject\",\"inLanguage\":\"en-US\",\"@id\":\"https:\/\/encartes.mx\/#\/schema\/logo\/image\/\",\"url\":\"https:\/\/encartes.mx\/wp-content\/uploads\/2017\/04\/Logo-04.png\",\"contentUrl\":\"https:\/\/encartes.mx\/wp-content\/uploads\/2017\/04\/Logo-04.png\",\"width\":338,\"height\":306,\"caption\":\"Encartes Antropol\u00f3gicos\"},\"image\":{\"@id\":\"https:\/\/encartes.mx\/#\/schema\/logo\/image\/\"}}]}<\/script>\n<!-- \/ Yoast SEO plugin. -->","yoast_head_json":{"title":"C\u00f3digo de \u00e9tica &#8211; Encartes","robots":{"index":"index","follow":"follow","max-snippet":"max-snippet:-1","max-image-preview":"max-image-preview:large","max-video-preview":"max-video-preview:-1"},"canonical":"https:\/\/encartes.mx\/en\/codigo-de-etica\/","og_locale":"en_US","og_type":"article","og_title":"C\u00f3digo de \u00e9tica &#8211; Encartes","og_description":"C\u00f3digo de \u00e9tica Se consideran malas pr\u00e1cticas cient\u00edficas: Falta de \u00e9tica en el proceso de publicaci\u00f3n: &#8211; Autor\u00eda ficticia: figurar como autores o coautores de investigaciones no realizadas. &#8211; Publicaci\u00f3n duplicada: publicar la totalidad o una parte de un art\u00edculo ya publicado. &#8211; Publicaci\u00f3n fragmentada: dividir un trabajo para publicar como art\u00edculos independientes. &#8211; Publicaci\u00f3n [&hellip;]","og_url":"https:\/\/encartes.mx\/en\/codigo-de-etica\/","og_site_name":"Encartes","article_modified_time":"2023-11-28T05:24:18+00:00","twitter_card":"summary_large_image","twitter_misc":{"Est. reading time":"2 minutes","Written by":"escire"},"schema":{"@context":"https:\/\/schema.org","@graph":[{"@type":"WebPage","@id":"https:\/\/encartes.mx\/codigo-de-etica\/","url":"https:\/\/encartes.mx\/codigo-de-etica\/","name":"C\u00f3digo de \u00e9tica &#8211; Encartes","isPartOf":{"@id":"https:\/\/encartes.mx\/#website"},"datePublished":"2023-11-28T05:24:16+00:00","dateModified":"2023-11-28T05:24:18+00:00","breadcrumb":{"@id":"https:\/\/encartes.mx\/codigo-de-etica\/#breadcrumb"},"inLanguage":"en-US","potentialAction":[{"@type":"ReadAction","target":["https:\/\/encartes.mx\/codigo-de-etica\/"]}]},{"@type":"BreadcrumbList","@id":"https:\/\/encartes.mx\/codigo-de-etica\/#breadcrumb","itemListElement":[{"@type":"ListItem","position":1,"name":"Home","item":"https:\/\/encartes.mx\/"},{"@type":"ListItem","position":2,"name":"C\u00f3digo de \u00e9tica"}]},{"@type":"WebSite","@id":"https:\/\/encartes.mx\/#website","url":"https:\/\/encartes.mx\/","name":"Encartes","description":"Revista digital multimedia","publisher":{"@id":"https:\/\/encartes.mx\/#organization"},"potentialAction":[{"@type":"SearchAction","target":{"@type":"EntryPoint","urlTemplate":"https:\/\/encartes.mx\/?s={search_term_string}"},"query-input":"required name=search_term_string"}],"inLanguage":"en-US"},{"@type":"Organization","@id":"https:\/\/encartes.mx\/#organization","name":"Encartes Antropol\u00f3gicos","url":"https:\/\/encartes.mx\/","logo":{"@type":"ImageObject","inLanguage":"en-US","@id":"https:\/\/encartes.mx\/#\/schema\/logo\/image\/","url":"https:\/\/encartes.mx\/wp-content\/uploads\/2017\/04\/Logo-04.png","contentUrl":"https:\/\/encartes.mx\/wp-content\/uploads\/2017\/04\/Logo-04.png","width":338,"height":306,"caption":"Encartes Antropol\u00f3gicos"},"image":{"@id":"https:\/\/encartes.mx\/#\/schema\/logo\/image\/"}}]}},"jetpack_sharing_enabled":true,"_links":{"self":[{"href":"https:\/\/encartes.mx\/en\/wp-json\/wp\/v2\/pages\/38228","targetHints":{"allow":["GET"]}}],"collection":[{"href":"https:\/\/encartes.mx\/en\/wp-json\/wp\/v2\/pages"}],"about":[{"href":"https:\/\/encartes.mx\/en\/wp-json\/wp\/v2\/types\/page"}],"author":[{"embeddable":true,"href":"https:\/\/encartes.mx\/en\/wp-json\/wp\/v2\/users\/10"}],"replies":[{"embeddable":true,"href":"https:\/\/encartes.mx\/en\/wp-json\/wp\/v2\/comments?post=38228"}],"version-history":[{"count":1,"href":"https:\/\/encartes.mx\/en\/wp-json\/wp\/v2\/pages\/38228\/revisions"}],"predecessor-version":[{"id":38229,"href":"https:\/\/encartes.mx\/en\/wp-json\/wp\/v2\/pages\/38228\/revisions\/38229"}],"wp:attachment":[{"href":"https:\/\/encartes.mx\/en\/wp-json\/wp\/v2\/media?parent=38228"}],"wp:term":[{"taxonomy":"author","embeddable":true,"href":"https:\/\/encartes.mx\/en\/wp-json\/wp\/v2\/coauthors?post=38228"}],"curies":[{"name":"wp","href":"https:\/\/api.w.org\/{rel}","templated":true}]}}