{"id":28562,"date":"2017-01-27T15:43:47","date_gmt":"2017-01-27T15:43:47","guid":{"rendered":"https:\/\/encartesantropologicos.mx\/wordpress\/?page_id=28562"},"modified":"2018-02-26T18:51:57","modified_gmt":"2018-02-26T18:51:57","slug":"ece","status":"publish","type":"page","link":"https:\/\/encartes.mx\/en\/ece\/","title":{"rendered":"Editorial Coordination Team"},"content":{"rendered":"<p>[et_pb_section transparent_background = \u201doff\u201d background_color = \u201d#000000 \u2033 allow_player_pause =\u201d off \u201dinner_shadow =\u201d off \u201dparallax =\u201d off \u201dparallax_method =\u201d on \u201dmake_fullwidth =\u201d off \u201duse_custom_width =\u201d off \u201dwidth_unit =\u201d offpx \u201dcustom_width =\u201d offpx \u201dcustom_width =\u201d offpx \u201d 1080px \u201dcustom_width_percent =\u201d 80% \u201dmake_equal =\u201d off \u201duse_custom_gutter =\u201d off \u201dfullwidth =\u201d off \u201dspecialty =\u201d off \u201dadmin_label =\u201d section \u201ddisabled =\u201d off \u201d] [et_pb_row make_fullwidth =\u201d off \u201duse_custom_width =\u201d off \u201d width_unit = \u201doff\u201d custom_width_px = \u201d1080px\u201d custom_width_percent = \u201d80%\u201d use_custom_gutter = \u201doff\u201d gutter_width = \u201d3 \u2033 custom_padding =\u201d 22.6562px | 0px | 22.6562px | 2px \u201dbackground_color =\u201d rgba (0,0,0,0 ) \u201dAllow_player_pause =\u201d off \u201dparallax =\u201d off \u201dparallax_method =\u201d on \u201dmake_equal =\u201d off \u201dparallax_1 =\u201d off \u201dparallax_method_1 =\u201d on \u201dparallax_2 =\u201d off \u201dparallax_method_2 =\u201d on \u201dparallax_3 =\u201d off \u201dparallax_method_3 =\u201d off \u201dparallax_method_3\u201d on \u201dparallax_4 =\u201d off \u201dparallax_method_4 =\u201d on \u201dadmin_label =\u201d row \u201ddisabled =\u201d off \u201d] [et_pb_column type =\u201d 4_4 \u2033 disabled = \u201doff\u201d parallax = \u201doff\u201d parallax_method = \u201don\u201d] [et_pb_text background_l ayout = \u201dlight\u201d text_orientation = \u201dleft\u201d admin_label = \u201dText\u201d header_font_size = \u201d25px\u201d header_text_color = \u201d#ffffff\u201d text_text_color = \u201d#ffffff\u201d use_border_color = \u201doff\u201d border_style = \u201d\u201d solid disabled = \u201doff\u201d]<\/p>\n<h1 style=\"text-align: center;\"><strong>Editorial coordination team<\/strong><\/h1>\n<p>&nbsp;<\/p>\n<h1 style=\"text-align: center;\">Director: Ren\u00e9e de la Torre<\/h1>\n<img loading=\"lazy\" decoding=\"async\" class=\"wp-image-28616 size-medium aligncenter\" src=\"..\/..\/wordpress\/wp-content\/uploads\/2017\/01\/Renee02-300x292.png\" width=\"300\" height=\"292\" srcset=\"https:\/\/encartes.mx\/wp-content\/uploads\/2017\/01\/Renee02-300x292.png 300w, https:\/\/encartes.mx\/wp-content\/uploads\/2017\/01\/Renee02.png 495w\" sizes=\"auto, (max-width: 300px) 100vw, 300px\" \/>\n<p>Ren\u00e9e de la Torre PhD in Social Anthropology from CIESAS and the University of Guadalajara. Member of the SNI level III and of the National Academy of Science. She is Professor-Researcher at CIESAS Occidente, in Guadalajara, Mexico. She is co-founder of the Network of Researchers of the Religious Phenomenon in Mexico (RIFREM). During his research career he has dedicated himself to the study of religious diversity in Mexico; to the study of the new religious movements; to the emergence of alternative spiritualities such as the New Age and New Mexico and more recently he has investigated the dynamics of transnationalization of Aztec ritual dances and popular religiosity. He has made more than a dozen exhibitions of ethnographic photography. Among his most recent publications, the book Variaciones Latinoamericanas del New Age stands out. CIESAS, M\u00e9xico (2013) published in English <em>New Age in Latin America. <\/em><em>Popular Variations and Ethnicy Appropriations,<\/em> Brill (2016). She is the author of: \u201cUltra-baroque Catholicism: Multiplied images and decentred religious symbols\u201d. <em>Social Compass<\/em> (2016); and co-author of the following articles: \u201cRoutes et sens postcoloniaux de la transnationalisation religieuse\u201d. <em>Tiers Monde<\/em> (2016); &quot;Religious Studies in Latin America&quot;. <em>Annual Review of Sociology.<\/em>\u00a0 (2016); \u201cThe temazcal: a pre-Hispanic ritual transculturalized by alternative spiritual networks\u201d. <em>Social Sciences and Reli<\/em><em>region<\/em> (2016), and \u201cReligion and rescaling: how Santo Toribio put Santa Ana on the global religious map\u201d. <em>Current Sociology<\/em> (2016).<\/p>\n<h1 style=\"text-align: center;\">Section editor: Pablo Mateos<\/h1>\n<img loading=\"lazy\" decoding=\"async\" class=\"wp-image-28617 size-medium aligncenter\" src=\"..\/..\/wordpress\/wp-content\/uploads\/2017\/01\/Pablo02-300x292.png\" width=\"300\" height=\"292\" srcset=\"https:\/\/encartes.mx\/wp-content\/uploads\/2017\/01\/Pablo02-300x292.png 300w, https:\/\/encartes.mx\/wp-content\/uploads\/2017\/01\/Pablo02.png 495w\" sizes=\"auto, (max-width: 300px) 100vw, 300px\" \/>\n<p>Doctor in Geography from the University of London, he is a professor-researcher at the Center for Research and Higher Studies in Social Anthropology (CIESAS Occidente). Her research interests focus on ethnicity and international migration, multiple citizenship, ethnic statistics, and urban segregation.<\/p>\n<p>Some of his most outstanding publications: <em>Multiple citizenship and migration: Latin American perspectives (coordinator 2015); Names, ethnicity, and populations. Tracing identity in space <\/em>(2014); &quot;Geovisualization of the population: New trends in the social web&quot; in <em>Geographical investigations <\/em>(2013); &quot;Socioeconomic segregation in Latin American cities: a geodermographic application in Mexico City&quot; in <em>Journal of Setlements and Spatial Planning <\/em>(2013); \u201cResidence vs ancestry in acquisition of Spanish citizenship; A `netnography\u00b4approach\u201d in <em>International migrations <\/em>(2012).<\/p>\n<h1 style=\"text-align: center;\">Section editor: Alejandra Navarro<\/h1>\n<img loading=\"lazy\" decoding=\"async\" class=\"size-medium wp-image-28615 aligncenter\" src=\"..\/..\/wordpress\/wp-content\/uploads\/2017\/01\/Alejandra04-300x292.png\" alt=\"\" width=\"300\" height=\"292\" srcset=\"https:\/\/encartes.mx\/wp-content\/uploads\/2017\/01\/Alejandra04-300x292.png 300w, https:\/\/encartes.mx\/wp-content\/uploads\/2017\/01\/Alejandra04.png 495w\" sizes=\"auto, (max-width: 300px) 100vw, 300px\" \/>\n<p>Doctor in Social Anthropology from the University of Manchester, her research topics are socio-economic processes, the environment, political and legal anthropology, visual ethnography, socio-environmental conflicts, rights and representation of indigenous peoples and communities and contemporary political identities. Among his featured publications are: <em>Racism, Exclusion, Xenophobia and Cultural Diversity on the United States-Mexico Border <\/em>(Alejandra Navarro and Carlos V\u00e9lez-Iba\u00f1ez, 2010); <em>Looking at the sun. Towards a configuration of the Mexican-US migration phenomenon <\/em>(2001); &quot;Collective rights and prior consultation: Cucap\u00e1 territory and fishing resources in Baja California&quot; in <em>Colombian Journal of Sociology <\/em>(Navarro Smith, A., Bravo Espinosa, Y and L\u00f3pez-Sag\u00e1stegui, 2014); \u201cRecognition of differentiated rights in the central Mexican legal culture. Notes from the cucap\u00e1 case \u201din <em>Field diary <\/em>(2014); &quot;Fishing legislation and obstacles to the recognition of rights to the preferential use of natural resources of the Cucap\u00e1 people&quot; in <em>Journal of Studies and Research on the Americas <\/em>(Navarro, Alejandra., Yacotzin Bravo and Catalina L\u00f3pez-Sag\u00e1stegui, 2013); &quot;Contemporary cucap\u00e1 fishermen: research and collaborative video in a conflict scenario&quot; in <em>Anthropological Horizons<\/em> (2013); &quot;Representation and visual anthropology: videos and construction of meanings about the cucap\u00e1&quot; in <em>Chilean Journal of Visual Anthropology <\/em>(2012); &quot;Conflict and distance: critical notes of readings and anthropological work&quot; in <em>Latin American Research review, Journal of the Latin American Studies Association <\/em>(2012); \u201cSailing against the current. The cucap\u00e1s and environmental legislation \u201din <em>Cultural <\/em>(Navarro Smith, Alejandra; Alberto Tapia and Everardo Gardu\u00f1o, 2010).<\/p>\n<h1 style=\"text-align: center;\">Section editor: Mar\u00eda Eugenia de la O<\/h1>\n<img loading=\"lazy\" decoding=\"async\" class=\"wp-image-28618 size-medium aligncenter\" src=\"..\/..\/wordpress\/wp-content\/uploads\/2017\/01\/MarudelaO02-300x292.png\" width=\"300\" height=\"292\" srcset=\"https:\/\/encartes.mx\/wp-content\/uploads\/2017\/01\/MarudelaO02-300x292.png 300w, https:\/\/encartes.mx\/wp-content\/uploads\/2017\/01\/MarudelaO02.png 495w\" sizes=\"auto, (max-width: 300px) 100vw, 300px\" \/>\n<p>Doctor in Social Sciences with a specialty in Sociology at El Colegio de M\u00e9xico at the Center for Sociological Studies, she is currently a researcher at the Center for Research and Higher Studies in Social Anthropology. Her lines of research include the study of gender and labor markets, international migration, youth, labor studies, violence and drug trafficking.<\/p>\n<p>Featured Posts: <em>Baja California Regional History <\/em>(2000); <em>Technological innovation and the working class. RCA electronic maquiladora industry case study <\/em>(1994); <em>Workers in the shade. Dimensions of Latin American domestic service <\/em>(Dur\u00edn S\u00e9verine, De la O, Mar\u00eda Eugenia y Bastos, Santiago coordinators, 2014); <em>Women and labor diversity in Mexico <\/em>(coordinator 2014); <em>Gender and work in Mexico&#039;s maquiladoras: new actors in new contexts <\/em>(coordinator 2013); &quot;Vulnerability and adoption of minors in Jalisco&quot; in <em>Human sense <\/em>(2014); \u201cWork and citizenship. A necessary reflection for the society of the XXI century \u201din <em>Spiral<\/em> (2013); &quot;Drug violence and social sciences: what we look at, what we interpret&quot; in <em>Contempt <\/em>(2012); &quot;Violence, youth and vulnerability in the northeast border of Mexico&quot; in <em>Desacatos, De la O, Mar\u00eda Eugenia and Flores \u00c1vila, Alma Leticia<\/em> (2012); &quot;Being young on the northern border of Mexico&quot; in <em>Contempt<\/em> (2012); &quot;Drug trafficking and literature&quot; in <em>Contempt<\/em> (2012).<\/p>\n<p>&nbsp;<\/p>\n<h1 style=\"text-align: center;\"><span style=\"color: #ffffff;\"><strong>Interview section editor: Joel Pedraza Maduzano<\/strong><\/span><\/h1>\n<img loading=\"lazy\" decoding=\"async\" class=\"size-medium wp-image-28795 aligncenter\" src=\"https:\/\/encartesantropologicos.mx\/wordpress\/wp-content\/uploads\/2017\/01\/Joel01-300x292.png\" alt=\"\" width=\"300\" height=\"292\" \/>\n<p>PhD student in Social Sciences at CIESAS occidente, his research topics include migration, communication, technologies and youth.<\/p>\n<p>Outstanding publications: &quot;Social networks and communicative meaning in Mexican Migration Networks in the Us&quot; in <em>The digital transformation in public sphere <\/em>(2016)<\/p>\n<h1 style=\"text-align: center;\"><strong><span style=\"color: #ffffff;\">Editorial assistant: Jacobo Moreno Rodr\u00edguez<\/span><\/strong><\/h1>\n<p>Graduated in Cultural Management from the University of Guadalajara, He has worked on editorial projects for Santillana, Planeta, SEP. Project manager and work teams<\/p>\n<h2><\/h2>\n<p>[\/ et_pb_text] [\/ et_pb_column] [\/ et_pb_row] [\/ et_pb_section]<\/p>","protected":false},"excerpt":{"rendered":"<p>[et_pb_section transparent_background = \u201doff\u201d background_color = \u201d#000000 \u2033 allow_player_pause =\u201d off \u201dinner_shadow =\u201d off \u201dparallax =\u201d off \u201dparallax_method =\u201d on \u201dmake_fullwidth =\u201d off \u201duse_custom_width =\u201d off \u201dwidth_unit =\u201d offpx \u201dcustom_width =\u201d offpx \u201dcustom_width =\u201d offpx \u201d 1080px \u201dcustom_width_percent =\u201d 80% \u201dmake_equal =\u201d off \u201duse_custom_gutter =\u201d off \u201dfullwidth =\u201d off \u201dspecialty =\u201d off \u201dadmin_label =\u201d section \u201ddisabled =\u201d off \u201d] [et_pb_row make_fullwidth =\u201d off \u201duse_custom_width =\u201d off \u201d width_unit = \u201doff\u201d custom_width_px = \u201d1080px\u201d custom_width_percent = \u201d80%\u201d use_custom_gutter = \u201doff\u201d gutter_width = \u201d3 \u2033 custom_padding =\u201d 22.6562px | 0px | 22.6562px | 2px \u201dbackground_color =\u201d rgba (0,0,0,0 ) \u201dAllow_player_pause =\u201d off \u201dparallax =\u201d off \u201dparallax_method =\u201d on \u201dmake_equal =\u201d off \u201dparallax_1 =\u201d off \u201dparallax_method_1 =\u201d on \u201dparallax_2 =\u201d off \u201dparallax_method_2 =\u201d on \u201dparallax_3 =\u201d off \u201dparallax_method_3 =\u201d off \u201dparallax_method_3\u201d on \u201dparallax_4 =\u201d off \u201dparallax_method_4 =\u201d on \u201dadmin_label =\u201d row \u201ddisabled =\u201d off \u201d] [et_pb_column type =\u201d 4_4 \u2033 disabled = \u201doff\u201d parallax = \u201doff\u201d parallax_method = \u201don\u201d] [et_pb_text background_l ayout = \u201dlight\u201d text_orientation = \u201dleft\u201d admin_label = \u201dText\u201d header_font_size = \u201d25px\u201d header_text_color = \u201d#ffffff\u201d text_text_color = \u201d#ffffff\u201d use_border_color = \u201doff\u201d border_style = \u201d\u201d solid disabled = \u201doff\u201d] Computer [\u2026]<\/p>","protected":false},"author":4,"featured_media":0,"parent":0,"menu_order":0,"comment_status":"closed","ping_status":"closed","template":"ece.php","meta":{"_acf_changed":false,"footnotes":""},"coauthors":[791,551],"class_list":["post-28562","page","type-page","status-publish","hentry"],"acf":[],"yoast_head":"<!-- This site is optimized with the Yoast SEO plugin v22.2 - https:\/\/yoast.com\/wordpress\/plugins\/seo\/ -->\n<title>Equipo de coordinaci\u00f3n editorial &#8211; Encartes<\/title>\n<meta name=\"robots\" content=\"index, follow, max-snippet:-1, max-image-preview:large, max-video-preview:-1\" \/>\n<link rel=\"canonical\" href=\"https:\/\/encartes.mx\/en\/ece\/\" \/>\n<meta property=\"og:locale\" content=\"en_US\" \/>\n<meta property=\"og:type\" content=\"article\" \/>\n<meta property=\"og:title\" content=\"Equipo de coordinaci\u00f3n editorial &#8211; Encartes\" \/>\n<meta property=\"og:description\" content=\"[et_pb_section transparent_background=&#8221;off&#8221; background_color=&#8221;#000000&#8243; allow_player_pause=&#8221;off&#8221; inner_shadow=&#8221;off&#8221; parallax=&#8221;off&#8221; parallax_method=&#8221;on&#8221; make_fullwidth=&#8221;off&#8221; use_custom_width=&#8221;off&#8221; width_unit=&#8221;off&#8221; custom_width_px=&#8221;1080px&#8221; custom_width_percent=&#8221;80%&#8221; make_equal=&#8221;off&#8221; use_custom_gutter=&#8221;off&#8221; fullwidth=&#8221;off&#8221; specialty=&#8221;off&#8221; admin_label=&#8221;section&#8221; disabled=&#8221;off&#8221;][et_pb_row make_fullwidth=&#8221;off&#8221; use_custom_width=&#8221;off&#8221; width_unit=&#8221;off&#8221; custom_width_px=&#8221;1080px&#8221; custom_width_percent=&#8221;80%&#8221; use_custom_gutter=&#8221;off&#8221; gutter_width=&#8221;3&#8243; custom_padding=&#8221;22.6562px|0px|22.6562px|2px&#8221; background_color=&#8221;rgba(0,0,0,0)&#8221; allow_player_pause=&#8221;off&#8221; parallax=&#8221;off&#8221; parallax_method=&#8221;on&#8221; make_equal=&#8221;off&#8221; parallax_1=&#8221;off&#8221; parallax_method_1=&#8221;on&#8221; parallax_2=&#8221;off&#8221; parallax_method_2=&#8221;on&#8221; parallax_3=&#8221;off&#8221; parallax_method_3=&#8221;on&#8221; parallax_4=&#8221;off&#8221; parallax_method_4=&#8221;on&#8221; admin_label=&#8221;row&#8221; disabled=&#8221;off&#8221;][et_pb_column type=&#8221;4_4&#8243; disabled=&#8221;off&#8221; parallax=&#8221;off&#8221; parallax_method=&#8221;on&#8221;][et_pb_text background_layout=&#8221;light&#8221; text_orientation=&#8221;left&#8221; admin_label=&#8221;Text&#8221; header_font_size=&#8221;25px&#8221; header_text_color=&#8221;#ffffff&#8221; text_text_color=&#8221;#ffffff&#8221; use_border_color=&#8221;off&#8221; border_style=&#8221;solid&#8221; disabled=&#8221;off&#8221;] Equipo [&hellip;]\" \/>\n<meta property=\"og:url\" content=\"https:\/\/encartes.mx\/en\/ece\/\" \/>\n<meta property=\"og:site_name\" content=\"Encartes\" \/>\n<meta property=\"article:modified_time\" content=\"2018-02-26T18:51:57+00:00\" \/>\n<meta property=\"og:image\" content=\"https:\/\/encartesantropologicos.mx\/wordpress\/wp-content\/uploads\/2017\/01\/Joel01-300x292.png\" \/>\n<meta name=\"twitter:card\" content=\"summary_large_image\" \/>\n<meta name=\"twitter:label1\" content=\"Est. reading time\" \/>\n\t<meta name=\"twitter:data1\" content=\"6 minutes\" \/>\n\t<meta name=\"twitter:label2\" content=\"Written by\" \/>\n\t<meta name=\"twitter:data2\" content=\"Arthur Ventura\" \/>\n<script type=\"application\/ld+json\" class=\"yoast-schema-graph\">{\"@context\":\"https:\/\/schema.org\",\"@graph\":[{\"@type\":\"WebPage\",\"@id\":\"https:\/\/encartes.mx\/ece\/\",\"url\":\"https:\/\/encartes.mx\/ece\/\",\"name\":\"Equipo de coordinaci\u00f3n editorial &#8211; Encartes\",\"isPartOf\":{\"@id\":\"https:\/\/encartes.mx\/#website\"},\"primaryImageOfPage\":{\"@id\":\"https:\/\/encartes.mx\/ece\/#primaryimage\"},\"image\":{\"@id\":\"https:\/\/encartes.mx\/ece\/#primaryimage\"},\"thumbnailUrl\":\"https:\/\/encartesantropologicos.mx\/wordpress\/wp-content\/uploads\/2017\/01\/Joel01-300x292.png\",\"datePublished\":\"2017-01-27T15:43:47+00:00\",\"dateModified\":\"2018-02-26T18:51:57+00:00\",\"breadcrumb\":{\"@id\":\"https:\/\/encartes.mx\/ece\/#breadcrumb\"},\"inLanguage\":\"en-US\",\"potentialAction\":[{\"@type\":\"ReadAction\",\"target\":[\"https:\/\/encartes.mx\/ece\/\"]}]},{\"@type\":\"ImageObject\",\"inLanguage\":\"en-US\",\"@id\":\"https:\/\/encartes.mx\/ece\/#primaryimage\",\"url\":\"https:\/\/encartesantropologicos.mx\/wordpress\/wp-content\/uploads\/2017\/01\/Joel01-300x292.png\",\"contentUrl\":\"https:\/\/encartesantropologicos.mx\/wordpress\/wp-content\/uploads\/2017\/01\/Joel01-300x292.png\"},{\"@type\":\"BreadcrumbList\",\"@id\":\"https:\/\/encartes.mx\/ece\/#breadcrumb\",\"itemListElement\":[{\"@type\":\"ListItem\",\"position\":1,\"name\":\"Home\",\"item\":\"https:\/\/encartes.mx\/\"},{\"@type\":\"ListItem\",\"position\":2,\"name\":\"Equipo de coordinaci\u00f3n editorial\"}]},{\"@type\":\"WebSite\",\"@id\":\"https:\/\/encartes.mx\/#website\",\"url\":\"https:\/\/encartes.mx\/\",\"name\":\"Encartes\",\"description\":\"Revista digital multimedia\",\"publisher\":{\"@id\":\"https:\/\/encartes.mx\/#organization\"},\"potentialAction\":[{\"@type\":\"SearchAction\",\"target\":{\"@type\":\"EntryPoint\",\"urlTemplate\":\"https:\/\/encartes.mx\/?s={search_term_string}\"},\"query-input\":\"required name=search_term_string\"}],\"inLanguage\":\"en-US\"},{\"@type\":\"Organization\",\"@id\":\"https:\/\/encartes.mx\/#organization\",\"name\":\"Encartes Antropol\u00f3gicos\",\"url\":\"https:\/\/encartes.mx\/\",\"logo\":{\"@type\":\"ImageObject\",\"inLanguage\":\"en-US\",\"@id\":\"https:\/\/encartes.mx\/#\/schema\/logo\/image\/\",\"url\":\"https:\/\/encartes.mx\/wp-content\/uploads\/2017\/04\/Logo-04.png\",\"contentUrl\":\"https:\/\/encartes.mx\/wp-content\/uploads\/2017\/04\/Logo-04.png\",\"width\":338,\"height\":306,\"caption\":\"Encartes Antropol\u00f3gicos\"},\"image\":{\"@id\":\"https:\/\/encartes.mx\/#\/schema\/logo\/image\/\"}}]}<\/script>\n<!-- \/ Yoast SEO plugin. -->","yoast_head_json":{"title":"Equipo de coordinaci\u00f3n editorial &#8211; Encartes","robots":{"index":"index","follow":"follow","max-snippet":"max-snippet:-1","max-image-preview":"max-image-preview:large","max-video-preview":"max-video-preview:-1"},"canonical":"https:\/\/encartes.mx\/en\/ece\/","og_locale":"en_US","og_type":"article","og_title":"Equipo de coordinaci\u00f3n editorial &#8211; Encartes","og_description":"[et_pb_section transparent_background=&#8221;off&#8221; background_color=&#8221;#000000&#8243; allow_player_pause=&#8221;off&#8221; inner_shadow=&#8221;off&#8221; parallax=&#8221;off&#8221; parallax_method=&#8221;on&#8221; make_fullwidth=&#8221;off&#8221; use_custom_width=&#8221;off&#8221; width_unit=&#8221;off&#8221; custom_width_px=&#8221;1080px&#8221; custom_width_percent=&#8221;80%&#8221; make_equal=&#8221;off&#8221; use_custom_gutter=&#8221;off&#8221; fullwidth=&#8221;off&#8221; specialty=&#8221;off&#8221; admin_label=&#8221;section&#8221; disabled=&#8221;off&#8221;][et_pb_row make_fullwidth=&#8221;off&#8221; use_custom_width=&#8221;off&#8221; width_unit=&#8221;off&#8221; custom_width_px=&#8221;1080px&#8221; custom_width_percent=&#8221;80%&#8221; use_custom_gutter=&#8221;off&#8221; gutter_width=&#8221;3&#8243; custom_padding=&#8221;22.6562px|0px|22.6562px|2px&#8221; background_color=&#8221;rgba(0,0,0,0)&#8221; allow_player_pause=&#8221;off&#8221; parallax=&#8221;off&#8221; parallax_method=&#8221;on&#8221; make_equal=&#8221;off&#8221; parallax_1=&#8221;off&#8221; parallax_method_1=&#8221;on&#8221; parallax_2=&#8221;off&#8221; parallax_method_2=&#8221;on&#8221; parallax_3=&#8221;off&#8221; parallax_method_3=&#8221;on&#8221; parallax_4=&#8221;off&#8221; parallax_method_4=&#8221;on&#8221; admin_label=&#8221;row&#8221; disabled=&#8221;off&#8221;][et_pb_column type=&#8221;4_4&#8243; disabled=&#8221;off&#8221; parallax=&#8221;off&#8221; parallax_method=&#8221;on&#8221;][et_pb_text background_layout=&#8221;light&#8221; text_orientation=&#8221;left&#8221; admin_label=&#8221;Text&#8221; header_font_size=&#8221;25px&#8221; header_text_color=&#8221;#ffffff&#8221; text_text_color=&#8221;#ffffff&#8221; use_border_color=&#8221;off&#8221; border_style=&#8221;solid&#8221; disabled=&#8221;off&#8221;] Equipo [&hellip;]","og_url":"https:\/\/encartes.mx\/en\/ece\/","og_site_name":"Encartes","article_modified_time":"2018-02-26T18:51:57+00:00","og_image":[{"url":"https:\/\/encartesantropologicos.mx\/wordpress\/wp-content\/uploads\/2017\/01\/Joel01-300x292.png"}],"twitter_card":"summary_large_image","twitter_misc":{"Est. reading time":"6 minutes","Written by":"Arthur Ventura"},"schema":{"@context":"https:\/\/schema.org","@graph":[{"@type":"WebPage","@id":"https:\/\/encartes.mx\/ece\/","url":"https:\/\/encartes.mx\/ece\/","name":"Equipo de coordinaci\u00f3n editorial &#8211; Encartes","isPartOf":{"@id":"https:\/\/encartes.mx\/#website"},"primaryImageOfPage":{"@id":"https:\/\/encartes.mx\/ece\/#primaryimage"},"image":{"@id":"https:\/\/encartes.mx\/ece\/#primaryimage"},"thumbnailUrl":"https:\/\/encartesantropologicos.mx\/wordpress\/wp-content\/uploads\/2017\/01\/Joel01-300x292.png","datePublished":"2017-01-27T15:43:47+00:00","dateModified":"2018-02-26T18:51:57+00:00","breadcrumb":{"@id":"https:\/\/encartes.mx\/ece\/#breadcrumb"},"inLanguage":"en-US","potentialAction":[{"@type":"ReadAction","target":["https:\/\/encartes.mx\/ece\/"]}]},{"@type":"ImageObject","inLanguage":"en-US","@id":"https:\/\/encartes.mx\/ece\/#primaryimage","url":"https:\/\/encartesantropologicos.mx\/wordpress\/wp-content\/uploads\/2017\/01\/Joel01-300x292.png","contentUrl":"https:\/\/encartesantropologicos.mx\/wordpress\/wp-content\/uploads\/2017\/01\/Joel01-300x292.png"},{"@type":"BreadcrumbList","@id":"https:\/\/encartes.mx\/ece\/#breadcrumb","itemListElement":[{"@type":"ListItem","position":1,"name":"Home","item":"https:\/\/encartes.mx\/"},{"@type":"ListItem","position":2,"name":"Equipo de coordinaci\u00f3n editorial"}]},{"@type":"WebSite","@id":"https:\/\/encartes.mx\/#website","url":"https:\/\/encartes.mx\/","name":"Encartes","description":"Revista digital multimedia","publisher":{"@id":"https:\/\/encartes.mx\/#organization"},"potentialAction":[{"@type":"SearchAction","target":{"@type":"EntryPoint","urlTemplate":"https:\/\/encartes.mx\/?s={search_term_string}"},"query-input":"required name=search_term_string"}],"inLanguage":"en-US"},{"@type":"Organization","@id":"https:\/\/encartes.mx\/#organization","name":"Encartes Antropol\u00f3gicos","url":"https:\/\/encartes.mx\/","logo":{"@type":"ImageObject","inLanguage":"en-US","@id":"https:\/\/encartes.mx\/#\/schema\/logo\/image\/","url":"https:\/\/encartes.mx\/wp-content\/uploads\/2017\/04\/Logo-04.png","contentUrl":"https:\/\/encartes.mx\/wp-content\/uploads\/2017\/04\/Logo-04.png","width":338,"height":306,"caption":"Encartes Antropol\u00f3gicos"},"image":{"@id":"https:\/\/encartes.mx\/#\/schema\/logo\/image\/"}}]}},"jetpack_sharing_enabled":true,"_links":{"self":[{"href":"https:\/\/encartes.mx\/en\/wp-json\/wp\/v2\/pages\/28562","targetHints":{"allow":["GET"]}}],"collection":[{"href":"https:\/\/encartes.mx\/en\/wp-json\/wp\/v2\/pages"}],"about":[{"href":"https:\/\/encartes.mx\/en\/wp-json\/wp\/v2\/types\/page"}],"author":[{"embeddable":true,"href":"https:\/\/encartes.mx\/en\/wp-json\/wp\/v2\/users\/4"}],"replies":[{"embeddable":true,"href":"https:\/\/encartes.mx\/en\/wp-json\/wp\/v2\/comments?post=28562"}],"version-history":[{"count":8,"href":"https:\/\/encartes.mx\/en\/wp-json\/wp\/v2\/pages\/28562\/revisions"}],"predecessor-version":[{"id":35407,"href":"https:\/\/encartes.mx\/en\/wp-json\/wp\/v2\/pages\/28562\/revisions\/35407"}],"wp:attachment":[{"href":"https:\/\/encartes.mx\/en\/wp-json\/wp\/v2\/media?parent=28562"}],"wp:term":[{"taxonomy":"author","embeddable":true,"href":"https:\/\/encartes.mx\/en\/wp-json\/wp\/v2\/coauthors?post=28562"}],"curies":[{"name":"wp","href":"https:\/\/api.w.org\/{rel}","templated":true}]}}